{"id":103,"date":"2011-05-22T16:18:21","date_gmt":"2011-05-22T14:18:21","guid":{"rendered":"http:\/\/diablo3.ingame.de\/?page_id=103"},"modified":"2023-02-23T14:39:38","modified_gmt":"2023-02-23T12:39:38","slug":"trade","status":"publish","type":"page","link":"https:\/\/planetdiablo.eu\/de\/trade\/","title":{"rendered":"Trade &#8211; Diablo 2 LoD, Classic und D2R"},"content":{"rendered":"<h4>Trade f\u00fcr Beginner<\/h4>\n<p>Unser <a href=\"https:\/\/planetdiablo.eu\/de\/diablo-2\/der-d2-trade-beginner-guide\/\">Trade-Beginner \/Wiedereinsteiger Guide<\/a> ist eine gute Basis f\u00fcr erfolgreiches Handeln.<\/p>\n<h4>Tradeforen<\/h4>\n<p>Unsere <a href=\"https:\/\/planetdiablo.eu\/de\/trade\/die-tradeforen\/\">\u00dcbersicht \u00fcber alle Tradeforen<\/a> l\u00e4sst hoffentlich keine Fragen offen \ud83d\ude42<\/p>\n<h4><a title=\"Die Traderegeln\" href=\"https:\/\/planetdiablo.eu\/de\/trade\/traderegeln-blacklist\/\">Traderegeln und Blacklist<\/a><\/h4>\n<p>Allgemeine Verhaltensregeln f\u00fcr alle Personen, die in unseren Tradeforen handeln wollen, zudem, soweit noch vorhanden, eine Blacklist von Items mit denen im jeweiligen Spielmodus nicht oder nur eingeschr\u00e4nkt gehandelt werden darf.<\/p>\n<p>( <a href=\"\/trade\/warnlist\/\">Warninglist<\/a><br \/>\n) ( <a href=\"\/trade\/skins\/\">Juwel und Charm Skins<\/a> )<br \/>\n( <a href=\"\/trade\/sockel\/\">Sockelpics<\/a> ) ( <a href=\"\/trade\/die-blacklist\/pre-1-09-erkennung\/\n\">Pre 1.09 Erkennung<\/a> )<\/p>\n<p>F\u00fcr D2R existiert derzeit keine Blacklist.<\/p>\n<h4><a title=\"Die 10 Gebote des Tradens \/ Trade Netiquette\" href=\"https:\/\/planetdiablo.eu\/de\/netiquette\/\">Die 10 Gebote des Tradens \/ Trade Netiquette<\/a><\/h4>\n<p>Unsere Trade Netiquette, wie verhalte ich mich im Forum und wie melde ich Verst\u00f6\u00dfe.<\/p>\n<h4><a title=\"Levelservice\" href=\"\/trade\/levelservice\/\">Levelservice<\/a><\/h4>\n<p>Hier werden die Risiken erkl\u00e4rt, auf die man sich bei Levelservices einl\u00e4sst.<\/p>\n<h4><a title=\"Preislisten\" href=\"\/trade\/preisliste\/\">Preislisten<\/a><\/h4>\n<p>Die Preislisten dienen zur leichteren Einsch\u00e4tzung des Tradewerts von Items.<br \/>\nSie sind stark von Eurer Mitarbeit abh\u00e4ngig\u00a0 &#8230; aber das kriegt Ihr hin \ud83d\ude42<br \/>\nAktuelle Preislisten, welche freilich nur einen groben Richtwert geben k\u00f6nnen weil der Markt st\u00e4ndig in Bewegung ist, findet Ihr hier f\u00fcr D2R:<\/p>\n<p><a href=\"https:\/\/planetdiablo.eu\/forum\/threads\/d2-r-preisguide-uniques-sets-fackeln-skiller-misc-d2-r.1798827\/\">Preislisten Uniques, Skiller, Fackeln etc.<\/a><\/p>\n<p><a href=\"https:\/\/planetdiablo.eu\/forum\/threads\/d2-r-preisguide-rohlinge-magisches-d2-r.1806000\/\">Preisliste Rohlinge und Magisches<\/a><\/p>\n<p>F\u00fcr D2 Legacy lohnt der Aufwand derzeit nicht.<\/p>\n","protected":false},"excerpt":{"rendered":"<p>Trade f\u00fcr Beginner Unser Trade-Beginner \/Wiedereinsteiger Guide ist eine gute Basis f\u00fcr erfolgreiches Handeln. Tradeforen Unsere \u00dcbersicht \u00fcber alle Tradeforen l\u00e4sst hoffentlich keine Fragen offen \ud83d\ude42 Traderegeln und Blacklist Allgemeine Verhaltensregeln f\u00fcr alle Personen, die in unseren Tradeforen handeln wollen, zudem, soweit noch vorhanden, eine Blacklist von Items mit denen im jeweiligen Spielmodus nicht oder&hellip; <a class=\"more-link\" href=\"https:\/\/planetdiablo.eu\/de\/trade\/\"><span class=\"screen-reader-text\">Trade &#8211; Diablo 2 LoD, Classic und D2R<\/span> weiterlesen<\/a><\/p>\n","protected":false},"author":747,"featured_media":0,"parent":0,"menu_order":51,"comment_status":"closed","ping_status":"open","template":"","meta":{"footnotes":""},"class_list":["post-103","page","type-page","status-publish","hentry","entry"],"_links":{"self":[{"href":"https:\/\/planetdiablo.eu\/de\/wp-json\/wp\/v2\/pages\/103","targetHints":{"allow":["GET"]}}],"collection":[{"href":"https:\/\/planetdiablo.eu\/de\/wp-json\/wp\/v2\/pages"}],"about":[{"href":"https:\/\/planetdiablo.eu\/de\/wp-json\/wp\/v2\/types\/page"}],"author":[{"embeddable":true,"href":"https:\/\/planetdiablo.eu\/de\/wp-json\/wp\/v2\/users\/747"}],"replies":[{"embeddable":true,"href":"https:\/\/planetdiablo.eu\/de\/wp-json\/wp\/v2\/comments?post=103"}],"version-history":[{"count":6,"href":"https:\/\/planetdiablo.eu\/de\/wp-json\/wp\/v2\/pages\/103\/revisions"}],"predecessor-version":[{"id":586610,"href":"https:\/\/planetdiablo.eu\/de\/wp-json\/wp\/v2\/pages\/103\/revisions\/586610"}],"wp:attachment":[{"href":"https:\/\/planetdiablo.eu\/de\/wp-json\/wp\/v2\/media?parent=103"}],"curies":[{"name":"wp","href":"https:\/\/api.w.org\/{rel}","templated":true}]}}