{"id":269,"date":"2011-05-30T07:13:25","date_gmt":"2011-05-30T05:13:25","guid":{"rendered":"http:\/\/diablo3.ingame.de\/?page_id=269"},"modified":"2022-05-10T21:16:18","modified_gmt":"2022-05-10T19:16:18","slug":"netiquette","status":"publish","type":"page","link":"https:\/\/planetdiablo.eu\/de\/netiquette\/","title":{"rendered":"Netiquette"},"content":{"rendered":"<ol>\n<li>Das Hausrecht f\u00fcr das Angebot auf planetdiablo.eu liegt bei Tristram e.V.<\/li>\n<li>Benutzer genie\u00dfen das Privileg, in den Foren aktiv ihre Meinung kund zu tun.<br \/>\nEin rechtlich verbindlicher Anspruch auf aktive Forenteilnahme besteht nicht.<br \/>\nDer Staff hat das Recht, dieses Privileg jederzeit zu entziehen &#8211; mit oder ohne Angaben von Gr\u00fcnden wobei das in der Regel nur bei Missachtung von Regeln geschieht. Bei Ausschluss &#8211; gleich aus welchem Grund &#8211; ist der Rechtsweg jedoch ausgeschlossen.<br \/>\nEs ist unerheblich, ob die Missachtung wissentlich oder unwissentlich geschieht. F\u00fcr einige Unterforen gelten spezielle Regeln, diese sind in den entsprechenden Foren in fixierten Threads und Ank\u00fcndigungen nachzulesen.<\/li>\n<li>Um am Forengeschehen aktiv teilzunehmen, ist eine Registrierung erforderlich.<\/li>\n<li>planetdiablo.eu ist weder f\u00fcr die Inhalte der Beitr\u00e4ge in den Foren, noch f\u00fcr die Inhalte von Seiten, auf die in Beitr\u00e4gen verlinkt wird, verantwortlich. Jedes Mitglied ist als Verfasser selbst f\u00fcr seine Beitr\u00e4ge verantwortlich. Inhalte, die gegen die Forenregeln versto\u00dfen, werden von den Moderatoren schnellstm\u00f6glich entfernt und Verst\u00f6\u00dfe werden nach bestem Gewissen geahndet.<\/li>\n<li>Die Forenmoderation hat das Recht, Themen und Beitr\u00e4ge zu l\u00f6schen, zu editieren oder anderweitiger Modifikation zu unterziehen sowie Accounts das Schreib- und Leserecht in den Foren zu entziehen oder anderweitiger Modifikation zu unterziehen, ohne an die Angabe von Gr\u00fcnden gebunden oder in diesem Recht beschr\u00e4nkt zu sein.<\/li>\n<li>Pro Benutzer ist nur ein Account erlaubt. Accounts d\u00fcrfen weder verliehen noch weitergegeben werden. Der Benutzer hat daf\u00fcr zu sorgen, dass nur er Zugang zu seinem Account besitzt. Zweitaccounts werden nicht geduldet. Sollte ein solcher Account gefunden werden, wird er gebannt, je nach Sachlage wird au\u00dferdem der Hauptaccount gesperrt. Wird ein Account gesperrt, gibt dies dem Benutzer nicht die Erlaubnis, sich einen neuen Account zu machen. Ausnahmen k\u00f6nnen mit der Administration abgesprochen werden.<\/li>\n<li>Das Posten von rassistischen, pornographischen, menschenverachtenden, illegalen und gegen die guten Sitten versto\u00dfenden Inhalten ist untersagt und wird sanktioniert.<\/li>\n<li>Des weiteren unterst\u00fctzt planetdiablo.eu keinerlei Inhalte, die gegen die AGBs von Blizzard Entertainment versto\u00dfen. Dazu z\u00e4hlen unter anderem s\u00e4mtliche Arten von Hacks, Bots, Exploits etc.<\/li>\n<li>Verboten sind Links zu Ebay-Auktionen, Ref-IDs (insbesondere Diebspiele), Werbelinks, Inhalte mit kommerziellem Hintergrund.<\/li>\n<li>Grunds\u00e4tzlich sollte ein vern\u00fcnftiger Umgangston beibehalten werden. Beleidigungen (Flames) und \u00fcberfl\u00fcssige Postings (Spam) sind nicht erw\u00fcnscht.<\/li>\n<li>Vor dem Verfassen neuer Threads sollte die Suchfunktion benutzt werden. Damit lassen sich \u00fcberfl\u00fcssige Postings vermeiden, deren Themen bereits behandelt wurden. Beitr\u00e4ge, die nur den Hinweis \u201cSuchfunktion\u201d oder \u201cGoogle\u201d enthalten, sind nicht Sinn des Forums und k\u00f6nnen ebenfalls als Spam geahndet werden. Solche Aussagen sollten allenfalls zus\u00e4tzlich zur Antwort gemacht werden.<\/li>\n<li>Doppelposts, d.h. zwei Posts vom selben Benutzer direkt hintereinander, sind zu vermeiden. M\u00f6chtet Ihr eurem Post etwas hinzuf\u00fcgen, dann k\u00f6nnt Ihr dies mit Hilfe der &#8222;Bearbeiten&#8220; Funktion tun.<\/li>\n<li>Der Forenmoderation stehen unter anderem folgende M\u00f6glichkeiten zur Verf\u00fcgung, falls oben genannte Regeln nicht eingehalten werden:\n<ul>\n<li>L\u00f6schen der betreffenden Beitr\u00e4ge<\/li>\n<li>Reduzierung des Postcounters<\/li>\n<li>Verwarnungen<\/li>\n<li>Entziehen von Lese- und Schreibrechten in bestimmten Foren<\/li>\n<li>Banns<\/li>\n<li>netzwerkweite Banns<\/li>\n<\/ul>\n<\/li>\n<li>Bei drei Verwarnungen erfolgt ein Bann aus dem Forum. Die meisten Verwarnungen verj\u00e4hren mit der Zeit, die Fristen sind jedoch intern und werden nicht mitgeteilt. Banns sind permanent und werden nicht revidiert, es sei denn es liegt ein Irrtum seitens der Administration vor.<br \/>\nBei besonders schweren Verst\u00f6\u00dfen kann ein Bann auch ohne vorherige Verwarnungen verh\u00e4ngt werden.<\/li>\n<li>Grunds\u00e4tzlich gilt: Seid Ihr mit einer Entscheidung der Forenmoderation nicht einverstanden, dann versucht dies per PM mit dem entsprechenden Moderator, oder ggf. der Forenadministration zu kl\u00e4ren. \u00d6ffentliche Diskussionen \u00fcber Entscheidungen der Forenmoderation werden nicht toleriert.<\/li>\n<li>Bei extremen Verst\u00f6\u00dfen gegen diese Richtlinien, sowie bei Straftaten beh\u00e4lt sich Tristram e.V. vor, rechtliche Schritte gegen diese Personen einzuleiten.<\/li>\n<li>Die bei der Registrierung angegebenen und gespeicherten pers\u00f6nlichen Daten werden von planetdiablo.eu bzw. Tristram e.V. nicht an Dritte weitergegeben. Ausnahmen k\u00f6nnen sich allenfalls aus einer gesetzlichen Verpflichtung hierzu ergeben.<\/li>\n<\/ol>\n","protected":false},"excerpt":{"rendered":"<p>Das Hausrecht f\u00fcr das Angebot auf planetdiablo.eu liegt bei Tristram e.V. Benutzer genie\u00dfen das Privileg, in den Foren aktiv ihre Meinung kund zu tun. Ein rechtlich verbindlicher Anspruch auf aktive Forenteilnahme besteht nicht. Der Staff hat das Recht, dieses Privileg jederzeit zu entziehen &#8211; mit oder ohne Angaben von Gr\u00fcnden wobei das in der Regel&hellip; <a class=\"more-link\" href=\"https:\/\/planetdiablo.eu\/de\/netiquette\/\"><span class=\"screen-reader-text\">Netiquette<\/span> weiterlesen<\/a><\/p>\n","protected":false},"author":836,"featured_media":580495,"parent":0,"menu_order":81,"comment_status":"closed","ping_status":"open","template":"","meta":{"footnotes":""},"class_list":["post-269","page","type-page","status-publish","has-post-thumbnail","hentry","entry"],"_links":{"self":[{"href":"https:\/\/planetdiablo.eu\/de\/wp-json\/wp\/v2\/pages\/269","targetHints":{"allow":["GET"]}}],"collection":[{"href":"https:\/\/planetdiablo.eu\/de\/wp-json\/wp\/v2\/pages"}],"about":[{"href":"https:\/\/planetdiablo.eu\/de\/wp-json\/wp\/v2\/types\/page"}],"author":[{"embeddable":true,"href":"https:\/\/planetdiablo.eu\/de\/wp-json\/wp\/v2\/users\/836"}],"replies":[{"embeddable":true,"href":"https:\/\/planetdiablo.eu\/de\/wp-json\/wp\/v2\/comments?post=269"}],"version-history":[{"count":8,"href":"https:\/\/planetdiablo.eu\/de\/wp-json\/wp\/v2\/pages\/269\/revisions"}],"predecessor-version":[{"id":585701,"href":"https:\/\/planetdiablo.eu\/de\/wp-json\/wp\/v2\/pages\/269\/revisions\/585701"}],"wp:featuredmedia":[{"embeddable":true,"href":"https:\/\/planetdiablo.eu\/de\/wp-json\/wp\/v2\/media\/580495"}],"wp:attachment":[{"href":"https:\/\/planetdiablo.eu\/de\/wp-json\/wp\/v2\/media?parent=269"}],"curies":[{"name":"wp","href":"https:\/\/api.w.org\/{rel}","templated":true}]}}