{"id":385,"date":"2011-06-01T20:20:27","date_gmt":"2011-06-01T18:20:27","guid":{"rendered":"http:\/\/diablo3.ingame.de\/?page_id=385"},"modified":"2011-06-01T20:20:27","modified_gmt":"2011-06-01T18:20:27","slug":"ein-wiedersehen-mit-tyrael","status":"publish","type":"page","link":"https:\/\/planetdiablo.eu\/de\/diablo-3\/diablo-3-story\/ein-wiedersehen-mit-tyrael\/","title":{"rendered":"Ein Wiedersehen mit Tyrael"},"content":{"rendered":"<h2>Der heimliche Hauptdarsteller<\/h2>\n<p>W\u00e4hrend der Diablo-Ank\u00fcndigung auf der WWI war es bereits zu merken: Neben Diablo selbst hat der neueste Streich von Blizzard einen weiteren Protagonisten. Auf den Artworks, als Hintergrund der Diabloseite, in den Skizzen und der Geschichte: Tyrael ist \u00fcberall. Fans, die jetzt aber dar\u00fcber jubeln, dass der hilfreiche Erzengel aus Diablo 2, der es in einer Zwischenszene sogar mit Diablo h\u00f6chstpers\u00f6nlich aufnimmt, ihnen wieder zur Seite steht, haben sich aber vielleicht zu fr\u00fch gefreut. Ist der Flattermann wirklich so gut, wie er scheint? Und ist er es am Ende der Story immer noch?<\/p>\n<h2>Erzengel der Einmischung<\/h2>\n<p><img loading=\"lazy\" decoding=\"async\" src=\"http:\/\/diablo3.ingame.de\/files\/2011\/06\/tyrael-300x148.jpg\" alt=\"\" title=\"tyrael\" width=\"300\" height=\"148\" class=\"alignleft size-medium wp-image-387\" \/><\/p>\n<p>Tyrael ist einer der Erzengel und geh\u00f6rt damit zum &#8222;F\u00fchrungszirkel&#8220; des Himmels. In Diablo 2 lernen wir ihn als Guten kennen: Er ist es, der den Horadrim die Seelensteine gibt, mit denen sie Diablo und seine Br\u00fcder einsperren k\u00f6nnen. Auch kerkert er pers\u00f6nlich Tal Rasha ein, als dieser Baals Seelenstein in sich aufnimmt. Und als Diablo, in Gestalt des Wanderers, versucht, seinen Bruder zu befreien, bietet ihm Tyrael in einer beeindruckend anzusehenden Filmsequenz Paroli. Erst das Eingreifen Baals kann Tyrael vertreiben.<br \/>\nWir treffen Tyrael in der Festung des Wahnsinns wieder &#8211; einem Au\u00dfenposten, den der Himmel an der Pforte zur H\u00f6lle errichtet hat. Hier erfahren wir mehr \u00fcber ihn: Im Kampf gegen Diablo wurde er schwer verletzt. Aber das ist nicht der einzige Grund, weswegen er lieber dort bleibt und S\u00f6ldner wiederbelebt.<\/p>\n<p>Der Himmel verfolgt eine strenge Politik der Nichteinmischung gegen\u00fcber Sanktuario, der Welt der Sterblichen. Nur Tyrael riskiert es, den Menschen direkt zu helfen, und stellt sich damit gegen den Rest des himmlischen Rates. Ob er noch zu ihnen geh\u00f6rt, nachdem er sich so offensichtlich in die Belange der Menschen eingemischt hat, verr\u00e4t er nicht, aber man erf\u00e4hrt, dass er eine Grenze \u00fcberschritten hat. Eine zu viel?<br \/>\nTyrael schickt uns nach Diablos Tod nach Harrogath. Nicht verwunderlich, denn er weiss, dass die Seelensteine nur Splitter des weitaus m\u00e4chtigeren Weltsteins sind; und durch Izuals Verrat wei\u00df auch Baal davon. Als wir Baal schlie\u00dflich besiegt haben, erscheint Tyrael erneut. Er m\u00fcsse den Weltstein zerst\u00f6ren, da Baal ihn bereits verdorben habe, erz\u00e4hlt er &#8211; und wir erleben mit, wie er den Stein zerst\u00f6rt.<\/p>\n<h2>Gut oder B\u00f6se?<\/h2>\n<p>Tyrael ist nun also zur\u00fcck, soviel ist sicher. Aber auf wessen Seite? Immerhin gibt es einige Hinweise darauf, dass unser Vorzeigeengel nicht mehr so freundlich sein k\u00f6nnte wie fr\u00fcher:<\/p>\n<figure id=\"attachment_389\" aria-describedby=\"caption-attachment-389\" style=\"width: 300px\" class=\"wp-caption alignright\"><img loading=\"lazy\" decoding=\"async\" width=\"424\" height=\"214\" src=\"http:\/\/135.181.204.8\/wordpress\/wp-content\/uploads\/2011\/06\/Tyrael_Skizze.jpg\" alt=\"\" title=\"Tyrael_Skizze\" class=\"size-medium wp-image-389\" \/><figcaption id=\"caption-attachment-389\" class=\"wp-caption-text\">Engel gegen Engel?<\/figcaption><\/figure>\n<ul>\n<li><strong>    Der Slogan:<\/strong> &#8222;and the heavens shall tremble&#8220; verk\u00fcndet uns die \u00dcbersichtsseite zur Diablo 3-Ank\u00fcndigung, direkt \u00fcber einem Bild von Tyrael. Und darunter kl\u00e4rt uns der Teaser auf:<br \/>\n<em>    it calls the heroes of Sanctuary to defend the mortal world against the rising powers of the Burning Hells \u2013 and even the failing luminaries of the High Heavens itself.<\/em> Deutlicher kann man &#8222;gefallener Engel&#8220; wohl nicht umschreiben.<\/li>\n<li><strong>    Kampf im Himmel:<\/strong> Das Bild auf der rechten Seite deutet es an &#8211; eventuell d\u00fcrfen wir uns auf einen Bruderkrieg mitten im Himmel einstellen. Die Skizze, die aus der Artsektion der offiziellen Seite stammt,    zeigt eindeutig einen Engel oben links. Aber auch die Figur unten rechts weist gravierende \u00c4hnlichkeiten mit dem Engel-Design aus Diablo 2 auf &#8211; die Fl\u00fcgel, die Schulterpolster und die Kappe sprechen hier eine deutliche Sprache.<\/li>\n<li><strong>    Der Weltstein:<\/strong> Am Ende der Ereignisse in Diablo 2 zerst\u00f6rt Tyrael den Weltstein, da Baal diesen verdorben hat. Scheinbar trifft ihn dabei ein Splitter des Steins&#8230; eventuell steckt unter Tyraels Kapuze also doch jemand anderes? Es w\u00e4re ja nicht das erste Mal, dass ein Held einen D\u00e4mon beherbergt&#8230;<\/li>\n<li><strong>    Der Rebell:<\/strong> Tyrael hat sich, wie wir in Diablo 2 erfahren, gegen die anderen Engel gestellt. Aber wen macht das zum B\u00f6sen in dieser Geschichte? Den Abweichler, der den Menschen bisher geholfen hat, oder die himmlischen Machthaber, die das nicht guthei\u00dfen?<\/li>\n<\/ul>\n<h2>Zweite Geige<\/h2>\n<p>Tyrael wird ohne Zweifel wieder eine gro\u00dfe Rolle spielen, wenn Diablo 3 endlich bei uns Spielern landet. Wir werden ihm sicherlich begegnen, und seine Geschichte wird weiter erz\u00e4hlt werden. Aber ob er Diablo das Wasser reichen kann oder sogar der neue Endboss wird, wie einige vermuten, bleibt weiter unbekannt. Aber auf die M\u00f6glichkeit, eines Tages einen Tyraelrun zu machen, sollten wir uns alle schon einmal einstellen&#8230; <\/p>\n","protected":false},"excerpt":{"rendered":"<p>Der heimliche Hauptdarsteller W\u00e4hrend der Diablo-Ank\u00fcndigung auf der WWI war es bereits zu merken: Neben Diablo selbst hat der neueste Streich von Blizzard einen weiteren Protagonisten. Auf den Artworks, als Hintergrund der Diabloseite, in den Skizzen und der Geschichte: Tyrael ist \u00fcberall. Fans, die jetzt aber dar\u00fcber jubeln, dass der hilfreiche Erzengel aus Diablo 2,&hellip; <a class=\"more-link\" href=\"https:\/\/planetdiablo.eu\/de\/diablo-3\/diablo-3-story\/ein-wiedersehen-mit-tyrael\/\"><span class=\"screen-reader-text\">Ein Wiedersehen mit Tyrael<\/span> weiterlesen<\/a><\/p>\n","protected":false},"author":747,"featured_media":0,"parent":353,"menu_order":0,"comment_status":"open","ping_status":"open","template":"","meta":{"footnotes":""},"class_list":["post-385","page","type-page","status-publish","hentry","entry"],"_links":{"self":[{"href":"https:\/\/planetdiablo.eu\/de\/wp-json\/wp\/v2\/pages\/385","targetHints":{"allow":["GET"]}}],"collection":[{"href":"https:\/\/planetdiablo.eu\/de\/wp-json\/wp\/v2\/pages"}],"about":[{"href":"https:\/\/planetdiablo.eu\/de\/wp-json\/wp\/v2\/types\/page"}],"author":[{"embeddable":true,"href":"https:\/\/planetdiablo.eu\/de\/wp-json\/wp\/v2\/users\/747"}],"replies":[{"embeddable":true,"href":"https:\/\/planetdiablo.eu\/de\/wp-json\/wp\/v2\/comments?post=385"}],"version-history":[{"count":0,"href":"https:\/\/planetdiablo.eu\/de\/wp-json\/wp\/v2\/pages\/385\/revisions"}],"up":[{"embeddable":true,"href":"https:\/\/planetdiablo.eu\/de\/wp-json\/wp\/v2\/pages\/353"}],"wp:attachment":[{"href":"https:\/\/planetdiablo.eu\/de\/wp-json\/wp\/v2\/media?parent=385"}],"curies":[{"name":"wp","href":"https:\/\/api.w.org\/{rel}","templated":true}]}}