{"id":399,"date":"2011-06-01T20:25:13","date_gmt":"2011-06-01T18:25:13","guid":{"rendered":"http:\/\/diablo3.ingame.de\/?page_id=399"},"modified":"2011-06-01T20:25:13","modified_gmt":"2011-06-01T18:25:13","slug":"ein-wiedersehen-mit-deckard-cain","status":"publish","type":"page","link":"https:\/\/planetdiablo.eu\/de\/diablo-3\/diablo-3-story\/ein-wiedersehen-mit-deckard-cain\/","title":{"rendered":"Ein Wiedersehen mit Deckard Cain"},"content":{"rendered":"<h2>Der alte Mann ist noch lange nicht tot&#8230;<\/h2>\n<p>Bei der Ank\u00fcndigung von Diablo 3 auf der WWI war er eines der ersten vertrauten Gesichter, das die Spieler zu Gesicht bekamen: Deckard Cain. Auf der offiziellen Seite begegnet er uns auf Schritt und Tritt: Cain erz\u00e4hlt wieder die bisherige Spielgeschichte, im Videotrailer sehen wir ihn, wie ihm beinahe ein Meteorit auf den Kopf f\u00e4llt, und im Gameplaytrailer begegnet ihm unser Barbar sogar mitten in einem Dungeon! So viel Cain war nie &#8211; ein guter Grund, ihn mal unter die Lupe zu nehmen.<\/p>\n<h2>Alt, \u00e4lter, Deckard Cain<\/h2>\n<p><img loading=\"lazy\" decoding=\"async\" src=\"http:\/\/135.181.204.8\/wordpress\/wp-content\/uploads\/2011\/06\/Deckard_Cain.jpg\" alt=\"\" title=\"Deckard_Cain\" width=\"312\" height=\"207\" class=\"alignleft size-full wp-image-401\" \/><\/p>\n<p>Fans der Reihe sind Cain das erste Mal in Diablo 1 begegnet. Dort stand er am Stadtbrunnen herum und identifizierte gegen Geld Items f\u00fcr den Helden. Auch sein &#8222;Stay a while and listen&#8220; hatte er schon als Begr\u00fc\u00dfung parat. Er hie\u00df bereits damals &#8222;Cain the Elder&#8220; und war somit der Dorf\u00e4lteste &#8211; und so alt, dass er in der Betaversion des Spiels noch auf einem Stuhl sa\u00df, anstatt zu stehen (Diablo Evolution hat ein sch\u00f6nes Bild davon)!<br \/>\nEr hat zu diesem Zeitpunkt bereits sein charakteristisches Aussehen mit Bart und Glatze. In Diablo 2, das einige Monate nach den Ereignissen in Tristram spielt, \u00fcbernimmt Cain eine wichtige Rolle in der Geschichte. Er ist der einzige NPC, der in jedem Akt auftaucht, und er begleitet uns auf unserer Reise bis Harrogath mit mehr oder weniger guten Ratschl\u00e4gen zu allen Quests. Dabei erfahren wir, dass er in der Vergangenheit viel herumgekommen ist &#8211; in Harrogath war er zwar noch nie, daf\u00fcr schon, wie er sagt, vor langer Zeit in Kurast. In Diablo 3 wird er uns nun wiederbegegnen &#8211; 20 Jahre sp\u00e4ter! Viele Spieler haben sich bei der Nennung dieser Zahl gefragt, wie alt Cain denn nun eigentlich sein m\u00fcsste: 90 Jahre? 100?<br \/>\nFakt ist, man wird nicht mit 50 Jahren \u00c4ltester einer Stadt wie Tristram, letzter \u00dcberlebender eines alten Magierordens und Tr\u00e4ger einer runzligen Glatze. Wir m\u00fcssen also tats\u00e4chlich annehmen, dass Cain schon weit \u00e4lter als 70 ist, wenn wir ihm in Diablo 3 wiederbegegnen. Eventuell ist einer der jungen M\u00e4nner, die im Gameplaytrailer bei ihm zu sehen sind, ja sein Zivi&#8230;<\/p>\n<h2>International old man of mystery<\/h2>\n<p><img loading=\"lazy\" decoding=\"async\" src=\"http:\/\/135.181.204.8\/wordpress\/wp-content\/uploads\/2011\/06\/Cain_Artwork.jpg\" alt=\"\" title=\"Cain_Artwork\" width=\"286\" height=\"450\" class=\"alignright size-full wp-image-405\" \/><\/p>\n<p>Egal, wie alt er nun genau ist, eine bewegte Geschichte hat Deckard Cain auf jeden Fall hinter sich. Schon vor den Ereignissen in Diablo 1 war er im Kampf gegen das B\u00f6se eine Schl\u00fcsselfigur &#8211; als Mitglied des Magierordens der Horadrim. Dieser Zusammenschluss von Magiern, von Tyrael gegr\u00fcndet, formierte sich, als die drei gro\u00dfen \u00dcbel Diablo, Mephisto und Baal in die Welt der Sterblichen kamen. Die Magier verga\u00dfen f\u00fcr einen Moment ihre Streitigkeiten und konzentrierten sich auf die Jagd nach den D\u00e4monen. Einen nach dem anderen stellten sie zuerst Mephisto, dann Baal, und schlussendlich Diablo. Sie kerkerten die drei Br\u00fcder ein &#8211; Mephisto unter dem Turm Travincals, Diablo unter der Kathedrale von Tristram, und Baal tief in der W\u00fcste. Daher kennt Cain auch Tyrael, der die eigentliche Macht hinter den Horadrim war. Bald war Deckard Cain das letzte lebende Mitglied dieses Ordens. Er lie\u00df sich in Tristram nieder, um eines der Gef\u00e4ngnisse im Auge zu behalten &#8211; das von Diablo.<br \/>\nAls immer mehr seltsame Dinge dort geschahen, K\u00f6nig Leoric wahnsinnig wurde und D\u00e4monen und Monster auftauchten, wollte Cain zuerst nicht an eine R\u00fcckkehr Diablos glauben. Erst als ihm der Held Lazarus&#8216; Stab und damit den Beweis, dass Lazarus mit den Monstern zusammenarbeitet, pr\u00e4sentiert, gibt sich Cain ihm zu erkennen und erz\u00e4hlt ihm von Diablo. Lazarus ist von Diablo dazu verf\u00fchrt worden, ihn aus dem Seelenstein, seinem Gef\u00e4ngnis, freizulassen; etwas, das Cain dem Erzbischof niemals zugetraut h\u00e4tte.<\/p>\n<h2>Verlass uns nicht, Deckard Cain!<\/h2>\n<p>Wir werden Cain auf jeden Fall im fertigen Spiel begegnen, das steht so gut wie fest. Aber wie lange wird er uns auf unseren Reisen begleiten? Ob er unser st\u00e4ndiger Begleiter werden wird wie in Diablo 2, ist nicht so sicher. Schlie\u00dflich sind bereits Konzeptzeichnungen von einer jungen Dame aufgetaucht, die Spekulationen ausgel\u00f6st haben: Handelt es sich vielleicht um Cains Enkelin? Oder seinen Ersatz? F\u00fchrt uns Cain vielleicht nur als bekanntes Element in die Geschichte von Diablo 3 ein und verschwindet dann auf Nimmerwiedersehen?<br \/>\nWie auch immer, der neue Endgegner wird er wohl nicht werden &#8211; ein Gl\u00fcck. <\/p>\n","protected":false},"excerpt":{"rendered":"<p>Der alte Mann ist noch lange nicht tot&#8230; Bei der Ank\u00fcndigung von Diablo 3 auf der WWI war er eines der ersten vertrauten Gesichter, das die Spieler zu Gesicht bekamen: Deckard Cain. Auf der offiziellen Seite begegnet er uns auf Schritt und Tritt: Cain erz\u00e4hlt wieder die bisherige Spielgeschichte, im Videotrailer sehen wir ihn, wie&hellip; <a class=\"more-link\" href=\"https:\/\/planetdiablo.eu\/de\/diablo-3\/diablo-3-story\/ein-wiedersehen-mit-deckard-cain\/\"><span class=\"screen-reader-text\">Ein Wiedersehen mit Deckard Cain<\/span> weiterlesen<\/a><\/p>\n","protected":false},"author":747,"featured_media":0,"parent":353,"menu_order":0,"comment_status":"open","ping_status":"open","template":"","meta":{"footnotes":""},"class_list":["post-399","page","type-page","status-publish","hentry","entry"],"_links":{"self":[{"href":"https:\/\/planetdiablo.eu\/de\/wp-json\/wp\/v2\/pages\/399","targetHints":{"allow":["GET"]}}],"collection":[{"href":"https:\/\/planetdiablo.eu\/de\/wp-json\/wp\/v2\/pages"}],"about":[{"href":"https:\/\/planetdiablo.eu\/de\/wp-json\/wp\/v2\/types\/page"}],"author":[{"embeddable":true,"href":"https:\/\/planetdiablo.eu\/de\/wp-json\/wp\/v2\/users\/747"}],"replies":[{"embeddable":true,"href":"https:\/\/planetdiablo.eu\/de\/wp-json\/wp\/v2\/comments?post=399"}],"version-history":[{"count":0,"href":"https:\/\/planetdiablo.eu\/de\/wp-json\/wp\/v2\/pages\/399\/revisions"}],"up":[{"embeddable":true,"href":"https:\/\/planetdiablo.eu\/de\/wp-json\/wp\/v2\/pages\/353"}],"wp:attachment":[{"href":"https:\/\/planetdiablo.eu\/de\/wp-json\/wp\/v2\/media?parent=399"}],"curies":[{"name":"wp","href":"https:\/\/api.w.org\/{rel}","templated":true}]}}