{"id":445313,"date":"2011-06-25T20:33:15","date_gmt":"2011-06-25T18:33:15","guid":{"rendered":"http:\/\/diablo3.ingame.de\/?page_id=445313"},"modified":"2021-04-17T17:52:35","modified_gmt":"2021-04-17T15:52:35","slug":"barbaren-traits","status":"publish","type":"page","link":"https:\/\/planetdiablo.eu\/de\/diablo-3\/die-charaktere\/die-barbaren\/barbaren-traits\/","title":{"rendered":"Diablo 3 &#8211; Passive Skills der Barbaren"},"content":{"rendered":"<p><i>Die Passive Fertigkeiten (engl. Traits f\u00fcr Charakterzug) sind Eigenschaften, die unabh\u00e4ngig von den Skills der Klasse ausgesucht werden k\u00f6nnen. Insgesamt kann man aus den nachfolgenden Traits auf Stufe 70 vier (in Classic drei) ausw\u00e4hlen, die dem Charakter dann zur Verf\u00fcgung stehen.<\/i><\/p>\n<p><a href=\"#Ein Pfund Fleisch\">Ein Pfund Fleisch<\/a> | <a href=\"#Gnadenlos\">Gnadenlos<\/a> | <a href=\"#Nerven aus Stahl\">Nerven aus Stahl<\/a> | <a href=\"#Waffenmeister\">Waffenmeister<\/a> | <a href=\"#Berserkerwut\">Berserkerwut<\/a> | <a href=\"#Inspirierende Pr\u00e4senz\">Inspirierende Pr\u00e4senz<\/a> | <a href=\"#Blutdurst\">Blutdurst<\/a> | <a href=\"#Animosit\u00e4t\">Animosit\u00e4t<\/a> | <a href=\"#Aberglaube\">Aberglaube<\/a> | <a href=\"#Steinhart\">Steinhart<\/a> | <a href=\"#Kein Entkommen\">Kein Entkommen<\/a> | <a href=\"#Unerbittlich\">Unerbittlich<\/a> | <a href=\"#Raufbold\">Raufbold<\/a> | <a href=\"#Dampfwalze\">Dampfwalze<\/a> | <a href=\"#Unvers\u00f6hnlich\">Unvers\u00f6hnlich<\/a> | <a href=\"#Gabe von Bul-Kathos\">Gabe von Bul-Kathos<\/a> | <a href=\"#Irdene Macht\">Irdene Macht<\/a> | <a href=\"#Schwert und Schild\">Schwert und Schild<\/a> | <a href=\"#Tobsucht\">Tobsucht<\/a><\/p>\n<h2 id=\"Ein Pfund Fleisch\">Ein Pfund Fleisch<\/h2>\n<div><img decoding=\"async\" src=\"\/wp-content\/uploads\/2012\/03\/barbarian_passive_poundofflesh.png\" alt=\"Ein Pfund Fleisch\" style=\"float:left!important;margin-right:40px;margin-bottom:10px\"><\/div>\n<ul style=\"margin-bottom:55px;margin-top:40px\">\n<li>Verf\u00fcgbar ab Level 10<\/li>\n<\/ul>\n<p>Heilkugeln erh\u00f6hen die Lebensregeneration pro Sekunde um <span class=\"skcolor\">2%<\/span> und die Bewegungsgeschwindigkeit um <span class=\"skcolor\">4%<\/span>, wenn sie eingesammelt werden. Dieser Effekt h\u00e4lt <span class=\"skcolor\">15<\/span> Sek. lang an und ist bis zu <span class=\"skcolor\">5<\/span>-mal stapelbar.<\/p>\n<h2 id=\"Gnadenlos\">Gnadenlos<\/h2>\n<div><img decoding=\"async\" src=\"\/wp-content\/uploads\/2012\/03\/barbarian_passive_ruthless.png\" alt=\"Gnadenlos\" style=\"float:left!important;margin-right:40px;margin-bottom:10px\"><\/div>\n<ul style=\"margin-bottom:55px;margin-top:40px\">\n<li>Verf\u00fcgbar ab Level 10<\/li>\n<\/ul>\n<p>F\u00fcgt Gegnern mit weniger als <span class=\"skcolor\">30%<\/span> Leben <span class=\"skcolor\">40%<\/span> mehr Schaden zu.<\/p>\n<h2 id=\"Nerven aus Stahl\">Nerven aus Stahl<\/h2>\n<div><img decoding=\"async\" src=\"\/wp-content\/uploads\/2012\/03\/barbarian_passive_nervesofsteel.png\" alt=\"Nerven aus Stahl\" style=\"float:left!important;margin-right:40px;margin-bottom:10px\"><\/div>\n<ul style=\"margin-bottom:55px;margin-top:40px\">\n<li>Verf\u00fcgbar ab Level 13<\/li>\n<\/ul>\n<p>Wenn Ihr t\u00f6dlichen Schaden erleidet, wird Euer Leben stattdessen auf <span class=\"skcolor\">15%<\/span> reduziert. Au\u00dferdem wird <span class=\"skcolor\">3<\/span> Sek. lang jeglicher erlittene Schaden um <span class=\"skcolor\">95%<\/span> reduziert und Ihr seid gegen alle Kontrollverlusteffekte immun.<br \/>\nDieser Effekt kann nur einmal alle <span class=\"skcolor\">60<\/span> Sek. auftreten.<\/p>\n<h2 id=\"Waffenmeister\">Waffenmeister<\/h2>\n<div><img decoding=\"async\" src=\"\/wp-content\/uploads\/2012\/03\/barbarian_passive_weaponsmaster.png\" alt=\"Waffenmeister\" style=\"float:left!important;margin-right:40px;margin-bottom:10px\"><\/div>\n<ul style=\"margin-bottom:55px;margin-top:40px\">\n<li>Verf\u00fcgbar ab Level 16<\/li>\n<\/ul>\n<p>Erhaltet einen Bonus, der auf dem Typ der Waffe in Eurer Haupthand basiert:<\/p>\n<ul>\n<li>Schwerter\/Dolche: <span class=\"skcolor\">8%<\/span> erh\u00f6hter Schaden<\/li>\n<li>Streitkolben\/\u00c4xte: <span class=\"skcolor\">5%<\/span> kritische Trefferchance<\/li>\n<li>Stangenwaffen\/Speere: <span class=\"skcolor\">8%<\/span> Angriffsgeschwindigkeit<\/li>\n<li>M\u00e4chtige Waffen: <span class=\"skcolor\">2<\/span> Wut pro Treffer<\/li>\n<\/ul>\n<h2 id=\"Berserkerwut\">Berserkerwut<\/h2>\n<div><img decoding=\"async\" src=\"\/wp-content\/uploads\/2012\/03\/barbarian_passive_berserkerrage.png\" alt=\"Berserkerwut\" style=\"float:left!important;margin-right:40px;margin-bottom:10px\"><\/div>\n<ul style=\"margin-bottom:55px;margin-top:40px\">\n<li>Verf\u00fcgbar ab Level 20<\/li>\n<\/ul>\n<p>Verursacht bei fast maximaler Wut <span class=\"skcolor\">25%<\/span> mehr Schaden.<\/p>\n<h2 id=\"Inspirierende Pr\u00e4senz\">Inspirierende Pr\u00e4senz<\/h2>\n<div><img decoding=\"async\" src=\"\/wp-content\/uploads\/2012\/03\/barbarian_passive_inspiringpresence.png\" alt=\"Inspirierende Pr\u00e4senz\" style=\"float:left!important;margin-right:40px;margin-bottom:10px\"><\/div>\n<ul style=\"margin-bottom:55px;margin-top:40px\">\n<li>Verf\u00fcgbar ab Level 20<\/li>\n<\/ul>\n<p>Die Dauer Eurer Schreie wird verdoppelt. Nach Verwendung eines Schreis erhaltet Ihr und alle Verb\u00fcndeten im Umkreis von <span class=\"skcolor\">100<\/span> Metern <span class=\"skcolor\">120<\/span> Sek. lang pro Sekunde <span class=\"skcolor\">3%<\/span> Eures maximalen Lebens zur\u00fcck.<br \/>\nEure Schreie sind:<\/p>\n<ul>\n<li>&#8218;Kampfrausch&#8216;<\/li>\n<li>&#8218;Drohruf&#8216;<\/li>\n<li>&#8218;Kriegsschrei&#8216;<\/li>\n<\/ul>\n<h2 id=\"Blutdurst\">Blutdurst<\/h2>\n<div><img decoding=\"async\" src=\"\/wp-content\/uploads\/2012\/03\/barbarian_passive_bloodthirst.png\" alt=\"Blutdurst\" style=\"float:left!important;margin-right:40px;margin-bottom:10px\"><\/div>\n<ul style=\"margin-bottom:55px;margin-top:40px\">\n<li>Verf\u00fcgbar ab Level 24<\/li>\n<\/ul>\n<p>Jeder verbrauchte Wutpunkt heilt Euch um <span class=\"skcolor\">966<\/span> Leben.<br \/>\nDer geheilte Wert wird um <span class=\"skcolor\">1%<\/span> Eures Bonus auf Heilkugelheilung erh\u00f6ht.<\/p>\n<h2 id=\"Animosit\u00e4t\">Animosit\u00e4t<\/h2>\n<div><img decoding=\"async\" src=\"\/wp-content\/uploads\/2012\/03\/barbarian_passive_animosity.png\" alt=\"Animosit\u00e4t\" style=\"float:left!important;margin-right:40px;margin-bottom:10px\"><\/div>\n<ul style=\"margin-bottom:55px;margin-top:40px\">\n<li>Verf\u00fcgbar ab Level 27<\/li>\n<\/ul>\n<p>Erh\u00f6ht jegliche Wuterzeugung um <span class=\"skcolor\">10%<\/span>. Erh\u00f6ht die maximale Wut um <span class=\"skcolor\">20<\/span>.<br \/>\nWut treibt Eure m\u00e4chtigsten Angriffe an.<\/p>\n<h2 id=\"Aberglaube\">Aberglaube<\/h2>\n<div><img decoding=\"async\" src=\"\/wp-content\/uploads\/2012\/03\/barbarian_passive_superstition.png\" alt=\"Aberglaube\" style=\"float:left!important;margin-right:40px;margin-bottom:10px\"><\/div>\n<ul style=\"margin-bottom:55px;margin-top:40px\">\n<li>Verf\u00fcgbar ab Level 30<\/li>\n<\/ul>\n<p>Reduziert s\u00e4mtlichen erlittenen nicht physischen Schaden um <span class=\"skcolor\">20%<\/span>. Wenn Ihr von einem Distanz- oder einem Elementarangriff getroffen werdet, besteht eine Chance, dass Ihr <span class=\"skcolor\">2<\/span> Wut erhaltet.<\/p>\n<h2 id=\"Steinhart\">Steinhart<\/h2>\n<div><img decoding=\"async\" src=\"\/wp-content\/uploads\/2012\/03\/barbarian_passive_toughasnails.png\" alt=\"Steinhart\" style=\"float:left!important;margin-right:40px;margin-bottom:10px\"><\/div>\n<ul style=\"margin-bottom:55px;margin-top:40px\">\n<li>Verf\u00fcgbar ab Level 30<\/li>\n<\/ul>\n<p>Erh\u00f6ht Eure R\u00fcstung um <span class=\"skcolor\">25%<\/span>.<br \/>\nErh\u00f6ht Euren Dornenschaden um <span class=\"skcolor\">100%<\/span>.<\/p>\n<h2 id=\"Kein Entkommen\">Kein Entkommen<\/h2>\n<div><img decoding=\"async\" src=\"\/wp-content\/uploads\/2012\/03\/barbarian_passive_noescape.png\" alt=\"Kein Entkommen\" style=\"float:left!important;margin-right:40px;margin-bottom:10px\"><\/div>\n<ul style=\"margin-bottom:55px;margin-top:40px\">\n<li>Verf\u00fcgbar ab Level 35<\/li>\n<\/ul>\n<p>Erh\u00f6ht den Schaden von &#8218;Waffenwurf&#8216;, &#8218;Seismisches Schmettern&#8216;, &#8218;Speer der Urahnen&#8216; und &#8218;Erdrutsch&#8216; um <span class=\"skcolor\">30%<\/span> gegen Gegner, die weiter als <span class=\"skcolor\">15<\/span> Meter entfernt sind.<\/p>\n<h2 id=\"Unerbittlich\">Unerbittlich<\/h2>\n<div><img decoding=\"async\" src=\"\/wp-content\/uploads\/2012\/03\/barbarian_passive_relentless.png\" alt=\"Unerbittlich\" style=\"float:left!important;margin-right:40px;margin-bottom:10px\"><\/div>\n<ul style=\"margin-bottom:55px;margin-top:40px\">\n<li>Verf\u00fcgbar ab Level 40<\/li>\n<\/ul>\n<p>Bei weniger als <span class=\"skcolor\">35%<\/span> Leben kosten s\u00e4mtliche Fertigkeiten <span class=\"skcolor\">50%<\/span> weniger Wut. Euer Leben pro verbrauchter Wut wird verdoppelt und jeglicher erlittene Schaden ist um <span class=\"skcolor\">50%<\/span> reduziert.<\/p>\n<h2 id=\"Raufbold\">Raufbold<\/h2>\n<div><img decoding=\"async\" src=\"\/wp-content\/uploads\/2012\/03\/barbarian_passive_brawler.png\" alt=\"Raufbold\" style=\"float:left!important;margin-right:40px;margin-bottom:10px\"><\/div>\n<ul style=\"margin-bottom:55px;margin-top:40px\">\n<li>Verf\u00fcgbar ab Level 45<\/li>\n<\/ul>\n<p>Solange sich <span class=\"skcolor\">3<\/span> Gegner im Umkreis von <span class=\"skcolor\">12<\/span> Metern befinden, wird s\u00e4mtlicher von Euch verursachter Schaden um <span class=\"skcolor\">20%<\/span> erh\u00f6ht.<\/p>\n<h2 id=\"Dampfwalze\">Dampfwalze<\/h2>\n<div><img decoding=\"async\" src=\"\/wp-content\/uploads\/2012\/03\/barbarian_passive_juggernaut.png\" alt=\"Dampfwalze\" style=\"float:left!important;margin-right:40px;margin-bottom:10px\"><\/div>\n<ul style=\"margin-bottom:55px;margin-top:40px\">\n<li>Verf\u00fcgbar ab Level 50<\/li>\n<\/ul>\n<p>Die Dauer von Kontrollverlusteffekten, die auf Euch wirken, wird um <span class=\"skcolor\">50%<\/span> reduziert. Au\u00dferdem besteht eine Chance, dass <span class=\"skcolor\">20%<\/span> Eures maximalen Lebens wiederhergestellt werden, wenn ein Bet\u00e4ubungs-, Einfrier-, Furcht- oder Bewegungsunf\u00e4higkeitseffekt auf Euch gewirkt wird.<\/p>\n<h2 id=\"Unvers\u00f6hnlich\">Unvers\u00f6hnlich<\/h2>\n<div><img decoding=\"async\" src=\"\/wp-content\/uploads\/2012\/03\/barbarian_passive_unforgiving.png\" alt=\"Unvers\u00f6hnlich\" style=\"float:left!important;margin-right:40px;margin-bottom:10px\"><\/div>\n<ul style=\"margin-bottom:55px;margin-top:40px\">\n<li>Verf\u00fcgbar ab Level 55<\/li>\n<\/ul>\n<p>Wut verf\u00e4llt nicht mehr. Stattdessen erzeugt Ihr alle <span class=\"skcolor\">1<\/span> Sek. <span class=\"skcolor\">2<\/span> Wut.<\/p>\n<h2 id=\"Gabe von Bul-Kathos\">Gabe von Bul-Kathos<\/h2>\n<div><img decoding=\"async\" src=\"\/wp-content\/uploads\/2012\/03\/barbarian_passive_boonofbulkathos.png\" alt=\"Gabe von Bul-Kathos\" style=\"float:left!important;margin-right:40px;margin-bottom:10px\"><\/div>\n<ul style=\"margin-bottom:55px;margin-top:40px\">\n<li>Verf\u00fcgbar ab Level 60<\/li>\n<\/ul>\n<p>Reduziert die Abklingzeit der Fertigkeiten:<\/p>\n<ul>\n<li>&#8218;Erdbeben&#8216; um <span class=\"skcolor\">15<\/span> Sek.<\/li>\n<li>&#8218;Ruf der Urahnen&#8216; um <span class=\"skcolor\">30<\/span> Sek.<\/li>\n<li>&#8218;Zorn des Berserkers&#8216; um <span class=\"skcolor\">30<\/span> Sek.<\/li>\n<\/ul>\n<h2 id=\"Irdene Macht\">Irdene Macht<\/h2>\n<div><img decoding=\"async\" src=\"\/wp-content\/uploads\/2014\/09\/x1_barbarian_passive_earthenmight2.png\" alt=\"Irdene Macht\" style=\"float:left!important;margin-right:40px;margin-bottom:10px\"><\/div>\n<ul style=\"margin-bottom:55px;margin-top:40px\">\n<li>Verf\u00fcgbar ab Level 64<\/li>\n<\/ul>\n<p>Gew\u00e4hrt Euch <span class=\"skcolor\">30<\/span> Wut, wenn Ihr &#8218;Erdrutsch&#8216; oder &#8218;Erdbeben&#8216; einsetzt.<\/p>\n<h2 id=\"Schwert und Schild\">Schwert und Schild<\/h2>\n<div><img decoding=\"async\" src=\"\/wp-content\/uploads\/2014\/09\/x1_barbarian_passive_swordandboard2.png\" alt=\"Schwert und Schild\" style=\"float:left!important;margin-right:40px;margin-bottom:10px\"><\/div>\n<ul style=\"margin-bottom:55px;margin-top:40px\">\n<li>Verf\u00fcgbar ab Level 66<\/li>\n<\/ul>\n<p>Wenn Ihr einen Schild f\u00fchrt, wird jeglicher erlittener Schaden um <span class=\"skcolor\">30%<\/span> und Wutkosten um <span class=\"skcolor\">20%<\/span> reduziert.<\/p>\n<h2 id=\"Tobsucht\">Tobsucht<\/h2>\n<div><img decoding=\"async\" src=\"\/wp-content\/uploads\/2014\/09\/x1_barbarian_passive_rampage2.png\" alt=\"Tobsucht\" style=\"float:left!important;margin-right:40px;margin-bottom:10px\"><\/div>\n<ul style=\"margin-bottom:55px;margin-top:40px\">\n<li>Verf\u00fcgbar ab Level 68<\/li>\n<\/ul>\n<p>Erh\u00f6ht <span class=\"skcolor\">8<\/span> Sek. lang Eure St\u00e4rke um <span class=\"skcolor\">1%<\/span>, nachdem Ihr einen Gegner get\u00f6tet oder einem Verb\u00fcndeten dabei geholfen habt. Dieser Effekt ist bis zu <span class=\"skcolor\">25<\/span>-mal stapelbar.<\/p>\n<p>Stand: 08\/2016<\/p>\n","protected":false},"excerpt":{"rendered":"<p>Die Passive Fertigkeiten (engl. Traits f\u00fcr Charakterzug) sind Eigenschaften, die unabh\u00e4ngig von den Skills der Klasse ausgesucht werden k\u00f6nnen. Insgesamt kann man aus den nachfolgenden Traits auf Stufe 70 vier (in Classic drei) ausw\u00e4hlen, die dem Charakter dann zur Verf\u00fcgung stehen. Ein Pfund Fleisch | Gnadenlos | Nerven aus Stahl | Waffenmeister | Berserkerwut |&hellip; <a class=\"more-link\" href=\"https:\/\/planetdiablo.eu\/de\/diablo-3\/die-charaktere\/die-barbaren\/barbaren-traits\/\"><span class=\"screen-reader-text\">Diablo 3 &#8211; Passive Skills der Barbaren<\/span> weiterlesen<\/a><\/p>\n","protected":false},"author":752,"featured_media":0,"parent":445339,"menu_order":62,"comment_status":"closed","ping_status":"open","template":"","meta":{"footnotes":""},"class_list":["post-445313","page","type-page","status-publish","hentry","entry"],"_links":{"self":[{"href":"https:\/\/planetdiablo.eu\/de\/wp-json\/wp\/v2\/pages\/445313","targetHints":{"allow":["GET"]}}],"collection":[{"href":"https:\/\/planetdiablo.eu\/de\/wp-json\/wp\/v2\/pages"}],"about":[{"href":"https:\/\/planetdiablo.eu\/de\/wp-json\/wp\/v2\/types\/page"}],"author":[{"embeddable":true,"href":"https:\/\/planetdiablo.eu\/de\/wp-json\/wp\/v2\/users\/752"}],"replies":[{"embeddable":true,"href":"https:\/\/planetdiablo.eu\/de\/wp-json\/wp\/v2\/comments?post=445313"}],"version-history":[{"count":1,"href":"https:\/\/planetdiablo.eu\/de\/wp-json\/wp\/v2\/pages\/445313\/revisions"}],"predecessor-version":[{"id":581778,"href":"https:\/\/planetdiablo.eu\/de\/wp-json\/wp\/v2\/pages\/445313\/revisions\/581778"}],"up":[{"embeddable":true,"href":"https:\/\/planetdiablo.eu\/de\/wp-json\/wp\/v2\/pages\/445339"}],"wp:attachment":[{"href":"https:\/\/planetdiablo.eu\/de\/wp-json\/wp\/v2\/media?parent=445313"}],"curies":[{"name":"wp","href":"https:\/\/api.w.org\/{rel}","templated":true}]}}