{"id":445321,"date":"2011-06-25T20:40:48","date_gmt":"2011-06-25T18:40:48","guid":{"rendered":"http:\/\/diablo3.ingame.de\/?page_id=445321"},"modified":"2021-04-14T08:19:22","modified_gmt":"2021-04-14T07:19:22","slug":"die-charaktere","status":"publish","type":"page","link":"https:\/\/planetdiablo.eu\/de\/diablo-3\/die-charaktere\/","title":{"rendered":"Diablo 3 &#8211; Charaktere"},"content":{"rendered":"<p>Wie in jedem Hack\u2019n\u2019Slay spielen auch in Diablo 3 unsere Helden wieder die Hauptrolle. Doch ein neues Spiel lebt auch von Erneuerungen, die sich auch auf den Bereich unserer Charaktere auswirkt. Sie m\u00fcssen auf den neuen Spielstil, Ideen und vor allem M\u00f6glichkeiten angepasst werden. Im folgenden Artikel werden die verschiedenen Diablo 3 Charaktere und deren Design erl\u00e4utert sowie mit Vorrangegangenem verglichen.<\/p>\n<p><img loading=\"lazy\" decoding=\"async\" class=\"alignnone size-full wp-image-574184\" src=\"https:\/\/planetdiablo.eu\/de\/wp-content\/uploads\/2015\/11\/d3-all-chars-wallpaper.jpg\" alt=\"D3 Patch 2.4. Builds\" width=\"1254\" height=\"705\"><\/p>\n<p><a name=\"Die Barbaren\"><\/a><\/p>\n<h2>Die Barbaren<\/h2>\n<table cellspacing=\"0\" cellpadding=\"1\" border=\"0\">\n<tbody>\n<tr valign=\"top\">\n<td width=\"200px\"><img loading=\"lazy\" decoding=\"async\" class=\"alignnone wp-image-555789\" src=\"https:\/\/planetdiablo.eu\/de\/wp-content\/uploads\/2014\/04\/barbar-crest.png\" alt=\"Barbar Crest reaper of Souls\" width=\"250\" height=\"250\"><\/td>\n<td>Der aus Diablo 2 bekannte Barbar verl\u00e4sst sich im Kampf gr\u00f6\u00dftenteils auf rohe physische Kraft und teilt im Nahkampf m\u00e4chtig aus.<br \/>\nDie Barbaren sind als einzige Klasse aus Diablo 2 zur\u00fcckgekehrt, da man sie verbesserungsw\u00fcrdig fand. Neben altbekannten F\u00e4higkeiten wie Wirbelwind beherrschen sie auch viele neue Dinge wie z.B. \u201cAufstampfen\u201d. Aber wer viel austeilt, muss auch viel einstecken k\u00f6nnen, und so besitzt er neben vielen offensiven Fertigkeiten auch einige, die seine Defensive st\u00e4rken.<\/td>\n<\/tr>\n<tr>\n<td colspan=\"2\">\n<ul>\n<li><a href=\"\/diablo-3\/die-charaktere\/die-barbaren\/\">Mehr zum Barbaren<\/a><\/li>\n<li><a href=\"\/diablo-3\/die-charaktere\/die-barbaren\/barbaren-skills\/\">Die Skills des Barbaren<\/a><\/li>\n<li><a href=\"\/diablo-3\/die-charaktere\/die-barbaren\/barbaren-traits\/\">Die Traits des Barbaren<\/a><\/li>\n<li><a href=\"\/diablo-3\/guides\/\">Barbaren-Guides<\/a><\/li>\n<\/ul>\n<\/td>\n<\/tr>\n<\/tbody>\n<\/table>\n<p><a name=\"Die Zauberer\"><\/a><\/p>\n<h2>Die Zauberer<\/h2>\n<table cellspacing=\"0\" cellpadding=\"1\" border=\"0\">\n<tbody>\n<tr valign=\"top\">\n<td width=\"200px\"><img loading=\"lazy\" decoding=\"async\" class=\"alignnone size-full wp-image-568631\" src=\"https:\/\/planetdiablo.eu\/de\/wp-content\/uploads\/2014\/12\/d3-wizard-zauberer-symbol.png\" alt=\"\" width=\"250\" height=\"250\"><\/td>\n<td>Die Zauberer erinnerern stark an ihr Pendant aus Diablo 2. Sie gelten dennoch als ein neuer Charakter, da sie nicht wie ihre Vorg\u00e4ngerin allein auf elementare Magie vertraut, sondern auch m\u00e4chtige arkane Zauber und Beschw\u00f6rungen nutzen k\u00f6nnen. So k\u00f6nnen sie zum Beispiel die Zeit verlangsamen, Kugeln aus purer Magie abfeuern oder Spiegelbilder von sich erschaffen. Aber nat\u00fcrlich fehlen auch altbekannte Fertigkeiten wie der Blizzard oder eine Art Kettenblitz nicht.<\/td>\n<\/tr>\n<tr>\n<td colspan=\" 2\"><a href=\"\/\/wp-content\/uploads\/2011\/07\/Zauberer-Platzhalter.jpg\"><br \/>\n<\/a><\/p>\n<ul>\n<li><a href=\"\/diablo-3\/die-charaktere\/die-zauberer\/\">Mehr zum Zauberer<\/a><\/li>\n<li><a href=\"\/diablo-3\/die-charaktere\/die-zauberer\/zauberer-skills\/\">Die Skills des Zauberers<\/a><\/li>\n<li><a href=\"\/diablo-3\/die-charaktere\/die-zauberer\/zauberer-traits\/\">Die Traits des Zauberers<\/a><\/li>\n<li><a href=\"\/diablo-3\/guides\/\">Zauberer-Guides<\/a><\/li>\n<\/ul>\n<\/td>\n<\/tr>\n<\/tbody>\n<\/table>\n<p><a name=\"Die Hexendoktoren\"><\/a><\/p>\n<h2>Die Hexendoktoren<\/h2>\n<table cellspacing=\"0\" cellpadding=\"1\" border=\"0\">\n<tbody>\n<tr valign=\"top\">\n<td width=\"200px\"><img loading=\"lazy\" decoding=\"async\" class=\"alignnone size-full wp-image-568630\" src=\"https:\/\/planetdiablo.eu\/de\/wp-content\/uploads\/2014\/12\/d3-witchdoctor-hexendoktor-symbol.png\" alt=\"\" width=\"250\" height=\"250\"><\/td>\n<td>Die Hexendoktoren sind eine neue Klasse in Diablo 3. Sie k\u00f6nnen Kreaturen beschw\u00f6ren, die ihre Feinde aufhalten, w\u00e4hrend sie massiven Schaden verursachen.<br \/>\nSo k\u00f6nnen sie zum Beispiel einen untoten Hund beschw\u00f6ren und diesen dann in die Luft sprengen, sobald dieser nicht mehr ben\u00f6tigt wird und so enorme Zerst\u00f6rung in der Umgebung verursachen. Au\u00dferdem sind sie in der Lage, eine Wand aus Zombies herbei zu rufen, die die Gegner aufh\u00e4lt und gleichzeitig bek\u00e4mpft. Die beschworenen Kreaturen sind im Gegensatz zum aus Diablo 2 bekannten Totenbeschw\u00f6rer aber nicht eine seiner Hauptschadensquellen, sondern sollen rein der Ablenkung dienen.<\/td>\n<\/tr>\n<tr>\n<td colspan=\"2\">\n<ul>\n<li><a href=\"\/diablo-3\/die-charaktere\/die-hexendoktoren\/\">Mehr zum Hexendoktor<\/a><\/li>\n<li><a href=\"\/diablo-3\/die-charaktere\/die-hexendoktoren\/hexendoktoren-skills\/\">Die Skills des Hexendoktors<\/a><\/li>\n<li><a href=\"\/diablo-3\/die-charaktere\/die-hexendoktoren\/hexendoktoren-traits\/\">Die Traits des Hexendoktors<\/a><\/li>\n<li><a href=\"\/diablo-3\/guides\/\">Hexendoktor-Guides<\/a><\/li>\n<\/ul>\n<\/td>\n<\/tr>\n<\/tbody>\n<\/table>\n<p><a name=\"Die M\u00f6nche\"><\/a><\/p>\n<h2>Die M\u00f6nche<\/h2>\n<table cellspacing=\"0\" cellpadding=\"1\" border=\"0\">\n<tbody>\n<tr valign=\"top\">\n<td width=\"200px\"><img loading=\"lazy\" decoding=\"async\" class=\"alignnone size-full wp-image-568629\" src=\"https:\/\/planetdiablo.eu\/de\/wp-content\/uploads\/2014\/12\/d3-monk-moench-symbol.png\" alt=\"D3 Monk M\u00f6nch Symbol\" width=\"250\" height=\"250\"><\/td>\n<td>Die M\u00f6nche sind ebenfalls eine neue Klasse in Diablo 3. Sie bek\u00e4mpfen ihre Feinde im Nahkampf und bedienen sich zudem waffenloser Kampfk\u00fcnste. Hierbei nutzen sie sowohl Schlagkombinationen als auch Tritte. Im Umgang mit diversen Waffen und Schilden, vor allem aber St\u00e4ben, sind die M\u00f6nche ebenso ge\u00fcbt.<br \/>\nDes weiteren sind die M\u00f6nche auch in der Lage, Zauber einzusetzen um damit Schaden auszuteilen oder sich vor selbigem zu sch\u00fctzen.<\/td>\n<\/tr>\n<tr>\n<td colspan=\"2\">\n<ul>\n<li><a href=\"\/diablo-3\/die-charaktere\/die-moenche\/\">Mehr zum M\u00f6ch<\/a><\/li>\n<li><a href=\"\/diablo-3\/die-charaktere\/die-moenche\/moenche-skills\/\">Die Skills des M\u00f6nchs<\/a><\/li>\n<li><a href=\"\/diablo-3\/die-charaktere\/die-moenche\/moenche-traits\/\">Die Traits des M\u00f6nchs<\/a><\/li>\n<li><a href=\"\/diablo-3\/guides\/\">M\u00f6nch-Guides<\/a><\/li>\n<\/ul>\n<\/td>\n<\/tr>\n<\/tbody>\n<\/table>\n<p><a name=\"Die D\u00e4monenj\u00e4ger\"><\/a><\/p>\n<h2>Die D\u00e4monenj\u00e4ger<\/h2>\n<table cellspacing=\"0\" cellpadding=\"1\" border=\"0\">\n<tbody>\n<tr valign=\"top\">\n<td width=\"200px\"><img loading=\"lazy\" decoding=\"async\" class=\"alignnone size-full wp-image-568628\" src=\"https:\/\/planetdiablo.eu\/de\/wp-content\/uploads\/2014\/12\/d3-demonhunter-daemonenjaeger-symbol.png\" alt=\"\" width=\"250\" height=\"250\"><\/td>\n<td>Die D\u00e4monenj\u00e4ger beharken ihre Feinde aus der Distanz mit einem Pfeilhagel und nutzen Fallen um ihre Gegner zu \u00fcberraschen. Ehe sich ein Monster versieht wurde es schon von einem hei\u00dfen Pfeil durchbohrt oder von einer Falle zerst\u00fcckelt. Mit in ihrem Arsenal befindet sich auch die beliebte Amazonenfertigkeit Mehrfachschuss die somit nach Sanktuario zur\u00fcck kehrt.<\/td>\n<\/tr>\n<tr>\n<td colspan=\"2\">\n<ul>\n<li><a href=\"\/diablo-3\/die-charaktere\/die-daemonenjaeger\/\">Mehr zum D\u00e4monenj\u00e4ger<\/a><\/li>\n<li><a href=\"\/diablo-3\/die-charaktere\/die-daemonenjaeger\/daemonenjaeger-skills\/\">Die Skills des D\u00e4monenj\u00e4gers<\/a><\/li>\n<li><a href=\"\/diablo-3\/die-charaktere\/die-daemonenjaeger\/daemonenjaeger-traits\/\">Die Traits des D\u00e4monenj\u00e4gers<\/a><\/li>\n<li><a href=\"\/diablo-3\/guides\/\">D\u00e4monenj\u00e4ger-Guides<\/a><\/li>\n<\/ul>\n<\/td>\n<\/tr>\n<\/tbody>\n<\/table>\n<p><a name=\"Die Kreuzritter\"><\/a><\/p>\n<h2>Die Kreuzritter<\/h2>\n<table cellspacing=\"0\" cellpadding=\"1\" border=\"0\">\n<tbody>\n<tr valign=\"top\">\n<td width=\"200px\"><img loading=\"lazy\" decoding=\"async\" class=\"alignnone size-full wp-image-568627\" src=\"https:\/\/planetdiablo.eu\/de\/wp-content\/uploads\/2014\/12\/d3-crusader-kreuzritter-symbol.png\" alt=\"\" width=\"250\" height=\"250\"><\/td>\n<td>Der Kreuzritter ist nur in der Erweiterung <a href=\"\/diablo-3\/reaper-of-souls\/\">Reaper of Souls<\/a> verf\u00fcgbar.<\/p>\n<p>Dem Kreuzritter ist seine Verwandtschaft zum Paladin anzusehen. Neben den aus Diablo 2 bekannten fliegenden H\u00e4mmern setzt er Schild und Flegel ein, um die Gegnerhorden mit Heiligenschaden einzudecken. Auch defensiv hat der Kreuzritter einiges zu bieten, wie zum Beispiel Eisenhaut, und kann die Aufmerksamkeit der Gegner auf sich lenken, um so den Schaden von seinen Verb\u00fcndeten abzulenken.<\/td>\n<\/tr>\n<tr>\n<td colspan=\"2\">\n<ul>\n<li><a href=\"\/diablo-3\/die-charaktere\/die-kreuzritter\/\">Mehr zum Kreuzritter<\/a><\/li>\n<li><a href=\"\/diablo-3\/die-charaktere\/die-kreuzritter\/kreuzritter-skills\/\">Die Skills des Kreuzritters<\/a><\/li>\n<li><a href=\"\/diablo-3\/die-charaktere\/die-kreuzritter\/kreuzritter-traits\/\">Die Traits des Kreuzritters<\/a><\/li>\n<li><a href=\"\/diablo-3\/guides\/\">Kreuzritter-Guides<\/a><\/li>\n<\/ul>\n<\/td>\n<\/tr>\n<\/tbody>\n<\/table>\n<p><a name=\"Die Totenbeschw\u00f6rer  W.i.P.\"><\/a><\/p>\n<h2>Die Totenbeschw\u00f6rer<\/h2>\n<table cellspacing=\"0\" cellpadding=\"1\" border=\"0\">\n<tbody>\n<tr valign=\"top\">\n<td width=\"200px\"><img loading=\"lazy\" decoding=\"async\" class=\"alignnone wp-image-581825 size-full\" src=\"https:\/\/planetdiablo.eu\/de\/wp-content\/uploads\/2021\/03\/totenbeschwoerer-nekromancer-crest.png\" alt=\"\" width=\"250\" height=\"250\" srcset=\"https:\/\/planetdiablo.eu\/de\/wp-content\/uploads\/2021\/03\/totenbeschwoerer-nekromancer-crest.png 250w, https:\/\/planetdiablo.eu\/de\/wp-content\/uploads\/2021\/03\/totenbeschwoerer-nekromancer-crest-150x150.png 150w\" sizes=\"auto, (max-width: 250px) 100vw, 250px\" \/><\/td>\n<td>Der Totenbeschw\u00f6rer kam erst sp\u00e4t ins Spiel. So ist das &#8211; die Toten lassen einem Zeit.<br \/>\nSein fluchw\u00fcrdiges Leben verbringt er zwischen Himmel und H\u00f6lle, zwischen Leben und Tod. Totenbeschw\u00f6rer sind schonungslose Heerf\u00fchrer und Meister \u00fcber Leben und Tod. Diese d\u00fcsteren Zauberer erwecken die Toten als Skelette wieder zum Leben, verfluchen ihre Feinde mit t\u00f6dlicher Magie und qu\u00e4len sie mit den Leichnamen ihrer bezwungenen Kameraden.<\/p>\n<p>Gerne halten sie etwas Abstand von den D\u00e4monen. Das \u00e4ndert jedoch nichts an ihrer T\u00f6dlichkeit.<\/td>\n<\/tr>\n<tr>\n<td colspan=\"2\">\n<ul>\n<li>Mehr zum Totenbeschw\u00f6rer<\/li>\n<li>Die Skills des Totenbeschw\u00f6rers<\/li>\n<li>Die Traits des Totenbeschw\u00f6rers<\/li>\n<li>Totenbeschw\u00f6rer-Guides<\/li>\n<\/ul>\n<\/td>\n<\/tr>\n<\/tbody>\n<\/table>\n","protected":false},"excerpt":{"rendered":"<p>Wie in jedem Hack\u2019n\u2019Slay spielen auch in Diablo 3 unsere Helden wieder die Hauptrolle. Doch ein neues Spiel lebt auch von Erneuerungen, die sich auch auf den Bereich unserer Charaktere auswirkt. Sie m\u00fcssen auf den neuen Spielstil, Ideen und vor allem M\u00f6glichkeiten angepasst werden. Im folgenden Artikel werden die verschiedenen Diablo 3 Charaktere und deren&hellip; <a class=\"more-link\" href=\"https:\/\/planetdiablo.eu\/de\/diablo-3\/die-charaktere\/\"><span class=\"screen-reader-text\">Diablo 3 &#8211; Charaktere<\/span> weiterlesen<\/a><\/p>\n","protected":false},"author":752,"featured_media":0,"parent":47,"menu_order":91,"comment_status":"closed","ping_status":"open","template":"","meta":{"footnotes":""},"class_list":["post-445321","page","type-page","status-publish","hentry","entry"],"_links":{"self":[{"href":"https:\/\/planetdiablo.eu\/de\/wp-json\/wp\/v2\/pages\/445321","targetHints":{"allow":["GET"]}}],"collection":[{"href":"https:\/\/planetdiablo.eu\/de\/wp-json\/wp\/v2\/pages"}],"about":[{"href":"https:\/\/planetdiablo.eu\/de\/wp-json\/wp\/v2\/types\/page"}],"author":[{"embeddable":true,"href":"https:\/\/planetdiablo.eu\/de\/wp-json\/wp\/v2\/users\/752"}],"replies":[{"embeddable":true,"href":"https:\/\/planetdiablo.eu\/de\/wp-json\/wp\/v2\/comments?post=445321"}],"version-history":[{"count":11,"href":"https:\/\/planetdiablo.eu\/de\/wp-json\/wp\/v2\/pages\/445321\/revisions"}],"predecessor-version":[{"id":581827,"href":"https:\/\/planetdiablo.eu\/de\/wp-json\/wp\/v2\/pages\/445321\/revisions\/581827"}],"up":[{"embeddable":true,"href":"https:\/\/planetdiablo.eu\/de\/wp-json\/wp\/v2\/pages\/47"}],"wp:attachment":[{"href":"https:\/\/planetdiablo.eu\/de\/wp-json\/wp\/v2\/media?parent=445321"}],"curies":[{"name":"wp","href":"https:\/\/api.w.org\/{rel}","templated":true}]}}