{"id":445429,"date":"2011-07-22T22:28:44","date_gmt":"2011-07-22T20:28:44","guid":{"rendered":"http:\/\/diablo3.ingame.de\/?page_id=445429"},"modified":"2021-06-09T11:31:54","modified_gmt":"2021-06-09T09:31:54","slug":"diablo-1","status":"publish","type":"page","link":"https:\/\/planetdiablo.eu\/de\/diablo-2\/diablo-1\/","title":{"rendered":"Diablo 1"},"content":{"rendered":"<p><img loading=\"lazy\" decoding=\"async\" class=\"alignnone size-full wp-image-575170\" src=\"https:\/\/planetdiablo.eu\/de\/wp-content\/uploads\/2016\/03\/diablo1-logo-16-9.jpg\" alt=\"\" width=\"761\" height=\"428\"><\/p>\n<p>Im Februar des Jahres 1997 erschien ein lang erwartetes und f\u00fcr seine Zeit technisch spektakul\u00e4res Spiel namens <i>Diablo<\/i>.<br \/>\nKlar, Neuerscheinungen stehen ja immer f\u00fcr einige Zeit im Rampenlicht, doch niemand, nicht einmal die Designer bei Blizzard selbst, h\u00e4tten jemals gedacht, dass dieses Spiel, welches als Action-Rollenspiel bezeichnet wurde, einen derma\u00dfen gro\u00dfen Erfolg haben w\u00fcrde!<\/p>\n<p>Hauptverantwortlich daf\u00fcr war wohl neben dem coolen Gameplay haupts\u00e4chlich der absolut geniale Multiplayer-Modus, der \u00fcber Blizzards kostenlose Battle.Net-Server abl\u00e4uft und Spiele f\u00fcr bis zu vier Teilnehmer, sowie Chats mit mehr als 25 Leuten erlaubte.<br \/>\nDurch diese M\u00f6glichkeit des interaktiven Spielens mit anderen Diablo-Spielern rund um den Globus nahm das Spiel seinen Siegeszug auf, es entstand eine riesige Diablo-Fangemeinde und es wurden unz\u00e4hlige Gilden gegr\u00fcndet&#8230;<\/p>\n<p>Kein Wunder also, dass es selbst bis kurz vor dem Erscheinungstermin des 2. Teiles immer noch tausende Spieler gibt\/gab, die sich ins Battle.Net einloggen, um ein paar gute Games zu spielen oder sich einfach nur in den Channels des Battle.Nets zur allabendlichen Chatrunde in der Community zu treffen.<\/p>\n<p>planetdiablo.eu besch\u00e4ftigt sich mit allen Teilen der Diablo-Reihe, allerdings erst so richtig ab Diablo 2 Classic, sp\u00e4ter mit LoD. Daher m\u00f6chte ich als Einstieg einen \u00dcberblick zum ersten Teil nicht vermissen lassen, sei es als Hintergrundinformation f\u00fcr Neueinsteiger oder einfach nur, um in Erinnerungen zu schwelgen \ud83d\ude09<\/p>\n<p>In Diablo (Teil 1) schl\u00fcpft der Spieler in einen der 3 zur Verf\u00fcgung stehenden Charaktere und startet in dem kleinen Dorf Tristram, nahe der Kathedrale, in deren Untergrund sich grauenhafte Ereignisse abspielen.<\/p>\n<p><img loading=\"lazy\" decoding=\"async\" class=\"alignleft wp-image-445447 size-full\" src=\"https:\/\/planetdiablo.eu\/de\/wp-content\/uploads\/2011\/07\/back_warrior.gif\" alt=\"Diablo 1 Warrior\" width=\"151\" height=\"230\"><br \/>\nMacht man sich als Krieger (Warrior) auf den Weg, kann\/muss man sich auf seine physischen Kr\u00e4fte verlassen. Der Krieger zieht am besten mit schwerer Panzerr\u00fcstung und gest\u00e4hlter Klinge in den Kampf. Mit einer derartigen Ausr\u00fcstung und entsprechender Erfahrung ist der Krieger im Nahkampf ein unglaublich versierter K\u00e4mpfer. Zwar war es dem Krieger auch m\u00f6glich magische Gegenst\u00e4nde zu tragen, allerdings halten sich seine F\u00e4higkeiten, selbst mit der Magie umzugehen in Grenzen. So kann er Zauberspr\u00fcche bis zu einem gewissen Grad durchaus erlernen, allerdings gelingt es ihm nicht, diese mit der Leichtigkeit und Schnelligkeit eines geschulten Zauberers auszusprechen.<\/p>\n<p><img loading=\"lazy\" decoding=\"async\" class=\"alignright wp-image-445443 size-full\" src=\"https:\/\/planetdiablo.eu\/de\/wp-content\/uploads\/2011\/07\/back_rogue.gif\" alt=\"Diablo 1 Rogue\" width=\"143\" height=\"210\"><br \/>\nDer Charakter der J\u00e4gerin (Rogue) entstammt der Zunft der <i>Sisters of the Slightless Eye<\/i> und besitzt vortreffliche F\u00e4higkeiten im Umgang mit Pfeil und Bogen, wovon man sich auch oft im Multiplayer mit anderen Charakteren leidvoll \u00fcberzeugen kann ;).<br \/>\nDie J\u00e4gerin ist auch in der Lage als Nahk\u00e4mpferin zu agieren, zudem besitzt sie weitaus bessere magische F\u00e4higkeiten als der Krieger. In beide Richtungen kann man sich in Diablo 1 spezialisieren. Die J\u00e4gerin ist \u00fcbrigens der einzige Charakter, der auch in Diablo 2 eine Rolle spielt, allerdings, wie auch die anderen beiden Diablo 1 Charaktere, nicht als Spielercharakter.<\/p>\n<p><img loading=\"lazy\" decoding=\"async\" class=\"alignleft wp-image-445445 size-full\" src=\"https:\/\/planetdiablo.eu\/de\/wp-content\/uploads\/2011\/07\/back_sorcerer.gif\" alt=\"Diablo 1 Sorcerer\" width=\"141\" height=\"220\"><br \/>\nEntscheidet man sich f\u00fcr den Zauberer (Sorcerer) als seinen bevorzugten Charakter, so w\u00e4hlt man Magie statt physischer Kraft. Zwar kann sich der Zauberer nicht mit hoher Lebensenergie oder besonderer St\u00e4rke auszeichnen, gleicht diesen Nachteil aber hervorragend durch seine magischen F\u00e4higkeiten aus, wie z.B. dem Verwenden des so genannten &#8222;Mana-Shields&#8220; um Treffer mittels der Zauberenergie zu absorbieren. Ein gut ausgebildeter Zauberer h\u00f6heren Levels wurde von vielen Spielern als der st\u00e4rkste Charakter angesehen, der ganze Gebiete mit seinen mannigfaltigen Offensiv-Spr\u00fcchen in k\u00fcrzester Zeit leerfegen kann.<\/p>\n<p>Die Hauptmotivation des Multiplayer-Spiels besteht nun in der Weiterentwicklung und Verbesserung des eigenen Charakters durch Erreichen der n\u00e4chst h\u00f6heren Stufe oder durch das Finden und Tragen von wertvollen magischen Gegenst\u00e4nden.<\/p>\n<p>Welcher Diablo-Spieler erinnert sich nicht gern an seinen ersten <i>Ring of the Zodiac<\/i> oder an ein tolles <i>Unique Item<\/i>, was man aus den Tiefen der H\u00f6lle ans Tageslicht gebracht hatte. Genauso in Erinnerung d\u00fcrften einem die dreisten Angebote eines gewissen <i>Wirt<\/i> geblieben sein, der f\u00fcr so manche Schenkelklopfer sorgte:<\/p>\n<p><img loading=\"lazy\" decoding=\"async\" class=\"aligncenter wp-image-445449 size-full\" src=\"https:\/\/planetdiablo.eu\/de\/wp-content\/uploads\/2011\/07\/back_wirt.gif\" alt=\"Diablo 1 Wirt\" width=\"527\" height=\"145\"><\/p>\n<p>So k\u00e4mpft jeder Spieler um seine pers\u00f6nliche Wunschbest\u00fcckung, f\u00fcr einen Magier k\u00f6nnte die z.B. wie folgt aussehen:<\/p>\n<p><img loading=\"lazy\" decoding=\"async\" class=\"aligncenter wp-image-445441 size-full\" src=\"https:\/\/planetdiablo.eu\/de\/wp-content\/uploads\/2011\/07\/back_items.jpg\" alt=\"Diablo 1 Items\" width=\"320\" height=\"211\"><\/p>\n<p>Wobei gerade magische Gegenst\u00e4nde wie ein <i>Obsidian Ring of the Zodiac<\/i> extrem selten und demzufolge auch entsprechend begehrt sind. So kommt es nat\u00fcrlich auch zu diversen Cheatversuchen, von denen die harmlosesten noch das<br \/>\nZuschanzen von nicht selbstgefunden Items sind, wie z.B. einer <i>Godly Plate of the Whale<\/i>, die es im Spiel ja offiziell gar nicht zu finden gibt. Gerade dieser Cheaterei, die den so genannt <i>legitimen<\/i> Spielern den Spass verdirbt, will Blizzard in Diablo2 Einhalt gebieten&#8230;<\/p>\n<p>Die richtige Ausr\u00fcstung spielt auch im Duell-Modus (player-hostile) eine nicht unbedeutende Rolle. Viele Duellanten haben sich mit der Zeit ihr Spezial-Setup f\u00fcr jedes Matchup zurechtgelegt. Auf jeden Fall ist der Duell-Modus eine Bereicherung f\u00fcr das Spiel, welcher in Diablo2 ebenfalls weiter ausgebaut wurde.<\/p>\n<p>Gut genug ausger\u00fcstet und mit einem Charakter entsprechender Reife, kann man sich sodann auch in die &#8222;K\u00f6nigsdisziplin&#8220;,<br \/>\ndas Hell\/Hell Spiel, wagen &#8230; an dessen Ende immer ein Ziel steht, das gleiche Ziel, was es nun erneut in Diablo2 zu erreichen gilt &#8230;<\/p>\n<p><img loading=\"lazy\" decoding=\"async\" class=\"aligncenter wp-image-445439 size-full\" src=\"https:\/\/planetdiablo.eu\/de\/wp-content\/uploads\/2011\/07\/back_diablokill.gif\" alt=\"Endkampf in Diablo 1\" width=\"425\" height=\"296\"><\/p>\n<p>von Magikus[GdL]<\/p>\n","protected":false},"excerpt":{"rendered":"<p>Im Februar des Jahres 1997 erschien ein lang erwartetes und f\u00fcr seine Zeit technisch spektakul\u00e4res Spiel namens Diablo. Klar, Neuerscheinungen stehen ja immer f\u00fcr einige Zeit im Rampenlicht, doch niemand, nicht einmal die Designer bei Blizzard selbst, h\u00e4tten jemals gedacht, dass dieses Spiel, welches als Action-Rollenspiel bezeichnet wurde, einen derma\u00dfen gro\u00dfen Erfolg haben w\u00fcrde! Hauptverantwortlich&hellip; <a class=\"more-link\" href=\"https:\/\/planetdiablo.eu\/de\/diablo-2\/diablo-1\/\"><span class=\"screen-reader-text\">Diablo 1<\/span> weiterlesen<\/a><\/p>\n","protected":false},"author":749,"featured_media":0,"parent":71,"menu_order":65,"comment_status":"closed","ping_status":"open","template":"","meta":{"footnotes":""},"class_list":["post-445429","page","type-page","status-publish","hentry","entry"],"_links":{"self":[{"href":"https:\/\/planetdiablo.eu\/de\/wp-json\/wp\/v2\/pages\/445429","targetHints":{"allow":["GET"]}}],"collection":[{"href":"https:\/\/planetdiablo.eu\/de\/wp-json\/wp\/v2\/pages"}],"about":[{"href":"https:\/\/planetdiablo.eu\/de\/wp-json\/wp\/v2\/types\/page"}],"author":[{"embeddable":true,"href":"https:\/\/planetdiablo.eu\/de\/wp-json\/wp\/v2\/users\/749"}],"replies":[{"embeddable":true,"href":"https:\/\/planetdiablo.eu\/de\/wp-json\/wp\/v2\/comments?post=445429"}],"version-history":[{"count":5,"href":"https:\/\/planetdiablo.eu\/de\/wp-json\/wp\/v2\/pages\/445429\/revisions"}],"predecessor-version":[{"id":582953,"href":"https:\/\/planetdiablo.eu\/de\/wp-json\/wp\/v2\/pages\/445429\/revisions\/582953"}],"up":[{"embeddable":true,"href":"https:\/\/planetdiablo.eu\/de\/wp-json\/wp\/v2\/pages\/71"}],"wp:attachment":[{"href":"https:\/\/planetdiablo.eu\/de\/wp-json\/wp\/v2\/media?parent=445429"}],"curies":[{"name":"wp","href":"https:\/\/api.w.org\/{rel}","templated":true}]}}