{"id":445459,"date":"2011-07-22T22:24:29","date_gmt":"2011-07-22T20:24:29","guid":{"rendered":"http:\/\/diablo3.ingame.de\/?page_id=445459"},"modified":"2021-08-30T11:30:16","modified_gmt":"2021-08-30T09:30:16","slug":"die-charaktere","status":"publish","type":"page","link":"https:\/\/planetdiablo.eu\/de\/diablo-2\/die-charaktere\/","title":{"rendered":"Diablo 2 &#8211; Die Charaktere"},"content":{"rendered":"<h2>Diablo 2 Charaktere &#8211; \u00dcberblick<\/h2>\n<p><img loading=\"lazy\" decoding=\"async\" class=\"newsimage aligncenter size-full wp-image-445461\" src=\"https:\/\/planetdiablo.eu\/wp-content\/uploads\/2011\/07\/classes03.jpg\" alt=\"Die f\u00fcnf Charakterklassen\" width=\"500\" height=\"304\" \/><\/p>\n<p>Folgende Charakterklassen stehen in Diablo 2 (Resurrected) zur Verf\u00fcgung:<\/p>\n<ul>\n<li><a href=\"https:\/\/planetdiablo.eu\/diablo-2\/die-charaktere\/die-amazone\/\">Amazone<\/a><\/li>\n<li><a href=\"https:\/\/planetdiablo.eu\/diablo-2\/die-charaktere\/die-assassine\/\">Assassine<\/a><\/li>\n<li><a href=\"https:\/\/planetdiablo.eu\/diablo-2\/die-charaktere\/der-barbar\/\">Barbar<\/a><\/li>\n<li><a href=\"https:\/\/planetdiablo.eu\/diablo-2\/die-charaktere\/der-druide\/\">Druide<\/a><\/li>\n<li><a href=\"https:\/\/planetdiablo.eu\/diablo-2\/die-charaktere\/der-paladin\/\">Paladin<\/a><\/li>\n<li><a href=\"https:\/\/planetdiablo.eu\/diablo-2\/die-charaktere\/der-totenbeschworer\/\">Totenbeschw\u00f6rer<\/a><\/li>\n<li><a href=\"https:\/\/planetdiablo.eu\/diablo-2\/die-charaktere\/die-zauberin\/\">Zauberin<\/a><\/li>\n<\/ul>\n<p>Unter den Links findet Ihr detaillierte Beschreibungen.<\/p>\n<p>Nicht nur verschiedene Klassen lassen sich verschieden spielen, auch innerhalb einer Charakterklasse ergeben sich die unterschiedlichsten Spielweisen. Jeder Charakter hat 30 verschiedene Skills und je nachdem, auf welchen Skill-Bereich man sich konzentriert, spielt er sich evtl. auch ganz verschieden. Als Beispiel sei die Amazone genannt, die sich entweder als Bogensch\u00fctzin oder als Speerwerferin ausbilden l\u00e4sst, oder auch der Necromancer, der sich sowohl auf Nahkampf und Fl\u00fcche oder auf Beschw\u00f6rungen spezialisieren kann.<\/p>\n<p>Es gibt wirklich sehr viele Arten seinen Char zu spielen was einen grossen Reiz von Diablo 2 ausmacht.<\/p>\n<h2>Der Single Player \/ Open Char:<\/h2>\n<p>Diese Gruppe zeichnet sich dadurch aus, dass die Char Dateien wie bei Diablo 1 bzw. Diablo 2 Classic mit LoD auf der eigenen Festplatte gespeichert werden. Dadurch k\u00f6nnen diese Chars cheatverseucht sein. Es gibt f\u00fcr so ziemlich alle Spiele mit Offline-Charakteren Editoren, wodurch bei\u00a0 Diablo 2 Classic mit LoD und, so ist es zu erwarten, auch Diablo 2: Resurrected, viele \u00dcberchars mit Level 99, allen Skills und Traumitems entstehen. Mit den im Single Player erstellten Chars kann man auch im LAN mit Freunden oder im Open Battle-net spielen, aber nicht im Battle.net-Realm.<\/p>\n<h2>Der Realm Char:<\/h2>\n<p>Realmchars werden auf den Battle-net Servern, den sogenannten Realms, von Blizzard gewartet, aktualisiert und gehostet. Das Cheaten an diesen Chars wird somit erheblich erschwert, da der Char sich nicht auf der eigenen Festplatte befindet.<\/p>\n<p>Realmchars in <strong>Diablo 2 Classic mit LoD<\/strong> k\u00f6nnen nur auf dem jeweiligen Realm spielen, so kann z.B ein Char der auf dem Euro Server spielt niemals mit oder gegen einen Char vom US West Server spielen, es sei denn Blizzard \u00e4ndert das irgendwann. Realmchars k\u00f6nnen nicht mit Open Chars spielen.<\/p>\n<p>Realmchars in <strong>Diablo 2:Resurrected<\/strong> k\u00f6nnen grunds\u00e4tzlich \u00fcberall spielen. Vorzugsweise wird dann bei Spielerstellung automatisch ein Server ausgew\u00e4hlt der in der Region steht in welcher der Spieler seinen Rechner stehen hat. Es ist aber auch m\u00f6glich, mit Leuten aus \u00dcbersee zu spielen wenn es gerade passt. Eventuell kommt es wegen der weiteren Wege welche die Daten nehmen m\u00fcssen zu Latenzen (Verz\u00f6gerungen) im Spiel, aber das ist bei <strong>Diablo 2 Classic mit LoD bzw. D2:R<\/strong> wohl hinnehmbar, es sei denn man spielt einen Hardcore-Charakter.<\/p>\n<h2>Der Hardcore Char:<\/h2>\n<p>Diese Untergruppe der Realm Chars wird allgemeinhin als die &#8222;Elite&#8220; betrachtet da der Char bei dieser Art des Spielens nur ein Leben hat. Nach dem Tod des Chars passiert folgendes: Der Char kann keine Spiele mehr betreten oder erstellen und erscheint als sogenannter &#8222;Ghost&#8220; in den Battle-net Chats. Es ist eine echte Herausforderung diesen Char hochzuleveln. Hardcore Chars k\u00f6nnen nicht mit normalen Realm oder Open Chars spielen. H\u00e4ufig erlaubt man sich gegenseitig nach dem Tod die Leiche zu pl\u00fcndern und es ist ein ungeschriebenes Gesetz, dass man sich danach auch um die R\u00fcckgabe bem\u00fcht!<\/p>\n","protected":false},"excerpt":{"rendered":"<p>Diablo 2 Charaktere &#8211; \u00dcberblick Folgende Charakterklassen stehen in Diablo 2 (Resurrected) zur Verf\u00fcgung: Amazone Assassine Barbar Druide Paladin Totenbeschw\u00f6rer Zauberin Unter den Links findet Ihr detaillierte Beschreibungen. Nicht nur verschiedene Klassen lassen sich verschieden spielen, auch innerhalb einer Charakterklasse ergeben sich die unterschiedlichsten Spielweisen. Jeder Charakter hat 30 verschiedene Skills und je nachdem, auf&hellip; <a class=\"more-link\" href=\"https:\/\/planetdiablo.eu\/de\/diablo-2\/die-charaktere\/\"><span class=\"screen-reader-text\">Diablo 2 &#8211; Die Charaktere<\/span> weiterlesen<\/a><\/p>\n","protected":false},"author":847,"featured_media":0,"parent":71,"menu_order":37,"comment_status":"closed","ping_status":"open","template":"","meta":{"footnotes":""},"class_list":["post-445459","page","type-page","status-publish","hentry","entry"],"_links":{"self":[{"href":"https:\/\/planetdiablo.eu\/de\/wp-json\/wp\/v2\/pages\/445459","targetHints":{"allow":["GET"]}}],"collection":[{"href":"https:\/\/planetdiablo.eu\/de\/wp-json\/wp\/v2\/pages"}],"about":[{"href":"https:\/\/planetdiablo.eu\/de\/wp-json\/wp\/v2\/types\/page"}],"author":[{"embeddable":true,"href":"https:\/\/planetdiablo.eu\/de\/wp-json\/wp\/v2\/users\/847"}],"replies":[{"embeddable":true,"href":"https:\/\/planetdiablo.eu\/de\/wp-json\/wp\/v2\/comments?post=445459"}],"version-history":[{"count":5,"href":"https:\/\/planetdiablo.eu\/de\/wp-json\/wp\/v2\/pages\/445459\/revisions"}],"predecessor-version":[{"id":583301,"href":"https:\/\/planetdiablo.eu\/de\/wp-json\/wp\/v2\/pages\/445459\/revisions\/583301"}],"up":[{"embeddable":true,"href":"https:\/\/planetdiablo.eu\/de\/wp-json\/wp\/v2\/pages\/71"}],"wp:attachment":[{"href":"https:\/\/planetdiablo.eu\/de\/wp-json\/wp\/v2\/media?parent=445459"}],"curies":[{"name":"wp","href":"https:\/\/api.w.org\/{rel}","templated":true}]}}