{"id":445475,"date":"2011-07-22T22:29:23","date_gmt":"2011-07-22T20:29:23","guid":{"rendered":"http:\/\/diablo3.ingame.de\/?page_id=445475"},"modified":"2023-02-23T18:04:56","modified_gmt":"2023-02-23T16:04:56","slug":"die-amazone","status":"publish","type":"page","link":"https:\/\/planetdiablo.eu\/de\/diablo-2\/die-charaktere\/die-amazone\/","title":{"rendered":"Diablo 2 &#8211; Die Amazone"},"content":{"rendered":"<p><a href=\"\/diablo-2\/die-charaktere\/die-amazone\/amazone\/\">Skills der Amazone Einf\u00fchrung<\/a><br \/>\n<a href=\"\/diablo-2\/die-charaktere\/die-amazone\/amazone\/skilltree3\/\">Bogen-und Armbrustfertigkeiten \/ Bow &amp; Crossbow<\/a><br \/>\n<a href=\"\/diablo-2\/die-charaktere\/die-amazone\/amazone\/skilltree2\/\">Passive und magische Fertigkeiten \/ Passives &amp; Magic<\/a><br \/>\n<a href=\"\/diablo-2\/die-charaktere\/die-amazone\/amazone\/skilltree1\/\">Speer und Wurfspeer-Fertigkeiten \/ Spear &amp; Javelin<\/a><\/p>\n<h2>Herkunft<\/h2>\n<p>Diese m\u00e4chtige Kriegerin geh\u00f6rt zu den Nomadenst\u00e4mmen, die in den Ebenen nahe der s\u00fcdlichen See umherziehen. Die Wanderungen dieser Gruppen brachte sie oft in Konflikte mit anderen Leuten, wodurch die Amazone lernte, sich wirkungsvoll zu verteidigen. Diese Lebensart hat sie komplett unabh\u00e4ngig gemacht und sie gest\u00e4rkt die langen Wanderungen und Elendszeiten zu \u00fcberstehen.<\/p>\n<p>Die Amazone beherrscht den Umgang mit dem Bogen genauso gut wie die Rogue aus Teil 1, jedoch hat sie zus\u00e4tzlich noch den Umgang mit Speeren und anderen Wurfwaffen bzw. Fernkampfwaffen gelernt und weiss diese auch im Nahkampf t\u00f6dlich einzusetzen! Die Amazone wird oft als S\u00f6ldnerin gesucht, wobei sie ihre Dienste solange loyal anbietet, wie es ihren Zielen auch dienlich ist und die Kasse stimmt \ud83d\ude09 .<\/p>\n<p>Man darf die Amazone jetzt nicht als eine Art erweiterte Rogue sehen, nicht nur, dass sie den Umgang mit B\u00f6gen etc. verbessern kann, weiterhin kann sie auch den Gebrauch von Speeren nahezu perfektionieren, ausserdem verf\u00fcgt sie noch \u00fcber den ein- oder anderen n\u00fctzlichen Zauberspruch. *g*<\/p>\n<p>Ihre St\u00e4rke liegt wohl eher im Fernkampf, aber auch darin die M\u00f6glichkeit zu nutzen, ihre abgefeuerten Pfeile oder geworfenen Speere zus\u00e4tzlich mit magischen Effekten, sowie Feuer-, Gift-, K\u00e4lte- und Blitzsch\u00e4den zu versehen. Sie besitzt auch Skills, die ihr ganzes K\u00f6nnen verbessern, als da w\u00e4ren z.B. &#8222;Durchschlagen&#8220; und &#8222;Durchsto\u00dfen&#8220; aus dem &#8222;Passiv &amp; Magie&#8220; Skill-Baum.<\/p>\n<p>Neben dem Fernkampf durch Bogen und Armbrust besitzt die Amazone auch eine nette Auswahl an Nahkampfman\u00f6vern, die sie besser dastehen l\u00e4sst als die Rogue in Teil 1. Im Nahkampf ist ihre bevorzugte Waffe der Speer, der durch schon evtl. verteilte Skillpoints im Bereich &#8222;Wurfspeer &amp; Speer&#8220; dementsprechend effektiver wird und somit Angriffe wie &#8222;Sto\u00df&#8220; oder &#8222;Blitzendes Unheil&#8220; ausgef\u00fchrt werden k\u00f6nnen.<\/p>\n<p>Die Amazone beginnt ihre Reise ausger\u00fcstet mit Wurfspeeren. In Akt 1 k\u00f6nnt ihr euch Speere bei Charsi kaufen, wenn nicht gerade zuf\u00e4llig Monster welche fallen lassen.<\/p>\n<h2>Startausr\u00fcstung und Startschwierigkeiten<\/h2>\n<p>Da die Amazone am Anfang nur mit ein paar Speeren bewaffnet ist, muss sie sich erstmal in den Nahkampf st\u00fcrzen um genug Geld zu horten, womit sie sich dann den ersten Bogen oder die erste Armbrust kaufen kann, wenn sie bis dorthin noch keinen Bogen bzw. keine Armbrust von Monstern gefunden haben sollte.<\/p>\n<h2>Starteigenschaften und Charakterpunkte<\/h2>\n<table>\n<tbody>\n<tr>\n<th colspan=\"7\">Starteigenschaften<\/th>\n<\/tr>\n<tr>\n<th>St\u00e4rke<\/th>\n<th>Geschicklichkeit<\/th>\n<th>Vitalit\u00e4t<\/th>\n<th>Energie<\/th>\n<th>Life<\/th>\n<th>Mana<\/th>\n<th>Ausdauer<\/th>\n<\/tr>\n<tr>\n<td>20<\/td>\n<td>25<\/td>\n<td>20<\/td>\n<td>15<\/td>\n<td>50<\/td>\n<td>15<\/td>\n<td>84<\/td>\n<\/tr>\n<\/tbody>\n<\/table>\n<p>Die Amazone bekommt pro Level +2 zu Leben, +1,5 zu Mana und +1 zu Ausdauer. Au\u00dferdem bekommt sie f\u00fcr jeden Punkt in Vitalit\u00e4t +3 zu Leben und +1 zu Ausdauer sowie f\u00fcr jeden Punkt in Energie +1,5 zu Mana.<\/p>\n<h2>Weitere Daten:<\/h2>\n<table>\n<tbody>\n<tr>\n<th colspan=\"4\">Schildblock<br \/>\n(FBR in % | fpa)<\/th>\n<\/tr>\n<tr>\n<td colspan=\"2\" width=\"50%\">Mit 1-Hand-Schwungwaffe<\/td>\n<td colspan=\"2\" width=\"50%\">Sonstige<\/td>\n<\/tr>\n<tr>\n<td>0<\/td>\n<td>17<\/td>\n<td>0<\/td>\n<td>5<\/td>\n<\/tr>\n<tr>\n<td>4<\/td>\n<td>16<\/td>\n<td>13<\/td>\n<td>4<\/td>\n<\/tr>\n<tr>\n<td>6<\/td>\n<td>15<\/td>\n<td>32<\/td>\n<td>3<\/td>\n<\/tr>\n<tr>\n<td>11<\/td>\n<td>14<\/td>\n<td>86<\/td>\n<td>2<\/td>\n<\/tr>\n<tr>\n<td>15<\/td>\n<td>13<\/td>\n<td>600<\/td>\n<td>1<\/td>\n<\/tr>\n<tr>\n<td>23<\/td>\n<td>12<\/td>\n<\/tr>\n<tr>\n<td>29<\/td>\n<td>11<\/td>\n<\/tr>\n<tr>\n<td>40<\/td>\n<td>10<\/td>\n<\/tr>\n<tr>\n<td>56<\/td>\n<td>9<\/td>\n<\/tr>\n<tr>\n<td>80<\/td>\n<td>8<\/td>\n<\/tr>\n<tr>\n<td>120<\/td>\n<td>7<\/td>\n<\/tr>\n<tr>\n<td>200<\/td>\n<td>6<\/td>\n<\/tr>\n<tr>\n<td>480<\/td>\n<td>5<\/td>\n<\/tr>\n<\/tbody>\n<\/table>\n<table>\n<tbody>\n<tr>\n<th colspan=\"2\">Treffererholung<br \/>\n(FHR in % | fpa)<\/th>\n<\/tr>\n<tr>\n<td width=\"50%\">0<\/td>\n<td width=\"50%\">11<\/td>\n<\/tr>\n<tr>\n<td>6<\/td>\n<td>10<\/td>\n<\/tr>\n<tr>\n<td>13<\/td>\n<td>9<\/td>\n<\/tr>\n<tr>\n<td>20<\/td>\n<td>8<\/td>\n<\/tr>\n<tr>\n<td>32<\/td>\n<td>7<\/td>\n<\/tr>\n<tr>\n<td>52<\/td>\n<td>6<\/td>\n<\/tr>\n<tr>\n<td>86<\/td>\n<td>5<\/td>\n<\/tr>\n<tr>\n<td>174<\/td>\n<td>4<\/td>\n<\/tr>\n<tr>\n<td>600<\/td>\n<td>3<\/td>\n<\/tr>\n<\/tbody>\n<\/table>\n<table>\n<tbody>\n<tr>\n<th colspan=\"8\">Zauberrate<br \/>\n(FCR in % | fpa\/Startframe)<\/th>\n<\/tr>\n<tr>\n<td colspan=\"2\" width=\"25%\">restliche Waffen<\/td>\n<td colspan=\"2\" width=\"25%\">ohne Waffen<\/td>\n<td colspan=\"2\" width=\"25%\">Armbrust, 2H-Schwerter<\/td>\n<td colspan=\"2\" width=\"25%\">Bogen<\/td>\n<\/tr>\n<tr>\n<td width=\"12,5%\">0<\/td>\n<td width=\"12,5%\">19\/13<\/td>\n<td width=\"12,5%\">0<\/td>\n<td width=\"12,5%\">19\/11<\/td>\n<td width=\"12,5%\">0<\/td>\n<td width=\"12,5%\">19\/12<\/td>\n<td width=\"12,5%\">0<\/td>\n<td width=\"12,5%\">19\/10<\/td>\n<\/tr>\n<tr>\n<td>7<\/td>\n<td>18\/13<\/td>\n<td>7<\/td>\n<td>18\/11<\/td>\n<td>7<\/td>\n<td>18\/12<\/td>\n<td>7<\/td>\n<td>18\/10<\/td>\n<\/tr>\n<tr>\n<td>10<\/td>\n<td>18\/12<\/td>\n<td>13<\/td>\n<td>18\/10<\/td>\n<td>11<\/td>\n<td>18\/11<\/td>\n<td>14<\/td>\n<td>17\/9<\/td>\n<\/tr>\n<tr>\n<td>14<\/td>\n<td>17\/12<\/td>\n<td>14<\/td>\n<td>17\/10<\/td>\n<td>14<\/td>\n<td>17\/11<\/td>\n<td>22<\/td>\n<td>16\/9<\/td>\n<\/tr>\n<tr>\n<td>22<\/td>\n<td>16\/12<\/td>\n<td>22<\/td>\n<td>16\/10<\/td>\n<td>22<\/td>\n<td>16\/11<\/td>\n<td>32<\/td>\n<td>15\/8<\/td>\n<\/tr>\n<tr>\n<td>23<\/td>\n<td>16\/11<\/td>\n<td>29<\/td>\n<td>16\/9<\/td>\n<td>26<\/td>\n<td>16\/10<\/td>\n<td>48<\/td>\n<td>14\/8<\/td>\n<\/tr>\n<tr>\n<td>32<\/td>\n<td>15\/11<\/td>\n<td>32<\/td>\n<td>15\/9<\/td>\n<td>32<\/td>\n<td>15\/10<\/td>\n<td>68<\/td>\n<td>13\/7<\/td>\n<\/tr>\n<tr>\n<td>42<\/td>\n<td>15\/10<\/td>\n<td>48<\/td>\n<td>14\/9<\/td>\n<td>48<\/td>\n<td>14\/9<\/td>\n<td>99<\/td>\n<td>12\/7<\/td>\n<\/tr>\n<tr>\n<td>48<\/td>\n<td>14\/10<\/td>\n<td>56<\/td>\n<td>14\/8<\/td>\n<td>68<\/td>\n<td>13\/9<\/td>\n<td>152<\/td>\n<td>11\/6<\/td>\n<\/tr>\n<tr>\n<td>68<\/td>\n<td>13\/10<\/td>\n<td>68<\/td>\n<td>13\/8<\/td>\n<td>86<\/td>\n<td>13\/8<\/td>\n<\/tr>\n<tr>\n<td>72<\/td>\n<td>13\/9<\/td>\n<td>99<\/td>\n<td>12\/8<\/td>\n<td>99<\/td>\n<td>12\/8<\/td>\n<\/tr>\n<tr>\n<td>99<\/td>\n<td>12\/9<\/td>\n<td>113<\/td>\n<td>12\/7<\/td>\n<td>152<\/td>\n<td>11\/8<\/td>\n<\/tr>\n<tr>\n<td>133<\/td>\n<td>12\/8<\/td>\n<td>152<\/td>\n<td>11\/7<\/td>\n<td>180<\/td>\n<td>11\/7<\/td>\n<\/tr>\n<tr>\n<td>152<\/td>\n<td>11\/8<\/td>\n<\/tr>\n<\/tbody>\n<\/table>\n","protected":false},"excerpt":{"rendered":"<p>Skills der Amazone Einf\u00fchrung Bogen-und Armbrustfertigkeiten \/ Bow &amp; Crossbow Passive und magische Fertigkeiten \/ Passives &amp; Magic Speer und Wurfspeer-Fertigkeiten \/ Spear &amp; Javelin Herkunft Diese m\u00e4chtige Kriegerin geh\u00f6rt zu den Nomadenst\u00e4mmen, die in den Ebenen nahe der s\u00fcdlichen See umherziehen. Die Wanderungen dieser Gruppen brachte sie oft in Konflikte mit anderen Leuten, wodurch&hellip; <a class=\"more-link\" href=\"https:\/\/planetdiablo.eu\/de\/diablo-2\/die-charaktere\/die-amazone\/\"><span class=\"screen-reader-text\">Diablo 2 &#8211; Die Amazone<\/span> weiterlesen<\/a><\/p>\n","protected":false},"author":847,"featured_media":581244,"parent":445459,"menu_order":0,"comment_status":"closed","ping_status":"open","template":"","meta":{"footnotes":""},"class_list":["post-445475","page","type-page","status-publish","has-post-thumbnail","hentry","entry"],"_links":{"self":[{"href":"https:\/\/planetdiablo.eu\/de\/wp-json\/wp\/v2\/pages\/445475","targetHints":{"allow":["GET"]}}],"collection":[{"href":"https:\/\/planetdiablo.eu\/de\/wp-json\/wp\/v2\/pages"}],"about":[{"href":"https:\/\/planetdiablo.eu\/de\/wp-json\/wp\/v2\/types\/page"}],"author":[{"embeddable":true,"href":"https:\/\/planetdiablo.eu\/de\/wp-json\/wp\/v2\/users\/847"}],"replies":[{"embeddable":true,"href":"https:\/\/planetdiablo.eu\/de\/wp-json\/wp\/v2\/comments?post=445475"}],"version-history":[{"count":3,"href":"https:\/\/planetdiablo.eu\/de\/wp-json\/wp\/v2\/pages\/445475\/revisions"}],"predecessor-version":[{"id":582271,"href":"https:\/\/planetdiablo.eu\/de\/wp-json\/wp\/v2\/pages\/445475\/revisions\/582271"}],"up":[{"embeddable":true,"href":"https:\/\/planetdiablo.eu\/de\/wp-json\/wp\/v2\/pages\/445459"}],"wp:featuredmedia":[{"embeddable":true,"href":"https:\/\/planetdiablo.eu\/de\/wp-json\/wp\/v2\/media\/581244"}],"wp:attachment":[{"href":"https:\/\/planetdiablo.eu\/de\/wp-json\/wp\/v2\/media?parent=445475"}],"curies":[{"name":"wp","href":"https:\/\/api.w.org\/{rel}","templated":true}]}}