{"id":445513,"date":"2011-07-22T22:46:25","date_gmt":"2011-07-22T20:46:25","guid":{"rendered":"http:\/\/diablo3.ingame.de\/?page_id=445513"},"modified":"2021-04-18T20:47:12","modified_gmt":"2021-04-18T18:47:12","slug":"der-barbar","status":"publish","type":"page","link":"https:\/\/planetdiablo.eu\/de\/diablo-2\/die-charaktere\/der-barbar\/","title":{"rendered":"Diablo 2 &#8211; Der Barbar"},"content":{"rendered":"<p><a href=\"\/diablo-2\/die-charaktere\/der-barbar\/barbar\/\">Barbarenskills- Einf\u00fchrung<\/a><br \/>\n<a href=\"\/diablo-2\/die-charaktere\/der-barbar\/barbar\/skilltree1\/\">Kriegsschreie \/ Warcries<\/a><br \/>\n<a href=\"\/diablo-2\/die-charaktere\/der-barbar\/barbar\/skilltree2\/\">Kampf-Beherrschung \/ Combat Masteries<\/a><br \/>\n<a href=\"\/diablo-2\/die-charaktere\/der-barbar\/barbar\/skilltree3\/\">Kampf-Fertigkeiten \/ Combat Skills<\/a><\/p>\n<h2>Herkunft<\/h2>\n<p>Der Barbar ist das Mitglied einer der vielen St\u00e4mme, die in den entlegensten Gegenden der Zivilisation leben und sich dem Einfluss derjenigen entzieht, die er als schwach bezeichnet. Zahllose Clan-Kriege und der stetige Kampf gegen die Natur in einer gef\u00e4hrlichen Umgebung haben den Barbaren sehr stark und widerstandsf\u00e4hig gemacht. Obwohl nicht so zivilisiert wie die Stadtleute, ist der Barbar sich seiner Umgebung immer bewusst.<\/p>\n<p>Durch seinen schamanischen Glauben an Tierkr\u00e4fte, mit denen er sich identifiziert, wird er manchmal mit der Lykanthropie in Verbindung gebracht, auch wenn das in der Realit\u00e4t eher dem Druiden zuf\u00e4llt. Tats\u00e4chlich glaubt der Barbar, dass er die Geister von Totemtieren anrufen kann um sich in der Schlacht mit \u00fcbermenschlichen Kr\u00e4ften und F\u00e4higkeiten auszustatten, obwohl diese nur dazu dienen, seine bereits vorhandenen exzellenten Kampfeigenschaften zu steigern.<\/p>\n<p>Der Barbar ist der kr\u00e4ftigste aller Charaktere, was ihn bef\u00e4higt, zwei Waffen auf einmal zu f\u00fchren. Mit mehreren Skill-Points verteilt auf den Raserei Skill, kann er diese Art zu k\u00e4mpfen sogar noch verbessern um so schnelle Hiebe mit beiden Waffen auszuf\u00fchren. Dem Barbaren wurde ein ganzer Skillbaum gewidmet um den Umgang mit Waffen zu verbessern und zu perfektionieren.<\/p>\n<p>Die Waffenbeherrschungen sind passiv, was bedeutet, dass man sie nicht extra aktivieren muss. Einmal einen Punkt auf einen dieser Skills verteilt und ihr werdet den Unterschied schon sehen und deutlich sp\u00fcren. Je mehr Punkte man in einen Skill investiert, desto besser wird der Barbar im Umgang mit der entsprechenden Waffe!<\/p>\n<p>Da der Barbar sozusagen den Prototypen eines Nahk\u00e4mpfers darstellt, wird er stetig auf seine Health-Potions achten m\u00fcssen. Befindet sich der Barbar in Situationen, in denen er nicht mit den Gegnern fertig wird, so kann er dank des &#8222;Sprungangriff&#8220;-Skills einfach \u00fcber die Horde hinwegspringen um sich so ein wenig Zeit zu verschaffen. Falls der Sprung nicht ausreichen sollte um sich in Sicherheit zu bringen, so kann er, da er die h\u00f6chste Stamina (= Ausdauer) aller Charaktere besitzt, ein gutes St\u00fcck im Laufschritt zur\u00fccklegen, bevor er sich wieder ausruhen muss.<\/p>\n<h2>Startausr\u00fcstung und m\u00f6gliche Startschwierigkeiten<\/h2>\n<p>So wie es aussieht wird der Barbar am Anfang des Spieles nicht grosse Probleme mit den Gegnern haben, auf die er trifft. Er besitzt von allen Charakteren am Anfang den h\u00f6chsten St\u00e4rkewert, welches ihm erm\u00f6glicht, schon relativ fr\u00fch schwere R\u00fcstungen zu tragen.<\/p>\n<p>Da der Barbar allerdings ein reiner Nahk\u00e4mpferist und er sich nicht besonders in Sachen Fernkampf spezialisieren kann &#8211; ausser mit den Skills &#8222;Doppelwurf&#8220; und &#8222;Wurfbeherrschung&#8220; &#8211; muss er oft nah an die Monster ran und ben\u00f6tigt diese R\u00fcstungen auch.<\/p>\n<p>Der Barbar besitzt auch eine Fertigkeit namens &#8222;Nat\u00fcrlicher Widerstand&#8220;, der ab Level 30 verf\u00fcgbar ist und passiv die Resistenzen erh\u00f6ht.<\/p>\n<h2>Starteigenschaften und Charakterpunkte<\/h2>\n<table>\n<tbody>\n<tr>\n<th colspan=\"7\">Starteigenschaften<\/th>\n<\/tr>\n<tr>\n<th>St\u00e4rke<\/th>\n<th>Geschicklichkeit<\/th>\n<th>Vitalit\u00e4t<\/th>\n<th>Energie<\/th>\n<th>Life<\/th>\n<th>Mana<\/th>\n<th>Ausdauer<\/th>\n<\/tr>\n<tr>\n<td>30<\/td>\n<td>20<\/td>\n<td>25<\/td>\n<td>10<\/td>\n<td>55<\/td>\n<td>10<\/td>\n<td>92<\/td>\n<\/tr>\n<\/tbody>\n<\/table>\n<p>Der Barbar bekommt pro Level +2 zu Leben, +1 zu Mana und +1 zu Ausdauer. Au\u00dferdem bekommt er f\u00fcr jeden Punkt in Vitalit\u00e4t +4 zu Leben und +1 zu Ausdauer sowie f\u00fcr jeden Punkt in Energie +1 zu Mana.<\/p>\n<h2>Weitere Daten:<\/h2>\n<table>\n<tbody>\n<tr>\n<th colspan=\"4\">Schildblock<br \/>\n(FBR in % | fpa)<\/th>\n<\/tr>\n<tr>\n<td width=\"50%\">0<\/td>\n<td width=\"50%\">7<\/td>\n<\/tr>\n<tr>\n<td>9<\/td>\n<td>6<\/td>\n<\/tr>\n<tr>\n<td>20<\/td>\n<td>5<\/td>\n<\/tr>\n<tr>\n<td>42<\/td>\n<td>4<\/td>\n<\/tr>\n<tr>\n<td>86<\/td>\n<td>3<\/td>\n<\/tr>\n<tr>\n<td>280<\/td>\n<td>2<\/td>\n<\/tr>\n<\/tbody>\n<\/table>\n<table>\n<tbody>\n<tr>\n<th colspan=\"2\">Treffererholung<br \/>\n(FHR in % | fpa)<\/th>\n<\/tr>\n<tr>\n<td width=\"50%\">0<\/td>\n<td width=\"50%\">9<\/td>\n<\/tr>\n<tr>\n<td>7<\/td>\n<td>8<\/td>\n<\/tr>\n<tr>\n<td>15<\/td>\n<td>7<\/td>\n<\/tr>\n<tr>\n<td>27<\/td>\n<td>6<\/td>\n<\/tr>\n<tr>\n<td>48<\/td>\n<td>5<\/td>\n<\/tr>\n<tr>\n<td>86<\/td>\n<td>4<\/td>\n<\/tr>\n<tr>\n<td>200<\/td>\n<td>3<\/td>\n<\/tr>\n<\/tbody>\n<\/table>\n<table>\n<tbody>\n<tr>\n<th colspan=\"2\">Zauberrate<br \/>\n(FCR in % | fpa\/Startframe)<\/th>\n<\/tr>\n<tr>\n<td width=\"50%\">0<\/td>\n<td width=\"50%\">13\/9<\/td>\n<\/tr>\n<tr>\n<td>9<\/td>\n<td>12\/9<\/td>\n<\/tr>\n<tr>\n<td>15<\/td>\n<td>12\/8<\/td>\n<\/tr>\n<tr>\n<td>20<\/td>\n<td>11\/8<\/td>\n<\/tr>\n<tr>\n<td>37<\/td>\n<td>10\/8<\/td>\n<\/tr>\n<tr>\n<td>39<\/td>\n<td>10\/7<\/td>\n<\/tr>\n<tr>\n<td>63<\/td>\n<td>9\/7<\/td>\n<\/tr>\n<tr>\n<td>86<\/td>\n<td>9\/6<\/td>\n<\/tr>\n<tr>\n<td>105<\/td>\n<td>8\/6<\/td>\n<\/tr>\n<tr>\n<td>200<\/td>\n<td>7\/6<\/td>\n<\/tr>\n<\/tbody>\n<\/table>\n","protected":false},"excerpt":{"rendered":"<p>Barbarenskills- Einf\u00fchrung Kriegsschreie \/ Warcries Kampf-Beherrschung \/ Combat Masteries Kampf-Fertigkeiten \/ Combat Skills Herkunft Der Barbar ist das Mitglied einer der vielen St\u00e4mme, die in den entlegensten Gegenden der Zivilisation leben und sich dem Einfluss derjenigen entzieht, die er als schwach bezeichnet. Zahllose Clan-Kriege und der stetige Kampf gegen die Natur in einer gef\u00e4hrlichen Umgebung&hellip; <a class=\"more-link\" href=\"https:\/\/planetdiablo.eu\/de\/diablo-2\/die-charaktere\/der-barbar\/\"><span class=\"screen-reader-text\">Diablo 2 &#8211; Der Barbar<\/span> weiterlesen<\/a><\/p>\n","protected":false},"author":847,"featured_media":581247,"parent":445459,"menu_order":13,"comment_status":"closed","ping_status":"open","template":"","meta":{"footnotes":""},"class_list":["post-445513","page","type-page","status-publish","has-post-thumbnail","hentry","entry"],"_links":{"self":[{"href":"https:\/\/planetdiablo.eu\/de\/wp-json\/wp\/v2\/pages\/445513","targetHints":{"allow":["GET"]}}],"collection":[{"href":"https:\/\/planetdiablo.eu\/de\/wp-json\/wp\/v2\/pages"}],"about":[{"href":"https:\/\/planetdiablo.eu\/de\/wp-json\/wp\/v2\/types\/page"}],"author":[{"embeddable":true,"href":"https:\/\/planetdiablo.eu\/de\/wp-json\/wp\/v2\/users\/847"}],"replies":[{"embeddable":true,"href":"https:\/\/planetdiablo.eu\/de\/wp-json\/wp\/v2\/comments?post=445513"}],"version-history":[{"count":3,"href":"https:\/\/planetdiablo.eu\/de\/wp-json\/wp\/v2\/pages\/445513\/revisions"}],"predecessor-version":[{"id":586624,"href":"https:\/\/planetdiablo.eu\/de\/wp-json\/wp\/v2\/pages\/445513\/revisions\/586624"}],"up":[{"embeddable":true,"href":"https:\/\/planetdiablo.eu\/de\/wp-json\/wp\/v2\/pages\/445459"}],"wp:featuredmedia":[{"embeddable":true,"href":"https:\/\/planetdiablo.eu\/de\/wp-json\/wp\/v2\/media\/581247"}],"wp:attachment":[{"href":"https:\/\/planetdiablo.eu\/de\/wp-json\/wp\/v2\/media?parent=445513"}],"curies":[{"name":"wp","href":"https:\/\/api.w.org\/{rel}","templated":true}]}}