{"id":445531,"date":"2011-07-22T22:51:18","date_gmt":"2011-07-22T20:51:18","guid":{"rendered":"http:\/\/diablo3.ingame.de\/?page_id=445531"},"modified":"2021-07-15T10:25:20","modified_gmt":"2021-07-15T08:25:20","slug":"der-druide","status":"publish","type":"page","link":"https:\/\/planetdiablo.eu\/de\/diablo-2\/die-charaktere\/der-druide\/","title":{"rendered":"Diablo 2 &#8211; Der Druide"},"content":{"rendered":"<p><a href=\"\/diablo-2\/die-charaktere\/der-druide\/druide\/\">Skills des Druiden &#8211; Einf\u00fchrung<\/a><br \/>\n<a href=\"https:\/\/planetdiablo.eu\/diablo-2\/die-charaktere\/der-druide\/druide\/skilltree1\/\">Elementar Fertigkeiten \/ Elemental<\/a><br \/>\n<a href=\"https:\/\/planetdiablo.eu\/diablo-2\/die-charaktere\/der-druide\/druide\/skilltree2\/\">Gestaltwandel Fertigkeiten \/ Shape Shifting<\/a><br \/>\n<a href=\"https:\/\/planetdiablo.eu\/diablo-2\/die-charaktere\/der-druide\/druide\/skilltree3\/\">Herbeirufungs Fertigkeiten \/ Summoning<\/a><\/p>\n<h2>\nHerkunft<\/h2>\n<p>Die Druiden aus den W\u00e4ldern n\u00f6rdlich von Scosglen haben ihre Magie unabh\u00e4ngig von den Magier-Clans des Ostens entwickelt. Sie dienten als Krieger-K\u00f6nige ihrer St\u00e4mme und leben f\u00fcr gew\u00f6hnlich abseits ihres Volkes in massiven T\u00fcrmen aus Stein, die von Ranken und Efeu \u00fcberwuchert sind. Als Meister der nat\u00fcrlichen Welt waren sie in der Lage, Lebewesen und die Kr\u00e4fte der Natur zu beherrschen.<\/p>\n<p>Die bemerkenswerteste Eigenschaft dieser Druiden ist wahrscheinlich ihre F\u00e4higkeit, die Gestalt eines Tieres anzunehmen. Die unter ihrer Herrschaft stehenden St\u00e4mme wussten genau, dass sie wegen dieser F\u00e4higkeit unter st\u00e4ndiger Aufsicht standen. Der Anblick eines scheinbar gew\u00f6hnlichen Tieres, das sich in einen rachs\u00fcchtigen Druiden zur\u00fcckverwandelte, unterdr\u00fcckte so manchen potentiellen Aufstand.<\/p>\n<p>Ein Druide beherrscht sowohl die elementare Magie als auch die Ur-Magie. Seine Elementar-Kr\u00e4fte verleihen ihm Macht \u00fcber Feuer, Erde und die Winde. Seine urspr\u00fcngliche Naturverbundenheit erlaubt ihm, \u00fcber viele Tieren und Pflanzen zu gebieten. Au\u00dferdem kann er seine Gestalt wechseln und sich in Gesch\u00f6pfe wie z.B. einen riesigen Werb\u00e4ren oder einen schreckerregenden Werwolf verwandeln und in dieser Gestalt weitere M\u00e4chte anrufen.<\/p>\n<h2>Beschreibung<\/h2>\n<p>Obwohl mit der gr\u00f6\u00dften K\u00f6rpergr\u00f6\u00dfe aller Klassen ausgestattet, wirkt der Druide eher hager und schw\u00e4chlich. Dennoch hat er gro\u00dfes Potential, insbesondere wenn er sich seine Gestaltwandlungsf\u00e4higkeiten zunutze macht und in Werwolf- bzw. Werb\u00e4rgestalt die Vorteile des jeweiligen Tieres f\u00fcr sich entdeckt. Dann kann er im einen Fall an Schnelligkeit und Treffergenauigkeit gewinnen und im anderen an Leben und R\u00fcstung. An weiteren Fertigkeiten im Gestaltwandlungsbaum finden sich zudem Skills, die nur im jeweiligen Verwandlungszustand anwendbar sind. So z.B. die &#8218;Wut&#8216; des Werwolfes oder &#8218;Zerfleischen&#8216; beim Werb\u00e4ren. Zudem ist es dem Druiden durch die Steigerung der Lykantrophie m\u00f6glich sowohl die Dauer als auch die St\u00e4rke der Verwandlung zu erh\u00f6hen. Letzteres resultiert in einem besseren Lebensbonus.<\/p>\n<p>Doch der Druide kann sich nicht nur in in Tiere verwandeln, sondern auch deren Geister beschw\u00f6ren. Auf diese Art kann er sich mehrere Begleiter anschaffen. Angefangen bei einem Schwarm Raben \u00fcber W\u00f6lfe bis hin zu einem m\u00e4chtigen Grizzly. Zwischen den letzten beiden muss er sich aber leider entscheiden, wobei es von den W\u00f6lfen im \u00fcbrigen eine st\u00e4rkere und eine schw\u00e4chere Variante gibt. Damit nicht genug: Auch zwischen 3 unterirdischen Ranken und 3 Naturgeistern mit jeweils unterschiedlichen Effekten kann er w\u00e4hlen.<\/p>\n<p>Der dritte Fertigkeitsbaum schlie\u00dflich beinhaltet die Elementarfertigkeiten des Druiden, die auf eindrucksvolle seine Verbundenheit mit der Natur und ihrer Magie demonstrieren. Dadurch ist es ihm m\u00f6glich ihre Kraft in Form von verschiedensten St\u00fcrmen und magmatischen Erruptionen zu entfesseln. An der Spitze stehen jeweils der m\u00e4chtige Hurrikan und nichts geringeres als das Armageddon selbst. Nur die 4 Reiter der Apokalypse fehlen irgendwie, aber die werden wohl gerade Urlaub haben.<\/p>\n<h2>Starteigenschaften und Charakterpunkte<\/h2>\n<table>\n<tbody>\n<tr>\n<th colspan=\"7\">Starteigenschaften<\/th>\n<\/tr>\n<tr>\n<th>St\u00e4rke<\/th>\n<th>Geschicklichkeit<\/th>\n<th>Vitalit\u00e4t<\/th>\n<th>Energie<\/th>\n<th>Life<\/th>\n<th>Mana<\/th>\n<th>Ausdauer<\/th>\n<\/tr>\n<tr>\n<td>15<\/td>\n<td>20<\/td>\n<td>25<\/td>\n<td>20<\/td>\n<td>55<\/td>\n<td>20<\/td>\n<td>84<\/td>\n<\/tr>\n<\/tbody>\n<\/table>\n<p>Der Druide bekommt pro Level +1,5 zu Leben, +2 zu Mana und +1 zu Ausdauer. Au\u00dferdem bekommt er f\u00fcr jeden Punkt in Vitalit\u00e4t +2 zu Leben und +1 zu Ausdauer sowie f\u00fcr jeden Punkt in Energie +2 zu Mana.<\/p>\n<h2>Weitere Daten:<\/h2>\n<table>\n<tbody>\n<tr>\n<th colspan=\"6\">Schildblock<br \/>\n(FBR in % | fpa)<\/th>\n<\/tr>\n<tr>\n<td colspan=\"2\" width=\"33,3%\">Normal<\/td>\n<td colspan=\"2\" width=\"33,3%\">Werb\u00e4r<\/td>\n<td colspan=\"2\" width=\"33,3%\">Werwolf<\/td>\n<\/tr>\n<tr>\n<td width=\"16,67%\">0<\/td>\n<td width=\"16,67%\">11<\/td>\n<td width=\"16,67%\">0<\/td>\n<td width=\"16,67%\">12<\/td>\n<td width=\"16,67%\">0<\/td>\n<td width=\"16,67%\">9<\/td>\n<\/tr>\n<tr>\n<td width=\"16,67%\">6<\/td>\n<td width=\"16,67%\">10<\/td>\n<td width=\"16,67%\">5<\/td>\n<td width=\"16,67%\">11<\/td>\n<td width=\"16,67%\">7<\/td>\n<td width=\"16,67%\">8<\/td>\n<\/tr>\n<tr>\n<td width=\"16,67%\">13<\/td>\n<td width=\"16,67%\">9<\/td>\n<td width=\"16,67%\">10<\/td>\n<td width=\"16,67%\">10<\/td>\n<td width=\"16,67%\">15<\/td>\n<td width=\"16,67%\">7<\/td>\n<\/tr>\n<tr>\n<td width=\"16,67%\">20<\/td>\n<td width=\"16,67%\">8<\/td>\n<td width=\"16,67%\">16<\/td>\n<td width=\"16,67%\">9<\/td>\n<td width=\"16,67%\">27<\/td>\n<td width=\"16,67%\">6<\/td>\n<\/tr>\n<tr>\n<td width=\"16,67%\">32<\/td>\n<td width=\"16,67%\">7<\/td>\n<td width=\"16,67%\">27<\/td>\n<td width=\"16,67%\">8<\/td>\n<td width=\"16,67%\">48<\/td>\n<td width=\"16,67%\">5<\/td>\n<\/tr>\n<tr>\n<td width=\"16,67%\">52<\/td>\n<td width=\"16,67%\">6<\/td>\n<td width=\"16,67%\">40<\/td>\n<td width=\"16,67%\">7<\/td>\n<td width=\"16,67%\">86<\/td>\n<td width=\"16,67%\">4<\/td>\n<\/tr>\n<tr>\n<td width=\"16,67%\">86<\/td>\n<td width=\"16,67%\">5<\/td>\n<td width=\"16,67%\">65<\/td>\n<td width=\"16,67%\">6<\/td>\n<td width=\"16,67%\">200<\/td>\n<td width=\"16,67%\">3<\/td>\n<\/tr>\n<tr>\n<td width=\"16,67%\">174<\/td>\n<td width=\"16,67%\">4<\/td>\n<td width=\"16,67%\">109<\/td>\n<td width=\"16,67%\">5<\/td>\n<\/tr>\n<tr>\n<td width=\"16,67%\">600<\/td>\n<td width=\"16,67%\">3<\/td>\n<td width=\"16,67%\">223<\/td>\n<td width=\"16,67%\">4<\/td>\n<\/tr>\n<\/tbody>\n<\/table>\n<table>\n<tbody>\n<tr>\n<th colspan=\"8\">Treffererholung<br \/>\n(FHR in % | fpa)<\/th>\n<\/tr>\n<tr>\n<td colspan=\"2\" width=\"25%\">Normal, 1h-Schwungwaffe<\/td>\n<td colspan=\"2\" width=\"25%\">Normale Sonstiges<\/td>\n<td colspan=\"2\" width=\"25%\">Werb\u00e4r<\/td>\n<td colspan=\"2\" width=\"25%\">Werwolf<\/td>\n<\/tr>\n<tr>\n<td width=\"12,5%\">0<\/td>\n<td width=\"12,5%\">14<\/td>\n<td width=\"12,5%\">0<\/td>\n<td width=\"12,5%\">13<\/td>\n<td width=\"12,5%\">0<\/td>\n<td width=\"12,5%\">13<\/td>\n<td width=\"12,5%\">0<\/td>\n<td width=\"12,5%\">7<\/td>\n<\/tr>\n<tr>\n<td width=\"12,5%\">3<\/td>\n<td width=\"12,5%\">13<\/td>\n<td width=\"12,5%\">5<\/td>\n<td width=\"12,5%\">12<\/td>\n<td width=\"12,5%\">5<\/td>\n<td width=\"12,5%\">12<\/td>\n<td width=\"12,5%\">9<\/td>\n<td width=\"12,5%\">6<\/td>\n<\/tr>\n<tr>\n<td width=\"12,5%\">7<\/td>\n<td width=\"12,5%\">12<\/td>\n<td width=\"12,5%\">10<\/td>\n<td width=\"12,5%\">11<\/td>\n<td width=\"12,5%\">10<\/td>\n<td width=\"12,5%\">11<\/td>\n<td width=\"12,5%\">20<\/td>\n<td width=\"12,5%\">5<\/td>\n<\/tr>\n<tr>\n<td width=\"12,5%\">13<\/td>\n<td width=\"12,5%\">11<\/td>\n<td width=\"12,5%\">16<\/td>\n<td width=\"12,5%\">10<\/td>\n<td width=\"12,5%\">16<\/td>\n<td width=\"12,5%\">10<\/td>\n<td width=\"12,5%\">42<\/td>\n<td width=\"12,5%\">4<\/td>\n<\/tr>\n<tr>\n<td width=\"12,5%\">19<\/td>\n<td width=\"12,5%\">10<\/td>\n<td width=\"12,5%\">26<\/td>\n<td width=\"12,5%\">9<\/td>\n<td width=\"12,5%\">24<\/td>\n<td width=\"12,5%\">9<\/td>\n<td width=\"12,5%\">86<\/td>\n<td width=\"12,5%\">3<\/td>\n<\/tr>\n<tr>\n<td width=\"12,5%\">29<\/td>\n<td width=\"12,5%\">9<\/td>\n<td width=\"12,5%\">39<\/td>\n<td width=\"12,5%\">8<\/td>\n<td width=\"12,5%\">37<\/td>\n<td width=\"12,5%\">8<\/td>\n<td width=\"12,5%\">280<\/td>\n<td width=\"12,5%\">2<\/td>\n<\/tr>\n<tr>\n<td width=\"12,5%\">42<\/td>\n<td width=\"12,5%\">8<\/td>\n<td width=\"12,5%\">56<\/td>\n<td width=\"12,5%\">7<\/td>\n<td width=\"12,5%\">54<\/td>\n<td width=\"12,5%\">7<\/td>\n<\/tr>\n<tr>\n<td width=\"12,5%\">63<\/td>\n<td width=\"12,5%\">7<\/td>\n<td width=\"12,5%\">86<\/td>\n<td width=\"12,5%\">6<\/td>\n<td width=\"12,5%\">86<\/td>\n<td width=\"12,5%\">6<\/td>\n<\/tr>\n<tr>\n<td width=\"12,5%\">99<\/td>\n<td width=\"12,5%\">6<\/td>\n<td width=\"12,5%\">152<\/td>\n<td width=\"12,5%\">5<\/td>\n<td width=\"12,5%\">152<\/td>\n<td width=\"12,5%\">5<\/td>\n<\/tr>\n<tr>\n<td width=\"12,5%\">174<\/td>\n<td width=\"12,5%\">5<\/td>\n<td width=\"12,5%\">377<\/td>\n<td width=\"12,5%\">4<\/td>\n<td width=\"12,5%\">360<\/td>\n<td width=\"12,5%\">4<\/td>\n<\/tr>\n<tr>\n<td width=\"12,5%\">456<\/td>\n<td width=\"12,5%\">4<\/td>\n<\/tr>\n<\/tbody>\n<\/table>\n<table>\n<tbody>\n<tr>\n<th colspan=\"6\">Zauberrate<br \/>\n(FCR in % | fpa\/Startframe)<\/th>\n<\/tr>\n<tr>\n<td colspan=\"2\" width=\"33,3%\">Normal<\/td>\n<td colspan=\"2\" width=\"33,3%\">Werwolf<\/td>\n<td colspan=\"2\" width=\"33,3%\">Werb\u00e4r<\/td>\n<\/tr>\n<tr>\n<td width=\"16,67%\">0<\/td>\n<td width=\"16,67%\">18\/10<\/td>\n<td width=\"16,67%\">0<\/td>\n<td width=\"16,67%\">16\/8<\/td>\n<td width=\"16,67%\">0<\/td>\n<td width=\"16,67%\">16\/9<\/td>\n<\/tr>\n<tr>\n<td width=\"16,67%\">4<\/td>\n<td width=\"16,67%\">17\/10<\/td>\n<td width=\"16,67%\">6<\/td>\n<td width=\"16,67%\">15\/8<\/td>\n<td width=\"16,67%\">7<\/td>\n<td width=\"16,67%\">15\/8<\/td>\n<\/tr>\n<tr>\n<td width=\"16,67%\">10<\/td>\n<td width=\"16,67%\">16\/10<\/td>\n<td width=\"16,67%\">10<\/td>\n<td width=\"16,67%\">15\/7<\/td>\n<td width=\"16,67%\">15<\/td>\n<td width=\"16,67%\">14\/8<\/td>\n<\/tr>\n<tr>\n<td width=\"16,67%\">11<\/td>\n<td width=\"16,67%\">16\/9<\/td>\n<td width=\"16,67%\">14<\/td>\n<td width=\"16,67%\">14\/7<\/td>\n<td width=\"16,67%\">26<\/td>\n<td width=\"16,67%\">13\/7<\/td>\n<\/tr>\n<tr>\n<td width=\"16,67%\">11<\/td>\n<td width=\"16,67%\">16\/9<\/td>\n<td width=\"16,67%\">14<\/td>\n<td width=\"16,67%\">14\/7<\/td>\n<td width=\"16,67%\">26<\/td>\n<td width=\"16,67%\">13\/7<\/td>\n<\/tr>\n<tr>\n<td width=\"16,67%\">19<\/td>\n<td width=\"16,67%\">15\/9<\/td>\n<td width=\"16,67%\">26<\/td>\n<td width=\"16,67%\">13\/7<\/td>\n<td width=\"16,67%\">40<\/td>\n<td width=\"16,67%\">12\/7<\/td>\n<\/tr>\n<tr>\n<td width=\"16,67%\">30<\/td>\n<td width=\"16,67%\">14\/8<\/td>\n<td width=\"16,67%\">37<\/td>\n<td width=\"16,67%\">13\/6<\/td>\n<td width=\"16,67%\">63<\/td>\n<td width=\"16,67%\">11\/6<\/td>\n<\/tr>\n<tr>\n<td width=\"16,67%\">46<\/td>\n<td width=\"16,67%\">13\/8<\/td>\n<td width=\"16,67%\">40<\/td>\n<td width=\"16,67%\">12\/6<\/td>\n<td width=\"16,67%\">99<\/td>\n<td width=\"16,67%\">10\/6<\/td>\n<\/tr>\n<tr>\n<td width=\"16,67%\">63<\/td>\n<td width=\"16,67%\">13\/7<\/td>\n<td width=\"16,67%\">60<\/td>\n<td width=\"16,67%\">11\/6<\/td>\n<td width=\"16,67%\">163<\/td>\n<td width=\"16,67%\">9\/5<\/td>\n<\/tr>\n<tr>\n<td width=\"16,67%\">68<\/td>\n<td width=\"16,67%\">12\/7<\/td>\n<td width=\"16,67%\">95<\/td>\n<td width=\"16,67%\">10\/5<\/td>\n<\/tr>\n<tr>\n<td width=\"16,67%\">99<\/td>\n<td width=\"16,67%\">11\/7<\/td>\n<td width=\"16,67%\">157<\/td>\n<td width=\"16,67%\">9\/5<\/td>\n<\/tr>\n<tr>\n<td width=\"16,67%\">142<\/td>\n<td width=\"16,67%\">11\/6<\/td>\n<\/tr>\n<tr>\n<td width=\"16,67%\">163<\/td>\n<td width=\"16,67%\">10\/6<\/td>\n<\/tr>\n<\/tbody>\n<\/table>\n","protected":false},"excerpt":{"rendered":"<p>Skills des Druiden &#8211; Einf\u00fchrung Elementar Fertigkeiten \/ Elemental Gestaltwandel Fertigkeiten \/ Shape Shifting Herbeirufungs Fertigkeiten \/ Summoning Herkunft Die Druiden aus den W\u00e4ldern n\u00f6rdlich von Scosglen haben ihre Magie unabh\u00e4ngig von den Magier-Clans des Ostens entwickelt. Sie dienten als Krieger-K\u00f6nige ihrer St\u00e4mme und leben f\u00fcr gew\u00f6hnlich abseits ihres Volkes in massiven T\u00fcrmen aus Stein,&hellip; <a class=\"more-link\" href=\"https:\/\/planetdiablo.eu\/de\/diablo-2\/die-charaktere\/der-druide\/\"><span class=\"screen-reader-text\">Diablo 2 &#8211; Der Druide<\/span> weiterlesen<\/a><\/p>\n","protected":false},"author":847,"featured_media":581258,"parent":445459,"menu_order":13,"comment_status":"closed","ping_status":"open","template":"","meta":{"footnotes":""},"class_list":["post-445531","page","type-page","status-publish","has-post-thumbnail","hentry","entry"],"_links":{"self":[{"href":"https:\/\/planetdiablo.eu\/de\/wp-json\/wp\/v2\/pages\/445531","targetHints":{"allow":["GET"]}}],"collection":[{"href":"https:\/\/planetdiablo.eu\/de\/wp-json\/wp\/v2\/pages"}],"about":[{"href":"https:\/\/planetdiablo.eu\/de\/wp-json\/wp\/v2\/types\/page"}],"author":[{"embeddable":true,"href":"https:\/\/planetdiablo.eu\/de\/wp-json\/wp\/v2\/users\/847"}],"replies":[{"embeddable":true,"href":"https:\/\/planetdiablo.eu\/de\/wp-json\/wp\/v2\/comments?post=445531"}],"version-history":[{"count":2,"href":"https:\/\/planetdiablo.eu\/de\/wp-json\/wp\/v2\/pages\/445531\/revisions"}],"predecessor-version":[{"id":582280,"href":"https:\/\/planetdiablo.eu\/de\/wp-json\/wp\/v2\/pages\/445531\/revisions\/582280"}],"up":[{"embeddable":true,"href":"https:\/\/planetdiablo.eu\/de\/wp-json\/wp\/v2\/pages\/445459"}],"wp:featuredmedia":[{"embeddable":true,"href":"https:\/\/planetdiablo.eu\/de\/wp-json\/wp\/v2\/media\/581258"}],"wp:attachment":[{"href":"https:\/\/planetdiablo.eu\/de\/wp-json\/wp\/v2\/media?parent=445531"}],"curies":[{"name":"wp","href":"https:\/\/api.w.org\/{rel}","templated":true}]}}