{"id":445559,"date":"2011-07-22T23:04:01","date_gmt":"2011-07-22T21:04:01","guid":{"rendered":"http:\/\/diablo3.ingame.de\/?page_id=445559"},"modified":"2021-06-10T09:51:42","modified_gmt":"2021-06-10T07:51:42","slug":"der-totenbeschworer","status":"publish","type":"page","link":"https:\/\/planetdiablo.eu\/de\/diablo-2\/die-charaktere\/der-totenbeschworer\/","title":{"rendered":"Diablo 2 &#8211; Der Totenbeschw\u00f6rer"},"content":{"rendered":"<p><a href=\"\/diablo-2\/die-charaktere\/der-totenbeschworer\/necromancer\/\">Skills des Totenbeschw\u00f6rers &#8211; Einf\u00fchrung<\/a><br \/>\n<a href=\"https:\/\/planetdiablo.eu\/diablo-2\/die-charaktere\/der-totenbeschworer\/necromancer\/skilltree1\/\">Fl\u00fcche \/ Curses<\/a><br \/>\n<a href=\"https:\/\/planetdiablo.eu\/diablo-2\/die-charaktere\/der-totenbeschworer\/necromancer\/skilltree2\/\">Gift- und Knochenzauber \/ Poison and Bone Spells<\/a><br \/>\n<a href=\"https:\/\/planetdiablo.eu\/diablo-2\/die-charaktere\/der-totenbeschworer\/necromancer\/skilltree3\/\">Herbeirufungszauber \/ Summoning Spells<\/a><\/p>\n<h2>Herkunft<\/h2>\n<p>Aus den nebligen Winkeln der s\u00fcdlichen S\u00fcmpfe, kommt eine in Geheimnisse geh\u00fcllte Person. Der Necromancer ist, wie sein Name schon vermuten l\u00e4sst, eine Art ungew\u00f6hnlicher Zauberer, dessen Zauberspr\u00fcche der Auferstehung von Toten, sowie der Beschw\u00f6rung und Kontrolle verschiendener Kreaturen dienen, auch liebt er es vergiftete Waffen zu benutzen und benutzt schon mal Leichen als Sprengstoff . Trotzdem sind seine Ziele oft mit denen der M\u00e4chte des Lichts vereinbar, einige denken jedoch, dass seine guten Taten seine schmutzigen Mittel nicht rechtfertigen. Lange Stunden des Studiums in nasskalten Mausoleen haben seine Haut blass und leichenhaft werden lassen, seine Erscheinung wurde skelettartig. Die meisten Leute meiden ihn wegen seinem seltsamen \u00c4usseren und Benehmens, aber niemand bezweifelt die Macht des Necromancers, denn sie ist der Stoff aus dem die Alptr\u00e4ume sind.<\/p>\n<h2>Startausr\u00fcstung und m\u00f6gliche Startschwierigkeiten<\/h2>\n<p>Der Necromancer beginnt ohne Geld, ohne R\u00fcstung und nur mit einem Stab, der +1 zur Skeletterweckung hat, bewaffnet. Da dieser Skill und alle anderen beim Start auf Lvl 0 sind ist dieser Stab also sehr wichtig f\u00fcr den Necromancer. Wie alle magieorientierten Chars hat euch der Necromancer das Problem, am Anfang einfach nicht die n\u00f6tigen Skills zu besitzen. Er hat sehr wenig Kraft, und leider auch nicht viel Mana, so ist es manchmal nicht verwunderlich wenn er im Kreis um die Monster l\u00e4uft bis sein Manavorrat wieder gro\u00df genug f\u00fcr ein paar Skelette oder Fl\u00fcche ist. Dies ist leider das gr\u00f6\u00dfte Problem in der Startphase ohne brauchbare Items wo er unf\u00e4hig ist, gegen Monster im Nahkampf oder auf Hautkontakt zu bestehen w\u00e4hrend er auf Mananachschub wartet.<\/p>\n<p>Es schaut in Wirklichkeit auch so aus, als warte er immer nur darauf, dass er genug Mana hat, um wieder einen Golem, ein Skelett oder eine Kadaverexplosion auszul\u00f6sen. Er hat zwar nicht den konstanten Manaverbrauch der Zauberin aber auch bei ihm ist der Aufwand nicht gerade gering. Der Necromancer w\u00e4re anfangs auch sicherlich in den Skill W\u00e4rme verliebt, ein Skill, der den Manavorrat sehr viel schneller regeneriert als normal.<\/p>\n<h2>Starteigenschaften und Charakterpunkte<\/h2>\n<table>\n<tbody>\n<tr>\n<th colspan=\"7\">Starteigenschaften<\/th>\n<\/tr>\n<tr>\n<th>St\u00e4rke<\/th>\n<th>Geschicklichkeit<\/th>\n<th>Vitalit\u00e4t<\/th>\n<th>Energie<\/th>\n<th>Life<\/th>\n<th>Mana<\/th>\n<th>Ausdauer<\/th>\n<\/tr>\n<tr>\n<td>15<\/td>\n<td>25<\/td>\n<td>15<\/td>\n<td>25<\/td>\n<td>45<\/td>\n<td>25<\/td>\n<td>79<\/td>\n<\/tr>\n<\/tbody>\n<\/table>\n<p>Der Necro bekommt pro Level +1,5 zu Leben, +2 zu Mana und +1 zu Ausdauer. Au\u00dferdem bekommt er f\u00fcr jeden Punkt in Vitalit\u00e4t +2 zu Leben und +1 zu Ausdauer sowie f\u00fcr jeden Punkt in Energie +2 zu Mana.<\/p>\n<h2>Weitere Daten:<\/h2>\n<table>\n<tbody>\n<tr>\n<th colspan=\"2\">Schildblock<br \/>\n(FBR in % | fpa)<\/th>\n<\/tr>\n<tr>\n<td width=\"50%\">0<\/td>\n<td width=\"50%\">11<\/td>\n<\/tr>\n<tr>\n<td>6<\/td>\n<td>10<\/td>\n<\/tr>\n<tr>\n<td>13<\/td>\n<td>9<\/td>\n<\/tr>\n<tr>\n<td>20<\/td>\n<td>8<\/td>\n<\/tr>\n<tr>\n<td>32<\/td>\n<td>7<\/td>\n<\/tr>\n<tr>\n<td>52<\/td>\n<td>6<\/td>\n<\/tr>\n<tr>\n<td>86<\/td>\n<td>5<\/td>\n<\/tr>\n<tr>\n<td>174<\/td>\n<td>4<\/td>\n<\/tr>\n<tr>\n<td>600<\/td>\n<td>3<\/td>\n<\/tr>\n<\/tbody>\n<\/table>\n<table>\n<tbody>\n<tr>\n<th colspan=\"4\">Treffererholung<br \/>\n(FHR in % | fpa)<\/th>\n<\/tr>\n<tr>\n<td colspan=\"2\" width=\"50%\">Vampir (Trang-Oul)<\/td>\n<td colspan=\"2\" width=\"50%\">Normal<\/td>\n<\/tr>\n<tr>\n<td width=\"25%\">0<\/td>\n<td width=\"25%\">15<\/td>\n<td width=\"25%\">0<\/td>\n<td width=\"25%\">13<\/td>\n<\/tr>\n<tr>\n<td>2<\/td>\n<td>14<\/td>\n<td>5<\/td>\n<td>12<\/td>\n<\/tr>\n<tr>\n<td>6<\/td>\n<td>13<\/td>\n<td>10<\/td>\n<td>11<\/td>\n<\/tr>\n<tr>\n<td>10<\/td>\n<td>12<\/td>\n<td>16<\/td>\n<td>10<\/td>\n<\/tr>\n<tr>\n<td>16<\/td>\n<td>11<\/td>\n<td>26<\/td>\n<td>9<\/td>\n<\/tr>\n<tr>\n<td>24<\/td>\n<td>10<\/td>\n<td>39<\/td>\n<td>8<\/td>\n<\/tr>\n<tr>\n<td>34<\/td>\n<td>9<\/td>\n<td>56<\/td>\n<td>7<\/td>\n<\/tr>\n<tr>\n<td>48<\/td>\n<td>8<\/td>\n<td>86<\/td>\n<td>6<\/td>\n<\/tr>\n<tr>\n<td>72<\/td>\n<td>7<\/td>\n<td>152<\/td>\n<td>5<\/td>\n<\/tr>\n<tr>\n<td>117<\/td>\n<td>6<\/td>\n<td>377<\/td>\n<td>4<\/td>\n<\/tr>\n<tr>\n<td>208<\/td>\n<td>5<\/td>\n<\/tr>\n<\/tbody>\n<\/table>\n<table>\n<tbody>\n<tr>\n<th colspan=\"4\">Zauberrate<br \/>\n(FCR in % | fpa\/Startframe)<\/th>\n<\/tr>\n<tr>\n<td colspan=\"2\" width=\"50%\">Vampir (Trang-Oul)<\/td>\n<td colspan=\"2\" width=\"50%\">Normal<\/td>\n<\/tr>\n<tr>\n<td width=\"25%\">0<\/td>\n<td width=\"25%\">23\/5<\/td>\n<td width=\"25%\">0<\/td>\n<td width=\"25%\">15\/8<\/td>\n<\/tr>\n<tr>\n<td>6<\/td>\n<td>22\/5<\/td>\n<td>9<\/td>\n<td>14\/8<\/td>\n<\/tr>\n<tr>\n<td>11<\/td>\n<td>21\/5<\/td>\n<td>18<\/td>\n<td>13\/7<\/td>\n<\/tr>\n<tr>\n<td>18<\/td>\n<td>20\/5<\/td>\n<td>30<\/td>\n<td>12\/7<\/td>\n<\/tr>\n<tr>\n<td>24<\/td>\n<td>19\/4<\/td>\n<td>48<\/td>\n<td>11\/6<\/td>\n<\/tr>\n<tr>\n<td>35<\/td>\n<td>18\/4<\/td>\n<td>75<\/td>\n<td>10\/6<\/td>\n<\/tr>\n<tr>\n<td>48<\/td>\n<td>17\/4<\/td>\n<td>125<\/td>\n<td>9\/5<\/td>\n<\/tr>\n<tr>\n<td>62<\/td>\n<td>16\/4<\/td>\n<\/tr>\n<tr>\n<td>86<\/td>\n<td>15\/4<\/td>\n<\/tr>\n<tr>\n<td>120<\/td>\n<td>14\/3<\/td>\n<\/tr>\n<tr>\n<td>180<\/td>\n<td>13\/3<\/td>\n<\/tr>\n<\/tbody>\n<\/table>\n","protected":false},"excerpt":{"rendered":"<p>Skills des Totenbeschw\u00f6rers &#8211; Einf\u00fchrung Fl\u00fcche \/ Curses Gift- und Knochenzauber \/ Poison and Bone Spells Herbeirufungszauber \/ Summoning Spells Herkunft Aus den nebligen Winkeln der s\u00fcdlichen S\u00fcmpfe, kommt eine in Geheimnisse geh\u00fcllte Person. Der Necromancer ist, wie sein Name schon vermuten l\u00e4sst, eine Art ungew\u00f6hnlicher Zauberer, dessen Zauberspr\u00fcche der Auferstehung von Toten, sowie der&hellip; <a class=\"more-link\" href=\"https:\/\/planetdiablo.eu\/de\/diablo-2\/die-charaktere\/der-totenbeschworer\/\"><span class=\"screen-reader-text\">Diablo 2 &#8211; Der Totenbeschw\u00f6rer<\/span> weiterlesen<\/a><\/p>\n","protected":false},"author":847,"featured_media":581260,"parent":445459,"menu_order":13,"comment_status":"closed","ping_status":"open","template":"","meta":{"footnotes":""},"class_list":["post-445559","page","type-page","status-publish","has-post-thumbnail","hentry","entry"],"_links":{"self":[{"href":"https:\/\/planetdiablo.eu\/de\/wp-json\/wp\/v2\/pages\/445559","targetHints":{"allow":["GET"]}}],"collection":[{"href":"https:\/\/planetdiablo.eu\/de\/wp-json\/wp\/v2\/pages"}],"about":[{"href":"https:\/\/planetdiablo.eu\/de\/wp-json\/wp\/v2\/types\/page"}],"author":[{"embeddable":true,"href":"https:\/\/planetdiablo.eu\/de\/wp-json\/wp\/v2\/users\/847"}],"replies":[{"embeddable":true,"href":"https:\/\/planetdiablo.eu\/de\/wp-json\/wp\/v2\/comments?post=445559"}],"version-history":[{"count":2,"href":"https:\/\/planetdiablo.eu\/de\/wp-json\/wp\/v2\/pages\/445559\/revisions"}],"predecessor-version":[{"id":582284,"href":"https:\/\/planetdiablo.eu\/de\/wp-json\/wp\/v2\/pages\/445559\/revisions\/582284"}],"up":[{"embeddable":true,"href":"https:\/\/planetdiablo.eu\/de\/wp-json\/wp\/v2\/pages\/445459"}],"wp:featuredmedia":[{"embeddable":true,"href":"https:\/\/planetdiablo.eu\/de\/wp-json\/wp\/v2\/media\/581260"}],"wp:attachment":[{"href":"https:\/\/planetdiablo.eu\/de\/wp-json\/wp\/v2\/media?parent=445559"}],"curies":[{"name":"wp","href":"https:\/\/api.w.org\/{rel}","templated":true}]}}