{"id":445569,"date":"2011-07-22T23:11:14","date_gmt":"2011-07-22T21:11:14","guid":{"rendered":"http:\/\/diablo3.ingame.de\/?page_id=445569"},"modified":"2021-05-17T11:41:54","modified_gmt":"2021-05-17T09:41:54","slug":"die-zauberin","status":"publish","type":"page","link":"https:\/\/planetdiablo.eu\/de\/diablo-2\/die-charaktere\/die-zauberin\/","title":{"rendered":"Diablo 2 &#8211; Die Zauberin"},"content":{"rendered":"<p><a href=\"\/diablo-2\/die-charaktere\/die-zauberin\/zauberin\/\">Die Skills der Zauberin &#8211; Einf\u00fchrung<\/a><br \/>\n<a href=\"https:\/\/planetdiablo.eu\/diablo-2\/die-charaktere\/die-zauberin\/zauberin\/skilltree1\/\">K\u00e4ltezauber \/ Cold Spells<\/a><br \/>\n<a href=\"https:\/\/planetdiablo.eu\/diablo-2\/die-charaktere\/die-zauberin\/zauberin\/skilltree2\/\">Blitzzauber \/ Lightning Spells<\/a><br \/>\n<a href=\"https:\/\/planetdiablo.eu\/diablo-2\/die-charaktere\/die-zauberin\/zauberin\/skilltree3\/\">Feuerzauber \/ Fire Spells<\/a><\/p>\n<h2>Herkunft<\/h2>\n<p>Als ein Mitglied einer Gruppe von Frauen die gegen die Vorherrschaft der M\u00e4nner der \u00f6stlichen Clans in Sachen Magie rebellierte, hat sie als eine von wenigen die Geheimnisse der Magie in Perfektion kennen und auch aus\u00fcben gelernt. Obwohl sie keine Begabung im Nahkampf hat, kann sie sich doch auf ihre Defensiv- und Offensivspr\u00fcche verlassen um ihre Gegner zu vernichten. Einsam und einsiedlerisch, h\u00e4lt sie sich an Motive und ethische Prinzipien, die f\u00fcr viele unverst\u00e4ndlich sind, und bei manchen erscheinen sie sogar grausam und geh\u00e4ssig. Aber in wirklichkeit ist sie eine der wenigen, die die Verbindung zwischen Ordnung und Chaos fast zu gut kennen, genauso wie sie ihre Rolle sieht in diesem ewigen Kampf von Gut gegen B\u00f6se.<\/p>\n<h2>Beschreibung<\/h2>\n<p>Von Statur her eher klein l\u00e4sst sie doch keine Zweifel aufkommen das sie die F\u00e4higkeiten und die M\u00f6glichkeiten besitzt ein sehr gef\u00e4hrlicher offensiver Charakter zu werden. Ihre Spezialit\u00e4ten liegen in drei magischen Gebieten K\u00e4lte, Feuer und Blitz, jeder mit seinen eigenen Beherrschungen und Skills.<\/p>\n<p>Ihre Skillb\u00e4ume sind alle streng auf Magie ausgerichtet so dass sie immer aufpassen muss wogegen ihr Gegner resistent\/immun sind.<\/p>\n<p>Aus den Skills der Zauberin sind am wahrscheinlichsten Telekinese und Teleport bekannt. Auch ist das sehr beliebte Mana Schild wieder unter der Bezeichung &#8222;Energieschild&#8220; mit von der Partie, das jetzt aber nicht mehr vollst\u00e4ndig blockt.<\/p>\n<p>Nat\u00fcrlich muss da auch ein schwacher Punkt sein und der liegt bei der Zauberin eindeutig im Nahkampf, da sie keine Skills hat, die Schaden und Angriffswert ausreichend erh\u00f6hen. Magieskills wie &#8218;Frostr\u00fcstung&#8216; bieten jedoch einen gewissen R\u00fcstungsbonus, der f\u00fcr bestimmte Strategien ausreichend Schutz bieten kann. Auch d\u00fcrfte es wieder recht interessant mit dem &#8218;Teleport&#8216; Skill werden, den wir ja auch schon aus Diablo kennen, und der ab Clvl 18 verf\u00fcgbar ist. Wie gew\u00f6hnlich ist er vor allem dann n\u00fctzlich wenn es gilt Nahk\u00e4mpfe unter allen Umst\u00e4nden zu vermeiden.<\/p>\n<h2>Startausr\u00fcstung und m\u00f6gliche Startschwierigkeiten<\/h2>\n<p>Die Zauberin beginnt mir vier Heiltr\u00e4nken, und einem Stab, der +1 zu Firebolt hat, was ihr erm\u00f6glicht, einen Slvl 1 Firebolt abzufeuern, bis sie eben ihren ersten Skillpunkt plaziert.<\/p>\n<p align=\"justify\">Die Zauberin ist nicht v\u00f6llig wehrlos im Nahkampf. Der Stab mit dem sie beginnt, hat einen kleinen Schaden von 1-5 und sie beginnt nur mit 10 St\u00e4rkepunkten und recht wenig Geschicklichkeit und Lebenspunkten. Sie kann also schon in den Nahkampf gehen, aber es ist gleich zu Beginn nicht die beste Taktik mit ihrer niedrigen Damage, schlechten Angriffsrate und ohne R\u00fcstung und gen\u00fcgend Hitpoints.<\/p>\n<h2>Starteigenschaften und Charakterpunkte<\/h2>\n<table>\n<tbody>\n<tr>\n<th colspan=\"7\">Starteigenschaften<\/th>\n<\/tr>\n<tr>\n<th>St\u00e4rke<\/th>\n<th>Geschicklichkeit<\/th>\n<th>Vitalit\u00e4t<\/th>\n<th>Energie<\/th>\n<th>Life<\/th>\n<th>Mana<\/th>\n<th>Ausdauer<\/th>\n<\/tr>\n<tr>\n<td>10<\/td>\n<td>25<\/td>\n<td>10<\/td>\n<td>35<\/td>\n<td>40<\/td>\n<td>35<\/td>\n<td>74<\/td>\n<\/tr>\n<\/tbody>\n<\/table>\n<p>Die Zauberin bekommt pro Level +1 zu Leben, +2 zu Mana und +1 zu Ausdauer. Au\u00dferdem bekommt sie f\u00fcr jeden Punkt in Vitalit\u00e4t +2 zu Leben und +1 zu Ausdauer sowie f\u00fcr jeden Punkt in Energie +2 zu Mana.<\/p>\n<h2>Weitere Daten:<\/h2>\n<table>\n<tbody>\n<tr>\n<th colspan=\"2\">Schildblock<br \/>\n(FBR in % | fpa)<\/th>\n<\/tr>\n<tr>\n<td width=\"50%\">0<\/td>\n<td width=\"50%\">9<\/td>\n<\/tr>\n<tr>\n<td>7<\/td>\n<td>8<\/td>\n<\/tr>\n<tr>\n<td>15<\/td>\n<td>7<\/td>\n<\/tr>\n<tr>\n<td>27<\/td>\n<td>6<\/td>\n<\/tr>\n<tr>\n<td>48<\/td>\n<td>5<\/td>\n<\/tr>\n<tr>\n<td>86<\/td>\n<td>4<\/td>\n<\/tr>\n<tr>\n<td>200<\/td>\n<td>3<\/td>\n<\/tr>\n<\/tbody>\n<\/table>\n<table>\n<tbody>\n<tr>\n<th colspan=\"2\">Treffererholung<br \/>\n(FHR in % | fpa)<\/th>\n<\/tr>\n<tr>\n<td width=\"50%\">0<\/td>\n<td width=\"50%\">15<\/td>\n<\/tr>\n<tr>\n<td>5<\/td>\n<td>14<\/td>\n<\/tr>\n<tr>\n<td>9<\/td>\n<td>13<\/td>\n<\/tr>\n<tr>\n<td>14<\/td>\n<td>12<\/td>\n<\/tr>\n<tr>\n<td>20<\/td>\n<td>11<\/td>\n<\/tr>\n<tr>\n<td>30<\/td>\n<td>10<\/td>\n<\/tr>\n<tr>\n<td>42<\/td>\n<td>9<\/td>\n<\/tr>\n<tr>\n<td>60<\/td>\n<td>8<\/td>\n<\/tr>\n<tr>\n<td>86<\/td>\n<td>7<\/td>\n<\/tr>\n<tr>\n<td>142<\/td>\n<td>6<\/td>\n<\/tr>\n<tr>\n<td>280<\/td>\n<td>5<\/td>\n<\/tr>\n<\/tbody>\n<\/table>\n<table>\n<tbody>\n<tr>\n<th colspan=\"4\">Zauberrate<br \/>\n(FCR in % | fpa\/Startframe)<\/th>\n<\/tr>\n<tr>\n<td colspan=\"2\" width=\"50%\">Blitzschlag, Inferno, Kettenblitz<\/td>\n<td colspan=\"2\" width=\"50%\">Sonstige<\/td>\n<\/tr>\n<tr>\n<td width=\"25%\">0<\/td>\n<td width=\"25%\">19\/7<\/td>\n<td width=\"25%\">0<\/td>\n<td width=\"25%\">13\/7<\/td>\n<\/tr>\n<tr>\n<td>7<\/td>\n<td>18\/7<\/td>\n<td>9<\/td>\n<td>12\/7<\/td>\n<\/tr>\n<tr>\n<td>15<\/td>\n<td>17\/7<\/td>\n<td>20<\/td>\n<td>11\/6<\/td>\n<\/tr>\n<tr>\n<td>20<\/td>\n<td>17\/6<\/td>\n<td>37<\/td>\n<td>10\/6<\/td>\n<\/tr>\n<tr>\n<td>23<\/td>\n<td>16\/6<\/td>\n<td>63<\/td>\n<td>9\/5<\/td>\n<\/tr>\n<tr>\n<td>35<\/td>\n<td>15\/6<\/td>\n<td>105<\/td>\n<td>8\/5<\/td>\n<\/tr>\n<tr>\n<td>52<\/td>\n<td>14\/6<\/td>\n<td>200<\/td>\n<td>7\/4<\/td>\n<\/tr>\n<tr>\n<td>63<\/td>\n<td>14\/5<\/td>\n<\/tr>\n<tr>\n<td>78<\/td>\n<td>13\/5<\/td>\n<\/tr>\n<tr>\n<td>117<\/td>\n<td>12\/5<\/td>\n<\/tr>\n<tr>\n<td>194<\/td>\n<td>11\/5<\/td>\n<\/tr>\n<tr>\n<td>200<\/td>\n<td>11\/4<\/td>\n<\/tr>\n<\/tbody>\n<\/table>\n","protected":false},"excerpt":{"rendered":"<p>Die Skills der Zauberin &#8211; Einf\u00fchrung K\u00e4ltezauber \/ Cold Spells Blitzzauber \/ Lightning Spells Feuerzauber \/ Fire Spells Herkunft Als ein Mitglied einer Gruppe von Frauen die gegen die Vorherrschaft der M\u00e4nner der \u00f6stlichen Clans in Sachen Magie rebellierte, hat sie als eine von wenigen die Geheimnisse der Magie in Perfektion kennen und auch aus\u00fcben&hellip; <a class=\"more-link\" href=\"https:\/\/planetdiablo.eu\/de\/diablo-2\/die-charaktere\/die-zauberin\/\"><span class=\"screen-reader-text\">Diablo 2 &#8211; Die Zauberin<\/span> weiterlesen<\/a><\/p>\n","protected":false},"author":847,"featured_media":581256,"parent":445459,"menu_order":13,"comment_status":"closed","ping_status":"open","template":"","meta":{"footnotes":""},"class_list":["post-445569","page","type-page","status-publish","has-post-thumbnail","hentry","entry"],"_links":{"self":[{"href":"https:\/\/planetdiablo.eu\/de\/wp-json\/wp\/v2\/pages\/445569","targetHints":{"allow":["GET"]}}],"collection":[{"href":"https:\/\/planetdiablo.eu\/de\/wp-json\/wp\/v2\/pages"}],"about":[{"href":"https:\/\/planetdiablo.eu\/de\/wp-json\/wp\/v2\/types\/page"}],"author":[{"embeddable":true,"href":"https:\/\/planetdiablo.eu\/de\/wp-json\/wp\/v2\/users\/847"}],"replies":[{"embeddable":true,"href":"https:\/\/planetdiablo.eu\/de\/wp-json\/wp\/v2\/comments?post=445569"}],"version-history":[{"count":2,"href":"https:\/\/planetdiablo.eu\/de\/wp-json\/wp\/v2\/pages\/445569\/revisions"}],"predecessor-version":[{"id":582286,"href":"https:\/\/planetdiablo.eu\/de\/wp-json\/wp\/v2\/pages\/445569\/revisions\/582286"}],"up":[{"embeddable":true,"href":"https:\/\/planetdiablo.eu\/de\/wp-json\/wp\/v2\/pages\/445459"}],"wp:featuredmedia":[{"embeddable":true,"href":"https:\/\/planetdiablo.eu\/de\/wp-json\/wp\/v2\/media\/581256"}],"wp:attachment":[{"href":"https:\/\/planetdiablo.eu\/de\/wp-json\/wp\/v2\/media?parent=445569"}],"curies":[{"name":"wp","href":"https:\/\/api.w.org\/{rel}","templated":true}]}}