{"id":445609,"date":"2011-07-23T00:51:11","date_gmt":"2011-07-22T22:51:11","guid":{"rendered":"http:\/\/diablo3.ingame.de\/?page_id=445609"},"modified":"2021-05-18T09:50:48","modified_gmt":"2021-05-18T07:50:48","slug":"die-natur-der-seelensteine","status":"publish","type":"page","link":"https:\/\/planetdiablo.eu\/de\/diablo-2\/die-story\/die-natur-der-seelensteine\/","title":{"rendered":"Die Natur der Seelensteine"},"content":{"rendered":"<h2>Diablo 2 &#8211; Die Seelensteine<\/h2>\n<p>Die Seelensteine wirken nur auf nicht-k\u00f6rperliche Erscheinungen, also nicht auf lebendige Kreaturen. Wenn ihre Kraft freigesetzt wird, schaffen die Seelensteine ein gewaltiges spirituelles Vakuum. Alle nicht-physischen Wesen im n\u00e4chsten Umfeld werden in den Seelenstein eingeschlossen und k\u00f6nnen sich von dort nicht selbst befreien. Nur wenn man einem Seelenstein seine zauberhaften Kr\u00e4fte nimmt oder ihn zerst\u00f6rt, setzt dies die Geister frei, die in ihm eingekerkert waren.<\/p>\n<p>Im Kampf mit den Drei Br\u00fcdern, den gr\u00f6ssten M\u00e4chten des B\u00f6sen, erwiesen sich die Seelensteine als etwas schwierig in ihrer Anwendung. Die Drei Br\u00fcder versuchten, sich der Wirkung der Seelensteine zu entziehen, indem sie die Seelen von gew\u00f6hnlichen Sterblichen befielen. Es ist eine traurige Tatsache, dass wir so die unschuldigen Opfer der Drei Br\u00fcder zwangsweise t\u00f6ten mussten, um diese d\u00e4monischen M\u00e4chte freizusetzen und in den Seelensteinen einzuschliessen.<\/p>\n<p>Mephisto und Diablo konnten, sobald wir sie gefunden hatten, verh\u00e4ltnissm\u00e4ssig leicht in die Seelensteine gezaubert werden. Bei ihrem Bruder Baal dagegen hatten wir die Schwierigkeit, dass der f\u00fcr ihn bestimmte Seelenstein schon zu br\u00f6ckeln begonnen hatte. Dadurch konnte der D\u00e4mon zwar immer noch magisch angezogen, jedoch anf\u00e4nglich nicht eingeschlossen werden. Tal Rasha, Miteingeweihter von unsterblichem Ruhm unter den Horadrim, stellte die Theorie auf, dass ein Sterblicher mit einem starken Willen es schaffen k\u00f6nnte, Baal in seiner eigenen sterblichen Seele festzuhalten. Tal Rasha opferte sich daf\u00fcr, sich dies anzutun, obwohl er wusste, dass er damit auf ewige Zeiten einen inneren Konflikt mit dem D\u00e4monen auszutragen h\u00e4tte.<\/p>\n<p><img loading=\"lazy\" decoding=\"async\" src=\"\/wp-content\/uploads\/2011\/07\/story_talrasha.jpg\" alt=\"Diablo 2 Story\" class=\"alignleft size-full wp-image-445613\" width=\"216\" height=\"210\">Tal Rasha durchstiess seine Brust mit dem zackigen Felsbrocken des Seelensteins und nahm damit Baal, den Herrn der Zerst\u00f6rung, in sich selbst auf. Der K\u00f6rper des Eingeweithen wurde fest angekettet und tief unter der Erde vergraben. So ist Baal, seit vielen Jahren in sicherem Gewahrsam gewesen, doch k\u00f6nnte sich dies eines Tages gegen uns richten. Sollte Tal Rasha jemals die Flucht gelingen, w\u00fcrde er \u00fcber die gewaltigen M\u00e4chte von Baal, verst\u00e4rkt durch sein eigenen, verf\u00fcgen. Auch wenn wir damit zun\u00e4chst eine grosse Macht des B\u00f6sen aus unserer Welt verbannt haben, so bef\u00fcrchten wir doch, dass dadurch m\u00f6glicherweise eine noch gewaltigere Katastrophe an einem fernen Tag auf uns zukommen k\u00f6nnte&#8230;<\/p>\n","protected":false},"excerpt":{"rendered":"<p>Diablo 2 &#8211; Die Seelensteine Die Seelensteine wirken nur auf nicht-k\u00f6rperliche Erscheinungen, also nicht auf lebendige Kreaturen. Wenn ihre Kraft freigesetzt wird, schaffen die Seelensteine ein gewaltiges spirituelles Vakuum. Alle nicht-physischen Wesen im n\u00e4chsten Umfeld werden in den Seelenstein eingeschlossen und k\u00f6nnen sich von dort nicht selbst befreien. Nur wenn man einem Seelenstein seine zauberhaften&hellip; <a class=\"more-link\" href=\"https:\/\/planetdiablo.eu\/de\/diablo-2\/die-story\/die-natur-der-seelensteine\/\"><span class=\"screen-reader-text\">Die Natur der Seelensteine<\/span> weiterlesen<\/a><\/p>\n","protected":false},"author":749,"featured_media":0,"parent":445521,"menu_order":0,"comment_status":"closed","ping_status":"open","template":"","meta":{"footnotes":""},"class_list":["post-445609","page","type-page","status-publish","hentry","entry"],"_links":{"self":[{"href":"https:\/\/planetdiablo.eu\/de\/wp-json\/wp\/v2\/pages\/445609","targetHints":{"allow":["GET"]}}],"collection":[{"href":"https:\/\/planetdiablo.eu\/de\/wp-json\/wp\/v2\/pages"}],"about":[{"href":"https:\/\/planetdiablo.eu\/de\/wp-json\/wp\/v2\/types\/page"}],"author":[{"embeddable":true,"href":"https:\/\/planetdiablo.eu\/de\/wp-json\/wp\/v2\/users\/749"}],"replies":[{"embeddable":true,"href":"https:\/\/planetdiablo.eu\/de\/wp-json\/wp\/v2\/comments?post=445609"}],"version-history":[{"count":1,"href":"https:\/\/planetdiablo.eu\/de\/wp-json\/wp\/v2\/pages\/445609\/revisions"}],"predecessor-version":[{"id":582652,"href":"https:\/\/planetdiablo.eu\/de\/wp-json\/wp\/v2\/pages\/445609\/revisions\/582652"}],"up":[{"embeddable":true,"href":"https:\/\/planetdiablo.eu\/de\/wp-json\/wp\/v2\/pages\/445521"}],"wp:attachment":[{"href":"https:\/\/planetdiablo.eu\/de\/wp-json\/wp\/v2\/media?parent=445609"}],"curies":[{"name":"wp","href":"https:\/\/api.w.org\/{rel}","templated":true}]}}