{"id":445627,"date":"2011-07-23T01:58:07","date_gmt":"2011-07-22T23:58:07","guid":{"rendered":"http:\/\/diablo3.ingame.de\/?page_id=445627"},"modified":"2021-05-17T18:52:46","modified_gmt":"2021-05-17T16:52:46","slug":"die-akte","status":"publish","type":"page","link":"https:\/\/planetdiablo.eu\/de\/diablo-2\/die-akte\/","title":{"rendered":"Diablo 2 &#8211; Die Akte"},"content":{"rendered":"<h2>\u00dcberblick<\/h2>\n<p>Die Welt in der sich Diablo abspielt hat sich mit dem 2. Teil erheblich erweitert und vergr\u00f6\u00dfert. Jeder einzelne der 5 vorhandenen Akte von Diablo 2 ist nun etwa so gro\u00df wie einst das gesamte <a href=\"https:\/\/planetdiablo.eu\/de\/diablo-2\/diablo-1\/\">Diablo 1<\/a>, wobei jedoch Schwankungen auftreten. Diese warten mit jeweils eigenen Landschaftsgrafiken, Witterungen und zahlreichen Umgebungseffekten auf.<\/p>\n<h2>Akt 1<\/h2>\n<p><img loading=\"lazy\" decoding=\"async\" class=\"alignright wp-image-445629 size-full\" src=\"\/wp-content\/uploads\/2011\/07\/akt_1.jpg\" alt=\"Diablo 2 Akt 1\" width=\"200\" height=\"123\"><br \/>\nSo erscheint der erste Akt in einer Szenerie, die sehr an Diablo1 erinnert, um einen \u00dcbergang zwischen diesen beiden Teilen zu schaffen. Dieser zeichnet sich durch viele dunkle, mit Monstern gef\u00fcllte H\u00f6hlen und Wiesen aus. Da es fast st\u00e4ndig regnet, wird eine ganz eigene Atmosph\u00e4re geschaffen. Dazu tr\u00e4gt auch nicht zuletzt das vom b\u00f6sen bewohnte Kloster bei, dem man zum Abschluss des Aktes einen Besuch abstattet.<\/p>\n<p><a href=\"\/de\/diablo-2\/die-akte\/akt-1\/\">Infos zu Akt 1<\/a><\/p>\n<h2>Akt 2<\/h2>\n<p><img loading=\"lazy\" decoding=\"async\" class=\"alignright wp-image-445631 size-full\" src=\"\/wp-content\/uploads\/2011\/07\/akt_2.jpg\" alt=\"Diablo 2 Akt 2\" width=\"200\" height=\"123\"><br \/>\nDer zweite Akt spielt in und um die W\u00fcstenperle Lut Gholein. Das Abenteuer f\u00fchrt den Spieler durch die Sand- und Felsw\u00fcste, zahllose Grabbauten und auch in die Kanalisation der Stadt. Die Vegetation ist daher eher eint\u00f6nig und wird nur durch diverse Felsformationen aufgelockert.<\/p>\n<p><a href=\"\/de\/diablo-2\/die-akte\/akt-2\/\">Infos zu Akt 2<\/a><\/p>\n<h2>Akt 3<\/h2>\n<p><img loading=\"lazy\" decoding=\"async\" class=\"alignright wp-image-445633 size-full\" src=\"\/wp-content\/uploads\/2011\/07\/akt_3.jpg\" alt=\"Diablo 2 Akt 3\" width=\"200\" height=\"123\"><br \/>\nDer dritte Akt bietet im krassen Gegensatz zum zweiten Akt sehr viel Wald und allgemeine Pflanzenvielfalt. Ein Dschungel mit Lianen und allem Drum und Dran erwartet den Spieler. Hier kann sprichw\u00f6rtlich hinter jedem Baum ein Monster lauern und es ist schwer aufgrund der schieren Gr\u00f6\u00dfe die \u00dcbersicht zu behalten.<\/p>\n<p><a href=\"\/de\/diablo-2\/die-akte\/akt-3\/\">Infos zu Akt 3<\/a><\/p>\n<h2>Akt 4<\/h2>\n<p>Ein Highlight des Spiels ist der vierte Akt, an dessen Ende der Kampf mit Diablo, dem Herrn des Schreckens pers\u00f6nlich, steht. Der Weg dorthin ist gepflastert mit Lava, gemarterten Seelen und nicht zuletzt mit Monsterleichen (das aber erst nach dem Besuch des Helden \ud83d\ude09 ).<\/p>\n<p><a href=\"\/de\/diablo-2\/die-akte\/akt-4\/\">Infos zu Akt 4<\/a><\/p>\n<h2>Akt 5<\/h2>\n<p>Den absoluten H\u00f6hepunkt jedoch stellt der f\u00fcnfte Akt dar, der in und um den Berg Arreat spielt. Ausgehend von der Stadt Harrogath erkundet der Spieler sowohl die zerkl\u00fcftete Gebirgslandschaft als auch die zahlreichen H\u00f6hlen im Bergmassiv. Die vom B\u00f6sen bereits verheerten Locations vermitteln eine gewisse Trostlosigkeit und unterstreichen damit den Ernst der Belagerung Baals.<\/p>\n<p><a href=\"\/de\/diablo-2\/die-akte\/akt-5\/\">Infos zu Akt 5<\/a><\/p>\n<p>Texte von WerthersEchte und Stumpen[GdL]<\/p>\n","protected":false},"excerpt":{"rendered":"<p>\u00dcberblick Die Welt in der sich Diablo abspielt hat sich mit dem 2. Teil erheblich erweitert und vergr\u00f6\u00dfert. Jeder einzelne der 5 vorhandenen Akte von Diablo 2 ist nun etwa so gro\u00df wie einst das gesamte Diablo 1, wobei jedoch Schwankungen auftreten. Diese warten mit jeweils eigenen Landschaftsgrafiken, Witterungen und zahlreichen Umgebungseffekten auf. Akt 1&hellip; <a class=\"more-link\" href=\"https:\/\/planetdiablo.eu\/de\/diablo-2\/die-akte\/\"><span class=\"screen-reader-text\">Diablo 2 &#8211; Die Akte<\/span> weiterlesen<\/a><\/p>\n","protected":false},"author":749,"featured_media":0,"parent":71,"menu_order":35,"comment_status":"closed","ping_status":"open","template":"","meta":{"footnotes":""},"class_list":["post-445627","page","type-page","status-publish","hentry","entry"],"_links":{"self":[{"href":"https:\/\/planetdiablo.eu\/de\/wp-json\/wp\/v2\/pages\/445627","targetHints":{"allow":["GET"]}}],"collection":[{"href":"https:\/\/planetdiablo.eu\/de\/wp-json\/wp\/v2\/pages"}],"about":[{"href":"https:\/\/planetdiablo.eu\/de\/wp-json\/wp\/v2\/types\/page"}],"author":[{"embeddable":true,"href":"https:\/\/planetdiablo.eu\/de\/wp-json\/wp\/v2\/users\/749"}],"replies":[{"embeddable":true,"href":"https:\/\/planetdiablo.eu\/de\/wp-json\/wp\/v2\/comments?post=445627"}],"version-history":[{"count":8,"href":"https:\/\/planetdiablo.eu\/de\/wp-json\/wp\/v2\/pages\/445627\/revisions"}],"predecessor-version":[{"id":582637,"href":"https:\/\/planetdiablo.eu\/de\/wp-json\/wp\/v2\/pages\/445627\/revisions\/582637"}],"up":[{"embeddable":true,"href":"https:\/\/planetdiablo.eu\/de\/wp-json\/wp\/v2\/pages\/71"}],"wp:attachment":[{"href":"https:\/\/planetdiablo.eu\/de\/wp-json\/wp\/v2\/media?parent=445627"}],"curies":[{"name":"wp","href":"https:\/\/api.w.org\/{rel}","templated":true}]}}