{"id":445637,"date":"2011-07-23T01:58:14","date_gmt":"2011-07-22T23:58:14","guid":{"rendered":"http:\/\/diablo3.ingame.de\/?page_id=445637"},"modified":"2021-03-21T19:18:06","modified_gmt":"2021-03-21T18:18:06","slug":"akt-1","status":"publish","type":"page","link":"https:\/\/planetdiablo.eu\/de\/diablo-2\/die-akte\/akt-1\/","title":{"rendered":"Diablo 2 &#8211; Akt 1"},"content":{"rendered":"<h2>Willkommen in der H\u00f6lle<\/h2>\n<p>Der D\u00e4mon Diablo wurde besiegt, von einem furchtlosen Helden &#8211; doch in einem letzten Akt des Verrats \u00fcbernahm Diablo K\u00f6rper und Seele des Helden, der ihn geschlagen hatte. Langsam und qualvoll wurde der einstige K\u00e4mpfer f\u00fcr das Gute zum Avatar des B\u00f6sen transformiert.<br \/>\n<img loading=\"lazy\" decoding=\"async\" class=\"aligncenter wp-image-445643 size-full\" src=\"\/wp-content\/uploads\/2011\/07\/akt1_welcome.jpg\" alt=\"Diablo 2\" width=\"625\" height=\"480\"><br \/>\nNun verb\u00fcndet sich der D\u00e4mon mit seinen h\u00f6llischen Geschwistern: Gemeinsam wollen die \u00fcbelsten Herrscher des H\u00f6llenschlundes \u00fcber die Welt herfallen und mithilfe ihrer Heerscharen alles Menschliche vernichten. Der Sieg scheint nahe: Weite Gebiete wurden zerst\u00f6rt, ganze D\u00f6rfer ausgel\u00f6scht, die verlassenen Landstriche von untoten Wesen und fremdartigen Monstern \u00fcberrannt.<\/p>\n<h2>Der erste Akt<\/h2>\n<p>Horden von finsteren Kreaturen \u00fcberfallen die zivilisierte Welt. Sie morden, brandschatzen und rauben mit schier unfassbarer Grausamkeit.<br \/>\nDie tapferen J\u00e4gerinnen wurden aus ihrem Kloster vertrieben: Untote entehren den uralten Friedhof des Bundes der Schwestern, wie die J\u00e4gerinnen genannt werden. Doch weit ab von ihrem einst prunkvollen Zuhause haben die J\u00e4gerinnen ein Lager errichtet. Und trotz aller Widrigkeiten, trotz all der Gefahren und Qualen haben sie ihre Gastfreundschaft und Offenherzigkeit noch nicht verloren.<br \/>\nDieses Lager ist der erste Ausgangspunkt f\u00fcr die Abenteuer des Spielers: Hier kommt seine Spielfigur in der Welt von Diablo an und trifft auf einige wichtige Verb\u00fcndete. Charsi, die Schmiedin, verkauft Waffen; andere Bewohner des Lagers handeln mit magischen Artefakten oder Heiltr\u00e4nken.<br \/>\nZun\u00e4chst erforscht wohl so gut wie jeder Spieler erst einmal die n\u00e4here Umgebung des Lagers: Ein ideales \u00dcbungsgel\u00e4nde, um sich mit der Steuerung der Spielfigur vertraut zu machen und die ersten Kampferfahrungen zu sammeln. Denn schon dicht vor den gut bewachten Toren des Lagers treiben sich merkw\u00fcrdige Gesch\u00f6pfe herum, beseelt von unb\u00e4ndigem Hass auf alles Leben. Wer hier unvorsichtig ist, wird schon bald den Horden der Finsternis zum Opfer fallen.<br \/>\nDie ersten Aufgaben f\u00fchren den Spieler in das Blutmoor nahe des Lagers und dann zum Friedhof der J\u00e4gerinnen. Gef\u00e4hrliche wilde Tiere, Zombies und Skelette erwarten dort den Helden. W\u00e4hrend dieser ersten Quests findet er eine Formation von merkw\u00fcrdigen Menhiren, die eine Art magisches Portal darstellen &#8211; und tats\u00e4chlich wird schon bald klar, was geschehen ist: D\u00e4monen haben von den Seelen der Einwohner jenes Dorfes Besitz ergriffen, das im Vorg\u00e4ngertitel &#8222;Diablo&#8220; der Ausgangpunkt f\u00fcr die Abenteuer des Spielers war. Nun gilt es, den Horadrim-Malus zu holen: Charsis magischen Schmiedehammer, der sich im Besitz eines alten Bekannten aus dem Dorf befindet&#8230;<br \/>\n<img loading=\"lazy\" decoding=\"async\" class=\"aligncenter wp-image-445639 size-full\" src=\"\/wp-content\/uploads\/2011\/07\/akt1_kampf.jpg\" alt=\"Diablo 2 Akt 1\" width=\"625\" height=\"263\"><br \/>\nImmer wieder kann der Spieler in H\u00f6hlensysteme eindringen, in denen die Gefallenen und ihre Verb\u00fcndeten leben: Niedere Wesen aus den \u00e4u\u00dferen H\u00f6llen, deren Schamanen \u00fcber gef\u00e4hrliche Macht verf\u00fcgen. Sie lassen mit ihrer Magie nicht nur unentwegt feurige Energieb\u00e4lle auf die Helden regnen, sondern verm\u00f6gen auch get\u00f6tete Kreaturen wieder mit neuem Leben zu beseelen.<\/p>\n<p>Tief in der Wildnis entdeckt der Spieler einen Altar, in dem ein uraltes mystisches Buch verborgen ist. Dieses erz\u00e4hlt von einem magischen Turm, in dem sich seit jeher schon die Wesen der Finsternis eingenistet haben. In den Gew\u00f6lben unterhalb des verfallenen Bauwerks haust noch die untote Gr\u00e4fin des Landes, die ihre Untertanen voll Hass auf den Spieler hetzt &#8211; und ihm schlie\u00dflich doch unterliegt.<br \/>\n<img loading=\"lazy\" decoding=\"async\" class=\"aligncenter wp-image-445641 size-full\" src=\"\/wp-content\/uploads\/2011\/07\/akt1_kloster.jpg\" alt=\"Diablo 2 Akt 1\" width=\"625\" height=\"304\"><br \/>\nDoch weiterhin ist der Weg zu den gr\u00f6\u00dferen Siedlungen versperrt: Das vom B\u00f6sen verseuchte Kloster der J\u00e4gerinnen besch\u00fctzt die einzige Stra\u00dfe. Nun ist es Aufgabe des Spielers, den Weg zum Kloster zu finden und in dieses einzudringen: Nach und nach wird der Spieler das \u00e4u\u00dfere Klostergebiet, die Kaserne, das Gef\u00e4ngnis und schlie\u00dflich das Klosterinnere erforschen und befreien. Doch weit unter der Kathedrale des Klosters, in den vorzeitlichen Irrg\u00e4ngen der Katakomben, lauert der Schrecken&#8230;<br \/>\nTief unter der Erde befindet sich das, was den Orden der J\u00e4gerinnen beinahe vernichtet h\u00e4tte: Andariel, eine der Ausgeburten der H\u00f6lle und eins der 7 gro\u00dfen \u00dcbel, wacht in den d\u00fcsteren Katakomben unter der Kathedrale.<br \/>\nSie zu besiegen ist eine echte Herausforderung f\u00fcr den Spieler: Zwar kann sie es an Kraft und Magie nicht mit den wahren F\u00fcrsten der H\u00f6lle aufnehmen. Doch wer sie untersch\u00e4tzt, stirbt eines grausamen Todes&#8230;<br \/>\nIst Andariel besiegt, birst die aufgestaute magische Energie des H\u00f6llenfeuers aus dem sterbenden K\u00f6rper der Kreatur hervor und entl\u00e4dt sich in einem flammenden Blitzschlag: Ein Vorgeschmack auf das Schicksal, das der auf ewig verdammten Seele der teuflischen Andariel bevorsteht.<\/p>\n","protected":false},"excerpt":{"rendered":"<p>Willkommen in der H\u00f6lle Der D\u00e4mon Diablo wurde besiegt, von einem furchtlosen Helden &#8211; doch in einem letzten Akt des Verrats \u00fcbernahm Diablo K\u00f6rper und Seele des Helden, der ihn geschlagen hatte. Langsam und qualvoll wurde der einstige K\u00e4mpfer f\u00fcr das Gute zum Avatar des B\u00f6sen transformiert. Nun verb\u00fcndet sich der D\u00e4mon mit seinen h\u00f6llischen&hellip; <a class=\"more-link\" href=\"https:\/\/planetdiablo.eu\/de\/diablo-2\/die-akte\/akt-1\/\"><span class=\"screen-reader-text\">Diablo 2 &#8211; Akt 1<\/span> weiterlesen<\/a><\/p>\n","protected":false},"author":749,"featured_media":0,"parent":445627,"menu_order":0,"comment_status":"closed","ping_status":"closed","template":"","meta":{"footnotes":""},"class_list":["post-445637","page","type-page","status-publish","hentry","entry"],"_links":{"self":[{"href":"https:\/\/planetdiablo.eu\/de\/wp-json\/wp\/v2\/pages\/445637","targetHints":{"allow":["GET"]}}],"collection":[{"href":"https:\/\/planetdiablo.eu\/de\/wp-json\/wp\/v2\/pages"}],"about":[{"href":"https:\/\/planetdiablo.eu\/de\/wp-json\/wp\/v2\/types\/page"}],"author":[{"embeddable":true,"href":"https:\/\/planetdiablo.eu\/de\/wp-json\/wp\/v2\/users\/749"}],"replies":[{"embeddable":true,"href":"https:\/\/planetdiablo.eu\/de\/wp-json\/wp\/v2\/comments?post=445637"}],"version-history":[{"count":4,"href":"https:\/\/planetdiablo.eu\/de\/wp-json\/wp\/v2\/pages\/445637\/revisions"}],"predecessor-version":[{"id":581157,"href":"https:\/\/planetdiablo.eu\/de\/wp-json\/wp\/v2\/pages\/445637\/revisions\/581157"}],"up":[{"embeddable":true,"href":"https:\/\/planetdiablo.eu\/de\/wp-json\/wp\/v2\/pages\/445627"}],"wp:attachment":[{"href":"https:\/\/planetdiablo.eu\/de\/wp-json\/wp\/v2\/media?parent=445637"}],"curies":[{"name":"wp","href":"https:\/\/api.w.org\/{rel}","templated":true}]}}