{"id":445655,"date":"2011-07-23T02:13:44","date_gmt":"2011-07-23T00:13:44","guid":{"rendered":"http:\/\/diablo3.ingame.de\/?page_id=445655"},"modified":"2021-04-14T08:25:54","modified_gmt":"2021-04-14T07:25:54","slug":"akt-2","status":"publish","type":"page","link":"https:\/\/planetdiablo.eu\/de\/diablo-2\/die-akte\/akt-2\/","title":{"rendered":"Diablo 2 &#8211; Akt 2"},"content":{"rendered":"<p>Warriv, der Karawanenf\u00fchrer, geleitet den Spieler nun sicher in den zweiten Akt: In die W\u00fcstenstadt Lut Gholein.<\/p>\n<p><img loading=\"lazy\" decoding=\"async\" class=\"aligncenter wp-image-445659 size-full\" src=\"\/wp-content\/uploads\/2011\/07\/akt2_lutgholein1.jpg\" alt=\"Diablo 2 Akt 2\" width=\"625\" height=\"313\"><\/p>\n<p>Hier trifft der Held bzw. die Heldin auf viele neue Figuren, Einwohner der Stadt, die von den D\u00e4monen der Dunkelheit ver\u00e4ngstigt sind.<\/p>\n<p><img loading=\"lazy\" decoding=\"async\" class=\"aligncenter wp-image-445657 size-full\" src=\"\/wp-content\/uploads\/2011\/07\/akt2_lutgholein.jpg\" alt=\"Diablo 2 Akt 2\" width=\"440\" height=\"330\">Als erste Aufgabe soll der Spieler nun die Stadt vor einer Bedrohung bewahren: Der m\u00f6rderische Radament hat die Kanalisation der Stadt unter seine Herrschaft gebracht. Doch schon kurz vor den Toren dieser gro\u00dfen, stark befestigten Stadt trifft der Spieler erneut auf Heerscharen monstr\u00f6ser Kreaturen&#8230;<br \/>\nWeitaus umfangreicher und gef\u00e4hrlicher sind die Auftr\u00e4ge, die der Spieler nun zu erf\u00fcllen hat, und t\u00f6dlich sind die weiteren Stationen in der epischen Reise des Abenteurers: Eine ferne Oase, verseucht von gef\u00e4hrlichen Flugechsen. Die Vergessene Stadt. Das Tal der Magier.<\/p>\n<p>Um die Stadt Lut Golein zu retten, soll der Spieler den alten Stab der Horadrim aus seinen Bestandteilen wiederherstellen und ihn zum Grab des m\u00e4chtigen Initiaten Tal Rashas bringen. Keine ungef\u00e4hrliche Aufgabe: Die Einzelteile des m\u00e4chtigen Horadrim-Stabs sind an verschiedenen Orten mit t\u00f6dlicher Gefahr versteckt.<\/p>\n<p>Das Tal der Schlangen: Gluthitze und Giftschlangen machen dieses Gebiet zu gef\u00e4hrlichem Terrain. Vergraben im hei\u00dfen Sand der W\u00fcste liegt der Tempel der Klauenvipern. Im Innersten dieses uralten Tempels liegt der Schlangenaltar, einer Gottheit von Hinterhalt und Gift geweiht. Ihn zu zerst\u00f6ren ist eine weitere Aufgabe, die der furchtlose Held nun durchf\u00fchren muss.<br \/>\nAuch die ferne Oase birgt eine t\u00f6dliche Gefahr: Diese Zufluchtsst\u00e4tte der Nomaden und der Karawanen wurde von W\u00fcrmern in eine Falle verwandelt, der schon zahllose Reisende erlagen. Keine gew\u00f6hnlichen W\u00fcrmer kriechen durch die dunklen H\u00f6hlen unterhalb der Oase, sondern gigantische Kreaturen mit schier undurchdringlicher Panzerung und giftig-gr\u00fcnen K\u00f6rpers\u00e4ften.<\/p>\n<p><img loading=\"lazy\" decoding=\"async\" class=\"aligncenter wp-image-445661 size-full\" src=\"\/wp-content\/uploads\/2011\/07\/akt2_palast.jpg\" alt=\"Diablo 2 Akt 2\" width=\"625\" height=\"274\"><\/p>\n<p>Auch mitten im Herzen der Stadt Lut Golein, in den Kellern des Palastharems, haben die Ausgeburten der H\u00f6lle Einzug gehalten: Verzweifelt ersucht der Herrscher von Lut Golein selbst, der ehrw\u00fcrdige Jerhyn, den Spieler um Hilfe. Im Innersten der alten Sandsteinmauern jedoch findet sich Unerwartetes: Die Zuflucht eines m\u00e4chtigen Beschw\u00f6rers.<\/p>\n<p>Weit \u00fcber die Kr\u00e4fte eines gew\u00f6hnlichen Sterblichen hinaus geht die Macht dieses Beschw\u00f6rers. Seine Zuflucht ist voller gef\u00e4hrlicher Fallen und einigen der \u00fcbelsten Scheusale der Unterwelt. Wehe dem Helden, der unvorbereitet und mit unzureichender Ausr\u00fcstung dieses Gebiet betritt: Zu viele Abenteurer haben hier schon den Sieg gesucht und doch nur den Tod gefunden.<br \/>\nSieben Grabm\u00e4ler errichtete man einst f\u00fcr Tal Rasha, den m\u00e4chtigen Initiaten der Horadrim. Sieben Gr\u00e4ber voller verwinkelter G\u00e4nge, einst ein Bollwerk gegen Eindringlinge&#8230; und nun gezeichnet von dem B\u00f6sen, das Diablo aus den H\u00f6llenschl\u00fcnden heraufbeschworen hat.<\/p>\n<p><img loading=\"lazy\" decoding=\"async\" class=\"aligncenter wp-image-445663 size-full\" src=\"\/wp-content\/uploads\/2011\/07\/akt2_talrasha.jpg\" alt=\"Diablo 2 Akt 2\" width=\"625\" height=\"280\"><\/p>\n<p>Denn das Grabmal des Tal Rasha beherbergte nie einen Toten. Ein Kristall, in dessen Innerem die b\u00f6se Essenz des D\u00e4monen Baal gefangen war, wurde tief in Tal Rashas Brust gesto\u00dfen. Der m\u00e4chtige Initiat sollte das H\u00f6llenwesen in seiner Brust gefangen halten. Doch der D\u00e4mon versklavte ihn und zwang seinen K\u00f6rper auf unvorstellbar grausame Weise in eine neue Form. Diese Ausgeburt der tiefsten H\u00f6llen gilt es nun zu besiegen, ehe der Weg in das n\u00e4chste Abenteuer frei ist. Erst dann \u00f6ffnet Tyrael, selbst ein Wesen von ungeheurer Macht, ein magisches Portal, das zur\u00fcck in die Stadt Lut Golein f\u00fchrt. Von dort geht es nun mit dem Schiff nach Osten weiter, in eine tropische Dschungelwelt.<\/p>\n","protected":false},"excerpt":{"rendered":"<p>Warriv, der Karawanenf\u00fchrer, geleitet den Spieler nun sicher in den zweiten Akt: In die W\u00fcstenstadt Lut Gholein. Hier trifft der Held bzw. die Heldin auf viele neue Figuren, Einwohner der Stadt, die von den D\u00e4monen der Dunkelheit ver\u00e4ngstigt sind. Als erste Aufgabe soll der Spieler nun die Stadt vor einer Bedrohung bewahren: Der m\u00f6rderische Radament&hellip; <a class=\"more-link\" href=\"https:\/\/planetdiablo.eu\/de\/diablo-2\/die-akte\/akt-2\/\"><span class=\"screen-reader-text\">Diablo 2 &#8211; Akt 2<\/span> weiterlesen<\/a><\/p>\n","protected":false},"author":749,"featured_media":0,"parent":445627,"menu_order":0,"comment_status":"closed","ping_status":"open","template":"","meta":{"footnotes":""},"class_list":["post-445655","page","type-page","status-publish","hentry","entry"],"_links":{"self":[{"href":"https:\/\/planetdiablo.eu\/de\/wp-json\/wp\/v2\/pages\/445655","targetHints":{"allow":["GET"]}}],"collection":[{"href":"https:\/\/planetdiablo.eu\/de\/wp-json\/wp\/v2\/pages"}],"about":[{"href":"https:\/\/planetdiablo.eu\/de\/wp-json\/wp\/v2\/types\/page"}],"author":[{"embeddable":true,"href":"https:\/\/planetdiablo.eu\/de\/wp-json\/wp\/v2\/users\/749"}],"replies":[{"embeddable":true,"href":"https:\/\/planetdiablo.eu\/de\/wp-json\/wp\/v2\/comments?post=445655"}],"version-history":[{"count":2,"href":"https:\/\/planetdiablo.eu\/de\/wp-json\/wp\/v2\/pages\/445655\/revisions"}],"predecessor-version":[{"id":581158,"href":"https:\/\/planetdiablo.eu\/de\/wp-json\/wp\/v2\/pages\/445655\/revisions\/581158"}],"up":[{"embeddable":true,"href":"https:\/\/planetdiablo.eu\/de\/wp-json\/wp\/v2\/pages\/445627"}],"wp:attachment":[{"href":"https:\/\/planetdiablo.eu\/de\/wp-json\/wp\/v2\/media?parent=445655"}],"curies":[{"name":"wp","href":"https:\/\/api.w.org\/{rel}","templated":true}]}}