{"id":445683,"date":"2011-07-23T02:37:34","date_gmt":"2011-07-23T00:37:34","guid":{"rendered":"http:\/\/diablo3.ingame.de\/?page_id=445683"},"modified":"2021-06-07T15:05:52","modified_gmt":"2021-06-07T13:05:52","slug":"akt-4","status":"publish","type":"page","link":"https:\/\/planetdiablo.eu\/de\/diablo-2\/die-akte\/akt-4\/","title":{"rendered":"Diablo 2 &#8211; Akt 4"},"content":{"rendered":"<p>Die Festung des Wahnsinns ist der Ausgangspunkt im vierten Akt des Spiels. Tyrael hilft nun dem Spieler bei einer Aufgabe, deren blo\u00dfe Erw\u00e4hnung gew\u00f6hnliche Sterbliche erschauern l\u00e4sst: Die H\u00f6lle selbst ist der Schauplatz, an dem die Konfrontation mit Diablo stattfinden soll.<\/p>\n<p><img loading=\"lazy\" decoding=\"async\" class=\"aligncenter wp-image-445687 size-full\" src=\"\/wp-content\/uploads\/2011\/07\/akt4_festung.jpg\" alt=\"Diablo 2 Akt 4\" width=\"625\" height=\"287\"><\/p>\n<p>Doch zun\u00e4chst darf der Spieler noch einem m\u00e4chtigen Wesen helfen, dessen Seele in der Ebene der Verzweiflung von einem D\u00e4mon gefangen gehalten wird. Auf dem Weg dorthin, in der \u00e4u\u00dferen Steppe, trifft der Spieler auf viele teuflische Untertanen Diablos&#8230;<br \/>\nZahllose abscheuliche D\u00e4monen und andere Ausgeburten der H\u00f6lle versperren dem tapferen Abenteurer den Weg durch die Stadt der Verdammten, doch unaufhaltsam n\u00e4hert sich der Held dem Herzen des B\u00f6sen.<\/p>\n<p><img loading=\"lazy\" decoding=\"async\" class=\"aligncenter wp-image-445689 size-full\" src=\"\/wp-content\/uploads\/2011\/07\/akt4_hell.jpg\" alt=\"Diablo 2 Akt 4\" width=\"625\" height=\"269\"><\/p>\n<p>Tief in die Gluthitze der inneren H\u00f6llen hinein f\u00fchrt nun der Weg des Spielers. Wer den Flammenfluss \u00fcberlebt, ist vielleicht tats\u00e4chlich stark genug, um den Herrscher der H\u00f6lle selbst gegen\u00fcbertreten zu k\u00f6nnen.<\/p>\n<p><img loading=\"lazy\" decoding=\"async\" class=\"alignright wp-image-445685 size-full\" src=\"\/wp-content\/uploads\/2011\/07\/akt4_diablo.jpg\" alt=\"Diablo 2\" width=\"291\" height=\"350\">Doch die h\u00e4rteste aller Pr\u00fcfungen steht noch bevor: Mit dem durchtriebenen D\u00e4monenf\u00fcrsten Diablo ist nicht zu spa\u00dfen&#8230; Drei Pr\u00fcfungen m\u00fcssen bestanden, f\u00fcnf Siegel gebrochen werden, ehe der Zugang zur innersten aller H\u00f6llen f\u00fcr den sterblichen Helden frei wird.<\/p>\n<p>Unz\u00e4hlige Kreaturen von Finsternis und Bosheit sind besiegt, selbst die f\u00fcrchterlichen Heerscharen der H\u00f6lle konnten den tapferen Helden nicht aufhalten: Das B\u00f6se muss besiegt, Diablo vernichtet werden.<\/p>\n<p>Das Sanktuarium des Chaos ist der unheiligste aller Orte, gewidmet der Essenz des B\u00f6sen: Hier erwartet der m\u00e4chtige Herrscher der H\u00f6lle, Diablo, den wagemutigen Sterblichen. Seine Magie ist m\u00e4chtiger als die jeder anderen Kreatur, unsterblich seine finstere Seele, beinahe unbezwingbar sein K\u00f6rper: Nur der tapferste, reinste und kl\u00fcgste Held hat eine Chance, gegen diesen Furcht einfl\u00f6\u00dfenden Gegner zu bestehen.<\/p>\n<p>Wehe dem Abenteurer, der sich unvorbereitet oder leichtsinnig dem Herrscher der H\u00f6llen n\u00e4hert!<br \/>\nNur die erfahrensten Abenteurer, deren Macht die jedes gew\u00f6hnlichen Sterblichen \u00fcberschreitet, k\u00f6nnen Diablos ruchloses Leben beenden und so die Menschheit vor ewiger Verdammnis bewahren.<\/p>\n","protected":false},"excerpt":{"rendered":"<p>Die Festung des Wahnsinns ist der Ausgangspunkt im vierten Akt des Spiels. Tyrael hilft nun dem Spieler bei einer Aufgabe, deren blo\u00dfe Erw\u00e4hnung gew\u00f6hnliche Sterbliche erschauern l\u00e4sst: Die H\u00f6lle selbst ist der Schauplatz, an dem die Konfrontation mit Diablo stattfinden soll. Doch zun\u00e4chst darf der Spieler noch einem m\u00e4chtigen Wesen helfen, dessen Seele in der&hellip; <a class=\"more-link\" href=\"https:\/\/planetdiablo.eu\/de\/diablo-2\/die-akte\/akt-4\/\"><span class=\"screen-reader-text\">Diablo 2 &#8211; Akt 4<\/span> weiterlesen<\/a><\/p>\n","protected":false},"author":749,"featured_media":0,"parent":445627,"menu_order":0,"comment_status":"closed","ping_status":"open","template":"","meta":{"footnotes":""},"class_list":["post-445683","page","type-page","status-publish","hentry","entry"],"_links":{"self":[{"href":"https:\/\/planetdiablo.eu\/de\/wp-json\/wp\/v2\/pages\/445683","targetHints":{"allow":["GET"]}}],"collection":[{"href":"https:\/\/planetdiablo.eu\/de\/wp-json\/wp\/v2\/pages"}],"about":[{"href":"https:\/\/planetdiablo.eu\/de\/wp-json\/wp\/v2\/types\/page"}],"author":[{"embeddable":true,"href":"https:\/\/planetdiablo.eu\/de\/wp-json\/wp\/v2\/users\/749"}],"replies":[{"embeddable":true,"href":"https:\/\/planetdiablo.eu\/de\/wp-json\/wp\/v2\/comments?post=445683"}],"version-history":[{"count":2,"href":"https:\/\/planetdiablo.eu\/de\/wp-json\/wp\/v2\/pages\/445683\/revisions"}],"predecessor-version":[{"id":581160,"href":"https:\/\/planetdiablo.eu\/de\/wp-json\/wp\/v2\/pages\/445683\/revisions\/581160"}],"up":[{"embeddable":true,"href":"https:\/\/planetdiablo.eu\/de\/wp-json\/wp\/v2\/pages\/445627"}],"wp:attachment":[{"href":"https:\/\/planetdiablo.eu\/de\/wp-json\/wp\/v2\/media?parent=445683"}],"curies":[{"name":"wp","href":"https:\/\/api.w.org\/{rel}","templated":true}]}}