{"id":445695,"date":"2011-07-23T02:47:48","date_gmt":"2011-07-23T00:47:48","guid":{"rendered":"http:\/\/diablo3.ingame.de\/?page_id=445695"},"modified":"2021-04-14T08:21:05","modified_gmt":"2021-04-14T07:21:05","slug":"akt-5","status":"publish","type":"page","link":"https:\/\/planetdiablo.eu\/de\/diablo-2\/die-akte\/akt-5\/","title":{"rendered":"Diablo 2 &#8211; Akt 5"},"content":{"rendered":"<div align=\"center\">\n<p><i>&#8222;Und ein Kind wird Schrecken in der Brust hegen, wenn das Herz der Menschen in Schatten geh\u00fcllt ist.<br \/>\nEin Wanderer wird durch das uralte Land ziehen und Chaos in seinem Kielwasser hinterlassen.<br \/>\nDie drei Br\u00fcder werden vereint sein und die Welt der Sterblichen unter ihrer Macht erzittern.<br \/>\nDoch es steht geschrieben, dass die Drei, sind sie vereint, erneut versprengt werden sollen &#8211;<br \/>\nDer Letzte von ihnen wird den heiligen Berg erblicken. In den Warnungen hei\u00dft es,<br \/>\ndass ihre Niederlage eine Illusion ist &#8211; dass das letzte Spiel noch gespielt werden muss&#8230;&#8220;<\/i><\/p>\n<p><i>Und nun endlich tost der Sturm aus den S\u00fcdl\u00e4ndern, und die Hand der Zerst\u00f6rung trachtet<br \/>\ndas Werk der Urahnen zu vernichten. Die Gezeiten der H\u00f6lle schwellen an &#8211; bereit, an die Gestade<br \/>\nder Welt der Sterblichen zu branden &#8211; und die Schuldigen und Unschuldigen gleicherma\u00dfen zu ertr\u00e4nken.<\/i><\/p>\n<p>&#8211; Auszug aus der Prophezeiung des letzten Tages<\/p>\n<\/div>\n<p><img loading=\"lazy\" decoding=\"async\" class=\"aligncenter wp-image-445697 size-full\" src=\"\/wp-content\/uploads\/2011\/07\/akt5_1.jpg\" alt=\"Diablo 2 Akt 5\" width=\"625\" height=\"287\"><\/p>\n<p>Wer die gro\u00dfen Drei bereits vernichtet w\u00e4hnte, sieht sich bitter get\u00e4uscht, denn Baal, der Herr der Zerst\u00f6rung, macht sich auf zu einem unheiligen Kreuzzug auf den heiligen Berg Arreat, der seit jeher von einem Bollwerk der guten M\u00e4chte umgeben und damit auf den durch die Prophezeiung angek\u00fcndigten Angriff des B\u00f6sen vorbereitet ist. Doch Baal nimmt Sescheron, die Hauptstadt der Barbaren-Highlands, im Sturm und l\u00e4sst nichts als verbrannte Erde zur\u00fcck. Sein Ziel ist es den Weltenstein zu verderben, zu zerst\u00f6ren und damit die Pforten zwischen der Welt der Sterblichen und der H\u00f6lle aufzubrechen.<\/p>\n<p><img loading=\"lazy\" decoding=\"async\" class=\"aligncenter wp-image-445699 size-full\" src=\"\/wp-content\/uploads\/2011\/07\/akt5_2.jpg\" alt=\"Diablo 2 Akt 5\" width=\"625\" height=\"288\"><\/p>\n<p>Das Heer r\u00fcckt immer n\u00e4her und so beschlie\u00dfen die \u00c4ltesten, dass 7 von ihnen ihr eigenes Leben geben um einen Schutzzauber um die Stadt Harrogath zu wirken. Tr\u00fcgerisch ist aber die Ruhe, denn schon bald beginnt die Belagerung mit m\u00e4chtigen Katapulten und die Umgebung der Stadt wimmelt nur so vor Ausgeburten der H\u00f6lle. Hier kommt der Held wieder ins Spiel, der den Belagerungsring aufbricht und dessen R\u00e4delsf\u00fchrer Shenk, seines Zeichens Lakai von Baal, beseitigt. Nach der Befreiung einiger Barbaren, und dem Sieg \u00fcber Nihlatak, der korrumpiert wurde, die Stadt verraten und Anya, die H\u00e4uptlingstochter, in einem Eisblock eingeschlossen hat, dringt er immer weiter in Richtung Weltenstein vor. Er liefert sich ein erbittertes Gefecht mit den Urahnen, die seit Jahrhunderten den Turm bewachen, der den Stein umgibt.<\/p>\n<p><img loading=\"lazy\" decoding=\"async\" class=\"aligncenter wp-image-445701 size-full\" src=\"\/wp-content\/uploads\/2011\/07\/akt5_3.jpg\" alt=\"Diablo 2 Baal\" width=\"625\" height=\"285\"><\/p>\n<p>Dort angekommen trifft der Spieler auf Baal und der letzte Kampf um die Geschicke der Menschheit entbrennt&#8230;<\/p>\n","protected":false},"excerpt":{"rendered":"<p>&#8222;Und ein Kind wird Schrecken in der Brust hegen, wenn das Herz der Menschen in Schatten geh\u00fcllt ist. Ein Wanderer wird durch das uralte Land ziehen und Chaos in seinem Kielwasser hinterlassen. Die drei Br\u00fcder werden vereint sein und die Welt der Sterblichen unter ihrer Macht erzittern. Doch es steht geschrieben, dass die Drei, sind&hellip; <a class=\"more-link\" href=\"https:\/\/planetdiablo.eu\/de\/diablo-2\/die-akte\/akt-5\/\"><span class=\"screen-reader-text\">Diablo 2 &#8211; Akt 5<\/span> weiterlesen<\/a><\/p>\n","protected":false},"author":749,"featured_media":0,"parent":445627,"menu_order":0,"comment_status":"closed","ping_status":"open","template":"","meta":{"footnotes":""},"class_list":["post-445695","page","type-page","status-publish","hentry","entry"],"_links":{"self":[{"href":"https:\/\/planetdiablo.eu\/de\/wp-json\/wp\/v2\/pages\/445695","targetHints":{"allow":["GET"]}}],"collection":[{"href":"https:\/\/planetdiablo.eu\/de\/wp-json\/wp\/v2\/pages"}],"about":[{"href":"https:\/\/planetdiablo.eu\/de\/wp-json\/wp\/v2\/types\/page"}],"author":[{"embeddable":true,"href":"https:\/\/planetdiablo.eu\/de\/wp-json\/wp\/v2\/users\/749"}],"replies":[{"embeddable":true,"href":"https:\/\/planetdiablo.eu\/de\/wp-json\/wp\/v2\/comments?post=445695"}],"version-history":[{"count":2,"href":"https:\/\/planetdiablo.eu\/de\/wp-json\/wp\/v2\/pages\/445695\/revisions"}],"predecessor-version":[{"id":581161,"href":"https:\/\/planetdiablo.eu\/de\/wp-json\/wp\/v2\/pages\/445695\/revisions\/581161"}],"up":[{"embeddable":true,"href":"https:\/\/planetdiablo.eu\/de\/wp-json\/wp\/v2\/pages\/445627"}],"wp:attachment":[{"href":"https:\/\/planetdiablo.eu\/de\/wp-json\/wp\/v2\/media?parent=445695"}],"curies":[{"name":"wp","href":"https:\/\/api.w.org\/{rel}","templated":true}]}}