{"id":445709,"date":"2011-07-23T03:19:44","date_gmt":"2011-07-23T01:19:44","guid":{"rendered":"http:\/\/diablo3.ingame.de\/?page_id=445709"},"modified":"2021-11-01T23:58:45","modified_gmt":"2021-11-01T21:58:45","slug":"das-kuhlevel","status":"publish","type":"page","link":"https:\/\/planetdiablo.eu\/de\/diablo-2\/das-kuhlevel\/","title":{"rendered":"Diablo 2 &#8211; Das Kuhlevel"},"content":{"rendered":"<h2>Entstehung des Diablo 2 Kuhlevels<\/h2>\n<p><img loading=\"lazy\" decoding=\"async\" src=\"http:\/\/diablo3.ingame.de\/files\/2011\/07\/diablo1s.gif\" alt=\"Diablo 2 Kuhlevel\" class=\"alignright size-full wp-image-445715\" width=\"160\" height=\"120\"><\/p>\n<p>Die Idee des Kuhlevels entstand schon w\u00e4hrend der Zeit von Diablo 1. Damals standen in der N\u00e4he der Stadt drei K\u00fche rum, welche scheinbar keine Funktion hatten. Zu diesem Zeitpunkt entstand die Idee des Kuhlevels. Damals war die Idee, das durch Klicken einer bestimmten Reihenfolge auf die K\u00fche ein geheimes Level ge\u00f6ffnet werden konnte. Nat\u00fcrlich war damals noch kein Kuhlevel eingebaut, aber die Legende war geboren. Als Erkl\u00e4rung von Blizzard wurde damals in Starcraft der Cheat-Code <i>&#8222;There is no Cow level&#8220;<\/i> eingebaut. Damit wurde von offizieller Seite die Nichtexistenz des Kuhlevels erkl\u00e4rt.<br \/>\nBei der Produktion von Diablo 2 haben immer wieder Spieler angefragt, ob das Kuhlevel denn endlich eingebaut wird. Und tats\u00e4chlich &#8230; es wurde endlich auf die Spieler geh\u00f6rt und das Kuhlevel realisiert.<\/p>\n<h2>Wie \u00f6ffnet man das Kuhlevel?<\/h2>\n<p><img loading=\"lazy\" decoding=\"async\" src=\"http:\/\/diablo3.ingame.de\/files\/2011\/07\/cowcubes.gif\" alt=\"Diablo 2 Kuhlevel\" class=\"alignleft size-full wp-image-445711\" width=\"80\" height=\"107\"><br \/>\n<img loading=\"lazy\" decoding=\"async\" src=\"http:\/\/diablo3.ingame.de\/files\/2011\/07\/portal.gif\" alt=\"Diablo 2 Kuhlevel\" class=\"alignright size-full wp-image-445723\" width=\"135\" height=\"180\"><\/p>\n<p>Eigentlich ist es ganz einfach das Kuhlevel zu \u00f6ffnen. Als einzige Vorraussetzung muss man auf dem jeweiligen Schwierigkeitsgrad Diablo bzw. Baal get\u00f6tet haben. Danach muss man nur noch im Lager der J\u00e4gerinnen Wirrets Bein und einen Folianten des Stadtportals in den Horadrim W\u00fcrfel packen und schon \u00f6ffnet sich ein rotes Portal, welches einen zur Muh-Muh-Farm teleportiert.<\/p>\n<h2>Informationen \u00fcber das Kuhlevel<\/h2>\n<p>Das Kuhlevel ist teilweise zufallsgeneriert und teilweise festgelegt. So ist zum Beispiel dir grobe Form des Levels festgelegt. Das Level ist immer ungef\u00e4hr ein Quadrat mir Buchten an den Ecken. Der linke obere Rand ist immer durch eine Felswand begrenzt und der Rest durch die \u00fcblichen Z\u00e4une. Auch ist das Portal ins Lager der J\u00e4gerinnen immer fast im Zentrum der Karte. Durch Zufall werden nat\u00fcrlich die gesamten Kisten verteilt aber auch die einzigen beiden Bauwerke auf der Karte. Das eine ist das &#8222;Haus&#8220; vom Kuhk\u00f6nig als auch das Gehege aus Bretterw\u00e4nden.<\/p>\n<p><img loading=\"lazy\" decoding=\"async\" src=\"http:\/\/135.181.204.8\/wordpress\/wp-content\/uploads\/2011\/07\/hellbovine.gif\" alt=\"Diablo 2 Kuhlevel\" class=\"alignleft size-full wp-image-445717\" width=\"125\" height=\"150\"><\/p>\n<p>Diese beiden H\u00e4user werden beliebig auf der Karte verteilt. Ansonsten ver\u00e4ndert sich nur der Aufbau in der Mitte der Karte. Dort befindet sich entweder ein Kreuz, drei Rechtecke oder andere Formationen.<br \/>\nIm Kuhlevel kommt euch eigentlich nur eine einzige Gegnerart entgegen. Der H\u00f6llenbulle. Diesen Bullen gibt es daf\u00fcr in Massen. Auch tauchen ab und zu besondere Bullen mit verschiedenen F\u00e4higkeiten im Level auf. Ihr solltet vorsichtig sein und m\u00f6glichst nicht in zuviele K\u00fche gleichzeitig hineinrennen, da die K\u00fche extrem stark sind.<\/p>\n<table>\n<tbody>\n<tr>\n<th>&nbsp;<\/th>\n<th>Level<\/th>\n<th>Exp.-Punkte<\/th>\n<th>Hit-Points<\/th>\n<th>Verteidigung<\/th>\n<\/tr>\n<tr>\n<td>Normal<\/td>\n<td>28<\/td>\n<td>804<\/td>\n<td>77-165<\/td>\n<td>147<\/td>\n<\/tr>\n<tr>\n<td>Alptraum<\/td>\n<td>61<\/td>\n<td>6714<\/td>\n<td>537-1151<\/td>\n<td>347<\/td>\n<\/tr>\n<tr>\n<td>H\u00f6lle<\/td>\n<td>90<\/td>\n<td>33116<\/td>\n<td>1382-2961<\/td>\n<td>551<\/td>\n<\/tr>\n<tr>\n<th>&nbsp;<\/th>\n<th>Schaden<br \/>\nAngriff 1<\/th>\n<th>Angriffs-<br \/>\nwert 1<\/th>\n<th>Schaden<br \/>\nAngriff 2<\/th>\n<th>Angriffs-<br \/>\nwert 2<\/th>\n<\/tr>\n<tr>\n<td>Normal<\/td>\n<td>27-40<\/td>\n<td>53<\/td>\n<td>32-43<\/td>\n<td>57<\/td>\n<\/tr>\n<tr>\n<td>Alptraum<\/td>\n<td>59-89<\/td>\n<td>170<\/td>\n<td>71-95<\/td>\n<td>184<\/td>\n<\/tr>\n<tr>\n<td>H\u00f6lle<\/td>\n<td>114-172<\/td>\n<td>334<\/td>\n<td>137-183<\/td>\n<td>361<\/td>\n<\/tr>\n<\/tbody>\n<\/table>\n<p>Die K\u00fche verf\u00fcgen auch auf H\u00f6lle \u00fcber keinerlei besondere Resistenzen oder Imunit\u00e4ten.<\/p>\n<h2>Der Kuhk\u00f6nig<\/h2>\n<table class=\"unstyled\" align=\"center\">\n<tbody>\n<tr>\n<td><img loading=\"lazy\" decoding=\"async\" src=\"http:\/\/diablo3.ingame.de\/files\/2011\/07\/kingmap.gif\" alt=\"Diablo 2 Kuhlevel\" class=\"alignleft size-full wp-image-445721\" width=\"222\" height=\"133\"><\/td>\n<td><img loading=\"lazy\" decoding=\"async\" src=\"http:\/\/diablo3.ingame.de\/files\/2011\/07\/kingbaus.gif\" alt=\"Diablo 2 Kuhlevel\" class=\"alignright size-full wp-image-445719\" width=\"128\" height=\"96\"><\/td>\n<\/tr>\n<\/tbody>\n<\/table>\n<p>Der Kuhk\u00f6nig ist immer ein Blitzer, was sich auch auf h\u00f6heren Schwierigkeitsgraden nicht ver\u00e4ndert, jedoch kommen sp\u00e4ter noch andere Verzauberungen dazu. Ihr findet den Kuhk\u00f6nig in seinem &#8222;Haus&#8220;, dass, wie bereits erw\u00e4hnt, zuf\u00e4llig auf der Karte verteilt wird. Dort befindet er sich immer im unteren Teil des Bauwerks.<\/p>\n<p>Der Kuhk\u00f6nig kann wie eine Quest angesehen werden. Sobald er besiegt wird, k\u00f6nnt ihr das Kuhlevel nicht mehr \u00f6ffnen. Wann der Kuhk\u00f6nig get\u00f6tet werden darf, ist lange Zeit unklar gewesen. Hier nun die Erkl\u00e4rung:<\/p>\n<ul>\n<li>Wenn irgendwer, der das Cowlevel \u00f6ffnen kann, den Kuhk\u00f6nig t\u00f6tet, wird f\u00fcr <b>alle<\/b> anderen auf der Muh-Muh-Farm, die das Kuhlevel ebenfalls \u00f6ffnen k\u00f6nnen, die Quest abgeschlossen. Wer in welcher Party ist, spielt dabei keine Rolle.<\/li>\n<li>Wenn jemand die Quest bereits erledigt hat oder den Baalquest noch nicht hat und den Kuhk\u00f6nig t\u00f6tet, hat dies keine Auswirkungen auf die anderen Spieler.<\/li>\n<\/ul>\n<p><i>Inhalte von eNBeWe<\/i><\/p>\n","protected":false},"excerpt":{"rendered":"<p>Entstehung des Diablo 2 Kuhlevels Die Idee des Kuhlevels entstand schon w\u00e4hrend der Zeit von Diablo 1. Damals standen in der N\u00e4he der Stadt drei K\u00fche rum, welche scheinbar keine Funktion hatten. Zu diesem Zeitpunkt entstand die Idee des Kuhlevels. Damals war die Idee, das durch Klicken einer bestimmten Reihenfolge auf die K\u00fche ein geheimes&hellip; <a class=\"more-link\" href=\"https:\/\/planetdiablo.eu\/de\/diablo-2\/das-kuhlevel\/\"><span class=\"screen-reader-text\">Diablo 2 &#8211; Das Kuhlevel<\/span> weiterlesen<\/a><\/p>\n","protected":false},"author":749,"featured_media":0,"parent":71,"menu_order":35,"comment_status":"closed","ping_status":"open","template":"","meta":{"footnotes":""},"class_list":["post-445709","page","type-page","status-publish","hentry","entry"],"_links":{"self":[{"href":"https:\/\/planetdiablo.eu\/de\/wp-json\/wp\/v2\/pages\/445709","targetHints":{"allow":["GET"]}}],"collection":[{"href":"https:\/\/planetdiablo.eu\/de\/wp-json\/wp\/v2\/pages"}],"about":[{"href":"https:\/\/planetdiablo.eu\/de\/wp-json\/wp\/v2\/types\/page"}],"author":[{"embeddable":true,"href":"https:\/\/planetdiablo.eu\/de\/wp-json\/wp\/v2\/users\/749"}],"replies":[{"embeddable":true,"href":"https:\/\/planetdiablo.eu\/de\/wp-json\/wp\/v2\/comments?post=445709"}],"version-history":[{"count":1,"href":"https:\/\/planetdiablo.eu\/de\/wp-json\/wp\/v2\/pages\/445709\/revisions"}],"predecessor-version":[{"id":583526,"href":"https:\/\/planetdiablo.eu\/de\/wp-json\/wp\/v2\/pages\/445709\/revisions\/583526"}],"up":[{"embeddable":true,"href":"https:\/\/planetdiablo.eu\/de\/wp-json\/wp\/v2\/pages\/71"}],"wp:attachment":[{"href":"https:\/\/planetdiablo.eu\/de\/wp-json\/wp\/v2\/media?parent=445709"}],"curies":[{"name":"wp","href":"https:\/\/api.w.org\/{rel}","templated":true}]}}