{"id":445789,"date":"2011-07-23T04:09:32","date_gmt":"2011-07-23T02:09:32","guid":{"rendered":"http:\/\/diablo3.ingame.de\/?page_id=445789"},"modified":"2011-07-23T04:09:32","modified_gmt":"2011-07-23T02:09:32","slug":"charaktertypen","status":"publish","type":"page","link":"https:\/\/planetdiablo.eu\/de\/diablo-2\/charaktertypen\/","title":{"rendered":"Diablo 2 &#8211; Charaktertypen"},"content":{"rendered":"<p>Es gibt zwei unterschiedliche Charaktertypen in Diablo 2: Normale Charaktere und Leiter-Charaktere. Spieler entscheiden sich bei der Erstellung eines Charakters welchen Typ sie spielen wollen. Die geschieht bei der Erstellung der Charaktere \u00fcber die Auswahlfelder w\u00e4hrend die Charaktere benannt werden.<\/p>\n<h2>Normale Charaktere<\/h2>\n<p> Jeder Charakter, der nicht als Leiter-Charakter gekennzeichnet ist, gilt automatisch als normaler Charakter. Die normalen Charaktere werden in zwei Kategorien unterteilt: <\/p>\n<p> <b>Normal: Softcore (nSC)<\/b> <br \/> <b>Normal: Hardcore (nHC)<\/b><\/p>\n<h3>Einschr\u00e4nkungen<\/h3>\n<p><b>Normal Softcore:<\/b> <br \/> nSC Charaktere k\u00f6nnen nur an Spielen mit anderen nSC Charakteren teilnehmen. Sie sind weder in der Lage einem Spiel mit normalen Hardcore noch Leiter Charakteren beizutreten. <\/p>\n<p> <b>Normal Hardcore:<\/b> <br \/> nHC Charaktere k\u00f6nnen nur an Spielen mit anderen nHC Charakteren teilnehmen. Sie sind weder in der Lage einem Spiel mit normalen Softcore noch Leiter Charakteren beizutreten. Um einen nHC Charakter erstellen zu k\u00f6nnen, muss sich im gleichen Account entweder ein nSC Charakter befinden, welcher die Schwiergkeitsstufe Alptraum erreicht hat oder ein weiterer nHC Charakter.<\/p>\n<h2>Leiter-Charaktere<\/h2>\n<p>Ein Leiter (Ladder = engl. Rangliste) Charakter ist ein spezieller Charaktertyp, welcher es erm\u00f6glicht auf der Leiter mit anderen Spielern zu konkurrieren. <\/p>\n<p> Alle Charaktere, die vor dem Patch 1.10 erstellt wurden, geh\u00f6ren automatisch zum Charaktertyp Normal. Sie haben nicht die M\u00f6glichkeit den Charaktertyp zu wechseln. Daf\u00fcr ist es notwendig, einen neuen Charakter nach der Ver\u00f6ffentlichung von Patch 1.10 zu erstellen und diesen als Leiter-Charakter zu markieren. <\/p>\n<p> Charaktere die vor dem Patch 1.10 erstellt wurden, werden an keinen Spielen mit den neuen Leiter-Charakteren teilnehmen k\u00f6nnen. Sie k\u00f6nnen aber problemlos mit anderen normalen Charakteren spielen, welche nach dem Patch 1.10 erstellt werden und keine Leiter-Charaktere sind. Dies bedeutet, dass sich w\u00e4hrend einer Leiter-Saison &#8211; deren Dauer bislang noch nicht festgelegt wurde &#8211; die Leiter-Charaktere quasi in einer eigenen Welt, getrennt von den anderen D2 BattleNet-Charakteren, befinden. Nachdem die Saison beendet ist, werden alle Leiter-Charaktere zu normalen Charakteren. Um an der neuen Leiter-Saison wieder teilnehmen zu k\u00f6nnen, muss man nach deren Beginn einen neuen Leiter-Charakter erstellen. <\/p>\n<p> Nur Spieler im Geschlossenen BattleNet (Europe, US-East, US-West and Asien) k\u00f6nnen einen Leiter-Charakter erstellen. Im Einzelspielermodus oder Offenen BattleNet ist dies nicht m\u00f6glich. <\/p>\n<p> Die Leiter-Charaktere werden in zwei Kategorien unterteilt: <\/p>\n<p> <b>Leiter: Softcore (lSC)<\/b> <br \/> <b>Leiter: Hardcore (lHC)<\/b><\/p>\n<h3>Einschr\u00e4nkungen<\/h3>\n<p><b>Leiter Softcore:<\/b> <br \/> lSC Charaktere koennen nur Spiele mit anderen lSC Charakteren beitreten. Sie sind weder in der Lage sich in ein Spiel mit einem lHC oder normalen Charakteren (nSC oder nHC) einzuklinken. <\/p>\n<p> <b>Leiter Hardcore:<\/b> <br \/> lHC Charaktere koennen nur Spiele mit anderen lHC Charakteren beitreten. Sie sind weder in der Lage, sich einem Spiel mit lSC oder normal Charakteren anzuschlie\u00dfen. Um einen lHC Charakter erstellen zu koennen, muss sich im gleichen Account entweder ein Charakter befinden, welcher die Schwierigkeitsgrad Nightmare erreicht hat oder ein weiterer Hardcore Charakter.<\/p>\n<h2>H\u00e4ufige Fragen &amp; Antworten<\/h2>\n<p><b>Worin liegt der Vorteil, einen Leiter Charakter zu erstellen?<\/b><br \/>\n<br \/> Man spielt im Prinzip auf einer brandneuen Welt. F\u00fcr die Spieler ist es vergleichbar mit der damaligen Ver\u00f6ffentlichung von Diablo 2. Sobald die erste Saison beginnt, fangen alle Spieler mit Level 1 Charakteren und ohne m\u00e4chtige Gegenst\u00e4nde an. Sie k\u00f6nnen dabei auch nicht auf bessere Items oder h\u00f6here Charaktere zur\u00fcckgreifen um schneller aufzusteigen.<br \/> Zus\u00e4tzlich gibt es Uniques, die nur von Leiter-Charakteren gefunden werden k\u00f6nnen. <\/p>\n<p><b>Was passiert wenn ich nicht in der Leiter spielen oder in dieser mit anderen Spielern konkurrieren m\u00f6chte?<\/b> <br \/> Obwohl es Leiter-Charaktere sind, m\u00fcssen die Spieler nicht in der Leiter konkurrieren, um spielen zu k\u00f6nnen. Man kann einfach f\u00fcr sich selbst spielen ohne sich dabei um den Rang in der Leiter zu k\u00fcmmern. <\/p>\n<p><b>Kann ich bestehende Charaktere in Leiter-Charaktere umwandeln?<\/b> <br \/> Nein! Die Eigenschaft eines Leiter-Charakters wird bei der Erstellung festgelegt und kann nachtr\u00e4glich nicht ge\u00e4ndert werden. <\/p>\n<p><b>Wie lange wird eine Leiter-Saison dauern?<\/b> <br \/> Das ist bislang noch nicht festgelegt. <\/p>\n<p><b>Was passiert wenn die Leiter-Saison vorbei ist?<\/b> <br \/> Alle Leiter-Charaktere werden zu normalen Softcore und Hardcore Charakteren umgewandelt. Die Charakterklasse und Skillung wird dabei beibehalten. Um auch an der neuen Saison teilnehmen zu k\u00f6nnen, muss nach deren Start wieder ein neuer Leiter-Charakter erstellt werden. <\/p>\n<p><b>Was passiert mit den Uniques, die nur von Leiter-Charakteren gefunden werden k\u00f6nnen, wenn die Leiter-Saison vorbei ist?<\/b> <br \/> Diese Uniques sind ab dann auch normalen Charakteren zug\u00e4nglich, weil alle Gegenst\u00e4nde von Leiter-Charakteren mitkonvertiert werden.<\/p>\n<p><b>Muss ich, um einen Hardcore Leiter-Charakter erstellen zu k\u00f6nnen, dass Spiel vorher mit einem Softcore Leiter-Charakter durchgespielt haben?<\/b> <br \/> Nein! Es ist egal mit welchem Softcore Charaktertypen der Schwierigkeitsgrad Normal zuvor durchgespielt wurde. <\/p>\n<p><b>Kann man einen Leiter-Charakter w\u00e4hrend einer Leiter-Saison in einen normalen Charakter umwandeln?<\/b> <br \/> Nein. Blizzard macht dies automatisch mit dem Ende der laufenden Saison.<\/p>\n","protected":false},"excerpt":{"rendered":"<p>Es gibt zwei unterschiedliche Charaktertypen in Diablo 2: Normale Charaktere und Leiter-Charaktere. Spieler entscheiden sich bei der Erstellung eines Charakters welchen Typ sie spielen wollen. Die geschieht bei der Erstellung der Charaktere \u00fcber die Auswahlfelder w\u00e4hrend die Charaktere benannt werden. Normale Charaktere Jeder Charakter, der nicht als Leiter-Charakter gekennzeichnet ist, gilt automatisch als normaler Charakter.&hellip; <a class=\"more-link\" href=\"https:\/\/planetdiablo.eu\/de\/diablo-2\/charaktertypen\/\"><span class=\"screen-reader-text\">Diablo 2 &#8211; Charaktertypen<\/span> weiterlesen<\/a><\/p>\n","protected":false},"author":749,"featured_media":0,"parent":71,"menu_order":35,"comment_status":"open","ping_status":"open","template":"","meta":{"footnotes":""},"class_list":["post-445789","page","type-page","status-publish","hentry","entry"],"_links":{"self":[{"href":"https:\/\/planetdiablo.eu\/de\/wp-json\/wp\/v2\/pages\/445789","targetHints":{"allow":["GET"]}}],"collection":[{"href":"https:\/\/planetdiablo.eu\/de\/wp-json\/wp\/v2\/pages"}],"about":[{"href":"https:\/\/planetdiablo.eu\/de\/wp-json\/wp\/v2\/types\/page"}],"author":[{"embeddable":true,"href":"https:\/\/planetdiablo.eu\/de\/wp-json\/wp\/v2\/users\/749"}],"replies":[{"embeddable":true,"href":"https:\/\/planetdiablo.eu\/de\/wp-json\/wp\/v2\/comments?post=445789"}],"version-history":[{"count":0,"href":"https:\/\/planetdiablo.eu\/de\/wp-json\/wp\/v2\/pages\/445789\/revisions"}],"up":[{"embeddable":true,"href":"https:\/\/planetdiablo.eu\/de\/wp-json\/wp\/v2\/pages\/71"}],"wp:attachment":[{"href":"https:\/\/planetdiablo.eu\/de\/wp-json\/wp\/v2\/media?parent=445789"}],"curies":[{"name":"wp","href":"https:\/\/api.w.org\/{rel}","templated":true}]}}