{"id":445815,"date":"2011-07-23T22:54:25","date_gmt":"2011-07-23T20:54:25","guid":{"rendered":"http:\/\/diablo3.ingame.de\/?page_id=445815"},"modified":"2023-02-21T23:37:20","modified_gmt":"2023-02-21T21:37:20","slug":"npcs-nicht-spieler-charaktere","status":"publish","type":"page","link":"https:\/\/planetdiablo.eu\/de\/diablo-2\/npcs-nicht-spieler-charaktere\/","title":{"rendered":"Diablo 2 &#8211; NPCs: Nicht-Spieler-Charaktere"},"content":{"rendered":"<h2>Inhalt:<\/h2>\n<ul>\n<li>Einf\u00fchrung<\/li>\n<li><a href=\"https:\/\/planetdiablo.eu\/diablo-2\/npcs-nicht-spieler-charaktere\/npcs-aus-akt-1\/\">NPC&#8217;s Akt 1<\/a><\/li>\n<li><a href=\"https:\/\/planetdiablo.eu\/diablo-2\/npcs-nicht-spieler-charaktere\/npcs-aus-akt-2\/\">NPC&#8217;s Akt 2<\/a><\/li>\n<li><a href=\"https:\/\/planetdiablo.eu\/diablo-2\/npcs-nicht-spieler-charaktere\/npcs-aus-akt-3\/\">NPC&#8217;s Akt 3<\/a><\/li>\n<li><a href=\"https:\/\/planetdiablo.eu\/diablo-2\/npcs-nicht-spieler-charaktere\/npcs-aus-akt-4\/\">NPC&#8217;s Akt 4<\/a><\/li>\n<li><a href=\"https:\/\/planetdiablo.eu\/diablo-2\/npcs-nicht-spieler-charaktere\/npcs-aus-akt-5\/\">NPC&#8217;s Akt 5<\/a><\/li>\n<li><a href=\"https:\/\/planetdiablo.eu\/diablo-2\/npcs-nicht-spieler-charaktere\/soldner\/\">S\u00f6ldner in D2 Legacy<\/a><\/li>\n<li><a href=\"https:\/\/planetdiablo.eu\/de\/diablo-2\/npcs-nicht-spieler-charaktere\/diablo-2-soeldner-in-d2resurrected\/\">S\u00f6ldner in D2 Resurrected<\/a><\/li>\n<\/ul>\n<h2>Navigation:<\/h2>\n<ul>\n<li><a href=\"#einleitung\">Einleitung<\/a><\/li>\n<li><a href=\"#allgemein\">Von Plaudertaschen und Halsabschneidern<\/a><\/li>\n<li><a href=\"#quests\">Jobsuche leichtgemacht<\/a><\/li>\n<li><a href=\"#handeln\">Handeln<\/a><\/li>\n<li><a href=\"#gluecksspiel\">Das Gl\u00fccksspiel<\/a><\/li>\n<li><a href=\"#arten\">NPC-Arten<\/a><\/li>\n<li><a href=\"#tips\">Tips<\/a><\/li>\n<\/ul>\n<h2 id=\"einleitung\">Einleitung<\/h2>\n<p><img loading=\"lazy\" decoding=\"async\" class=\"wp-image-583323 size-full alignleft\" src=\"https:\/\/planetdiablo.eu\/de\/wp-content\/uploads\/2021\/08\/charsi-portrait-klein.png\" alt=\"\" width=\"200\" height=\"247\" \/>NPC&#8217;s (sprich: &#8222;Enn Pie Ziehs&#8220; f\u00fcr die CBS-Leser unter uns) gibt es in den meisten Spielen. Sie stellen die vom PC gesteuerten Charaktere dar und agieren meistens hilfsbereit oder zumindest nicht als Feinde. In Diablo 2 und LoD stellen die NPC&#8217;s die Leute dar, die die Story vorantreiben und dem ganzen Spiel etwas Pepp geben &#8211; wer w\u00fcrde schon ein Spiel f\u00fcr glaubw\u00fcrdig halten, bei dem man durch menschenleere St\u00e4dte rennt. Allerdings stellen Monster keine NPC&#8217;s dar, NPC bedeutet ja soviel wie Nicht-Spieler-Charakter und Monster z\u00e4hlt man allgemein zu der Gruppe der Monster, nicht zu den Charakteren. (ok, es gibt Ausnahmen) Als kleines Schmankerl hat Blizzard einigen NPC&#8217;s aus Diablo 1 eine Gastrolle in Diablo 2 verpasst: <b>Deckard Cain<\/b> (der Gelehrte) ist wieder mit von der Partie, <b>Wirret<\/b> (der einbeinige Junge) liegt ein wenig regungslos (schl\u00e4ft ja vielleicht nur) in Tristram rum und <b>Grisworld<\/b> (der Schmied) will unseren Helden unter die Erde bringen.<\/p>\n<h2 id=\"allgemein\">Von Plaudertaschen und Halsabschneidern<\/h2>\n<p><a href=\"https:\/\/planetdiablo.eu\/de\/wp-content\/uploads\/2011\/07\/warriv_frage.gif\"><img loading=\"lazy\" decoding=\"async\" class=\"alignleft wp-image-445835 size-full\" src=\"https:\/\/planetdiablo.eu\/de\/wp-content\/uploads\/2011\/07\/warriv_frage.gif\" alt=\"Warriv\" width=\"53\" height=\"114\" \/><\/a>In der Welt von Diablo 2 wird man nach und nach unz\u00e4hlige Personen treffen, von denen einige einen auf der Reise zum Weltenstein ein St\u00fcck begleiten werden. Pro Akt kann man grob sagen, dass es immer Personen geben wird, die einem Gegenst\u00e4nde reparieren, Gl\u00fccksspiel anbieten, Tr\u00e4nke brauen, S\u00f6ldner wiederbeleben und Gegenst\u00e4nde identifizieren werden. Jeder NPC hat in Diablo 2 seinen eigenen Charakter und dr\u00fcckt dies mehr oder minder ausf\u00fchrlich in den unz\u00e4hligen Gespr\u00e4chen aus, die man mit ihm\/ihr f\u00fchren kann. (Gl\u00fccksspiel um Geld ist in Diablo 2 \u00fcbrigens erlaubt) Wenn man auf jemanden trifft, der einem etwas zu sagen hat, erkennt man dies an einem Ausrufezeichen \u00fcber seinem Kopf. Meisten weist das darauf hin, dass man die Story vorantreiben kann, wenn man mit dieser Person redet.<\/p>\n<h2 id=\"quests\">Jobsuche leichtgemacht<\/h2>\n<p>Pro Akt gibt es immer 6, bzw. 3 Aufgaben, die man von NPC&#8217;s gestellt bekommt. Die NPC&#8217;s machen &#8211; wie oben schon erkl\u00e4rt &#8211; mit einem Ausrufezeichen \u00fcber ihrem Kopf darauf aufmerksam, dass sie etwas zu sagen haben. Bei Auftr\u00e4gen erz\u00e4hlen sie eine mehr oder minder spannende und lange Geschichte, welche dann zur eigentlichen Aufgabe f\u00fchrt. Nachdem man einen Auftrag angenommen hat, kann man sich au\u00dferdem mit den anderen Personen des entsprechenden Aktes \u00fcber diesen Auftrag unterhalten und wenn man ganz viel Gl\u00fcck hat, bekommt man sogar ein paar wichtige Details. Auftr\u00e4ge sind immer welche da, es sei denn, man hat schon alle erledigt. Hat man nun eine Aufgabe zufriedenstellend erledigt, wird man abermals vom Auftraggeber so lange angequatscht, bis man sich seine Belohnung abgeholt hat.<\/p>\n<h2 id=\"handeln\">Handeln<\/h2>\n<p><a href=\"https:\/\/planetdiablo.eu\/de\/wp-content\/uploads\/2011\/07\/npc05b.jpg\"><img loading=\"lazy\" decoding=\"async\" class=\"alignleft wp-image-445839 size-full\" src=\"https:\/\/planetdiablo.eu\/de\/wp-content\/uploads\/2011\/07\/npc05b.jpg\" alt=\"NPCs Handeln\" width=\"322\" height=\"432\" \/><\/a>Der Bewohner der Diablo 2 Welt liebstes Hobby: Handeln.. Und das Faszinierendste ist, wo Hratli all die Waffen und R\u00fcstungen in seinem Umh\u00e4ngetuch verstaut&#8230; *ggg*<\/p>\n<p>Ohne Schmiede und Itemhandel w\u00fcrden selbst die hochleveligen Chars noch mit Kn\u00fcppel und Isenharts Kiste rumlaufen, deswegen stellt der Gegenstand-Handel einen der wichtigsten Aspekte des Spiels dar. Man kann pro Akt bei mindestens einer Person seine gefundenen Gegenst\u00e4nde verkaufen oder reparieren lassen, meist sind es sogar mehrere Personen, die einem diesen Service anbieten. Um in den Handelsbildschirm zu gelangen, klickt man einen der passenden NPC&#8217;s an und w\u00e4hlt im erscheinenden Men\u00fc Handel \/ Trade aus. Daraufhin \u00f6ffnet sich ein gro\u00dfes Fenster und das eigene Inventar und der Spa\u00df kann beginnen. Stellen wir uns mal vor, wir wollen dem netten Gheed unseren Windforce &#8222;schenken&#8220;: Wir klicken also mit links in unserem Inventar-Fenster auf den Bogen, schieben ihn mit der Maus in Gheed&#8217;s Fenster und klicken mit links. Daraufhin sind wir sofort um 25.000, 30.000 oder 35.000 (h\u00e4ngt vom Schwierigkeitsgrad ab) Goldst\u00fccke und einige Lacher reicher. Alternativ kann man am unteren Rand in Gheed&#8217;s Fenster auf &#8222;Sell&#8220; \/ &#8222;Verkaufen&#8220; klicken und der Mauszeiger verwandelt sich in einen M\u00fcnzstapel mit Pfeil dran. Ein Klick auf den Bogen und ein weiterer Klick auf &#8222;OK&#8220; und wir sind das Teil los.<\/p>\n<p>Man sollte grunds\u00e4tzlich alle Items verkaufen, die nicht besonders gut sind und die man selber nicht braucht, denn Reparaturen einiger Items k\u00f6nnen mehrere Millionen kosten. (z.B. wenn die Ladungen des Items aufgef\u00fcllt werden m\u00fcssen) Au\u00dferdem kann man mit dem vielen Geld wunderbar Gl\u00fccksspiel machen, womit wir zum n\u00e4chsten Abschnitt kommen:<\/p>\n<h2 id=\"gluecksspiel\">Das Gl\u00fccksspiel <i>oder<\/i> Die 1:10.000.000 Chance, einen Jordan zu bekommen<\/h2>\n<p>Da Gl\u00fccksspiel in Diablo 2 legal ist, nutzen das einige NPC&#8217;s schamlos dazu aus, den armen Spielern das Geld aus der Tasche zu ziehen. Es gestaltet sich so \u00e4hnlich wie das Handeln mit NPC&#8217;s mit dem Unterschied, dass alle Gegenst\u00e4nde, die man kauft, um ein Vielfaches teurer und unidentifiziert sind. Kauft man so einen Gegenstand, hat man entweder Gl\u00fcck und einen richtig guten erwischt (seit 1.09 kann man wieder Unique und Set Items erspielen, leider mit extrem geringen Chancen), oder man hat, wie so oft, Pech und erwischt einen grottenschlechten, magischen Gegenstand. Ansonsten kann man beim Gl\u00fccksspiel seine eigenen Gegenst\u00e4nde wie gehabt verkaufen, nur Reparieren geht leider nicht.<\/p>\n<h2 id=\"arten\">NPC-Arten<\/h2>\n<p>Man kann alle NPC&#8217;s aus Diablo 2 in 3 Arten einteilen:<\/p>\n<h3>1. Dienstleistende<\/h3>\n<table class=\"unstyled\" cellpadding=\"5px\">\n<tbody>\n<tr>\n<td><img loading=\"lazy\" decoding=\"async\" class=\"alignnone wp-image-583321 size-medium\" src=\"https:\/\/planetdiablo.eu\/de\/wp-content\/uploads\/2021\/08\/charsi-mittel-182x405.png\" alt=\"\" width=\"182\" height=\"405\" srcset=\"https:\/\/planetdiablo.eu\/de\/wp-content\/uploads\/2021\/08\/charsi-mittel-182x405.png 182w, https:\/\/planetdiablo.eu\/de\/wp-content\/uploads\/2021\/08\/charsi-mittel.png 300w\" sizes=\"auto, (max-width: 182px) 100vw, 182px\" \/><\/td>\n<td>Diese Gruppe umfasst die Mehrheit der NPC&#8217;s, n\u00e4mlich alle, die eine Dienstleistung wie Gl\u00fccksspiel, Handel, Reparatur oder S\u00f6ldnerbelebung anbieten.<\/td>\n<\/tr>\n<\/tbody>\n<\/table>\n<h3>2. Redner<\/h3>\n<table class=\"unstyled\" cellpadding=\"5px\">\n<tbody>\n<tr>\n<td><img loading=\"lazy\" decoding=\"async\" class=\"alignnone wp-image-583325 size-medium\" src=\"https:\/\/planetdiablo.eu\/de\/wp-content\/uploads\/2021\/08\/flavie-klein-173x405.png\" alt=\"\" width=\"173\" height=\"405\" srcset=\"https:\/\/planetdiablo.eu\/de\/wp-content\/uploads\/2021\/08\/flavie-klein-173x405.png 173w, https:\/\/planetdiablo.eu\/de\/wp-content\/uploads\/2021\/08\/flavie-klein.png 200w\" sizes=\"auto, (max-width: 173px) 100vw, 173px\" \/><\/td>\n<td>Zu der Gruppe geh\u00f6ren alle, die nur Informationen oder Quests geben. Diese Personen halten relativ selten wichtige Informationen bereit, sie sind nur dazu da, um Details zur Story zu geben. Einige von ihnen kann man au\u00dferhalb der St\u00e4dte treffen. Dort k\u00e4mpfen sie teilweise gegen Monster in ihrer Reichweite. (z.B. Flavie beim \u00dcbergang vom Blutmoor zur Kalten Ebene)<\/td>\n<\/tr>\n<\/tbody>\n<\/table>\n<h3>3. S\u00f6ldner<\/h3>\n<table class=\"unstyled\" cellpadding=\"5px\">\n<tbody>\n<tr>\n<td><img loading=\"lazy\" decoding=\"async\" class=\"alignnone wp-image-583305 size-medium\" src=\"https:\/\/planetdiablo.eu\/de\/wp-content\/uploads\/2021\/08\/act-2-merc-klein-180x405.png\" alt=\"\" width=\"180\" height=\"405\" srcset=\"https:\/\/planetdiablo.eu\/de\/wp-content\/uploads\/2021\/08\/act-2-merc-klein-180x405.png 180w, https:\/\/planetdiablo.eu\/de\/wp-content\/uploads\/2021\/08\/act-2-merc-klein.png 200w\" sizes=\"auto, (max-width: 180px) 100vw, 180px\" \/><\/td>\n<td>Eine besondere Gruppe von NPC&#8217;s, die man anheuern kann. Dazu mehr auf unseren S\u00f6ldnerseiten zu <a href=\"https:\/\/planetdiablo.eu\/diablo-2\/npcs-nicht-spieler-charaktere\/soldner\/\">D2 Legacy<\/a> und <a href=\"https:\/\/planetdiablo.eu\/de\/diablo-2\/npcs-nicht-spieler-charaktere\/diablo-2-soeldner-in-d2resurrected\/\">D2 Resurrected<\/a>. Sie begleiten einen durch die Akte hindurch und sind nicht ansprechbar. Man hat keine direkte Kontrolle \u00fcber sie. Sie verteidigen sich selbst und helfen bei der Monsterbek\u00e4mpfung.<\/td>\n<\/tr>\n<\/tbody>\n<\/table>\n<h2 id=\"tips\">Tipps<\/h2>\n<ul>\n<li>einige NPC&#8217;s bieten ihren Service (z.B. S\u00f6ldneranheuerung) erst an, nachdem man ein bestimmtes Quest gel\u00f6st hat<\/li>\n<li>die Preise der Schmiede und H\u00e4ndler k\u00f6nnen sich nach der L\u00f6sung von bestimmten Questen \u00e4ndern<\/li>\n<li>der Preis der Gegenst\u00e4nde beim Gl\u00fccksspiel h\u00e4ngt vom Spielercharakter-Level ab<\/li>\n<li>die Chance auf ein Unique oder Set Item beim Gl\u00fccksspiel h\u00e4ngt NICHT von der eigenen Chance, magische Gegenst\u00e4nde zu finden, oder vom Akt, in dem man ist, ab<\/li>\n<li>die bei den H\u00e4ndlern angebotenen Items entsprechen ungef\u00e4hr dem Level des Spielercharakters, ein Level 5 Char kann sich also noch keine Level 30 Ausr\u00fcstung kaufen<\/li>\n<li>man soll nie die Hoffnung beim Gl\u00fccksspiel aufgeben<\/li>\n<li>man kann Flavie, Tyrael, Deckard Cain und alle anderen NPC&#8217;s (bis auf Nihlathak) nicht umbringen, auch wenn man es noch so sehr versucht<\/li>\n<li>die H\u00e4ndler wechseln ihr Angebot nur dann, wenn man die Stadt verl\u00e4sst oder einen Wegpunkt au\u00dferhalb der Stadt benutzt<\/li>\n<li>das Gl\u00fccksspielangebot wechselt jedesmal, wenn man den Gl\u00fccksspiel-H\u00e4ndler anspricht<\/li>\n<\/ul>\n<hr noshade=\"noshade\" size=\"1\" \/>\n<div align=\"center\">[<a href=\"https:\/\/planetdiablo.eu\/diablo-2\/npcs-nicht-spieler-charaktere\/\">Einleitung<\/a>] [<a href=\"\/diablo-2\/npcs-nicht-spieler-charaktere\/npcs-aus-akt-1\/\">Akt 1<\/a>] [<a href=\"\/diablo-2\/npcs-nicht-spieler-charaktere\/npcs-aus-akt-2\/\">Akt 2<\/a>] [<a href=\"\/diablo-2\/npcs-nicht-spieler-charaktere\/npcs-aus-akt-3\/\">Akt 3<\/a>] [<a href=\"\/diablo-2\/npcs-nicht-spieler-charaktere\/npcs-aus-akt-4\/\">Akt 4<\/a>] [<a href=\"\/diablo-2\/npcs-nicht-spieler-charaktere\/npcs-aus-akt-5\/\">Akt 5<\/a>] [<a href=\"\/diablo-2\/npcs-nicht-spieler-charaktere\/soldner\/\">S\u00f6ldner<\/a>] [<a href=\"https:\/\/planetdiablo.eu\/de\/diablo-2\/npcs-nicht-spieler-charaktere\/diablo-2-soeldner-in-d2resurrected\/\">S\u00f6ldner D2R<\/a>]<\/div>\n<hr noshade=\"noshade\" size=\"1\" \/>\n\n\n<p><\/p>\n","protected":false},"excerpt":{"rendered":"<p>Inhalt: Einf\u00fchrung NPC&#8217;s Akt 1 NPC&#8217;s Akt 2 NPC&#8217;s Akt 3 NPC&#8217;s Akt 4 NPC&#8217;s Akt 5 S\u00f6ldner in D2 Legacy S\u00f6ldner in D2 Resurrected Navigation: Einleitung Von Plaudertaschen und Halsabschneidern Jobsuche leichtgemacht Handeln Das Gl\u00fccksspiel NPC-Arten Tips Einleitung NPC&#8217;s (sprich: &#8222;Enn Pie Ziehs&#8220; f\u00fcr die CBS-Leser unter uns) gibt es in den meisten Spielen.&hellip; <a class=\"more-link\" href=\"https:\/\/planetdiablo.eu\/de\/diablo-2\/npcs-nicht-spieler-charaktere\/\"><span class=\"screen-reader-text\">Diablo 2 &#8211; NPCs: Nicht-Spieler-Charaktere<\/span> weiterlesen<\/a><\/p>\n","protected":false},"author":751,"featured_media":583336,"parent":71,"menu_order":35,"comment_status":"closed","ping_status":"open","template":"","meta":{"footnotes":""},"class_list":["post-445815","page","type-page","status-publish","has-post-thumbnail","hentry","entry"],"_links":{"self":[{"href":"https:\/\/planetdiablo.eu\/de\/wp-json\/wp\/v2\/pages\/445815","targetHints":{"allow":["GET"]}}],"collection":[{"href":"https:\/\/planetdiablo.eu\/de\/wp-json\/wp\/v2\/pages"}],"about":[{"href":"https:\/\/planetdiablo.eu\/de\/wp-json\/wp\/v2\/types\/page"}],"author":[{"embeddable":true,"href":"https:\/\/planetdiablo.eu\/de\/wp-json\/wp\/v2\/users\/751"}],"replies":[{"embeddable":true,"href":"https:\/\/planetdiablo.eu\/de\/wp-json\/wp\/v2\/comments?post=445815"}],"version-history":[{"count":12,"href":"https:\/\/planetdiablo.eu\/de\/wp-json\/wp\/v2\/pages\/445815\/revisions"}],"predecessor-version":[{"id":586540,"href":"https:\/\/planetdiablo.eu\/de\/wp-json\/wp\/v2\/pages\/445815\/revisions\/586540"}],"up":[{"embeddable":true,"href":"https:\/\/planetdiablo.eu\/de\/wp-json\/wp\/v2\/pages\/71"}],"wp:featuredmedia":[{"embeddable":true,"href":"https:\/\/planetdiablo.eu\/de\/wp-json\/wp\/v2\/media\/583336"}],"wp:attachment":[{"href":"https:\/\/planetdiablo.eu\/de\/wp-json\/wp\/v2\/media?parent=445815"}],"curies":[{"name":"wp","href":"https:\/\/api.w.org\/{rel}","templated":true}]}}