{"id":445849,"date":"2011-07-24T00:01:04","date_gmt":"2011-07-23T22:01:04","guid":{"rendered":"http:\/\/diablo3.ingame.de\/?page_id=445849"},"modified":"2022-06-23T10:55:09","modified_gmt":"2022-06-23T08:55:09","slug":"npcs-aus-akt-1","status":"publish","type":"page","link":"https:\/\/planetdiablo.eu\/de\/diablo-2\/npcs-nicht-spieler-charaktere\/npcs-aus-akt-1\/","title":{"rendered":"Diablo 2 &#8211; NPCs aus Akt 1"},"content":{"rendered":"<h2>Inhalt:<\/h2>\n<ul>\n<li><a href=\"https:\/\/planetdiablo.eu\/diablo-2\/npcs-nicht-spieler-charaktere\/\">Einf\u00fchrung<\/a><\/li>\n<li>NPC&#8217;s Akt 1<\/li>\n<li><a href=\"https:\/\/planetdiablo.eu\/diablo-2\/npcs-nicht-spieler-charaktere\/npcs-aus-akt-2\/\">NPC&#8217;s Akt 2<\/a><\/li>\n<li><a href=\"https:\/\/planetdiablo.eu\/diablo-2\/npcs-nicht-spieler-charaktere\/npcs-aus-akt-3\/\">NPC&#8217;s Akt 3<\/a><\/li>\n<li><a href=\"https:\/\/planetdiablo.eu\/diablo-2\/npcs-nicht-spieler-charaktere\/npcs-aus-akt-4\/\">NPC&#8217;s Akt 4<\/a><\/li>\n<li><a href=\"https:\/\/planetdiablo.eu\/diablo-2\/npcs-nicht-spieler-charaktere\/npcs-aus-akt-5\/\">NPC&#8217;s Akt 5<\/a><\/li>\n<li><a href=\"https:\/\/planetdiablo.eu\/diablo-2\/npcs-nicht-spieler-charaktere\/soldner\/\">S\u00f6ldner<\/a><\/li>\n<\/ul>\n<h2>Navigation:<\/h2>\n<ul>\n<li><a href=\"#akara\">Akara<\/a><\/li>\n<li><a href=\"#charsi\">Charsi<\/a><\/li>\n<li><a href=\"#cain\">Deckard Cain<\/a><\/li>\n<li><a href=\"#flavie\">Flavie<\/a><\/li>\n<li><a href=\"#gheed\">Gheed<\/a><\/li>\n<li><a href=\"#kashya\">Kashya<\/a><\/li>\n<li><a href=\"#warriv\">Warriv<\/a><\/li>\n<\/ul>\n<h2 id=\"akara\">Akara, die Geistliche<\/h2>\n<p><img loading=\"lazy\" decoding=\"async\" class=\"alignleft wp-image-445851 size-full\" src=\"https:\/\/planetdiablo.eu\/de\/wp-content\/uploads\/2011\/07\/akara.gif\" alt=\"Akara\" width=\"75\" height=\"100\"><\/p>\n<p><b>Standort:<\/b> Rechts unten im Lager, vor ihrem Zelt<br \/>\n<b>Funktion:<\/b> Heilerin; Verkauft St\u00e4be, Szepter, Heiltr\u00e4nke und Schriftrollen<br \/>\n<b>Quests:<\/b> Die H\u00f6hle des B\u00f6sen, Die Suche nach Cain<br \/>\n<b>Zitat:<\/b> <i>&#8222;Der Orden hei\u00dft euch willkommen&#8220;<\/i><\/p>\n<p>Akara ist die geistliche F\u00fchrerin des Ordens der <i>Schwestern vom verborgenen Auge<\/i>. Sie verf\u00fcgt \u00fcber Heilkr\u00e4fte und kann auch eure Mana-Vorr\u00e4te auff\u00fcllen. Sie hat einen Vorrat an verschiedenen St\u00e4ben, Szeptern und anderen magischen Gegenst\u00e4nden. Sie verkauft auch Heiltr\u00e4nke und andere Elixire sowie Schriftrollen und Folianten.<\/p>\n<p>Von Akara bekommt ihr eure erste Aufgabe, n\u00e4mlich die H\u00f6hle des B\u00f6sen zu s\u00e4ubern. Wenn ihr damit fertig seid bekommt ihr von ihr einen Skillpunkt geschenkt, was in den meisten F\u00e4llen ein wahrlich f\u00fcrstliches Geschenk ist.<\/p>\n<h2 id=\"charsi\">Charsi, die Schmiedin des Lagers<\/h2>\n<p><img loading=\"lazy\" decoding=\"async\" class=\"alignleft wp-image-445861 size-full\" src=\"https:\/\/planetdiablo.eu\/de\/wp-content\/uploads\/2011\/07\/charsi.gif\" alt=\"Charsi\" width=\"75\" height=\"100\"><\/p>\n<p><b>Standort:<\/b> Rechts oben im Lager, zwischen \u00c4xten, Schwertern und R\u00fcstungen<br \/>\n<b>Funktion:<\/b> Die Schmiedin; Sie verkauft Waffen und R\u00fcstungen und kann eure Ausr\u00fcstung reparieren<br \/>\n<b>Quests:<\/b> Das richtige Werkzeug<br \/>\n<b>Zitat:<\/b> <i>&#8222;Oh hallo! Es ist sch\u00f6n euch wiederzusehen&#8220;<\/i><\/p>\n<p>Charsi ist die Schmiedin im Lager. Sie verkauf euch R\u00fcstungen, Waffen und Munition f\u00fcr B\u00f6gen oder Armbr\u00fcste. Sie kann auch eure Ausr\u00fcstung reparieren. Wie das funktioniert ist in der Einf\u00fchrung genauer beschrieben.<br \/>\nVon Charsi kreigt ihr auch die Quest 5. Nachdem ihr Cain befreit habt, bittet euch Charsi in das Kloster zu gehen und den Horadrim Malus zu holen. Wenn ihr den Malus zur\u00fcckbringt, verzaubert Charsi einen wei\u00dfen Gegenstand in einen seltenen Gegenstand.<\/p>\n<h2 id=\"cain\">Deckard Cain, der letzte der Horadrim<\/h2>\n<p><img loading=\"lazy\" decoding=\"async\" class=\"alignleft wp-image-445863 size-full\" src=\"https:\/\/planetdiablo.eu\/de\/wp-content\/uploads\/2011\/07\/deckardcain.gif\" alt=\"Deckard Cain\" width=\"75\" height=\"100\"><\/p>\n<p><b>Standort:<\/b> In der Mitte des Lagers unterhalb des Lagerfeuers<br \/>\n<b>Funktion:<\/b> Der Berater; identifiziert kostenlos Gegenst\u00e4nde<br \/>\n<b>Quests:<\/b> Schwestern in der Schlacht<br \/>\n<b>Zitat:<\/b> <i>&#8222;Bleibt ein Weilchen und h\u00f6rt zu &#8230;&#8220;<\/i><\/p>\n<p>Cain ist erst ab der Mitte des ersten Aktes verf\u00fcgbar. Erst bekommt ihr von Akara die Aufgabe Cain zu suchen und wenn ihr ihn gefunden habt, ist er im Lager verf\u00fcgbar. Cain identifiziert kostenlos Gegenst\u00e4nde, was f\u00fcr den Rest des Spiels den Kauf von Identifikationsrollen sinnlos macht.<\/p>\n<p>Er ist ein alter, verkalkter und sehr redseliger Gelehrter, der euch auch f\u00fcr den Rest des Spiels nicht mehr in Ruhe l\u00e4sst. Ihr werdet so manche Information (ob ihr nun wollt oder nicht )von Cain bekommen, wenn ihr euch nur traut ihm zuzuh\u00f6ren (und wenn ihr euch nicht traut trotzdem). Auch wird er euch die eine oder andere Quest geben.<\/p>\n<h2 id=\"flavie\">Flavie, die W\u00e4chterin<\/h2>\n<p><img loading=\"lazy\" decoding=\"async\" class=\"alignleft wp-image-445865 size-full\" src=\"https:\/\/planetdiablo.eu\/de\/wp-content\/uploads\/2011\/07\/rogue.gif\" alt=\"Flavie\" width=\"75\" height=\"100\"><\/p>\n<p><b>Standort:<\/b> Am \u00dcbergang vom Blumoor zur Kalten Ebene<br \/>\n<b>Funktion:<\/b> \u00f6hh; warnt Chars vor der n\u00e4chsten Ebene<br \/>\n<b>Quests:<\/b> &#8212;&#8211;<br \/>\n<b>Zitat:<\/b> <i>&#8222;Vorsicht! Jenseits lauern t\u00f6dliche Gefahren auf euresgleichen!&#8220;<\/i><\/p>\n<p>Die Funktion von Flavie ist etwas beschr\u00e4nkt. Ihre einzige Aufgabe besteht darin, Chars welche die erste Quest noch nicht erf\u00fcllt haben zu warnen. Flavie hat schon so manchen Spieler gerettet, indem sie schon auf Monster schie\u00dft, wenn man noch mit ihr redet. Auch scheint Flavie f\u00fcr die Monster schlicht unsichtbar zu sein, schlie\u00dflich wird sie niemals angegriffen.<\/p>\n<h2 id=\"gheed\">Gheed, der fahrende H\u00e4ndler<\/h2>\n<p><img loading=\"lazy\" decoding=\"async\" class=\"alignleft wp-image-445867 size-full\" src=\"https:\/\/planetdiablo.eu\/de\/wp-content\/uploads\/2011\/07\/gheed.gif\" alt=\"\" width=\"75\" height=\"100\"><\/p>\n<p><b>Standort:<\/b> In der oberen linken Ecke des Lagers, an seinem Wagen<br \/>\n<b>Funktion:<\/b> H\u00e4ndler; verkauft Waffen, Schl\u00fcssel und bietet Gl\u00fccksspiel an<br \/>\n<b>Quests:<\/b> &#8212;&#8211;<br \/>\n<b>Zitat:<\/b> <i>&#8222;Meine Sachen halten bestimmt ein Leben lang <b>und<\/b> haben 2 Tage Garantie!&#8220;<\/i><\/p>\n<p>Gheed ist ein Mitglied von Warrivs Karawane. (Wo ist eigentlich der ganze Rest davon?) Nach eigener Angabe wird er in dem Lager unser bester Freund sein. Auch ist er so freundlich, auf seine Sachen 2 Tage Garantie zu geben. Bei Gheed kann man Gl\u00fccksspiel mit den selben Chancen wie in den anderen Akten betreiben.<\/p>\n<p>Zitat Akara \u00fcber Gheed: <i>&#8222;Um ehrlich zu sein, habe ich mir gr\u00f6\u00dfte M\u00fche gegeben, Gheed aus dem Weg zu gehen. Die L\u00fcge h\u00fcllt ihn wie ein Mantel ein und er scheint seine eigene Situation stets dadurch verbessern zu wollen, dass er das Ungl\u00fcck anderer ausnutzt&#8230;&#8220;<\/i><\/p>\n<h2 id=\"kashya\">Kashya, die Kriegerin<\/h2>\n<p><img loading=\"lazy\" decoding=\"async\" class=\"alignleft wp-image-445869 size-full\" src=\"https:\/\/planetdiablo.eu\/de\/wp-content\/uploads\/2011\/07\/kashya.gif\" alt=\"\" width=\"75\" height=\"100\"><\/p>\n<p><b>Standort:<\/b> Etwas rechts vom Lagerfeuer<br \/>\n<b>Funktion:<\/b> S\u00f6ldnerf\u00fchrerin; belebt tote S\u00f6ldner wieder, &#8222;verkauft&#8220; J\u00e4gerinnen<br \/>\n<b>Quests:<\/b> Friedhof der Schwestern<br \/>\n<b>Zitat:<\/b> <i>&#8222;Die Schwesternschaft hei\u00dft euch willkommen!&#8220;<\/i><\/p>\n<p>Kashya ist die Anf\u00fcherin der Schwesternschaft. Sie ist Fremden etwas mistrauisch, was sie auch in ihrer Begr\u00fc\u00dfung klar macht. Nachdem man Blutrabe f\u00fcr sie get\u00f6tet hat, entwickelt sie Vertrauen zu einem und l\u00e4\u00dft uns fortan J\u00e4gerinnen anheuern. Auch ist sie stets n\u00fctzlich, f\u00fcr eine Information zu den Aufgaben, so gibt sie uns z.B. Tips zur Gr\u00e4fin und andere Hinweise.<\/p>\n<h2 id=\"warriv\">Warriv der Karawanenf\u00fchrer<\/h2>\n<p><img loading=\"lazy\" decoding=\"async\" class=\"alignleft wp-image-445871 size-full\" src=\"https:\/\/planetdiablo.eu\/de\/wp-content\/uploads\/2011\/07\/warriv.gif\" alt=\"\" width=\"75\" height=\"100\"><\/p>\n<p><b>Standort:<\/b> Direkt am Startpunkt<br \/>\n<b>Funktion:<\/b> Karawanenf\u00fchrer; bringt uns in den 2.Akt<br \/>\n<b>Quests:<\/b> &#8212;&#8211;<br \/>\n<b>Zitat:<\/b> <i>&#8222;Eure Anwesenheit ehrt mich!&#8220;<\/i><\/p>\n<p>Warriv ist ein Karawanenf\u00fchrer, der normalerweise zwischen Lut Gholein und dem Kloster der Schwesternschaft hin und her pendelt. Als der Pass geschlossen wurde, musste er im Lager der J\u00e4gerinnen Schutz suchen und sitzt dort fest. Er ist derjenige, der uns als erstes im Lager begr\u00fc\u00dft und uns schonmal die wichtigsten Dinge erkl\u00e4rt. Er bietet uns an, uns mitzunehmen, wenn wir den Pass wieder sichern w\u00fcrden.<\/p>\n<p>Er wei\u00dft uns \u00f6fters mal auf seine Situation hin, damit wir uns beeilen. Sobald wir Andariel get\u00f6tet haben, k\u00f6nnen wir mit ihm in den 2. Akt reisen.<\/p>\n<hr size=\"1\" noshade=\"noshade\">\n<div align=\"center\">[<a href=\"https:\/\/planetdiablo.eu\/diablo-2\/das-spiel\/npcs-nicht-spieler-charaktere\/\">Einleitung<\/a>] [<a href=\"https:\/\/planetdiablo.eu\/diablo-2\/npcs-nicht-spieler-charaktere\/npcs-aus-akt-1\/\">Akt 1<\/a>] [<a href=\"https:\/\/planetdiablo.eu\/diablo-2\/npcs-nicht-spieler-charaktere\/npcs-aus-akt-2\/\">Akt 2<\/a>] [<a href=\"https:\/\/planetdiablo.eu\/diablo-2\/npcs-nicht-spieler-charaktere\/npcs-aus-akt-3\/\">Akt 3<\/a>] [<a href=\"https:\/\/planetdiablo.eu\/diablo-2\/npcs-nicht-spieler-charaktere\/npcs-aus-akt-4\/\">Akt 4<\/a>] [<a href=\"https:\/\/planetdiablo.eu\/diablo-2\/npcs-nicht-spieler-charaktere\/npcs-aus-akt-5\/\">Akt 5<\/a>] [<a href=\"https:\/\/planetdiablo.eu\/diablo-2\/npcs-nicht-spieler-charaktere\/soldner\/\">S\u00f6ldner<\/a>]<\/div>\n<hr size=\"1\" noshade=\"noshade\">\n","protected":false},"excerpt":{"rendered":"<p>Inhalt: Einf\u00fchrung NPC&#8217;s Akt 1 NPC&#8217;s Akt 2 NPC&#8217;s Akt 3 NPC&#8217;s Akt 4 NPC&#8217;s Akt 5 S\u00f6ldner Navigation: Akara Charsi Deckard Cain Flavie Gheed Kashya Warriv Akara, die Geistliche Standort: Rechts unten im Lager, vor ihrem Zelt Funktion: Heilerin; Verkauft St\u00e4be, Szepter, Heiltr\u00e4nke und Schriftrollen Quests: Die H\u00f6hle des B\u00f6sen, Die Suche nach Cain&hellip; <a class=\"more-link\" href=\"https:\/\/planetdiablo.eu\/de\/diablo-2\/npcs-nicht-spieler-charaktere\/npcs-aus-akt-1\/\"><span class=\"screen-reader-text\">Diablo 2 &#8211; NPCs aus Akt 1<\/span> weiterlesen<\/a><\/p>\n","protected":false},"author":847,"featured_media":0,"parent":445815,"menu_order":0,"comment_status":"closed","ping_status":"open","template":"","meta":{"footnotes":""},"class_list":["post-445849","page","type-page","status-publish","hentry","entry"],"_links":{"self":[{"href":"https:\/\/planetdiablo.eu\/de\/wp-json\/wp\/v2\/pages\/445849","targetHints":{"allow":["GET"]}}],"collection":[{"href":"https:\/\/planetdiablo.eu\/de\/wp-json\/wp\/v2\/pages"}],"about":[{"href":"https:\/\/planetdiablo.eu\/de\/wp-json\/wp\/v2\/types\/page"}],"author":[{"embeddable":true,"href":"https:\/\/planetdiablo.eu\/de\/wp-json\/wp\/v2\/users\/847"}],"replies":[{"embeddable":true,"href":"https:\/\/planetdiablo.eu\/de\/wp-json\/wp\/v2\/comments?post=445849"}],"version-history":[{"count":2,"href":"https:\/\/planetdiablo.eu\/de\/wp-json\/wp\/v2\/pages\/445849\/revisions"}],"predecessor-version":[{"id":583462,"href":"https:\/\/planetdiablo.eu\/de\/wp-json\/wp\/v2\/pages\/445849\/revisions\/583462"}],"up":[{"embeddable":true,"href":"https:\/\/planetdiablo.eu\/de\/wp-json\/wp\/v2\/pages\/445815"}],"wp:attachment":[{"href":"https:\/\/planetdiablo.eu\/de\/wp-json\/wp\/v2\/media?parent=445849"}],"curies":[{"name":"wp","href":"https:\/\/api.w.org\/{rel}","templated":true}]}}