{"id":445883,"date":"2011-07-24T00:44:23","date_gmt":"2011-07-23T22:44:23","guid":{"rendered":"http:\/\/diablo3.ingame.de\/?page_id=445883"},"modified":"2021-09-27T17:02:48","modified_gmt":"2021-09-27T15:02:48","slug":"npcs-aus-akt-2","status":"publish","type":"page","link":"https:\/\/planetdiablo.eu\/de\/diablo-2\/npcs-nicht-spieler-charaktere\/npcs-aus-akt-2\/","title":{"rendered":"Diablo 2 &#8211; NPCs aus Akt 2"},"content":{"rendered":"<h2>Inhalt:<\/h2>\n<ul>\n<li><a href=\"https:\/\/planetdiablo.eu\/diablo-2\/npcs-nicht-spieler-charaktere\/\">Einf\u00fchrung<\/a><\/li>\n<li><a href=\"https:\/\/planetdiablo.eu\/diablo-2\/npcs-nicht-spieler-charaktere\/npcs-aus-akt-1\/\">NPC&#8217;s Akt 1<\/a><\/li>\n<li>NPC&#8217;s Akt 2<\/li>\n<li><a href=\"https:\/\/planetdiablo.eu\/diablo-2\/npcs-nicht-spieler-charaktere\/npcs-aus-akt-3\/\">NPC&#8217;s Akt 3<\/a><\/li>\n<li><a href=\"https:\/\/planetdiablo.eu\/diablo-2\/npcs-nicht-spieler-charaktere\/npcs-aus-akt-4\/\">NPC&#8217;s Akt 4<\/a><\/li>\n<li><a href=\"https:\/\/planetdiablo.eu\/diablo-2\/npcs-nicht-spieler-charaktere\/npcs-aus-akt-5\/\">NPC&#8217;s Akt 5<\/a><\/li>\n<li><a href=\"https:\/\/planetdiablo.eu\/diablo-2\/npcs-nicht-spieler-charaktere\/soldner\/\">S\u00f6ldner<\/a><\/li>\n<\/ul>\n<h2>Navigation:<\/h2>\n<ul>\n<li><a href=\"#atma\">Atma<\/a><\/li>\n<li><a href=\"#cain\">Deckard Cain<\/a><\/li>\n<li><a href=\"#drognan\">Drognan<\/a><\/li>\n<li><a href=\"#elzix\">Elzix<\/a><\/li>\n<li><a href=\"#fara\">Fara<\/a><\/li>\n<li><a href=\"#geglash\">Geglash<\/a><\/li>\n<li><a href=\"#griez\">Griez<\/a><\/li>\n<li><a href=\"#jerhyn\">Jerhyn<\/a><\/li>\n<li><a href=\"#kaelan\">Kaelan<\/a><\/li>\n<li><a href=\"#lysander\">Lysander<\/a><\/li>\n<li><a href=\"#meshif\">Meshif<\/a><\/li>\n<li><a href=\"#warriv\">Warriv<\/a><\/li>\n<li><a href=\"#tyrael\">Tyrael<\/a><\/li>\n<\/ul>\n<h2 id=\"atma\" style=\"clear: both;\">Atma, die Barbesitzerin<\/h2>\n<p><img loading=\"lazy\" decoding=\"async\" class=\"alignleft wp-image-445925 size-full\" src=\"https:\/\/planetdiablo.eu\/de\/wp-content\/uploads\/2011\/07\/atma.gif\" alt=\"Atma\" width=\"75\" height=\"100\"><\/p>\n<p><b>Standort:<\/b> In ihrer Bar in der N\u00e4he der Stadtportale<br \/>\n<b>Funktion:<\/b> Heilerin<br \/>\n<b>Quests:<\/b> Radaments Lager<br \/>\n<b>Zitat:<\/b> <i>&#8222;Sie sagen der Geschmack der Rache sei bitters\u00fcss, aber ich mag ihn&#8220;<\/i><\/p>\n<p>Atma besitzt eine Taverne in Lut Gholein. Sie hat ihren Mann und ihren Sohn verloren, als diese versuchten Radament zu vernichten. Leider sind sie gescheitert, und ihr d\u00fcrft die dreckige Arbeit \u00fcbernehmen. Sobald ihr Radament get\u00f6tet habt, \u00fcberredet Atma die H\u00e4ndler, euch g\u00fcnstigere Preise zu machen.<\/p>\n<h2 id=\"cain\">Deckard Cain, der letzte der Horadrim<\/h2>\n<p><img loading=\"lazy\" decoding=\"async\" class=\"alignleft wp-image-445863 size-full\" src=\"https:\/\/planetdiablo.eu\/de\/wp-content\/uploads\/2011\/07\/deckardcain.gif\" alt=\"Deckard Cain\" width=\"75\" height=\"100\"><\/p>\n<p><b>Standort:<\/b> In der Mitte der Stadt, in der N\u00e4he der Kiste<br \/>\n<b>Funktion:<\/b> Der Berater; identifiziert kostenlos Gegenst\u00e4nde<br \/>\n<b>Quests:<\/b> Der Horadrim Stab, Die sieben Gr\u00e4ber<br \/>\n<b>Zitat:<\/b> <i>&#8222;Bleibt ein Weilchen und h\u00f6rt zu &#8230;&#8220;<\/i><\/p>\n<p>Deckard Cain begleitet (oder verfolgt?) euch durch alle Akte. Im zweiten Akt, kann er euch viele Informationen \u00fcber den Horadrim W\u00fcrfel und die Geschichte der Horadrim erz\u00e4hlen. (Er ist schlie\u00dflich der letzte der Horadrim.) So erkl\u00e4rt er euch zum Beispiel die Benutzung des Horadrim W\u00fcrfels und erz\u00e4hlt euch die Geschichte der Gefangennahme von Baal. Auch hier im 2.Akt k\u00f6nnt ihr bei ihm kostenlos Gegenst\u00e4nde identifizieren.<\/p>\n<h2 id=\"drognan\">Drognan, der Magier<\/h2>\n<p><img loading=\"lazy\" decoding=\"async\" class=\"alignleft wp-image-445927 size-full\" src=\"https:\/\/planetdiablo.eu\/de\/wp-content\/uploads\/2011\/07\/drognan.gif\" alt=\"Drognan\" width=\"75\" height=\"100\"><\/p>\n<p><b>Standort:<\/b> Etwas oberhalb des Zentrums<br \/>\n<b>Funktion:<\/b> Zauberer; verkauf Tr\u00e4nke, Schriftrollen und Zauberst\u00e4be<br \/>\n<b>Quests:<\/b> Verdunkelte Sonne<br \/>\n<b>Zitat:<\/b> <i>&#8222;Tretet n\u00e4her und lasst uns handeln&#8220;<\/i><\/p>\n<p>Drognan ist ein Zauberer. Niemand wei\u00df welchem Magier-Clan er angeh\u00f6rt. Er redet wenig und selten, deshalb solltet ihr zuh\u00f6ren wenn er etwas sagt, denn es ist meistens sehr wichtig. Im Verlaufe des Spiels erkl\u00e4rt er euch den Grund der Sonnenfinsternis und gibt euch die Aufgabe, den Sonnentempel der Klauenvipern zu zerst\u00f6ren. Er hat immer einen Vorrat an magischen St\u00e4ben, Szeptern etc. die er gerne verkauft. Ebenfalls verkauft er Heiltr\u00e4nke und Schriftrollen.<\/p>\n<h2 id=\"elzix\">Elzix, der Schurke<\/h2>\n<p><img loading=\"lazy\" decoding=\"async\" class=\"alignleft wp-image-445929 size-full\" src=\"https:\/\/planetdiablo.eu\/de\/wp-content\/uploads\/2011\/07\/elzix.gif\" alt=\"\" width=\"75\" height=\"100\"><\/p>\n<p><b>Standort:<\/b> An der linken Seite der Stadt<br \/>\n<b>Funktion:<\/b> H\u00e4ndler; verkauft Waffen, Schl\u00fcssel und bietet Gl\u00fccksspiel an<br \/>\n<b>Quests:<\/b> &#8212;&#8211;<br \/>\n<b>Zitat:<\/b> <i>&#8222;Ich war mal ein richtiger Halunke&#8230;&#8220;<\/i><\/p>\n<p>Elzix ist der Gl\u00fccksspieler in Lut Gholein. Er bietet einige Waffen und R\u00fcstungen an, und halt die M\u00f6glichkeit zum Gl\u00fccksspiel. Er sagt, er w\u00e4re fr\u00fcher mal ein Halunke gewesen, und h\u00e4tte die tollk\u00fcnste Bande angef\u00fchrt.<\/p>\n<h2 id=\"fara\">Fara, die Schmiedin<\/h2>\n<p><img loading=\"lazy\" decoding=\"async\" class=\"alignleft wp-image-445931 size-full\" src=\"https:\/\/planetdiablo.eu\/de\/wp-content\/uploads\/2011\/07\/fara.gif\" alt=\"\" width=\"75\" height=\"100\"><\/p>\n<p><b>Standort:<\/b> Im Zentrum direkt an der Kiste<br \/>\n<b>Funktion:<\/b> Heilerin\/Schmiedin; verkauft Ausr\u00fcstung, f\u00fcllt Leben und Mana wieder auf<br \/>\n<b>Quests:<\/b> &#8212;&#8211;<br \/>\n<b>Zitat:<\/b> <i>&#8222;Ich wei\u00df viel \u00fcber die alten Religionen&#8220;<\/i><\/p>\n<p>Fara ist Schmiedin und Heilerin in einem. Sie repariert eure Ausr\u00fcstung, verkauft euch neue Waffen, R\u00fcstungen etc. und heilt euch gleichzeitig noch.<\/p>\n<p>Sie ist zum Paladin ausgebildet worden, und wei\u00df desswegen einiges \u00fcber die drei \u00dcbel und den Kampf zwischen Gut und B\u00f6se. Fara gibt euch interessante Informationen \u00fcber die Monster. So sagt sie zum Beispiel, dass Radament durch Gift nicht zu verletzen ist aber auf Feuer allergisch reagiert.<\/p>\n<h2 id=\"geglash\">Geglash, der Bramabas<\/h2>\n<p><img loading=\"lazy\" decoding=\"async\" class=\"alignleft wp-image-445933 size-full\" src=\"https:\/\/planetdiablo.eu\/de\/wp-content\/uploads\/2011\/07\/geglash.gif\" alt=\"\" width=\"75\" height=\"100\"><\/p>\n<p><b>Standort:<\/b> In Atmas Taverne<br \/>\n<b>Funktion:<\/b> tja, keine Ahnung<br \/>\n<b>Quests:<\/b> &#8212;&#8211;<br \/>\n<b>Zitat:<\/b> <i>&#8222;Ich wei\u00df auch nich warum ihr mich andauernd behelligt!&#8220;<\/i><\/p>\n<p>Was soll man zu Geglash gro\u00dfartiges sagen?<br \/>\nEr steht in Atmas Taverne rum, trinkt anscheinend reichlich und klopft Spr\u00fcche wenn man ihn anspricht. Angeblich f\u00fcrchtet er sich vor rein gar nix, jedoch gibt es eine Sache die er nicth mag: Wasser. Er vermeidet es, dem Wasser oder gar Schiffen nahe zu kommen.<\/p>\n<h2 id=\"griez\">Griez, der S\u00f6ldnerf\u00fchrer<\/h2>\n<p><img loading=\"lazy\" decoding=\"async\" class=\"alignleft wp-image-445935 size-full\" src=\"https:\/\/planetdiablo.eu\/de\/wp-content\/uploads\/2011\/07\/greiz.gif\" alt=\"\" width=\"75\" height=\"100\"><\/p>\n<p><b>Standort:<\/b> An der Fallgrube zur Kanlisation ganz oben links<br \/>\n<b>Funktion:<\/b> S\u00f6ldnerf\u00fchrer, vermietet S\u00f6ldner<br \/>\n<b>Quests:<\/b> &#8212;&#8211;<br \/>\n<b>Zitat:<\/b> <i>&#8222;Ihr fragt euch sicherlich wieso die Stadt bei dem ganzen Chaos noch sicher ist.&#8220;<\/i><\/p>\n<p>Griez ist der S\u00f6ldnerf\u00fchrer in Lut Gholein. Er wurde von Jerhyn angeheuert um die Stadt zu besch\u00fctzen. Bei ihm k\u00f6nnt ihr von Anfang an S\u00f6ldner anheuern die dann im Kampf an eurer Seite k\u00e4mpfen.<\/p>\n<h2 id=\"jerhyn\">Jerhyn, der F\u00fcrst<\/h2>\n<p><img loading=\"lazy\" decoding=\"async\" class=\"alignleft wp-image-445937 size-full\" src=\"https:\/\/planetdiablo.eu\/de\/wp-content\/uploads\/2011\/07\/jerhyn.gif\" alt=\"\" width=\"75\" height=\"100\"><\/p>\n<p><b>Standort:<\/b> In\/vor seinem Palast<br \/>\n<b>Funktion:<\/b> Regent von Lut Gholein, Informant<br \/>\n<b>Quests:<\/b> Die geheime Zuflucht<br \/>\n<b>Zitat:<\/b> <i>&#8222;Seltsam &#8230; Alles fing an als ein Dunkler Wanderer hier entlang kam und nach dem Grab von Tal Rasha suchte.&#8220;<\/i><\/p>\n<p>Jerhyn ist der F\u00fcrst von Lut Gholein. Nachdem er euch begr\u00fc\u00dft hat, verschanzt er sich in seinem Palast, und ist erstmal nicht wieder zu erreichen. Sp\u00e4ter, nachdem ihr die Sonnenfinsterniss beendet habt, l\u00e4sst er euch in seinen Palast, um die geheime Zuflucht zu suchen. Wenn man auf &#8222;Reden&#8220; und dann auf &#8222;\u00dcber die Kaufleute&#8220; klickt, bekommt man eine Beschreibung der verschiedenen H\u00e4ndler in der Stadt. Ansonsten ist Jerhyn nicht wirklich interressant.<\/p>\n<h2 id=\"kaelan\">Kaelan, die Wache<\/h2>\n<p><img loading=\"lazy\" decoding=\"async\" class=\"alignleft wp-image-445939 size-full\" src=\"https:\/\/planetdiablo.eu\/de\/wp-content\/uploads\/2011\/07\/kaelan.gif\" alt=\"\" width=\"75\" height=\"100\"><\/p>\n<p><b>Standort:<\/b> Vor dem Palast<br \/>\n<b>Funktion:<\/b> Palastwache; hindert euch in den Palast zu gehen<br \/>\n<b>Quests:<\/b> &#8212;&#8211;<br \/>\n<b>Zitat:<\/b> <i>&#8222;Ihr d\u00fcrft nicht passieren&#8220;<\/i><\/p>\n<p>Kaelan ist eine Wache im Dienste Jerhyns. Er steht am Eingang zum Palast und l\u00e4sst niemenden vobei. Erst wenn Jerhyn euch erlaubt, in den Palast zu gehen, l\u00e4sst Kaelan euch durch um in den Harem zu kommen. Sonstige wichtige Dinge: keine.<\/p>\n<h2 id=\"lysander\">Lysander, der Herr der Kr\u00e4uter<\/h2>\n<p><img loading=\"lazy\" decoding=\"async\" class=\"alignleft wp-image-445941 size-full\" src=\"https:\/\/planetdiablo.eu\/de\/wp-content\/uploads\/2011\/07\/lysander.gif\" alt=\"\" width=\"75\" height=\"100\"><\/p>\n<p><b>Standort:<\/b> Im Zentrum, etwas s\u00fcdlich von der Truhe<br \/>\n<b>Funktion:<\/b> H\u00e4ndler; verkauft Elixire und Schl\u00fcssel<br \/>\n<b>Quests:<\/b> &#8212;&#8211;<br \/>\n<b>Zitat:<\/b> <i>&#8222;Woher wei\u00df ich dass ich euch trauen kann?&#8220;<\/i><\/p>\n<p>Auch hier gibts wiederum nicht viel zu sagen. Lysander ist ein alter, weiser Mann, der verschiedene Elixire verkauft. Er ist Fremden zuerst etwas misstrauisch, verkauf ihnen trotzdem seine Elixire f\u00fcr reichlich Geld.<\/p>\n<h2 id=\"meshif\">Meshif, der Seefahrer<\/h2>\n<p><img loading=\"lazy\" decoding=\"async\" class=\"alignleft wp-image-445943 size-full\" src=\"https:\/\/planetdiablo.eu\/de\/wp-content\/uploads\/2011\/07\/meshif.gif\" alt=\"\" width=\"75\" height=\"100\"><\/p>\n<p><b>Standort:<\/b> Auf der Kaimauer, an seinem Schiff<br \/>\n<b>Funktion:<\/b> Seefahrer; bringt euch nach Kurst<br \/>\n<b>Quests:<\/b> &#8212;&#8211;<br \/>\n<b>Zitat:<\/b> <i>&#8222;Halllo!!&#8220;<\/i><\/p>\n<p>Meshif ist Seefahrer und hat ein eigenes Schiff. Was gibt es sch\u00f6neres f\u00fcr einen Seefahrer? Richtig, das Meer. Leider muss Meshif sich im Moment mehr an Land aufhalten, denn er darf erst auslaufen, wenn das Chaos um Lut Gholein vorbei ist. Bis dahin, muss er im Hafen vor Anker bleiben, damit die restliche Bev\u00f6lkerung zu Not fliehen kann. Meshif bringt euch schlie\u00dflich am Ende des 2. Aktes nach Kurast, wo euer Abenteuer weiter geht.<\/p>\n<h2 id=\"warriv\">Warriv, der Karawanenf\u00fchrer<\/h2>\n<p><img loading=\"lazy\" decoding=\"async\" class=\"alignleft wp-image-445945 size-full\" src=\"https:\/\/planetdiablo.eu\/de\/wp-content\/uploads\/2011\/07\/warriv-act2.gif\" alt=\"\" width=\"75\" height=\"100\"><\/p>\n<p><b>Funktion:<\/b> Karawanenf\u00fchrer; nimmt euch bei Bedarf wieder mit ins Lager der J\u00e4gerinnen<br \/>\n<b>Quests:<\/b> &#8212;&#8211;<br \/>\n<b>Zitat:<\/b> <i>&#8222;Jetzt wo der Pass wieder frei ist, kann ich die J\u00e4gerinnen wieder mit Ausr\u00fcstung versorgen.&#8220;<\/i><\/p>\n<p>Warriv hat euch aus dem Lager der J\u00e4gerinnen nach Lut Gholein gebracht. Jetzt wartet er darauf, wieder mit einer Karawane Richtung Westen aufbrechen zu k\u00f6nnen, um die J\u00e4gerinnen mit Material zu versorgen. Ihr k\u00f6nnt mit ihm jederzeit nach Westen ins Lager zur\u00fcck reisen. Ihr k\u00f6nnt nat\u00fcrlich auch mit ihm \u00fcber eure Aufgaben sprechen und h\u00f6ren, was er dar\u00fcber zu erz\u00e4hlen wei\u00df.<\/p>\n<h2 id=\"tyrael\">Tyrael, der Erzengel<\/h2>\n<p><img loading=\"lazy\" decoding=\"async\" class=\"aligncenter wp-image-445947 size-full\" src=\"https:\/\/planetdiablo.eu\/de\/wp-content\/uploads\/2011\/07\/tyrael.gif\" alt=\"\" width=\"400\" height=\"160\"><\/p>\n<p><b>Standort:<\/b> In Tal Rashas Kammer am gro\u00dfen Stein<br \/>\n<b>Funktion:<\/b> Tja, nen Erzengel halt<br \/>\n<b>Quests:<\/b> &#8212;&#8211;<br \/>\n<b>Zitat:<\/b> <i>&#8222;Sterblicher, ich danke dir f\u00fcr meine Rettung&#8220;<\/i><\/p>\n<p>Tyrael ist ein Erzengel. Er wacht schon seit \u00c4onen von Jahren \u00fcber die Menschheit und hat schon \u00f6fters in den Kampf zwischen Gut und B\u00f6se eingegriffen. Er war es, der den Horadrim die Seelensteine gab. Dies tat er gegen den Willen des Himmels. Tyrael war schon immer sehr &#8222;menschennah&#8220; und scheut die Menschheit nicht.<\/p>\n<p>Ihr werdet noch \u00f6fters mit Tyrael zu tun bekommen. Diesmal ist er im Grab von Tal Rasha eingesperrt und wird durch euren Sieg \u00fcber Duriel befreit. Er erz\u00e4hlt, das er kam um die Befreiung von Tal Rasha durch den Dunklen Wanderer zu verhindern; Doch er versagte! (Was f\u00fcr eine Flasche!) Er weist euch an, nach Kurast zu reisen um Diablo und Baal aufzuhalten oder wenigstens Mephisto zu vernichten, bevor sich die drei gro\u00dfen \u00dcbel vereinen.<\/p>\n<hr size=\"1\" noshade=\"noshade\">\n<div align=\"center\">[<a href=\"https:\/\/planetdiablo.eu\/diablo-2\/npcs-nicht-spieler-charaktere\/\">Einleitung<\/a>] [<a href=\"https:\/\/planetdiablo.eu\/diablo-2\/npcs-nicht-spieler-charaktere\/npcs-aus-akt-1\/\">Akt 1<\/a>] [<a href=\"https:\/\/planetdiablo.eu\/diablo-2\/npcs-nicht-spieler-charaktere\/npcs-aus-akt-2\/\">Akt 2<\/a>] [<a href=\"https:\/\/planetdiablo.eu\/diablo-2\/npcs-nicht-spieler-charaktere\/npcs-aus-akt-3\/\">Akt 3<\/a>] [<a href=\"https:\/\/planetdiablo.eu\/diablo-2\/npcs-nicht-spieler-charaktere\/npcs-aus-akt-4\/\">Akt 4<\/a>] [<a href=\"https:\/\/planetdiablo.eu\/diablo-2\/npcs-nicht-spieler-charaktere\/npcs-aus-akt-5\/\">Akt 5<\/a>] [<a href=\"https:\/\/planetdiablo.eu\/diablo-2\/npcs-nicht-spieler-charaktere\/soldner\/\">S\u00f6ldner<\/a>]<\/div>\n<hr size=\"1\" noshade=\"noshade\">\n","protected":false},"excerpt":{"rendered":"<p>Inhalt: Einf\u00fchrung NPC&#8217;s Akt 1 NPC&#8217;s Akt 2 NPC&#8217;s Akt 3 NPC&#8217;s Akt 4 NPC&#8217;s Akt 5 S\u00f6ldner Navigation: Atma Deckard Cain Drognan Elzix Fara Geglash Griez Jerhyn Kaelan Lysander Meshif Warriv Tyrael Atma, die Barbesitzerin Standort: In ihrer Bar in der N\u00e4he der Stadtportale Funktion: Heilerin Quests: Radaments Lager Zitat: &#8222;Sie sagen der Geschmack&hellip; <a class=\"more-link\" href=\"https:\/\/planetdiablo.eu\/de\/diablo-2\/npcs-nicht-spieler-charaktere\/npcs-aus-akt-2\/\"><span class=\"screen-reader-text\">Diablo 2 &#8211; NPCs aus Akt 2<\/span> weiterlesen<\/a><\/p>\n","protected":false},"author":847,"featured_media":0,"parent":445815,"menu_order":0,"comment_status":"closed","ping_status":"open","template":"","meta":{"footnotes":""},"class_list":["post-445883","page","type-page","status-publish","hentry","entry"],"_links":{"self":[{"href":"https:\/\/planetdiablo.eu\/de\/wp-json\/wp\/v2\/pages\/445883","targetHints":{"allow":["GET"]}}],"collection":[{"href":"https:\/\/planetdiablo.eu\/de\/wp-json\/wp\/v2\/pages"}],"about":[{"href":"https:\/\/planetdiablo.eu\/de\/wp-json\/wp\/v2\/types\/page"}],"author":[{"embeddable":true,"href":"https:\/\/planetdiablo.eu\/de\/wp-json\/wp\/v2\/users\/847"}],"replies":[{"embeddable":true,"href":"https:\/\/planetdiablo.eu\/de\/wp-json\/wp\/v2\/comments?post=445883"}],"version-history":[{"count":3,"href":"https:\/\/planetdiablo.eu\/de\/wp-json\/wp\/v2\/pages\/445883\/revisions"}],"predecessor-version":[{"id":583464,"href":"https:\/\/planetdiablo.eu\/de\/wp-json\/wp\/v2\/pages\/445883\/revisions\/583464"}],"up":[{"embeddable":true,"href":"https:\/\/planetdiablo.eu\/de\/wp-json\/wp\/v2\/pages\/445815"}],"wp:attachment":[{"href":"https:\/\/planetdiablo.eu\/de\/wp-json\/wp\/v2\/media?parent=445883"}],"curies":[{"name":"wp","href":"https:\/\/api.w.org\/{rel}","templated":true}]}}