{"id":445953,"date":"2011-07-24T00:56:32","date_gmt":"2011-07-23T22:56:32","guid":{"rendered":"http:\/\/diablo3.ingame.de\/?page_id=445953"},"modified":"2021-09-27T17:02:51","modified_gmt":"2021-09-27T15:02:51","slug":"npcs-aus-akt-3","status":"publish","type":"page","link":"https:\/\/planetdiablo.eu\/de\/diablo-2\/npcs-nicht-spieler-charaktere\/npcs-aus-akt-3\/","title":{"rendered":"Diablo 2 &#8211; NPCs aus Akt 3"},"content":{"rendered":"<h2>Inhalt:<\/h2>\n<ul>\n<li><a href=\"https:\/\/planetdiablo.eu\/diablo-2\/npcs-nicht-spieler-charaktere\/\">Einf\u00fchrung<\/a><\/li>\n<li><a href=\"https:\/\/planetdiablo.eu\/diablo-2\/npcs-nicht-spieler-charaktere\/npcs-aus-akt-1\/\">NPC&#8217;s Akt 1<\/a><\/li>\n<li><a href=\"https:\/\/planetdiablo.eu\/diablo-2\/npcs-nicht-spieler-charaktere\/npcs-aus-akt-2\/\">NPC&#8217;s Akt 2<\/a><\/li>\n<li>NPC&#8217;s Akt 3<\/li>\n<li><a href=\"https:\/\/planetdiablo.eu\/diablo-2\/npcs-nicht-spieler-charaktere\/npcs-aus-akt-4\/\">NPC&#8217;s Akt 4<\/a><\/li>\n<li><a href=\"https:\/\/planetdiablo.eu\/diablo-2\/npcs-nicht-spieler-charaktere\/npcs-aus-akt-5\/\">NPC&#8217;s Akt 5<\/a><\/li>\n<li><a href=\"https:\/\/planetdiablo.eu\/diablo-2\/npcs-nicht-spieler-charaktere\/soldner\/\">S\u00f6ldner<\/a><\/li>\n<\/ul>\n<h2>Navigation:<\/h2>\n<ul>\n<li><a href=\"#alkor\">Alkor<\/a><\/li>\n<li><a href=\"#ashara\">Ashara<\/a><\/li>\n<li><a href=\"#cain\">Deckard Cain<\/a><\/li>\n<li><a href=\"#hratli\">Hratli<\/a><\/li>\n<li><a href=\"#meshif\">Meshif<\/a><\/li>\n<li><a href=\"#natalya\">Natalya<\/a><\/li>\n<li><a href=\"#ormus\">Ormus<\/a><\/li>\n<\/ul>\n<h2 id=\"alkor\">Alkor, der Kr\u00e4utermixer<\/h2>\n<p><img loading=\"lazy\" decoding=\"async\" class=\"alignleft wp-image-445955 size-full\" src=\"https:\/\/planetdiablo.eu\/de\/wp-content\/uploads\/2011\/07\/alkor.gif\" alt=\"\" width=\"75\" height=\"100\"><\/p>\n<p><b>Standort:<\/b> In seiner H\u00fctte, etwas oben links vom Hauptplatz<br \/>\n<b>Funktion:<\/b> H\u00e4ndler; verkauft Elixire, bietet Gl\u00fccksspiel an<br \/>\n<b>Quests:<\/b> Der goldene Vogel, Lam Esens Foliant<br \/>\n<b>Zitat:<\/b><i>&#8222;Verdammt ich w\u00fcnschte ihr w\u00fcrdet mich alle mal in Ruhe lassen!&#8220;<\/i><\/p>\n<p>Alkor w\u00fcnscht sich nicht sehnlicher als ein bisschen Ruhe. Er ist immer in seiner H\u00fctte zu finden, wo er bed\u00e4chtig auf seinen Elixiren rummixt. Er gibt euch sobald ihr Unter-Kurast erreicht die Aufgabe Lam Esens Foliant zu finden. Sobald ihr den Foliant abliefert bekommt ihr 5 Stats-Punkte als Belohnung. In der goldenen Vogel Quest mixt Alkor euch das Elixir des Lebens. Dies erh\u00f6ht die Lebenspunkte um 20. Bei Alkor k\u00f6nnt ihr auch Gl\u00fccksspiel betreiben.<\/p>\n<h2 id=\"ashara\">Ashara, die S\u00f6ldnerf\u00fchrerin<\/h2>\n<p><img loading=\"lazy\" decoding=\"async\" class=\"alignleft wp-image-445957 size-full\" src=\"https:\/\/planetdiablo.eu\/de\/wp-content\/uploads\/2011\/07\/asheara.gif\" alt=\"\" width=\"75\" height=\"100\"><\/p>\n<p><b>Standort:<\/b> Im Haus links von der Hauptplatform<br \/>\n<b>Funktion:<\/b> H\u00e4ndlerin; Verkauft einige R\u00fcstungen und Waffen, vermietet S\u00f6ldner<br \/>\n<b>Quests:<\/b> Klinge der alten Religion<br \/>\n<b>Zitat:<\/b><i>&#8222;Jetzt wo weniger Eisenw\u00f6lfe gebraucht werden &#8230;&#8220;<\/i><\/p>\n<p>Ashara f\u00fchrt die S\u00f6ldner in Kurast an. Au\u00dferdem verkauft Sie einen kleinen Fundus an R\u00fcstungen und Waffen. Nachdem ihr den Gidbin zur\u00fcck gebracht habt, bietet sie euch einen S\u00f6ldner kostenlos an. Ashara ist z\u00e4h aber freundlich und sucht stets nach einem Weg ihre Unkosten zu bew\u00e4ltigen. Sie w\u00fcrde sowohl mit ihren Kameraden an der Front k\u00e4npfen, als auch mit mit Freunden in ner Taverne &#8217;ne Schl\u00e4gerei anfangen.<\/p>\n<h2 id=\"cain\">Deckard Cain, der letzte der Horadrim<\/h2>\n<p><img loading=\"lazy\" decoding=\"async\" class=\"alignleft wp-image-445863 size-full\" src=\"https:\/\/planetdiablo.eu\/de\/wp-content\/uploads\/2011\/07\/deckardcain.gif\" alt=\"Deckard Cain\" width=\"75\" height=\"100\"><\/p>\n<p><b>Standort:<\/b> Direkt an der Truhe auf der Hauptplatform<br \/>\n<b>Funktion:<\/b> Der Berater; identifiziert kostenlos Gegenst\u00e4nde<br \/>\n<b>Quests:<\/b> Khalims Wille<br \/>\n<b>Zitat:<\/b><i>&#8222;Bleibt ein Weilchen und h\u00f6rt zu &#8230;&#8220;<\/i><\/p>\n<p>Und wieder einmal habe wir es mit dem guten, alten Cain zu tun. Wie immer identifiziert er f\u00fcr euch Gegenst\u00e4nde und gibt euch Informationen. Er gibt euch auch die Quest nach Khalims Relikten zu suchen und l\u00e4sst \u00fcber jedes Relikt einen tollen Spruch ab, hat ansonsten aber nichts zu tun.<\/p>\n<h2 id=\"hratli\">Hratli, der Schmied<\/h2>\n<p><img loading=\"lazy\" decoding=\"async\" class=\"alignleft wp-image-445959 size-full\" src=\"https:\/\/planetdiablo.eu\/de\/wp-content\/uploads\/2011\/07\/hratli.gif\" alt=\"\" width=\"75\" height=\"100\"><\/p>\n<p><b>Standort:<\/b> In der Schmiede links von der Hauptplattform oder am Hafen<br \/>\n<b>Funktion:<\/b> Schmiedin; verkauft R\u00fcstungen, Waffen etc., repariert die Ausr\u00fcstung<br \/>\n<b>Quests:<\/b> Klinge der alten Religionen<br \/>\n<b>Zitat:<\/b><i>&#8222;Ich hoffe, ihr seid bei klarem Verstand, denn Vernunft ist hier selten!&#8220;<\/i><\/p>\n<p>F\u00fcr Neulinge ist es nie so klar, ob Hratli denn nun m\u00e4nnlich oder weiblich ist. Hratli ist ein Zauberer, der sich jedoch auf Metallbearbeitung spezialisiert hat. Er verkauft euch Waffen und R\u00fcstungen, sowie Pfeile und Bolzen. Von ihm bekommt ihr auch die Quest den Gidbin zu finden um den Schutzwall um die Docks zu erneuern.<\/p>\n<h2 id=\"meshif\">Meshif, der Seefahrer<\/h2>\n<p><img loading=\"lazy\" decoding=\"async\" class=\"alignleft wp-image-445943 size-full\" src=\"https:\/\/planetdiablo.eu\/de\/wp-content\/uploads\/2011\/07\/meshif.gif\" alt=\"\" width=\"75\" height=\"100\"><\/p>\n<p><b>Standort:<\/b> Am Dock wo man ankommt<br \/>\n<b>Funktion:<\/b> Seefahrer; bringt euch zur\u00fcck nach Lut Gholein<br \/>\n<b>Quests:<\/b> Der goldene Vogel<br \/>\n<b>Zitat:<\/b><i>&#8222;Informationen von Ormus zu bekommen, ist, als w\u00fcrde man einen Ochsen melken.&#8220;<\/i><\/p>\n<p>Meshif hat euch nach Kurast gebracht. Kurast ist die Heimat von Meshif, jedoch ist er schockiert, was mit der einst prachtvollen Stadt passiert ist. Wenn ihr die Jadefigur findet, m\u00fcsst ihr sie erst zu Cain bringen und dann zu Meshif. Der gibt euch dann den goldenen Vogel daf\u00fcr.<\/p>\n<h2 id=\"natalya\">Natalya, die Assassine<\/h2>\n<p><img loading=\"lazy\" decoding=\"async\" class=\"alignleft wp-image-445961 size-full\" src=\"https:\/\/planetdiablo.eu\/de\/wp-content\/uploads\/2011\/07\/natalya.gif\" alt=\"\" width=\"75\" height=\"100\"><\/p>\n<p><b>Standort:<\/b> Am Lagerfeuer auf der rechten gro\u00dfen Platform<br \/>\n<b>Funktion:<\/b> Informantin<br \/>\n<b>Quests:<\/b> &#8212;&#8211;<br \/>\n<b>Zitat:<\/b><i>&#8222;Bis ich meine Befehle bekomme, unterst\u00fctze ich euch mit allen Informationen, die ich habe.&#8220;<\/i><\/p>\n<p>Na? Was ist Natalya f\u00fcr ein Charackter? Richtig, eine Assassine! Natalya steht einen Gro\u00dfteil der Zeit auf ihrem Platz und wartet auf wichtige neue Befehle (klar doch). Wenn man zum rechten Zeitpunkt mit Natalya redet, sagt Sie dass die Assassinen schon lange \u00fcber Ormus wachen. Sobald Mephisto tot ist, verschwindet Natalya einfach. Eigentlich war noch eine Verabschiedung geplant, die wurde aber kurz vor Ver\u00f6ffentlichung gestrichen.<\/p>\n<h2 id=\"ormus\">Ormus, der Zauberer<\/h2>\n<p><img loading=\"lazy\" decoding=\"async\" class=\"alignleft wp-image-445963 size-full\" src=\"https:\/\/planetdiablo.eu\/de\/wp-content\/uploads\/2011\/07\/ormus.gif\" alt=\"\" width=\"75\" height=\"100\"><\/p>\n<p><b>Standort:<\/b> Auf dem unteren Teil der Hauptplatform<br \/>\n<b>Funktion:<\/b> Heiler\/H\u00e4ndler; f\u00fcllt Gesundheit und Mana auf, verkauft St\u00e4be, etc.<br \/>\n<b>Quests:<\/b> Die Klinge der alten Religion<br \/>\n<b>Zitat:<\/b><i>&#8222;Dieser Zauberring n\u00fctzt mir nichts mehr &#8230;&#8220;<\/i><\/p>\n<p>Ormus ist ein Zauberer, der schon lange dem Guten dient. Auch wenn er etwas seltsam erscheint (er spricht immer in der 3. Person) ist er doch sehr n\u00fctzlich. Ormus heilt euch und f\u00fcllt euer Mana auf. Auch verkauft er magische St\u00e4be, Szepter, B\u00fccher, Schriftrollen und Tr\u00e4nke. Wenn ihr ihm den Gidbinn bringt, erschafft er einen neuen Schutzwall um die Docks und gibt euch einen Zauberring.<\/p>\n<hr size=\"1\" noshade=\"noshade\">\n<div align=\"center\">[<a href=\"https:\/\/planetdiablo.eu\/diablo-2\/npcs-nicht-spieler-charaktere\/\">Einleitung<\/a>] [<a href=\"https:\/\/planetdiablo.eu\/diablo-2\/npcs-nicht-spieler-charaktere\/npcs-aus-akt-1\/\">Akt 1<\/a>] [<a href=\"https:\/\/planetdiablo.eu\/diablo-2\/npcs-nicht-spieler-charaktere\/npcs-aus-akt-2\/\">Akt 2<\/a>] [<a href=\"https:\/\/planetdiablo.eu\/diablo-2\/npcs-nicht-spieler-charaktere\/npcs-aus-akt-3\/\">Akt 3<\/a>] [<a href=\"https:\/\/planetdiablo.eu\/diablo-2\/npcs-nicht-spieler-charaktere\/npcs-aus-akt-4\/\">Akt 4<\/a>] [<a href=\"https:\/\/planetdiablo.eu\/diablo-2\/npcs-nicht-spieler-charaktere\/npcs-aus-akt-5\/\">Akt 5<\/a>] [<a href=\"https:\/\/planetdiablo.eu\/diablo-2\/npcs-nicht-spieler-charaktere\/soldner\/\">S\u00f6ldner<\/a>]<\/div>\n<hr size=\"1\" noshade=\"noshade\">\n","protected":false},"excerpt":{"rendered":"<p>Inhalt: Einf\u00fchrung NPC&#8217;s Akt 1 NPC&#8217;s Akt 2 NPC&#8217;s Akt 3 NPC&#8217;s Akt 4 NPC&#8217;s Akt 5 S\u00f6ldner Navigation: Alkor Ashara Deckard Cain Hratli Meshif Natalya Ormus Alkor, der Kr\u00e4utermixer Standort: In seiner H\u00fctte, etwas oben links vom Hauptplatz Funktion: H\u00e4ndler; verkauft Elixire, bietet Gl\u00fccksspiel an Quests: Der goldene Vogel, Lam Esens Foliant Zitat:&#8222;Verdammt ich&hellip; <a class=\"more-link\" href=\"https:\/\/planetdiablo.eu\/de\/diablo-2\/npcs-nicht-spieler-charaktere\/npcs-aus-akt-3\/\"><span class=\"screen-reader-text\">Diablo 2 &#8211; NPCs aus Akt 3<\/span> weiterlesen<\/a><\/p>\n","protected":false},"author":847,"featured_media":0,"parent":445815,"menu_order":0,"comment_status":"open","ping_status":"open","template":"","meta":{"footnotes":""},"class_list":["post-445953","page","type-page","status-publish","hentry","entry"],"_links":{"self":[{"href":"https:\/\/planetdiablo.eu\/de\/wp-json\/wp\/v2\/pages\/445953","targetHints":{"allow":["GET"]}}],"collection":[{"href":"https:\/\/planetdiablo.eu\/de\/wp-json\/wp\/v2\/pages"}],"about":[{"href":"https:\/\/planetdiablo.eu\/de\/wp-json\/wp\/v2\/types\/page"}],"author":[{"embeddable":true,"href":"https:\/\/planetdiablo.eu\/de\/wp-json\/wp\/v2\/users\/847"}],"replies":[{"embeddable":true,"href":"https:\/\/planetdiablo.eu\/de\/wp-json\/wp\/v2\/comments?post=445953"}],"version-history":[{"count":1,"href":"https:\/\/planetdiablo.eu\/de\/wp-json\/wp\/v2\/pages\/445953\/revisions"}],"predecessor-version":[{"id":583466,"href":"https:\/\/planetdiablo.eu\/de\/wp-json\/wp\/v2\/pages\/445953\/revisions\/583466"}],"up":[{"embeddable":true,"href":"https:\/\/planetdiablo.eu\/de\/wp-json\/wp\/v2\/pages\/445815"}],"wp:attachment":[{"href":"https:\/\/planetdiablo.eu\/de\/wp-json\/wp\/v2\/media?parent=445953"}],"curies":[{"name":"wp","href":"https:\/\/api.w.org\/{rel}","templated":true}]}}