{"id":445969,"date":"2011-07-24T01:09:01","date_gmt":"2011-07-23T23:09:01","guid":{"rendered":"http:\/\/diablo3.ingame.de\/?page_id=445969"},"modified":"2021-09-27T16:53:41","modified_gmt":"2021-09-27T14:53:41","slug":"npcs-aus-akt-4","status":"publish","type":"page","link":"https:\/\/planetdiablo.eu\/de\/diablo-2\/npcs-nicht-spieler-charaktere\/npcs-aus-akt-4\/","title":{"rendered":"Diablo 2 &#8211; NPCs aus Akt 4"},"content":{"rendered":"<h2>Inhalt:<\/h2>\n<ul>\n<li><a href=\"https:\/\/planetdiablo.eu\/diablo-2\/npcs-nicht-spieler-charaktere\/\">Einf\u00fchrung<\/a><\/li>\n<li><a href=\"https:\/\/planetdiablo.eu\/diablo-2\/npcs-nicht-spieler-charaktere\/npcs-aus-akt-1\/\">NPC&#8217;s Akt 1<\/a><\/li>\n<li><a href=\"https:\/\/planetdiablo.eu\/diablo-2\/npcs-nicht-spieler-charaktere\/npcs-aus-akt-2\/\">NPC&#8217;s Akt 2<\/a><\/li>\n<li><a href=\"https:\/\/planetdiablo.eu\/diablo-2\/npcs-nicht-spieler-charaktere\/npcs-aus-akt-3\/\">NPC&#8217;s Akt 3<\/a><\/li>\n<li>NPC&#8217;s Akt 4<\/li>\n<li><a href=\"https:\/\/planetdiablo.eu\/diablo-2\/npcs-nicht-spieler-charaktere\/npcs-aus-akt-5\/\">NPC&#8217;s Akt 5<\/a><\/li>\n<li><a href=\"https:\/\/planetdiablo.eu\/diablo-2\/npcs-nicht-spieler-charaktere\/soldner\/\">S\u00f6ldner<\/a><\/li>\n<\/ul>\n<h2>Navigation:<\/h2>\n<ul>\n<li><a href=\"#cain\">Deckard Cain<\/a><\/li>\n<li><a href=\"#hadriel\">Hadriel<\/a><\/li>\n<li><a href=\"#halbu\">Halbu<\/a><\/li>\n<li><a href=\"#izual\">Izual<\/a><\/li>\n<li><a href=\"#jamella\">Jamella<\/a><\/li>\n<li><a href=\"#tyrael\">Tyrael<\/a><\/li>\n<\/ul>\n<h2 id=\"cain\">Deckard Cain, der letzte der Horadrim<\/h2>\n<p><img loading=\"lazy\" decoding=\"async\" class=\"alignleft wp-image-445863 size-full\" src=\"https:\/\/planetdiablo.eu\/de\/wp-content\/uploads\/2011\/07\/deckardcain.gif\" alt=\"Deckard Cain\" width=\"75\" height=\"100\"><\/p>\n<p><b>Standort:<\/b> Im h\u00f6heren Teil der Festung unter dem Dach<br \/>\n<b>Funktion:<\/b> Informant<br \/>\n<b>Quests:<\/b> Mephistos Seelenstein<br \/>\n<b>Zitat:<\/b> <i>&#8222;Bleibt ein Weilchen und h\u00f6rt zu &#8230;&#8220;<\/i><\/p>\n<p>\u00c4hh, ja! So langsam ist alles \u00fcber den guten, alten Cain gesagt worden. Ihr k\u00f6nnt wie immer bei ihm Gegenst\u00e4nde identifizieren lassen, und er gibt euch auch weiterhin Informationen. Wenn ihr auf Reden\/Tratschen klickt, gibt euch euch meistens Informationen \u00fcber Tyrael. Ausserdem gibt er euch die Aufgabe Mephistos Seelenstein in der H\u00f6llenschmiede zu zerst\u00f6ren.<\/p>\n<h2 id=\"hadriel\">Hadriel, der W\u00e4chter<\/h2>\n<p><img loading=\"lazy\" decoding=\"async\" class=\"alignleft wp-image-445971 size-full\" src=\"https:\/\/planetdiablo.eu\/de\/wp-content\/uploads\/2011\/07\/hadrial.gif\" alt=\"\" width=\"75\" height=\"125\"><\/p>\n<p><b>Standort:<\/b> In der N\u00e4he des Flammenfluss WP<br \/>\n<b>Funktion:<\/b> \u00f6h, ja; warnt euch vor dem nahenden Chaos Sanktuarium<br \/>\n<b>Quests:<\/b> Diablo<br \/>\n<b>Zitat:<\/b> <i>&#8222;So geht nun in das Lager des Schreckens &#8230;&#8220;<\/i><\/p>\n<p>Hadriel steht am Eingang, zum letzten Teil des Flammenflusses, an den sich das Chaos Sanktuarium anschlie\u00dft. Er ist eigentlich ziemlich passiv, da er nix tut au\u00dfer euch zu sagen, dass ihr die Sigel \u00f6ffnen m\u00fcsst um Diablo zu finden. Ansonsten is Hadriel absolut unt\u00e4tig und f\u00fchrt ein ruhiges Leben. (fauler Kerl)<\/p>\n<h2 id=\"halbu\">Halbu, der Schmied<\/h2>\n<p><img loading=\"lazy\" decoding=\"async\" class=\"alignleft wp-image-445973 size-full\" src=\"https:\/\/planetdiablo.eu\/de\/wp-content\/uploads\/2011\/07\/halbu.gif\" alt=\"\" width=\"75\" height=\"100\"><\/p>\n<p><b>Standort:<\/b> Im unteren Teil der Festung, rechts vom Ausgang<br \/>\n<b>Funktion:<\/b> Schmied; verkauft R\u00fcstungen, Waffen etc., repariert die Ausr\u00fcstung<br \/>\n<b>Quests:<\/b> &#8212;&#8211;<br \/>\n<b>Zitat:<\/b> <i>&#8222;Was braucht ihr?&#8220;<\/i><\/p>\n<p>Halbu ist ein recht unauff\u00e4lliger NPC. Er hat nicht viel mit der Story zu tun, und hat auch wenige Informationen zu bieten. Man k\u00f6nnte ihn glatt bedauern, wie er an diesen bl\u00f6den Arbeitsplatz gekommen ist (Schmied in der H\u00f6lle) Er scheint eine Art Paladin zu sein, auch wenn er keine magischen Kr\u00e4fte zeigt. Er repariert lediglich eure Ausr\u00fcstung und verkauft euch neue Waffen.<\/p>\n<h2 id=\"izual\">Izual, der Ex-Engel<\/h2>\n<p><img loading=\"lazy\" decoding=\"async\" class=\"alignleft wp-image-445975 size-full\" src=\"https:\/\/planetdiablo.eu\/de\/wp-content\/uploads\/2011\/07\/izual_monster.gif\" alt=\"\" width=\"175\" height=\"200\"><\/p>\n<p><b>Standort:<\/b> Irgendwo in der Ebene der Verzweiflung<br \/>\n<b>Funktion:<\/b> Erst Gegener, dann Informant<br \/>\n<b>Quests:<\/b> Der gefallene Engel<br \/>\n<b>Zitat:<\/b> <i>&#8222;Tyrael war ein Narr mir zu vertrauen &#8230;&#8220;<\/i><\/p>\n<p>Izual ist ein gefalllener Engel. Er war einst ein Diener des Himmels, hat dann aber den gro\u00dfen Drei geholfen. Er hat Diablo und seinen Br\u00fcdern erz\u00e4hlt, wie die Seelensteine funktionieren und wie man sie mi\u00dfbrauchen kann. Nun ist er ein gefallener Engel, dem weder Himmel noch H\u00f6lle trauen. Wenn ihr ihn findet, ist er in einem D\u00e4mon gefangen. Erst wenn der D\u00e4mon tot ist, k\u00f6nnt ihr mit Izual reden.<\/p>\n<h2 id=\"jamella\">Jamella, die Magierin<\/h2>\n<p><img loading=\"lazy\" decoding=\"async\" class=\"alignleft wp-image-445977 size-full\" src=\"https:\/\/planetdiablo.eu\/de\/wp-content\/uploads\/2011\/07\/jamella.gif\" alt=\"\" width=\"75\" height=\"100\"><\/p>\n<p><b>Standort:<\/b> Im unteren Teil der Festung, links vom Eingang<br \/>\n<b>Funktion:<\/b> Heilerin; verkauft St\u00e4be, Szepter, &#8230;; Heilt euch und bietet Gl\u00fccksspiel an<br \/>\n<b>Quests:<\/b> &#8212;&#8211;<br \/>\n<b>Zitat:<\/b> <i>&#8222;Seid gegr\u00fc\u00dft!&#8220;<\/i><\/p>\n<p>Jamella ist ebenfalls relativ passiv. Sie heilt euch und bietet einige magische St\u00e4be zum Verkauf an. Sie verkauft auch Heiltr\u00e4nke und Schriftrollen. Au\u00dferdem bietet sie Gl\u00fccksspiel an und heilt euch automatisch. Jamellas Name ist im Internet etwas in Veruf geraten, da ein bekannter Charackter-Editor nach ihr benannt wurde.<\/p>\n<h2 id=\"tyrael\">Tyrael, der Erzengel<\/h2>\n<p><img loading=\"lazy\" decoding=\"async\" class=\"aligncenter wp-image-445947 size-full\" src=\"https:\/\/planetdiablo.eu\/de\/wp-content\/uploads\/2011\/07\/tyrael.gif\" alt=\"\" width=\"400\" height=\"160\"><\/p>\n<p><b>Standort:<\/b> Im oberen Teil der Festung, am Kamin<br \/>\n<b>Funktion:<\/b> Gibt euch Informationen und belebt S\u00f6ldner wieder<br \/>\n<b>Quests:<\/b> Der gefallene Engel<br \/>\n<b>Zitat:<\/b> <i>&#8222;In der Ebene gibt es eine gequ\u00e4lte Seele &#8230;&#8220;<\/i><\/p>\n<p>Schon wieder Tyrael. Er empf\u00e4ngt euch in der Festung des Wahnsinns und gibt euch auch gleich die erste Quest. Ihr sollt <a href=\"#izual\">Izual<\/a> in der Ebene der Verzweiflung suchen und mir ihm reden. Wenn ihr danach zu Tyrael zur\u00fcckkehrt, so schenkt er euch 2 Fertigkeitenpunkte. In Lod k\u00f6nnt ihr bei ihm auch eure S\u00f6ldner wiederbeleben,auch wenn er keine eigenen S\u00f6ldner anbietet. Tyrael sagt, der Kampf gegen Diablo sei das Schicksal eines Sterblichen (nat\u00fcrlich ihr) und nicht der Engel (auch noch feige,was?)<\/p>\n<hr size=\"1\" noshade=\"noshade\">\n<div align=\"center\">[<a href=\"https:\/\/planetdiablo.eu\/diablo-2\/npcs-nicht-spieler-charaktere\/\">Einleitung<\/a>] [<a href=\"https:\/\/planetdiablo.eu\/diablo-2\/npcs-nicht-spieler-charaktere\/npcs-aus-akt-1\/\">Akt 1<\/a>] [<a href=\"https:\/\/planetdiablo.eu\/diablo-2\/npcs-nicht-spieler-charaktere\/npcs-aus-akt-2\/\">Akt 2<\/a>] [<a href=\"https:\/\/planetdiablo.eu\/diablo-2\/npcs-nicht-spieler-charaktere\/npcs-aus-akt-3\/\">Akt 3<\/a>] [<a href=\"https:\/\/planetdiablo.eu\/diablo-2\/npcs-nicht-spieler-charaktere\/npcs-aus-akt-4\/\">Akt 4<\/a>] [<a href=\"https:\/\/planetdiablo.eu\/diablo-2\/npcs-nicht-spieler-charaktere\/npcs-aus-akt-5\/\">Akt 5<\/a>] [<a href=\"https:\/\/planetdiablo.eu\/diablo-2\/npcs-nicht-spieler-charaktere\/soldner\/\">S\u00f6ldner<\/a>]<\/div>\n<hr size=\"1\" noshade=\"noshade\">\n","protected":false},"excerpt":{"rendered":"<p>Inhalt: Einf\u00fchrung NPC&#8217;s Akt 1 NPC&#8217;s Akt 2 NPC&#8217;s Akt 3 NPC&#8217;s Akt 4 NPC&#8217;s Akt 5 S\u00f6ldner Navigation: Deckard Cain Hadriel Halbu Izual Jamella Tyrael Deckard Cain, der letzte der Horadrim Standort: Im h\u00f6heren Teil der Festung unter dem Dach Funktion: Informant Quests: Mephistos Seelenstein Zitat: &#8222;Bleibt ein Weilchen und h\u00f6rt zu &#8230;&#8220; \u00c4hh,&hellip; <a class=\"more-link\" href=\"https:\/\/planetdiablo.eu\/de\/diablo-2\/npcs-nicht-spieler-charaktere\/npcs-aus-akt-4\/\"><span class=\"screen-reader-text\">Diablo 2 &#8211; NPCs aus Akt 4<\/span> weiterlesen<\/a><\/p>\n","protected":false},"author":751,"featured_media":0,"parent":445815,"menu_order":0,"comment_status":"open","ping_status":"open","template":"","meta":{"footnotes":""},"class_list":["post-445969","page","type-page","status-publish","hentry","entry"],"_links":{"self":[{"href":"https:\/\/planetdiablo.eu\/de\/wp-json\/wp\/v2\/pages\/445969","targetHints":{"allow":["GET"]}}],"collection":[{"href":"https:\/\/planetdiablo.eu\/de\/wp-json\/wp\/v2\/pages"}],"about":[{"href":"https:\/\/planetdiablo.eu\/de\/wp-json\/wp\/v2\/types\/page"}],"author":[{"embeddable":true,"href":"https:\/\/planetdiablo.eu\/de\/wp-json\/wp\/v2\/users\/751"}],"replies":[{"embeddable":true,"href":"https:\/\/planetdiablo.eu\/de\/wp-json\/wp\/v2\/comments?post=445969"}],"version-history":[{"count":2,"href":"https:\/\/planetdiablo.eu\/de\/wp-json\/wp\/v2\/pages\/445969\/revisions"}],"predecessor-version":[{"id":583469,"href":"https:\/\/planetdiablo.eu\/de\/wp-json\/wp\/v2\/pages\/445969\/revisions\/583469"}],"up":[{"embeddable":true,"href":"https:\/\/planetdiablo.eu\/de\/wp-json\/wp\/v2\/pages\/445815"}],"wp:attachment":[{"href":"https:\/\/planetdiablo.eu\/de\/wp-json\/wp\/v2\/media?parent=445969"}],"curies":[{"name":"wp","href":"https:\/\/api.w.org\/{rel}","templated":true}]}}