{"id":445985,"date":"2011-07-24T01:52:01","date_gmt":"2011-07-23T23:52:01","guid":{"rendered":"http:\/\/diablo3.ingame.de\/?page_id=445985"},"modified":"2021-09-27T16:54:56","modified_gmt":"2021-09-27T14:54:56","slug":"npcs-aus-akt-5","status":"publish","type":"page","link":"https:\/\/planetdiablo.eu\/de\/diablo-2\/npcs-nicht-spieler-charaktere\/npcs-aus-akt-5\/","title":{"rendered":"Diablo 2 &#8211; NPCs aus Akt 5"},"content":{"rendered":"<h2>Inhalt:<\/h2>\n<ul>\n<li><a href=\"https:\/\/planetdiablo.eu\/diablo-2\/npcs-nicht-spieler-charaktere\/\">Einf\u00fchrung<\/a><\/li>\n<li><a href=\"https:\/\/planetdiablo.eu\/diablo-2\/npcs-nicht-spieler-charaktere\/npcs-aus-akt-1\/\">NPC&#8217;s Akt 1<\/a><\/li>\n<li><a href=\"https:\/\/planetdiablo.eu\/diablo-2\/npcs-nicht-spieler-charaktere\/npcs-aus-akt-2\/\">NPC&#8217;s Akt 2<\/a><\/li>\n<li><a href=\"https:\/\/planetdiablo.eu\/diablo-2\/npcs-nicht-spieler-charaktere\/npcs-aus-akt-3\/\">NPC&#8217;s Akt 3<\/a><\/li>\n<li><a href=\"https:\/\/planetdiablo.eu\/diablo-2\/npcs-nicht-spieler-charaktere\/npcs-aus-akt-4\/\">NPC&#8217;s Akt 4<\/a><\/li>\n<li>NPC&#8217;s Akt 5<\/li>\n<li><a href=\"https:\/\/planetdiablo.eu\/diablo-2\/npcs-nicht-spieler-charaktere\/soldner\/\">S\u00f6ldner<\/a><\/li>\n<\/ul>\n<h2>Navigation:<\/h2>\n<ul>\n<li><a href=\"#anya\">Anya<\/a><\/li>\n<li><a href=\"#cain\">Deckard Cain<\/a><\/li>\n<li><a href=\"#larzuk\">Larzuk<\/a><\/li>\n<li><a href=\"#malah\">Malah<\/a><\/li>\n<li><a href=\"#nilathak\">Nilathak<\/a><\/li>\n<li><a href=\"#qua-kehk\">Qua-Kehk<\/a><\/li>\n<li><a href=\"#tyrael\">Tyrael<\/a><\/li>\n<li><a href=\"#urahnen\">Die Urahnen<\/a><\/li>\n<\/ul>\n<h2 id=\"anya\">Anya, die \u00c4ltestentochter<\/h2>\n<p><img loading=\"lazy\" decoding=\"async\" class=\"alignleft wp-image-445987 size-full\" src=\"https:\/\/planetdiablo.eu\/de\/wp-content\/uploads\/2011\/07\/anya.gif\" alt=\"\" width=\"75\" height=\"100\"><\/p>\n<p><b>Standort:<\/b> Im S\u00fcden der Stadt an der Strasse<br \/>\n<b>Funktion:<\/b> H\u00e4ndlerin; verkauft klassenspeziefische Gegenst\u00e4nde, bietet Gl\u00fccksspiel an<br \/>\n<b>Quests:<\/b> Die Suche nach Anya, Verrat in Harrogath<br \/>\n<b>Zitat:<\/b> <i>&#8222;Sooo kalt edler Held &#8230;&#8220;<\/i><\/p>\n<p>Anya ist die Tochter eines der \u00c4ltesten der Stadt. Sie ist sehr gelehrt und verf\u00fcgt \u00fcber die F\u00fchrungskr\u00e4fte ihres Vaters. Ihr Vater hat sich geopfert, um mit den anderen \u00c4ltesten einen magischen Schutzwall um die Stadt zu bewirken. Anya taucht erst gegen Mitte des 5. Aktes auf, nachdem ihr sie aus der Gegend des Frostflusses befreit habt, wo <a href=\"#nilathak\">Nilathak<\/a> sie gefangen h\u00e4lt. Sobald ihr sie befreit habt, gibt sie euch einen klassenspezifischen Gegenstand, und gleich die n\u00e4chste Aufgabe. Ihr sollt Nilathak in seinem Tempel suchen und t\u00f6ten. Habt ihr auch dies erledigt, so personalisiert sie f\u00fcr euch einen Gegenstand.<\/p>\n<h2 id=\"cain\">Deckard Cain, der letzte der Horadrim<\/h2>\n<p><img loading=\"lazy\" decoding=\"async\" class=\"alignleft wp-image-445863 size-full\" src=\"https:\/\/planetdiablo.eu\/de\/wp-content\/uploads\/2011\/07\/deckardcain.gif\" alt=\"Deckard Cain\" width=\"75\" height=\"100\"><\/p>\n<p><b>Standort:<\/b> Auf dem Dorfplatz am Brunnen<br \/>\n<b>Funktion:<\/b> Der Berater; identifiziert kostenlos Gegenst\u00e4nde<br \/>\n<b>Quests:<\/b> &#8212;&#8211;<br \/>\n<b>Zitat:<\/b> <i>&#8222;Bleibt ein Weilchen und h\u00f6rt zu &#8230;&#8220;<\/i><\/p>\n<p>Och n\u00f6\u00f6\u00f6! Nich schon wieder Cain. Na gut. Am Anfang des 5. Aktes identifiziert Cain keine Gegenst\u00e4nde (Bug oder Feature). Erst wenn die Belagerung beendet ist, ist er wieder so gn\u00e4dig eure Gegenst\u00e4nde zu begutachten. Ansonsten gibt es nix besonderes zu berichten, als das Cain einen Stimmenbruch durchgemacht hat und jetzt mit der Stimme von Ormus spricht (aber in der 1. Person).<\/p>\n<h2 id=\"larzuk\">Larzuk, der Schmied<\/h2>\n<p><img loading=\"lazy\" decoding=\"async\" class=\"alignleft wp-image-445989 size-full\" src=\"https:\/\/planetdiablo.eu\/de\/wp-content\/uploads\/2011\/07\/larzuk.gif\" alt=\"\" width=\"75\" height=\"100\"><\/p>\n<p><b>Standort:<\/b> An seiner Schmiede, rechts vom Wegpunkt<br \/>\n<b>Funktion:<\/b> Schmied; verkauft Waffen, Schilde und R\u00fcstungen<br \/>\n<b>Quests:<\/b> Die Belagerung von Harrogath<br \/>\n<b>Zitat:<\/b> <i>&#8222;Stets zu Diensten!&#8220;<\/i><\/p>\n<p>Larzuk ist der Schmied aus Harrogath. Am Anfang m\u00f6gen seine Preise vielleicht etwas hoch sein, aber dies \u00e4ndert sich nachdem ihr die Belagerung von Harrogath beendet habt. Als Belohnung senkt Larzuk seine Preise und gibt euch eine der besten Quest-Belohnungen im ganzen Spiel. Er sockelt einen von euch gew\u00e4hlten Gegenstand. F\u00fcr diese Sockel gibt es bestimmte Regeln. So k\u00f6nnen z.B. Uniques und Rares nur einen Sockel erhalten, Magische Items maximal 2 und normale Items maximal 6 Sockel (je nach Platz im Inventar). Ansonsten repariert Larzuk eure Ausr\u00fcstung und verkauft Waffen und R\u00fcstungen. Auch verkauft Larzuk im Schwierigkeitsgrad H\u00f6lle die beliebten &#8222;Cruel&#8220; Gegenst\u00e4nde.<\/p>\n<h2 id=\"malah\">Malah, die Alte<\/h2>\n<p><img loading=\"lazy\" decoding=\"async\" class=\"alignleft wp-image-445991 size-full\" src=\"https:\/\/planetdiablo.eu\/de\/wp-content\/uploads\/2011\/07\/malah.gif\" alt=\"\" width=\"75\" height=\"100\"><\/p>\n<p><b>Standort:<\/b> In ihrem Haus an den Stadtportalen<br \/>\n<b>Funktion:<\/b> Heilerin; verkauft magische Gegenst\u00e4nde, Scriftrollen und Tr\u00e4nke<br \/>\n<b>Quests:<\/b> Eisgef\u00e4ngniss<br \/>\n<b>Zitat:<\/b> <i>&#8222;Es gibt etwas, womit euch nur sehr ungerne betreue &#8230;&#8220;<\/i><\/p>\n<p>Malah begr\u00fc\u00dft euch als erste in Harrogath. Sie ist euch als erstes freundlich gesonnen, und sieht ein, das die Barbaren Hilfe brauchen, um zu bestehen. Malah heilt euch kostenlos und kuriert auch die schlimmsten Kopfschmerzen (Mana alle). Sie verkauft allerlei magischen Kram, so zum Beispiel Szepter, St\u00e4be etc. oder auch Schriftrollen und Folianten. Malah gibt euch die Aufgabe nach Anya zu suchen und belohnt euch mit einer Schriftrolle, die eure Widerst\u00e4nde um 10 erh\u00f6ht.<\/p>\n<h2 id=\"nilathak\">Nilathak, der Necromancer<\/h2>\n<table class=\"unstyled\" cellpadding=\"5px\" align=\"center\">\n<tbody>\n<tr>\n<td><img loading=\"lazy\" decoding=\"async\" class=\"alignleft wp-image-445993 size-full\" src=\"https:\/\/planetdiablo.eu\/de\/wp-content\/uploads\/2011\/07\/nihlathak.gif\" alt=\"\" width=\"75\" height=\"100\"><\/td>\n<td><img loading=\"lazy\" decoding=\"async\" class=\"alignright wp-image-445995 size-full\" src=\"https:\/\/planetdiablo.eu\/de\/wp-content\/uploads\/2011\/07\/nihlathak-opt.gif\" alt=\"\" width=\"68\" height=\"96\"><\/td>\n<\/tr>\n<\/tbody>\n<\/table>\n<p><b>Standort:<\/b> Unterhald des Dorfplatzes \/ In den Hallen von Vaught<br \/>\n<b>Funktion:<\/b> Betr\u00fcger; bietet Gl\u00fccksspiel an<br \/>\n<b>Quests:<\/b> &#8212;&#8211;<br \/>\n<b>Zitat:<\/b> <i>&#8222;Durch die Belagerung mangelt es an allem &#8230; nur nicht an Thoren!&#8220;<\/i><\/p>\n<p>Nilathak ist deutlich als Totenbeschw\u00f6rer zu erkennen. Er ist extrem abweisend Fremden gegen\u00fcber und hat seine eigenen Vorstellungen \u00fcber den Krieg gegen Baal. Nilathak versucht einen Pakt mit Baal zu schlie\u00dfen. Um Harrogath zu retten, bietet er Baal das Relikt der Urahnen an. Bei ihm k\u00f6nnt ihr euer Gl\u00fcck im Spiel versuchen, er verschwindet jedoch, sobald ihr Anya findet. Danach wird seine Aufgabe von Anya \u00fcbernommen und ihr bekommt die Aufgabe, Nilathak zu suchen und zu t\u00f6ten.<\/p>\n<h2 id=\"qua-kehk\">Qua-Kehk, der Waffentr\u00e4ger<\/h2>\n<p><img loading=\"lazy\" decoding=\"async\" class=\"alignleft wp-image-445997 size-full\" src=\"https:\/\/planetdiablo.eu\/de\/wp-content\/uploads\/2011\/07\/qua-kehk.gif\" alt=\"\" width=\"75\" height=\"100\"><\/p>\n<p><b>Standort:<\/b> Am Brunnen auf dem Dorfplatz<br \/>\n<b>Funktion:<\/b> S\u00f6ldnerf\u00fchrer; bietet S\u00f6ldner an<br \/>\n<b>Quests:<\/b> Soldaten im Eishochland, Initionsritus<br \/>\n<b>Zitat:<\/b> <i>&#8222;Jedes mal wenn ich von euch h\u00f6re, werden eure Taten gro\u00dfartiger!&#8220;<\/i><\/p>\n<p>Qua-Kehk ist der oberste Waffentr\u00e4ger in Harrogath. Er geh\u00f6rte ebenfalls zum Rat der \u00c4ltesten, hat sich jedoch nicht geopfert. Qua-Kehk f\u00fchrt die Barbaren in die Schlacht und er vermietet euch auch S\u00f6ldner, sobald ihr seine Krieger im Eishochland befreit habt. Au\u00dferdem gibt er euch die drei Runen Tal,Ort und Ral (Schwur der Urahnen). Erst wirkt er ein wenig ablehnend euch gegen\u00fcber, dies legt sich jedoch mit der Zeit. Sp\u00e4ter gibt er euch die Aufgabe, mit den Urahnen zu k\u00e4mpfen.<\/p>\n<h2 id=\"tyrael\">Tyrael, der Erzengel<\/h2>\n<p><img loading=\"lazy\" decoding=\"async\" class=\"aligncenter wp-image-445947 size-full\" src=\"https:\/\/planetdiablo.eu\/de\/wp-content\/uploads\/2011\/07\/tyrael.gif\" alt=\"\" width=\"400\" height=\"160\"><\/p>\n<p><b>Standort:<\/b> In der Kammer des Weltsteins<br \/>\n<b>Funktion:<\/b> \u00e4hhh; \u00f6ffnet das Portal zum Abschlie\u00dfen des Spiels.<br \/>\n<b>Quests:<\/b> &#8212;&#8211;<br \/>\n<b>Zitat:<\/b> <i>&#8222;Das ist wirklich ein gro\u00dfer Sieg f\u00fcr das Licht &#8230;&#8220;<\/i><\/p>\n<p>Und wieder der Erzengel Tyrael. Diesmal taucht er auf, sobald ihr Baal besiegt habt. Er erz\u00e4hlt, dass er von Baal aus dem Turm ausgesperrt wurde und deshalb nicht eingreifen konnte (der kann echt gar nix). Nach seiner Rede \u00f6ffnet er ein Portal, welches das Spiel beendet.<\/p>\n<h2 id=\"urahnen\">Die Urahnen<\/h2>\n<table class=\"unstyled\" cellpadding=\"5px\" align=\"center\">\n<tbody>\n<tr>\n<td><img loading=\"lazy\" decoding=\"async\" class=\"alignleft wp-image-445999 size-full\" src=\"https:\/\/planetdiablo.eu\/de\/wp-content\/uploads\/2011\/07\/talic-opt.gif\" alt=\"\" width=\"154\" height=\"149\"><\/td>\n<td><img loading=\"lazy\" decoding=\"async\" class=\"alignleft wp-image-446001 size-full\" src=\"https:\/\/planetdiablo.eu\/de\/wp-content\/uploads\/2011\/07\/madawc-opt.gif\" alt=\"\" width=\"74\" height=\"106\"><\/td>\n<td><img loading=\"lazy\" decoding=\"async\" class=\"alignleft wp-image-446003 size-full\" src=\"https:\/\/planetdiablo.eu\/de\/wp-content\/uploads\/2011\/07\/korlic-opt.gif\" alt=\"\" width=\"156\" height=\"126\"><\/td>\n<\/tr>\n<\/tbody>\n<\/table>\n<p style=\"clear: left;\"><b>Standort:<\/b> Auf dem Gipfel des Arreat<br \/>\n<b>Funktion:<\/b> Informanten; Geben euch die Aufgabe Baal zu t\u00f6ten<br \/>\n<b>Quests:<\/b> Initionsritus, Das Ende der Zerst\u00f6rung<br \/>\n<b>Zitat:<\/b> <i>&#8222;Wir sind die Geister der Nephalat &#8230; der Urahnen!&#8220;<\/i><\/p>\n<p>Die Urahnen tauchen erst nur als Gegner auf. Auf dem Gipfel des Arreat m\u00fcssen wir alle drei Gegner t\u00f6ten, ohne dabei den Gipfel zu verlassen. Alle drei Urahnen haben spezielle Fertigkeiten.<\/p>\n<ul>\n<li>Talic ist ein Schwert Barbar, welcher bevorzugt Wirbelwind einsetzt.<\/li>\n<li>Madwac ist ein Wurf Barbar mit Doppelwurf.<\/li>\n<li>Korlic ist ein Lanzen Barbar, der auch Sprung einsetzt.<\/li>\n<\/ul>\n<p>Sobald die drei Urahnen tot sind, versteinern sie wieder und erlauben euch, den Weltstein-Turm zu betreten. Auch sagen sie, dass Baal bereits im Turm ist und wir ihn suchen und t\u00f6ten sollen.<\/p>\n<hr size=\"1\" noshade=\"noshade\">\n<div align=\"center\">[<a href=\"https:\/\/planetdiablo.eu\/diablo-2\/npcs-nicht-spieler-charaktere\/\">Einleitung<\/a>] [<a href=\"https:\/\/planetdiablo.eu\/diablo-2\/npcs-nicht-spieler-charaktere\/npcs-aus-akt-1\/\">Akt 1<\/a>] [<a href=\"https:\/\/planetdiablo.eu\/diablo-2\/npcs-nicht-spieler-charaktere\/npcs-aus-akt-2\/\">Akt 2<\/a>] [<a href=\"https:\/\/planetdiablo.eu\/diablo-2\/npcs-nicht-spieler-charaktere\/npcs-aus-akt-3\/\">Akt 3<\/a>] [<a href=\"https:\/\/planetdiablo.eu\/diablo-2\/npcs-nicht-spieler-charaktere\/npcs-aus-akt-4\/\">Akt 4<\/a>] [<a href=\"https:\/\/planetdiablo.eu\/diablo-2\/npcs-nicht-spieler-charaktere\/npcs-aus-akt-5\/\">Akt 5<\/a>] [<a href=\"https:\/\/planetdiablo.eu\/diablo-2\/npcs-nicht-spieler-charaktere\/soldner\/\">S\u00f6ldner<\/a>]<\/div>\n<hr size=\"1\" noshade=\"noshade\">\n","protected":false},"excerpt":{"rendered":"<p>Inhalt: Einf\u00fchrung NPC&#8217;s Akt 1 NPC&#8217;s Akt 2 NPC&#8217;s Akt 3 NPC&#8217;s Akt 4 NPC&#8217;s Akt 5 S\u00f6ldner Navigation: Anya Deckard Cain Larzuk Malah Nilathak Qua-Kehk Tyrael Die Urahnen Anya, die \u00c4ltestentochter Standort: Im S\u00fcden der Stadt an der Strasse Funktion: H\u00e4ndlerin; verkauft klassenspeziefische Gegenst\u00e4nde, bietet Gl\u00fccksspiel an Quests: Die Suche nach Anya, Verrat in&hellip; <a class=\"more-link\" href=\"https:\/\/planetdiablo.eu\/de\/diablo-2\/npcs-nicht-spieler-charaktere\/npcs-aus-akt-5\/\"><span class=\"screen-reader-text\">Diablo 2 &#8211; NPCs aus Akt 5<\/span> weiterlesen<\/a><\/p>\n","protected":false},"author":847,"featured_media":0,"parent":445815,"menu_order":0,"comment_status":"open","ping_status":"open","template":"","meta":{"footnotes":""},"class_list":["post-445985","page","type-page","status-publish","hentry","entry"],"_links":{"self":[{"href":"https:\/\/planetdiablo.eu\/de\/wp-json\/wp\/v2\/pages\/445985","targetHints":{"allow":["GET"]}}],"collection":[{"href":"https:\/\/planetdiablo.eu\/de\/wp-json\/wp\/v2\/pages"}],"about":[{"href":"https:\/\/planetdiablo.eu\/de\/wp-json\/wp\/v2\/types\/page"}],"author":[{"embeddable":true,"href":"https:\/\/planetdiablo.eu\/de\/wp-json\/wp\/v2\/users\/847"}],"replies":[{"embeddable":true,"href":"https:\/\/planetdiablo.eu\/de\/wp-json\/wp\/v2\/comments?post=445985"}],"version-history":[{"count":2,"href":"https:\/\/planetdiablo.eu\/de\/wp-json\/wp\/v2\/pages\/445985\/revisions"}],"predecessor-version":[{"id":583470,"href":"https:\/\/planetdiablo.eu\/de\/wp-json\/wp\/v2\/pages\/445985\/revisions\/583470"}],"up":[{"embeddable":true,"href":"https:\/\/planetdiablo.eu\/de\/wp-json\/wp\/v2\/pages\/445815"}],"wp:attachment":[{"href":"https:\/\/planetdiablo.eu\/de\/wp-json\/wp\/v2\/media?parent=445985"}],"curies":[{"name":"wp","href":"https:\/\/api.w.org\/{rel}","templated":true}]}}