{"id":446059,"date":"2011-07-24T02:17:13","date_gmt":"2011-07-24T00:17:13","guid":{"rendered":"http:\/\/diablo3.ingame.de\/?page_id=446059"},"modified":"2023-03-03T10:38:12","modified_gmt":"2023-03-03T08:38:12","slug":"soldner","status":"publish","type":"page","link":"https:\/\/planetdiablo.eu\/de\/diablo-2\/npcs-nicht-spieler-charaktere\/soldner\/","title":{"rendered":"Diablo 2 &#8211; S\u00f6ldner in 2 Legacy"},"content":{"rendered":"<h2>Inhalt:<\/h2>\n<ul>\n<li><a href=\"https:\/\/planetdiablo.eu\/diablo-2\/npcs-nicht-spieler-charaktere\/\">Einf\u00fchrung<\/a><\/li>\n<li><a href=\"https:\/\/planetdiablo.eu\/diablo-2\/npcs-nicht-spieler-charaktere\/npcs-aus-akt-1\/\">NPC&#8217;s Akt 1<\/a><\/li>\n<li><a href=\"https:\/\/planetdiablo.eu\/diablo-2\/npcs-nicht-spieler-charaktere\/npcs-aus-akt-2\/\">NPC&#8217;s Akt 2<\/a><\/li>\n<li><a href=\"https:\/\/planetdiablo.eu\/diablo-2\/npcs-nicht-spieler-charaktere\/npcs-aus-akt-3\/\">NPC&#8217;s Akt 3<\/a><\/li>\n<li><a href=\"https:\/\/planetdiablo.eu\/diablo-2\/npcs-nicht-spieler-charaktere\/npcs-aus-akt-4\/\">NPC&#8217;s Akt 4<\/a><\/li>\n<li><a href=\"https:\/\/planetdiablo.eu\/diablo-2\/npcs-nicht-spieler-charaktere\/npcs-aus-akt-5\/\">NPC&#8217;s Akt 5<\/a><\/li>\n<li><a href=\"https:\/\/planetdiablo.eu\/de\/diablo-2\/npcs-nicht-spieler-charaktere\/diablo-2-soeldner-in-d2resurrected\/\">S\u00f6ldner in D2 Resurrected<\/a><\/li>\n<\/ul>\n<h2>Navigation:<\/h2>\n<ul>\n<li><a href=\"#allgemein\">Allgemeines<\/a><\/li>\n<li><a href=\"#jaegerinnen\">J\u00e4gerinnen Akt 1<\/a><\/li>\n<li><a href=\"#wuestensoehne\">W\u00fcstens\u00f6hne Akt 2<\/a><\/li>\n<li><a href=\"#eisenwoelfe\">Eisenw\u00f6lfe Akt 3<\/a><\/li>\n<li><a href=\"#barbaren\">Barbaren Akt 5<\/a><\/li>\n<\/ul>\n<h2 id=\"allgemein\">Allgemeines zu den S\u00f6ldnern<\/h2>\n<p>Mit der Einf\u00fchrung des Erweiterungspaket <i>Lord of Destruction<\/i> hat sich einiges am S\u00f6ldnermanagement ge\u00e4ndert. Die gr\u00f6\u00dfte \u00c4nderung ist wohl die Einf\u00fchrung des eigenen S\u00f6ldner-Inventars mit eigenen S\u00f6ldner Werten, welches mit &#8222;o&#8220; aufgerufen werden kann.<\/p>\n<p><img loading=\"lazy\" decoding=\"async\" class=\"alignright wp-image-446061 size-full\" src=\"https:\/\/planetdiablo.eu\/de\/wp-content\/uploads\/2011\/07\/npcmercb.jpg\" alt=\"S\u00f6ldner Inventar\" width=\"320\" height=\"374\"><br \/>\nIn diesem Inventar ist Platz f\u00fcr eine Ausr\u00fcstung aus Helm, R\u00fcstung, Waffe und evtl. Schild. Im unteren Teil des Inventars werden eigene Charakterwerte wie St\u00e4rke, Geschicklichkeit, Angriffswert und Verteidigung f\u00fcr den S\u00f6ldner angezeigt. Auch wurde mit dem Patch auf Version 1.09 einiges an der Schadensverteilung ge\u00e4ndert. S\u00f6ldner machen, je nach Schwierigkeitsgrad, nun nur noch zwischen 50% und 25% Schaden an Boss-Monstern und nur noch 25% Schaden an gegnerischen Spielern sowie 50% deren S\u00f6ldnern.<\/p>\n<h2 id=\"jaegerinnen\">Die J\u00e4gerinnen des verborgenen Auge<\/h2>\n<p><img loading=\"lazy\" decoding=\"async\" class=\"alignleft wp-image-446073 size-full\" src=\"https:\/\/planetdiablo.eu\/de\/wp-content\/uploads\/2011\/07\/merc_act11.gif\" alt=\"S\u00f6ldner J\u00e4gerin\" width=\"75\" height=\"100\"><\/p>\n<p><b>S\u00f6ldnerart:<\/b> Fernk\u00e4mpfer<br \/>\n<b>Fertigkeiten:<\/b> Magische Pfeile, Innere Sicht<\/p>\n<p>Einigen Leuten werden die J\u00e4gerinnen bekannt vorkommen. Schon in Diablo 1 hatten die <i>Schwestern des verborgenen Auge<\/i> ihren Auftritt. Damals jedoch nicht als NPCs sondern als Spielfigur (die altbekannte J\u00e4gerin).<\/p>\n<p>Als Fernk\u00e4mpferin kann die J\u00e4gerin lediglich einen Bogen benutzen, jedoch keine Armbrust. Auch k\u00f6nnen die J\u00e4gerinnen durch ihre niedrigen St\u00e4rke-Werte kaum gute R\u00fcstungen tragen. Die J\u00e4gerin hat einen unbegrentzten Vorrat an Pfeilen, welche nicht gesondert eingekauft werden m\u00fcssen. Als Spezielle Fertigkeiten haben die J\u00e4gerinnen entweder Feuer- oder Eis-Pfeile. Au\u00dferdem benutzen die J\u00e4gerinnen Innere Sicht um ihr Sichtfeld ein wenig zu verbessern und die Verteidigung der Gegner zu senken. Es ist zu beachten, dass die J\u00e4gerinnen nicht mit Amazonen gleichzusetzen sind und auch keine Klasssenspezifischen Gegenst\u00e4nde tragen k\u00f6nnen.<\/p>\n<h2 id=\"wuestensoehne\">Die W\u00fcstens\u00f6hne aus Lut Gholein<\/h2>\n<p><img loading=\"lazy\" decoding=\"async\" class=\"alignleft wp-image-446075 size-full\" src=\"https:\/\/planetdiablo.eu\/de\/wp-content\/uploads\/2011\/07\/merc_akt2.gif\" alt=\"S\u00f6ldner W\u00fcstens\u00f6hne\" width=\"75\" height=\"100\"><\/p>\n<p><b>S\u00f6ldnerart:<\/b> Nahk\u00e4mpfer<br \/>\n<b>Fertigkeiten:<\/b> Verschiedene Auren<\/p>\n<p>Die W\u00fcstens\u00f6hne wurden von Jerhyn beauftragt, um die Stadt zu sichern. Ihr k\u00f6nnt euch jederzeit bei Griez einen der W\u00fcstens\u00f6hne mieten. Diese S\u00f6ldner sind sehr partyfreundlich, da sie mit ihren Auren die gesamte Party verbessern. Die Art der Aura ist von dem S\u00f6ldner vorgegeben. In ihrem Inventar ist wie \u00fcblich Platz f\u00fcr Helm und R\u00fcstung, au\u00dferdem k\u00f6nnen die W\u00fcstens\u00f6hne noch Speere oder Stangen tragen.<\/p>\n<h2>Aura von S\u00f6ldnern aus Normal und H\u00f6lle:<\/h2>\n<ul>\n<li>Kampf: Gebet <a href=\"http:\/\/classic.battle.net\/diablo2exp\/skills\/paladin-defense.shtml#prayer\" target=\"_blank\" rel=\"noopener\">Informationen<\/a><\/li>\n<li>Defensiv: Trotz <a href=\"http:\/\/classic.battle.net\/diablo2exp\/skills\/paladin-defense.shtml#defiance\" target=\"_blank\" rel=\"noopener\">Informationen<\/a><\/li>\n<li>Offensiv: Gesegnetes Ziel <a href=\"http:\/\/classic.battle.net\/diablo2exp\/skills\/paladin-offense.shtml#blessedaim\" target=\"_blank\" rel=\"noopener\">Informationen<\/a><\/li>\n<\/ul>\n<h2>Aura von S\u00f6ldnern aus Alptraum:<\/h2>\n<ul>\n<li>Kampf: Dornen <a href=\"http:\/\/classic.battle.net\/diablo2exp\/skills\/paladin-offense.shtml#thorns\" target=\"_blank\" rel=\"noopener\">Informationen<\/a><\/li>\n<li>Defensiv: Heiliger Frost <a href=\"http:\/\/classic.battle.net\/diablo2exp\/skills\/paladin-offense.shtml#holyfreeze\" target=\"_blank\" rel=\"noopener\">Informationen<\/a><\/li>\n<li>Offensiv: Macht <a href=\"http:\/\/classic.battle.net\/diablo2exp\/skills\/paladin-offense.shtml#might\" target=\"_blank\" rel=\"noopener\">Informationen<\/a><\/li>\n<\/ul>\n<h2 id=\"eisenwoelfe\">Die Eisenw\u00f6lfe aus Kurast<\/h2>\n<p><img loading=\"lazy\" decoding=\"async\" class=\"alignleft wp-image-446077 size-full\" src=\"https:\/\/planetdiablo.eu\/de\/wp-content\/uploads\/2011\/07\/merc_akt31.gif\" alt=\"S\u00f6ldner Eisenw\u00f6lfe\" width=\"75\" height=\"100\"><\/p>\n<p><b>S\u00f6ldnerart:<\/b> Zauberer \/ Nahk\u00e4mpfer<br \/>\n<b>Fertigkeiten:<\/b> Eis, Feuer oder Blitzzauber<\/p>\n<p>Die S\u00f6ldner des dritten Aktes sind die Eisenw\u00f6lfe. Sie sind magiebegabt, k\u00f6nnen sich jedoch auch im Nahkampf selbst verteidigen. die Eisenw\u00f6lfe k\u00f6nnen mit Helm, R\u00fcstung, Schwert und Schild ausger\u00fcstet werden. Informationenn von Blizzard zufolge wird das Schwert jedoch nur sehr selten zum Zuschlagen benutzt. Aus diesem Grunde solltet ihr lieber ein Schwert mit guten Zauberer-Eigenschaften besorgen und es dem S\u00f6ldner geben.<\/p>\n<p>Die Eisenw\u00f6lfe gibt es in drei Variationen, n\u00e4mlich als Feuer, Eis oder Blitz-Zauberer. Jeder S\u00f6ldner hat zwei verschiedene Zauber auf Lager. Der wohl beliebteste der Drei ist der Eis-Magier, da er durch seine Gletschernadel die Gegner vollst\u00e4ndig einfriert. Der Blitz-S\u00f6ldner setzt als Zauber den normalen Blitzschlag sowie Charged Bolt ein. Der Nachteil an Charged Bolt ist, dass er am besten auf nahe Distanz wirkt und die KI was Zauberauswahl betrifft nicht gaaanz so toll ist. (Man kann auch grottig sagen) Das selbe Problem hat der Feuer-S\u00f6ldner, da dieser \u00fcber Inferno und Feuerball verf\u00fcgt und sich dabei \u00f6fters mal falsch entscheidet.<\/p>\n<p>Mit steigendem Level wechseln die S\u00f6ldner mehr und mehr zum st\u00e4rkeren Zauberspruch (Blitzschlag, Gletschernadel, Feuerball), welcher Prozess durch &#8222;+ zu Fertigkeiten&#8220; beschleunigt werden kann.<\/p>\n<h2 id=\"barbaren\">Die Barbaren des Berges Arreat<\/h2>\n<p><img loading=\"lazy\" decoding=\"async\" class=\"alignleft wp-image-446079 size-full\" src=\"https:\/\/planetdiablo.eu\/de\/wp-content\/uploads\/2011\/07\/merc_akt5.gif\" alt=\"S\u00f6ldner Barbaren\" width=\"56\" height=\"80\"><\/p>\n<p><b>S\u00f6ldnerart:<\/b> Nahk\u00e4mpfer<br \/>\n<b>Fertigkeiten:<\/b> Hieb,L\u00e4hmen<\/p>\n<p>Was gibt es in der Hochburg der Barbaren wohl f\u00fcr S\u00f6ldner? Richtig, Barbaren! Diese S\u00f6ldner k\u00f6nnen erst angeheuert werden, wenn die 2. Quest erledigt wurde und ihr mit Qua-Kehk gesprochen habt. Die Barbaren sind reine Nahk\u00e4mpfer und haben als Spezial-Fertigkeit L\u00e4hmen und den Hieb (Wegsto\u00dfung). Die Barbaren sind wirklich <b>echte<\/b> Barbaren, was bedeutet, dass sie Klassenspezifische Gegenst\u00e4nde tragen k\u00f6nnen. Die S\u00f6ldner k\u00f6nnen mit R\u00fcstung, Helm sowie einem Zweih\u00e4nder ausger\u00fcstet werden. Die Barbaren sind die st\u00e4rksten Nahkampfs\u00f6ldner, und sind deswegen besonders f\u00fcr magisch veranlagte Chars geeignet, um die Gegner fern zu halten. F\u00fcr Chars die selbst im direkten Feindkontakt stehen, sind wohl eher S\u00f6ldner mit einer magischen Spezialfertigkeit zu gebrauchen.<\/p>\n<p>Weitere Infos sind im <a href=\"http:\/\/www.mannm.org\/d2library\/fibel\/fibel01_intro.html\" target=\"_blank\" rel=\"noopener\">S\u00f6ldner-Guide von librarian<\/a> zu finden.<\/p>\n<hr size=\"1\" noshade=\"noshade\">\n<div align=\"center\">[<a href=\"https:\/\/planetdiablo.eu\/diablo-2\/npcs-nicht-spieler-charaktere\/\">Einleitung<\/a>] [<a href=\"https:\/\/planetdiablo.eu\/diablo-2\/npcs-nicht-spieler-charaktere\/npcs-aus-akt-1\/\">Akt 1<\/a>] [<a href=\"https:\/\/planetdiablo.eu\/diablo-2\/npcs-nicht-spieler-charaktere\/npcs-aus-akt-2\/\">Akt 2<\/a>] [<a href=\"https:\/\/planetdiablo.eu\/diablo-2\/npcs-nicht-spieler-charaktere\/npcs-aus-akt-3\/\">Akt 3<\/a>] [<a href=\"https:\/\/planetdiablo.eu\/diablo-2\/npcs-nicht-spieler-charaktere\/npcs-aus-akt-4\/\">Akt 4<\/a>] [<a href=\"https:\/\/planetdiablo.eu\/diablo-2\/npcs-nicht-spieler-charaktere\/npcs-aus-akt-5\/\">Akt 5<\/a>] <a href=\"https:\/\/planetdiablo.eu\/de\/diablo-2\/npcs-nicht-spieler-charaktere\/diablo-2-soeldner-in-d2resurrected\/\">[S\u00f6ldner in D2R<\/a>]<\/div>\n<hr size=\"1\" noshade=\"noshade\">\n","protected":false},"excerpt":{"rendered":"<p>Inhalt: Einf\u00fchrung NPC&#8217;s Akt 1 NPC&#8217;s Akt 2 NPC&#8217;s Akt 3 NPC&#8217;s Akt 4 NPC&#8217;s Akt 5 S\u00f6ldner in D2 Resurrected Navigation: Allgemeines J\u00e4gerinnen Akt 1 W\u00fcstens\u00f6hne Akt 2 Eisenw\u00f6lfe Akt 3 Barbaren Akt 5 Allgemeines zu den S\u00f6ldnern Mit der Einf\u00fchrung des Erweiterungspaket Lord of Destruction hat sich einiges am S\u00f6ldnermanagement ge\u00e4ndert. Die gr\u00f6\u00dfte&hellip; <a class=\"more-link\" href=\"https:\/\/planetdiablo.eu\/de\/diablo-2\/npcs-nicht-spieler-charaktere\/soldner\/\"><span class=\"screen-reader-text\">Diablo 2 &#8211; S\u00f6ldner in 2 Legacy<\/span> weiterlesen<\/a><\/p>\n","protected":false},"author":847,"featured_media":585492,"parent":445815,"menu_order":0,"comment_status":"closed","ping_status":"open","template":"","meta":{"footnotes":""},"class_list":["post-446059","page","type-page","status-publish","has-post-thumbnail","hentry","entry"],"_links":{"self":[{"href":"https:\/\/planetdiablo.eu\/de\/wp-json\/wp\/v2\/pages\/446059","targetHints":{"allow":["GET"]}}],"collection":[{"href":"https:\/\/planetdiablo.eu\/de\/wp-json\/wp\/v2\/pages"}],"about":[{"href":"https:\/\/planetdiablo.eu\/de\/wp-json\/wp\/v2\/types\/page"}],"author":[{"embeddable":true,"href":"https:\/\/planetdiablo.eu\/de\/wp-json\/wp\/v2\/users\/847"}],"replies":[{"embeddable":true,"href":"https:\/\/planetdiablo.eu\/de\/wp-json\/wp\/v2\/comments?post=446059"}],"version-history":[{"count":9,"href":"https:\/\/planetdiablo.eu\/de\/wp-json\/wp\/v2\/pages\/446059\/revisions"}],"predecessor-version":[{"id":586899,"href":"https:\/\/planetdiablo.eu\/de\/wp-json\/wp\/v2\/pages\/446059\/revisions\/586899"}],"up":[{"embeddable":true,"href":"https:\/\/planetdiablo.eu\/de\/wp-json\/wp\/v2\/pages\/445815"}],"wp:featuredmedia":[{"embeddable":true,"href":"https:\/\/planetdiablo.eu\/de\/wp-json\/wp\/v2\/media\/585492"}],"wp:attachment":[{"href":"https:\/\/planetdiablo.eu\/de\/wp-json\/wp\/v2\/media?parent=446059"}],"curies":[{"name":"wp","href":"https:\/\/api.w.org\/{rel}","templated":true}]}}