{"id":446263,"date":"2012-04-04T21:43:56","date_gmt":"2012-04-04T19:43:56","guid":{"rendered":"http:\/\/diablo3.ingame.de\/?page_id=446263"},"modified":"2022-04-07T11:15:57","modified_gmt":"2022-04-07T09:15:57","slug":"die-edelsteine","status":"publish","type":"page","link":"https:\/\/planetdiablo.eu\/de\/diablo-3\/gegenstande\/die-edelsteine\/","title":{"rendered":"Diablo 3 Edelsteine"},"content":{"rendered":"<h2 id=\"top\">Inhaltsverzeichnis<\/h2>\n<ul>\n<li><a href=\"#01\">Allgemeines<\/a><\/li>\n<li><a href=\"#02\">Shen, der Juwelier<\/a><\/li>\n<li><a href=\"#03\">Vorlagen<\/a><\/li>\n<li><a href=\"#04\">Upgrades der Edelsteine<\/a><\/li>\n<li><a href=\"#05\">Attribute der Edelsteine<\/a><\/li>\n<\/ul>\n<h2 id=\"01\">Allgemeines<\/h2>\n<p>Die Edelsteine aus Diablo 2 sind auch in Diablo 3 wieder da &#8211; zun\u00e4chst gibt es die f\u00fcnf Typen Amethyst, Rubin, Smaragd, Diamant und Topas. Nach wie vor k\u00f6nnen sie in R\u00fcstungsgegenst\u00e4nde gesockelt und nun auch ohne viel Aufwand wieder entsockelt werden.<br \/>\nZum Gl\u00fcck k\u00f6nnen bis zu 5000 gleiche Edelsteine gestapelt werden, so dass sie uns nicht mehr wie fr\u00fcher die ganze Truhe verstopfen. Edelsteine sind alle accountgebunden und k\u00f6nnen somit nicht mit anderen Spielern gehandelt werden.<\/p>\n<p>Bevor wir weiter auf Shen und Vorlagen eingehen, werden wir zun\u00e4chst einen kurzen Blick auf die Qualit\u00e4tsstufen der Edelsteine werfen: es gibt 10 verschiedene Qualit\u00e4tsstufen an Edelsteinen, von denen nur die ersten 7 Stufen im Spiel droppen. H\u00f6here Stufen m\u00fcssen wir von Shen herstellen lassen. Dabei ist zu beachten, dass die ersten 5 Stufen im Charlevelbereich 1-60 und die Stufen 6-7 nur im Charlevelbereich 61-70 zu finden sind.<\/p>\n<p>Neben den normalen Edelsteinen gibt es zus\u00e4tzlich legend\u00e4re Edelsteine. Dar\u00fcber k\u00f6nnt ihr alles im entsprechenden Guide <a href=\"\/diablo-3\/gegenstande\/legendaere-edelsteine\/\" target=\"_blank\" rel=\"noopener\">Legend\u00e4re Edelsteine und Aufwertungs-Rechner<\/a> lesen.<\/p>\n<h2 id=\"02\">Shen, der Juwelier<\/h2>\n<p><img loading=\"lazy\" decoding=\"async\" src=\"\/wp-content\/uploads\/2015\/10\/Shen.png\" alt=\"Shen\" class=\"alignleft size-full wp-image-573431\" width=\"249\" height=\"366\"><\/p>\n<p>Shen, der Juwelier, hilft uns neben anderen T\u00e4tigkeiten beim Aufwerten von Edelsteinen und beim Entsockeln von Edelsteinen. Je nachdem, welche Aufgaben ihr ihm anvertraut, ben\u00f6tigt Shen eine entsprechende Ausbildungsstufe und verlangt auch Gold daf\u00fcr. Wie alle Handwerker reist Shen st\u00e4ndig mit euch mit und ist immer in der Stadt anzutreffen.<\/p>\n<p>Der habgierige Shen versteht sich auch im Gebiet der Herstellung von Ringen und Amuletten. Diese kann er entsprechend seiner Ausbildungsstufe herstellen, ben\u00f6tigt f\u00fcr besonders wertvolle Exemplare davon, wie z.B. dem H\u00f6llenfeueramulett, besondere Zutaten und eine entsprechende Juweliersvorlage. N\u00e4heres dazu findet ihr im <a href=\"\/diablo-3\/guide-infernale-maschine-und-hollenfeuerring\/\" target=\"_blank\" rel=\"noopener\">Guide zur infernalen Maschine<\/a>.<\/p>\n<p>Und so sehen die einzelnen Stufen von Shen im \u00dcberblick aus:<\/p>\n<table>\n<tbody>\n<tr>\n<th>Juwelierstufe<\/th>\n<th>Bezeichnung<\/th>\n<th>Edelsteinstufen<\/th>\n<th>Levelkosten<\/th>\n<\/tr>\n<tr>\n<td>1<\/td>\n<td>Lehrling<\/td>\n<td>Makelloser Amethyst<\/td>\n<td>&#8211; <img decoding=\"async\" style=\"float: left;margin-top: 4px;margin-right: 4px\" src=\"\/wp-content\/uploads\/2012\/07\/d3gold.png\" alt=\"Gold\"><\/td>\n<\/tr>\n<tr>\n<td>2<\/td>\n<td>Geselle<\/td>\n<td>Makelloser Diamant<\/td>\n<td>1.000 <img decoding=\"async\" style=\"float: left;margin-top: 4px;margin-right: 4px\" src=\"\/wp-content\/uploads\/2012\/07\/d3gold.png\" alt=\"Gold\"><\/td>\n<\/tr>\n<tr>\n<td>3<\/td>\n<td>Adept<\/td>\n<td>Makelloser Smaragd, Makelloser Rubin, Makelloser Topas<\/td>\n<td>2.500 <img decoding=\"async\" style=\"float: left;margin-top: 4px;margin-right: 4px\" src=\"\/wp-content\/uploads\/2012\/07\/d3gold.png\" alt=\"Gold\"><\/td>\n<\/tr>\n<tr>\n<td>4<\/td>\n<td>Meister<\/td>\n<td>Quadratischer Amethyst<\/td>\n<td>5.000 <img decoding=\"async\" style=\"float: left;margin-top: 4px;margin-right: 4px\" src=\"\/wp-content\/uploads\/2012\/07\/d3gold.png\" alt=\"Gold\"><\/td>\n<\/tr>\n<tr>\n<td>5<\/td>\n<td>Gro\u00dfmeister<\/td>\n<td>Quadratischer Diamant<\/td>\n<td>7.500 <img decoding=\"async\" style=\"float: left;margin-top: 4px;margin-right: 4px\" src=\"\/wp-content\/uploads\/2012\/07\/d3gold.png\" alt=\"Gold\"><\/td>\n<\/tr>\n<tr>\n<td>6<\/td>\n<td>Ber\u00fchmt<\/td>\n<td>Quadratischer Smaragd, Quadratischer Rubin, Quadratischer Topas<\/td>\n<td>10.000 <img decoding=\"async\" style=\"float: left;margin-top: 4px;margin-right: 4px\" src=\"\/wp-content\/uploads\/2012\/07\/d3gold.png\" alt=\"Gold\"><\/td>\n<\/tr>\n<tr>\n<td>7<\/td>\n<td>Fabelhaft<\/td>\n<td>Makell. quadr. Amethyst, Makell. quadr. Diamant<\/td>\n<td>15.000 <img decoding=\"async\" style=\"float: left;margin-top: 4px;margin-right: 4px\" src=\"\/wp-content\/uploads\/2012\/07\/d3gold.png\" alt=\"Gold\"><\/td>\n<\/tr>\n<tr>\n<td>8<\/td>\n<td>Grandios<\/td>\n<td>Makell. quadr. Smaragd, Makell. quadr. Rubin, Makell. quadr. Topas<\/td>\n<td>20.000 <img decoding=\"async\" style=\"float: left;margin-top: 4px;margin-right: 4px\" src=\"\/wp-content\/uploads\/2012\/07\/d3gold.png\" alt=\"Gold\"><\/td>\n<\/tr>\n<tr>\n<td>9<\/td>\n<td>Glorreich<\/td>\n<td>Sternf\u00f6rmiger Amethyst, Sternf\u00f6rmiger Diamant<\/td>\n<td>25.000 <img decoding=\"async\" style=\"float: left;margin-top: 4px;margin-right: 4px\" src=\"\/wp-content\/uploads\/2012\/07\/d3gold.png\"><\/td>\n<\/tr>\n<tr>\n<td>10<\/td>\n<td>Herausragend<\/td>\n<td>Sternf\u00f6rmiger Smaragd, Sternf\u00f6rmiger Rubin, Sternf\u00f6rmiger Topas<\/td>\n<td>30.000 <img decoding=\"async\" style=\"float: left;margin-top: 4px;margin-right: 4px\" src=\"\/wp-content\/uploads\/2012\/07\/d3gold.png\" alt=\"Gold\"><\/td>\n<\/tr>\n<tr>\n<td>11<\/td>\n<td>Auserlesen<\/td>\n<td>Marquise, Imperial, Makellos Imperial<\/td>\n<td>100.000 <img decoding=\"async\" style=\"float: left;margin-top: 4px;margin-right: 4px\" src=\"\/wp-content\/uploads\/2012\/07\/d3gold.png\" alt=\"Gold\"> + Atem des Todes<\/td>\n<\/tr>\n<tr>\n<td>12<\/td>\n<td>Souver\u00e4n<\/td>\n<td>K\u00f6niglich, Makellos K\u00f6niglich (beide nur mit Vorlagen)<\/td>\n<td>200.000 <img decoding=\"async\" style=\"float: left;margin-top: 4px;margin-right: 4px\" src=\"\/wp-content\/uploads\/2012\/07\/d3gold.png\" alt=\"Gold\"><\/td>\n<\/tr>\n<\/tbody>\n<\/table>\n<h2 id=\"03\">Vorlagen<\/h2>\n<p><img loading=\"lazy\" decoding=\"async\" src=\"\/wp-content\/uploads\/2015\/10\/Juweliervorlage.png\" alt=\"Juweliervorlage\" class=\"aligncenter size-full wp-image-573430\" width=\"359\" height=\"199\"><\/p>\n<p>F\u00fcr die Edelsteine der Stufen <em>K\u00f6niglich<\/em> und <em>Makellos K\u00f6niglich<\/em> muss der Juwelier zus\u00e4tzlich zur entsprechenden Stufe Vorlagen \/ Designs erlernen. Pro Edelsteintyp wird ein eigenes Design ben\u00f6tigt (z.B. K\u00f6niglicher Amethyst), insgesamt gibt es also 10 Designs. Designs werden nicht bei der Herstellung von Edelsteinen verbraucht sondern einmalig dem Juwelier beigebracht.<\/p>\n<p>Vorlagen:<\/p>\n<ul>\n<li>K\u00f6niglicher Amethyst \/ Diamant \/ Smaragd \/ Rubin \/ Topas<br \/>\nJuweliervorlage, um aus drei makellos imperialen Edelsteinen einen K\u00f6niglichen Edelstein herzustellen.<\/li>\n<li>Makelloser k\u00f6niglicher Amethyst \/ Diamant \/ Smaragd \/ Rubin \/ Topas<br \/>\nJuweliervorlage, um aus drei k\u00f6niglichen Edelsteinen einen Makellos K\u00f6niglichen Edelstein herzustellen.<\/li>\n<\/ul>\n<h2 id=\"04\">Upgrades der Edelsteine<\/h2>\n<p>Die ersten drei Upgradestufen ben\u00f6tigen neben zwei Edelsteinen der niedrigeren Stufe noch Gold, bei den h\u00f6heren Stufen sind es je drei Edelsteine der niedrigeren Stufe. Und f\u00fcr die letzten beiden Stufenupgrades wird zus\u00e4tzlich ein Atem des Todes (AdT) ben\u00f6tigt. Hier nochmal alles sch\u00f6n in Tabellenform, inklusive der Entsockelungskosten f\u00fcr einen Edelstein.<\/p>\n<table>\n<tbody>\n<tr>\n<th><\/th>\n<th>Edelsteinstufe<\/th>\n<th colspan=\"3\">Kosten (Edelsteine, Gold, AdT)<\/th>\n<th>Entsockelkosten<\/th>\n<\/tr>\n<tr>\n<td><img loading=\"lazy\" decoding=\"async\" src=\"\/wp-content\/uploads\/2015\/09\/Amethyst.png\" alt=\"Amethyst\" class=\"aligncenter size-full wp-image-573417\" width=\"64\" height=\"64\"><\/td>\n<td>Normal<\/td>\n<td>&#8211;<\/td>\n<td>&#8211;<\/td>\n<td>&#8211;<\/td>\n<td><\/td>\n<\/tr>\n<tr>\n<td><img loading=\"lazy\" decoding=\"async\" src=\"\/wp-content\/uploads\/2015\/09\/Makelloser-Amethyst.png\" alt=\"Makelloser Amethyst\" class=\"aligncenter size-full wp-image-573416\" width=\"64\" height=\"64\"><\/td>\n<td>Makellos<\/td>\n<td>2<\/td>\n<td>2.500<\/td>\n<td>&#8211;<\/td>\n<td><\/td>\n<\/tr>\n<tr>\n<td><img loading=\"lazy\" decoding=\"async\" src=\"\/wp-content\/uploads\/2015\/09\/Quadratischer-Amethyst.png\" alt=\"Quadratischer Amethyst\" class=\"aligncenter size-full wp-image-573415\" width=\"64\" height=\"64\"><\/td>\n<td>Quadratisch<\/td>\n<td>2<\/td>\n<td>5.000<\/td>\n<td>&#8211;<\/td>\n<td><\/td>\n<\/tr>\n<tr>\n<td><img loading=\"lazy\" decoding=\"async\" src=\"\/wp-content\/uploads\/2015\/09\/Makelloser-quadratischer-Amethyst.png\" alt=\"Makelloser quadratischer Amethyst\" class=\"aligncenter size-full wp-image-573413\" width=\"64\" height=\"64\"><\/td>\n<td>Makellos Quadratisch<\/td>\n<td>2<\/td>\n<td>10.000<\/td>\n<td>&#8211;<\/td>\n<td><\/td>\n<\/tr>\n<tr>\n<td><img loading=\"lazy\" decoding=\"async\" src=\"\/wp-content\/uploads\/2015\/09\/Sternfoermiger-Amethyst.png\" alt=\"Sternf\u00f6rmiger Amethyst\" class=\"aligncenter size-full wp-image-573412\" width=\"64\" height=\"64\"><\/td>\n<td>Sternf\u00f6rmig<\/td>\n<td>3<\/td>\n<td>20.000<\/td>\n<td>&#8211;<\/td>\n<td><\/td>\n<\/tr>\n<tr>\n<td><img loading=\"lazy\" decoding=\"async\" src=\"\/wp-content\/uploads\/2015\/09\/Marquise-Amethyst.png\" alt=\"Marquise-Amethyst\" class=\"aligncenter size-full wp-image-573411\" width=\"64\" height=\"64\"><\/td>\n<td>Marquise<\/td>\n<td>3<\/td>\n<td>25.000<\/td>\n<td>&#8211;<\/td>\n<td>75.000<\/td>\n<\/tr>\n<tr>\n<td><img loading=\"lazy\" decoding=\"async\" src=\"\/wp-content\/uploads\/2015\/09\/Imperialer-Amethyst.png\" alt=\"Imperialer Amethyst\" class=\"aligncenter size-full wp-image-573410\" width=\"64\" height=\"64\"><\/td>\n<td>Imperial<\/td>\n<td>3<\/td>\n<td>200.000<\/td>\n<td>&#8211;<\/td>\n<td>100.000<\/td>\n<\/tr>\n<tr>\n<td><img loading=\"lazy\" decoding=\"async\" src=\"\/wp-content\/uploads\/2015\/09\/Makelloser-imperialer-Amethyst.png\" alt=\"Makelloser imperialer Amethyst\" class=\"aligncenter size-full wp-image-573409\" width=\"64\" height=\"64\"><\/td>\n<td>Makellos Imperial<\/td>\n<td>3<\/td>\n<td>300.000<\/td>\n<td>&#8211;<\/td>\n<td>125.000<\/td>\n<\/tr>\n<tr>\n<td><img loading=\"lazy\" decoding=\"async\" src=\"\/wp-content\/uploads\/2015\/09\/Koeniglicher-Amethyst.png\" alt=\"K\u00f6niglicher Amethyst\" class=\"aligncenter size-full wp-image-573408\" width=\"64\" height=\"64\"><\/td>\n<td>K\u00f6niglich<\/td>\n<td>3<\/td>\n<td>400.000<\/td>\n<td>1<\/td>\n<td>150.000<\/td>\n<\/tr>\n<tr>\n<td><img loading=\"lazy\" decoding=\"async\" src=\"\/wp-content\/uploads\/2015\/09\/Makelloser-koeniglicher-Amethyst.png\" alt=\"Makelloser k\u00f6niglicher Amethyst\" class=\"aligncenter size-full wp-image-573407\" width=\"64\" height=\"64\"><\/td>\n<td>Makellos K\u00f6niglich<\/td>\n<td>3<\/td>\n<td>500.000<\/td>\n<td>1<\/td>\n<td>175.000<\/td>\n<\/tr>\n<\/tbody>\n<\/table>\n<p>Sind mehrere Edelsteine in einem Item gesockelt, addieren sich die Kosten entsprechend der Edelsteine. Wird eine R\u00fcstung mit einem Imperialen Edelstein entsockelt, kostet es 100.000 Gold, sind zwei Edelsteine gesockelt, kostet das Entsockeln 200.000 Gold, wird ein Imperialer und ein Makellos Imperialer entsockelt, sind es 225.000 Gold.<\/p>\n<h2 id=\"05\">Attribute der Edelsteine<\/h2>\n<p>Jeder Edelstein hat unterschiedliche Effekte, je nachdem in welches Ausr\u00fcstungsst\u00fcck er eingesetzt wird. Bisher wird unterschieden zwischen &#8222;Helm&#8220;, &#8222;Waffe&#8220; und &#8222;Andere&#8220; Gegenst\u00e4nde wie Schild, Hose und G\u00fcrtel. Die genauen Effekte findet ihr nachfolgend gelistet.<\/p>\n<p>Jede Klasse hat einen Edelstein, mit dem sie ihren Mainstat erh\u00f6hen kann.<\/p>\n<hr>\n<h4>Amethyst<\/h4>\n<table id=\"Amethyst\" width=\"100%\" cellspacing=\"0\" border=\"0\">\n<tbody>\n<tr>\n<th rowspan=\"2\"><img loading=\"lazy\" decoding=\"async\" src=\"\/wp-content\/uploads\/2015\/09\/Makelloser-koeniglicher-Amethyst.png\" alt=\"Makelloser k\u00f6niglicher Amethyst\" class=\"aligncenter size-full wp-image-573407\" width=\"64\" height=\"64\"><\/th>\n<td>\n<ul>\n<li>Helm: Erh\u00f6ht die Lebenspunkte<\/li>\n<li>Waffe: F\u00fcllt das eigene Leben bei eigenen Treffern auf<\/li>\n<li>Andere: Erh\u00f6ht Vitalit\u00e4t<\/li>\n<\/ul>\n<\/td>\n<\/tr>\n<\/tbody>\n<\/table>\n<div style=\"text-align: center\">[swaptext link=&#8216;<br \/>\nSteigerungstabelle Amethyst<br \/>\n&#8218;]<\/p>\n<table width=\"100%\" cellspacing=\"0\" border=\"1\">\n<tbody>\n<tr>\n<th>Stufe<\/th>\n<th>Bonus Helm<\/th>\n<th>Waffe<\/th>\n<th>Andere<\/th>\n<\/tr>\n<tr>\n<td>Normal<\/td>\n<td>10%<\/td>\n<td>+15<\/td>\n<td>+10<\/td>\n<\/tr>\n<tr>\n<td>Makellos<\/td>\n<td>12%<\/td>\n<td>+65<\/td>\n<td>+20<\/td>\n<\/tr>\n<tr>\n<td>Quadratisch<\/td>\n<td>14%<\/td>\n<td>+105<\/td>\n<td>+30<\/td>\n<\/tr>\n<tr>\n<td>Makellos Quadratisch<\/td>\n<td>16%<\/td>\n<td>+300<\/td>\n<td>+40<\/td>\n<\/tr>\n<tr>\n<td>Sternf\u00f6rmig<\/td>\n<td>18%<\/td>\n<td>+600<\/td>\n<td>+58<\/td>\n<\/tr>\n<tr>\n<td>Marquise<\/td>\n<td>19%<\/td>\n<td>+700<\/td>\n<td>+62<\/td>\n<\/tr>\n<tr>\n<td>Imperial<\/td>\n<td>20%<\/td>\n<td>+3000<\/td>\n<td>+100<\/td>\n<\/tr>\n<tr>\n<td>Makellos Imperial<\/td>\n<td>21%<\/td>\n<td>+6400<\/td>\n<td>+160<\/td>\n<\/tr>\n<tr>\n<td>K\u00f6niglich<\/td>\n<td>22%<\/td>\n<td>+8800<\/td>\n<td>+220<\/td>\n<\/tr>\n<tr>\n<td>Makellos K\u00f6niglich<\/td>\n<td>23%<\/td>\n<td>+11200<\/td>\n<td>+280<\/td>\n<\/tr>\n<\/tbody>\n<\/table>\n<p>[\/swaptext]<\/p>\n<\/div>\n<hr>\n<h4>Rubin<\/h4>\n<table id=\"Rubin\" width=\"100%\" cellspacing=\"0\" border=\"0\">\n<tbody>\n<tr>\n<th rowspan=\"2\"><img loading=\"lazy\" decoding=\"async\" src=\"\/wp-content\/uploads\/2015\/10\/Makelloser-koeniglicher-Rubin.png\" alt=\"Makelloser k\u00f6niglicher Rubin\" class=\"aligncenter size-large wp-image-573451\" width=\"64\" height=\"64\"><\/th>\n<td>\n<ul>\n<li>Helm: Erh\u00f6ht die erhaltene Erfahrung<\/li>\n<li>Waffe: Erh\u00f6ht den Minimal- und Maximalschaden<\/li>\n<li>Andere: Erh\u00f6ht St\u00e4rke<\/li>\n<\/ul>\n<\/td>\n<\/tr>\n<\/tbody>\n<\/table>\n<div style=\"text-align: center\">[swaptext link=&#8216;<br \/>\nSteigerungstabelle Rubin<br \/>\n&#8218;]<\/p>\n<table width=\"100%\" cellspacing=\"0\" border=\"1\">\n<tbody>\n<tr>\n<th>Stufe<\/th>\n<th>Bonus Helm<\/th>\n<th>Waffe<\/th>\n<th>Andere<\/th>\n<\/tr>\n<tr>\n<td>Normal<\/td>\n<td>10%<\/td>\n<td>+9<\/td>\n<td>+10<\/td>\n<\/tr>\n<tr>\n<td>Makellos<\/td>\n<td>15%<\/td>\n<td>+15<\/td>\n<td>+20<\/td>\n<\/tr>\n<tr>\n<td>Quadratisch<\/td>\n<td>20%<\/td>\n<td>+30<\/td>\n<td>+30<\/td>\n<\/tr>\n<tr>\n<td>Makellos Quadratisch<\/td>\n<td>25%<\/td>\n<td>+60<\/td>\n<td>+40<\/td>\n<\/tr>\n<tr>\n<td>Sternf\u00f6rmig<\/td>\n<td>31%<\/td>\n<td>+130<\/td>\n<td>+58<\/td>\n<\/tr>\n<tr>\n<td>Marquise<\/td>\n<td>33%<\/td>\n<td>+160<\/td>\n<td>+62<\/td>\n<\/tr>\n<tr>\n<td>Imperial<\/td>\n<td>35%<\/td>\n<td>+190<\/td>\n<td>+100<\/td>\n<\/tr>\n<tr>\n<td>Makellos Imperial<\/td>\n<td>37%<\/td>\n<td>+220<\/td>\n<td>+160<\/td>\n<\/tr>\n<tr>\n<td>K\u00f6niglich<\/td>\n<td>39%<\/td>\n<td>+250<\/td>\n<td>+220<\/td>\n<\/tr>\n<tr>\n<td>Makellos K\u00f6niglich<\/td>\n<td>41%<\/td>\n<td>+270<\/td>\n<td>+260<\/td>\n<\/tr>\n<\/tbody>\n<\/table>\n<p>[\/swaptext]<\/p>\n<\/div>\n<hr>\n<h4>Smaragd<\/h4>\n<table id=\"Smaragd\" width=\"100%\" cellspacing=\"0\" border=\"0\">\n<tbody>\n<tr>\n<th rowspan=\"2\"><img loading=\"lazy\" decoding=\"async\" src=\"\/wp-content\/uploads\/2015\/10\/Makelloser-koeniglicher-Smaragd.png\" alt=\"Makelloser k\u00f6niglicher Smaragd\" class=\"aligncenter size-large wp-image-573452\" width=\"64\" height=\"64\"><\/th>\n<td>\n<ul>\n<li>Helm: Extra-Gold von Monstern<\/li>\n<li>Waffe: Erh\u00f6ht den Schaden kritischer Treffer<\/li>\n<li>Andere: Erh\u00f6ht Geschicklichkeit<\/li>\n<\/ul>\n<\/td>\n<\/tr>\n<\/tbody>\n<\/table>\n<div style=\"text-align: center\">[swaptext link=&#8216;<br \/>\nSteigerungstabelle Smaragd<br \/>\n&#8218;]<\/p>\n<table width=\"100%\" cellspacing=\"0\" border=\"1\">\n<tbody>\n<tr>\n<th>Stufe<\/th>\n<th>Bonus Helm<\/th>\n<th>Waffe<\/th>\n<th>Andere<\/th>\n<\/tr>\n<tr>\n<td>Normal<\/td>\n<td>10%<\/td>\n<td>20%<\/td>\n<td>+10<\/td>\n<\/tr>\n<tr>\n<td>Makellos<\/td>\n<td>15%<\/td>\n<td>40%<\/td>\n<td>+20<\/td>\n<\/tr>\n<tr>\n<td>Quadratisch<\/td>\n<td>20%<\/td>\n<td>60%<\/td>\n<td>+30<\/td>\n<\/tr>\n<tr>\n<td>Makellos Quadratisch<\/td>\n<td>25%<\/td>\n<td>80%<\/td>\n<td>+40<\/td>\n<\/tr>\n<tr>\n<td>Sternf\u00f6rmig<\/td>\n<td>31%<\/td>\n<td>100%<\/td>\n<td>+58<\/td>\n<\/tr>\n<tr>\n<td>Marquise<\/td>\n<td>33%<\/td>\n<td>105%<\/td>\n<td>+62<\/td>\n<\/tr>\n<tr>\n<td>Imperial<\/td>\n<td>35%<\/td>\n<td>110%<\/td>\n<td>+100<\/td>\n<\/tr>\n<tr>\n<td>Makellos Imperial<\/td>\n<td>37%<\/td>\n<td>115%<\/td>\n<td>+160<\/td>\n<\/tr>\n<tr>\n<td>K\u00f6niglich<\/td>\n<td>39%<\/td>\n<td>120%<\/td>\n<td>+220<\/td>\n<\/tr>\n<tr>\n<td>Makellos K\u00f6niglich<\/td>\n<td>41%<\/td>\n<td>130%<\/td>\n<td>+280<\/td>\n<\/tr>\n<\/tbody>\n<\/table>\n<p>[\/swaptext]<\/p>\n<\/div>\n<hr>\n<h4>Topas<\/h4>\n<table id=\"Topas\" width=\"100%\" cellspacing=\"0\" border=\"0\">\n<tbody>\n<tr>\n<th rowspan=\"2\"><img loading=\"lazy\" decoding=\"async\" src=\"\/wp-content\/uploads\/2015\/10\/Makelloser-koeniglicher-Topas.png\" alt=\"Makelloser k\u00f6niglicher Topas\" class=\"aligncenter size-full wp-image-573450\" width=\"64\" height=\"64\"><\/th>\n<td>\n<ul>\n<li>Helm: Verbesserte Chance, magische Gegenst\u00e4nde zu finden<\/li>\n<li>Waffe: Angreifer erleidet Schaden pro Treffer<\/li>\n<li>Andere: Erh\u00f6ht Intelligenz<\/li>\n<\/ul>\n<\/td>\n<\/tr>\n<\/tbody>\n<\/table>\n<div style=\"text-align: center\">[swaptext link=&#8216;<br \/>\nSteigerungstabelle Topas<br \/>\n&#8218;]<\/p>\n<table width=\"100%\" cellspacing=\"0\" border=\"1\">\n<tbody>\n<tr>\n<th>Stufe<\/th>\n<th>Bonus Helm<\/th>\n<th>Waffe<\/th>\n<th>Andere<\/th>\n<\/tr>\n<tr>\n<td>Normal<\/td>\n<td>+10%<\/td>\n<td>30<\/td>\n<td>+10<\/td>\n<\/tr>\n<tr>\n<td>Makellos<\/td>\n<td>+15%<\/td>\n<td>100<\/td>\n<td>+20<\/td>\n<\/tr>\n<tr>\n<td>Quadratisch<\/td>\n<td>+20%<\/td>\n<td>300<\/td>\n<td>+30<\/td>\n<\/tr>\n<tr>\n<td>Makellos Quadratisch<\/td>\n<td>+25%<\/td>\n<td>600<\/td>\n<td>+40<\/td>\n<\/tr>\n<tr>\n<td>Sternf\u00f6rmig<\/td>\n<td>+31%<\/td>\n<td>1800<\/td>\n<td>+58<\/td>\n<\/tr>\n<tr>\n<td>Marquise<\/td>\n<td>+33%<\/td>\n<td>2500<\/td>\n<td>+62<\/td>\n<\/tr>\n<tr>\n<td>Imperial<\/td>\n<td>+35%<\/td>\n<td>3100<\/td>\n<td>+100<\/td>\n<\/tr>\n<tr>\n<td>Makellos Imperial<\/td>\n<td>+37%<\/td>\n<td>3725<\/td>\n<td>+160<\/td>\n<\/tr>\n<tr>\n<td>K\u00f6niglich<\/td>\n<td>+39%<\/td>\n<td>4350<\/td>\n<td>+220<\/td>\n<\/tr>\n<tr>\n<td>Makellos K\u00f6niglich<\/td>\n<td>+41%<\/td>\n<td>4975<\/td>\n<td>+280<\/td>\n<\/tr>\n<\/tbody>\n<\/table>\n<p>[\/swaptext]<\/p>\n<\/div>\n<hr>\n<h4>Diamant<\/h4>\n<table id=\"Diamant\" width=\"100%\" cellspacing=\"0\" border=\"0\">\n<tbody>\n<tr>\n<th rowspan=\"2\"><img loading=\"lazy\" decoding=\"async\" src=\"\/wp-content\/uploads\/2015\/10\/Makelloser-koeniglicher-Diamant.png\" alt=\"Makelloser k\u00f6niglicher Diamant\" class=\"aligncenter size-large wp-image-573453\" width=\"64\" height=\"64\"><\/th>\n<td>\n<ul>\n<li>Helm: Verringert die Abklingzeit<\/li>\n<li>Waffe: Erh\u00f6ht den Schaden gegen Elitegegner<\/li>\n<li>Andere: Erh\u00f6ht den Wiederstand gegen alle Schadensarten<\/li>\n<\/ul>\n<\/td>\n<\/tr>\n<\/tbody>\n<\/table>\n<div style=\"text-align: center\">[swaptext link=&#8216;<br \/>\nSteigerungstabelle Diamant<br \/>\n&#8218;]<\/p>\n<table width=\"100%\" cellspacing=\"0\" border=\"1\">\n<tbody>\n<tr>\n<th>Stufe<\/th>\n<th>Bonus Helm<\/th>\n<th>Waffe<\/th>\n<th>Andere<\/th>\n<\/tr>\n<tr>\n<td>Normal<\/td>\n<td>+3,5%<\/td>\n<td>3%<\/td>\n<td>+10<\/td>\n<\/tr>\n<tr>\n<td>Makellos<\/td>\n<td>+5%<\/td>\n<td>6%<\/td>\n<td>+20<\/td>\n<\/tr>\n<tr>\n<td>Quadratisch<\/td>\n<td>+6,5%<\/td>\n<td>9%<\/td>\n<td>+30<\/td>\n<\/tr>\n<tr>\n<td>Makellos Quadratisch<\/td>\n<td>+8%<\/td>\n<td>12%<\/td>\n<td>+40<\/td>\n<\/tr>\n<tr>\n<td>Sternf\u00f6rmig<\/td>\n<td>+10%<\/td>\n<td>15%<\/td>\n<td>+58<\/td>\n<\/tr>\n<tr>\n<td>Marquise<\/td>\n<td>+10,5%<\/td>\n<td>16%<\/td>\n<td>+62<\/td>\n<\/tr>\n<tr>\n<td>Imperial<\/td>\n<td>+11%<\/td>\n<td>17%<\/td>\n<td>+66<\/td>\n<\/tr>\n<tr>\n<td>Makellos Imperial<\/td>\n<td>+11,5%<\/td>\n<td>18%<\/td>\n<td>+70<\/td>\n<\/tr>\n<tr>\n<td>K\u00f6niglich<\/td>\n<td>+12%<\/td>\n<td>19%<\/td>\n<td>+74<\/td>\n<\/tr>\n<tr>\n<td>Makellos K\u00f6niglich<\/td>\n<td>+12,5%<\/td>\n<td>20%<\/td>\n<td>+78<\/td>\n<\/tr>\n<\/tbody>\n<\/table>\n<p>[\/swaptext]<\/p>\n<\/div>\n<p><em>Stand: 10\/2015 \/ Patch 2.3.0<\/em><\/p>\n","protected":false},"excerpt":{"rendered":"<p>Inhaltsverzeichnis Allgemeines Shen, der Juwelier Vorlagen Upgrades der Edelsteine Attribute der Edelsteine Allgemeines Die Edelsteine aus Diablo 2 sind auch in Diablo 3 wieder da &#8211; zun\u00e4chst gibt es die f\u00fcnf Typen Amethyst, Rubin, Smaragd, Diamant und Topas. Nach wie vor k\u00f6nnen sie in R\u00fcstungsgegenst\u00e4nde gesockelt und nun auch ohne viel Aufwand wieder entsockelt werden.&hellip; <a class=\"more-link\" href=\"https:\/\/planetdiablo.eu\/de\/diablo-3\/gegenstande\/die-edelsteine\/\"><span class=\"screen-reader-text\">Diablo 3 Edelsteine<\/span> weiterlesen<\/a><\/p>\n","protected":false},"author":750,"featured_media":520083,"parent":512298,"menu_order":76,"comment_status":"closed","ping_status":"open","template":"","meta":{"footnotes":""},"class_list":["post-446263","page","type-page","status-publish","has-post-thumbnail","hentry","entry"],"_links":{"self":[{"href":"https:\/\/planetdiablo.eu\/de\/wp-json\/wp\/v2\/pages\/446263","targetHints":{"allow":["GET"]}}],"collection":[{"href":"https:\/\/planetdiablo.eu\/de\/wp-json\/wp\/v2\/pages"}],"about":[{"href":"https:\/\/planetdiablo.eu\/de\/wp-json\/wp\/v2\/types\/page"}],"author":[{"embeddable":true,"href":"https:\/\/planetdiablo.eu\/de\/wp-json\/wp\/v2\/users\/750"}],"replies":[{"embeddable":true,"href":"https:\/\/planetdiablo.eu\/de\/wp-json\/wp\/v2\/comments?post=446263"}],"version-history":[{"count":1,"href":"https:\/\/planetdiablo.eu\/de\/wp-json\/wp\/v2\/pages\/446263\/revisions"}],"predecessor-version":[{"id":585483,"href":"https:\/\/planetdiablo.eu\/de\/wp-json\/wp\/v2\/pages\/446263\/revisions\/585483"}],"up":[{"embeddable":true,"href":"https:\/\/planetdiablo.eu\/de\/wp-json\/wp\/v2\/pages\/512298"}],"wp:featuredmedia":[{"embeddable":true,"href":"https:\/\/planetdiablo.eu\/de\/wp-json\/wp\/v2\/media\/520083"}],"wp:attachment":[{"href":"https:\/\/planetdiablo.eu\/de\/wp-json\/wp\/v2\/media?parent=446263"}],"curies":[{"name":"wp","href":"https:\/\/api.w.org\/{rel}","templated":true}]}}