{"id":446533,"date":"2011-08-06T16:10:45","date_gmt":"2011-08-06T14:10:45","guid":{"rendered":"http:\/\/diablo3.ingame.de\/?page_id=446533"},"modified":"2021-05-28T15:41:57","modified_gmt":"2021-05-28T13:41:57","slug":"schreine","status":"publish","type":"page","link":"https:\/\/planetdiablo.eu\/de\/diablo-2\/schreine\/","title":{"rendered":"Diablo 2 &#8211; Schreine"},"content":{"rendered":"\n<figure class=\"wp-block-pullquote\"><blockquote><p>ah, i feel healthy&#8230;<\/p><cite>Unbekannter Spieler<\/cite><\/blockquote><\/figure>\n\n\n<p>Die Schreine in Diablo 2 haben sich im Gegensatz zum ersten Teil sehr ver\u00e4ndert. Auf Grund des Namens ist nun direkt ersichtlich, was der Schrein bewirken kann. Man mu\u00df nun keine Liste mehr mit allen Schreinen vor sich liegen haben, um herauszufinden, ob der Schrein nun positive oder negative Auswirkungen hat.<\/p>\n<p>Damit ist auch schon die zweite Ver\u00e4nderung angesprochen. Alle Schreine haben jetzt nur noch positive Auswirkungen und werden z.B. keine Attribute permanent ver\u00e4ndern. Das einzige was passieren kann &#8211; wenn man nicht aufpasst &#8211; da\u00df man die Wirkung eines Schreins durch einen Schw\u00e4cheren ersetzt.<\/p>\n<p>Die Schreine k\u00f6nnen je nach Umgebung und Akt unterschiedlich aussehen, deshalb sind sie nicht nur durch den Namen, sondern auch durch ein Symbol voneinander zu unterscheiden.<\/p>\n<p>Es gibt zwei unterschiedliche Arten von Schreinen. Bei einigen tritt die Wirkung sofort ein, dauert aber nicht an (z.B. Health-, Mana- und Gemschreine). <br \/>Bei den anderen dauert die Wirkung einige Zeit an um dann pl\u00f6tzlich aufzuh\u00f6ren. Zu diesen Arten geh\u00f6ren z.B. die Ausdauerschreine und die Resistenzschreine.<\/p>\n<div align=\"center\">n\/a<\/div>\n<table>\n<tbody>\n<tr>\n<th>\n<div align=\"center\"><b>Symbol<\/b><\/div>\n<\/th>\n<th>\n<div align=\"center\"><b>Name<\/b><\/div>\n<\/th>\n<th>\n<div align=\"center\"><b>Beschreibung<\/b><\/div>\n<\/th>\n<th>\n<div align=\"center\"><b>Dauer\/Nachladen<\/b><\/div>\n<\/th>\n<\/tr>\n<tr>\n<td>\n<div align=\"center\"><img loading=\"lazy\" decoding=\"async\" src=\"\/wp-content\/uploads\/2011\/07\/shrine_armor.gif\" width=\"65\" height=\"75\" \/><\/div>\n<\/td>\n<td>\n<div align=\"center\">Schrein der<br \/>Waffen<\/div>\n<\/td>\n<td>&#8222;Ihre Haut wird h\u00e4rter&#8220;\n<p>\u00a0<\/p>\n<p>+100% Verteidigung<\/p>\n<\/td>\n<td><b>Dauer:<\/b> 96 Sekunden<br \/><b>Nachladen:<\/b> 4 Minuten<\/td>\n<\/tr>\n<tr>\n<td>\n<div align=\"center\"><img loading=\"lazy\" decoding=\"async\" src=\"\/wp-content\/uploads\/2011\/07\/shrine_combat.gif\" width=\"65\" height=\"75\" \/><\/div>\n<\/td>\n<td>\n<div align=\"center\">Schrein des<br \/>Kampfes<\/div>\n<\/td>\n<td>&#8222;Sie f\u00fchlen sich kampfbereit&#8220;\n<p>\u00a0<\/p>\n<p>+200% Minimal- und Maximalschaden<br \/>mindestens +200% Angriffswert<br \/>(je nach Charakter oft deutlich mehr)<\/p>\n<\/td>\n<td><b>Dauer:<\/b> 96 Sekunden<br \/><b>Nachladen:<\/b> 4 Minuten<\/td>\n<\/tr>\n<tr>\n<td>\n<div align=\"center\"><img loading=\"lazy\" decoding=\"async\" src=\"\/wp-content\/uploads\/2011\/07\/shrine_experience.gif\" width=\"65\" height=\"75\" \/><\/div>\n<\/td>\n<td>\n<div align=\"center\">Schrein der<br \/>Erfahrung<\/div>\n<\/td>\n<td>&#8222;Ihre Erfahrung macht sich bezahlt&#8220;\n<p>\u00a0<\/p>\n<p>+50% Erfahrung pro get\u00f6tetes Monster<\/p>\n<\/td>\n<td><b>Dauer:<\/b> 144 Sekunden<br \/><b>Nachladen:<\/b> nein<\/td>\n<\/tr>\n<tr>\n<td>\n<div align=\"center\"><img loading=\"lazy\" decoding=\"async\" src=\"\/wp-content\/uploads\/2011\/07\/shrine_manarecharge.gif\" width=\"65\" height=\"75\" \/><\/div>\n<\/td>\n<td>\n<div align=\"center\">Schrein der<br \/>Manaerneuerung<\/div>\n<\/td>\n<td>&#8222;Ihre geistigen Kr\u00e4fte erholen sich schnell&#8220;\n<p>\u00a0<\/p>\n<p>+400% Mana-Regenerationsrate<\/p>\n<\/td>\n<td><b>Dauer:<\/b> 96 Sekunden<br \/><b>Nachladen:<\/b> 4 Minuten<\/td>\n<\/tr>\n<tr>\n<td>\n<div align=\"center\"><img loading=\"lazy\" decoding=\"async\" src=\"\/wp-content\/uploads\/2011\/07\/shrine_resistcold.gif\" width=\"65\" height=\"75\" \/><\/div>\n<\/td>\n<td>\n<div align=\"center\">Schrein des<br \/>K\u00e4ltewiderstandes<\/div>\n<\/td>\n<td>&#8222;Sie f\u00fcrchten keine K\u00e4lte mehr&#8220;\n<p>\u00a0<\/p>\n<p>+75% K\u00e4lte-Resistenz<\/p>\n<\/td>\n<td><b>Dauer:<\/b> 144 Sekunden<br \/><b>Nachladen:<\/b> 4 Minuten<\/td>\n<\/tr>\n<tr>\n<td>\n<div align=\"center\"><img loading=\"lazy\" decoding=\"async\" src=\"\/wp-content\/uploads\/2011\/07\/shrine_resistfire.gif\" width=\"65\" height=\"75\" \/><\/div>\n<\/td>\n<td>\n<div align=\"center\">Schrein des<br \/>Feuerwiderstandes<\/div>\n<\/td>\n<td>&#8222;Sie f\u00fcrchten kein Feuer mehr&#8220;\n<p>\u00a0<\/p>\n<p>+75% Feuer-Resistenz<\/p>\n<\/td>\n<td><b>Dauer:<\/b> 144 Sekunden<br \/><b>Nachladen:<\/b> 4 Minuten<\/td>\n<\/tr>\n<tr>\n<td>\n<div align=\"center\"><img loading=\"lazy\" decoding=\"async\" src=\"\/wp-content\/uploads\/2011\/07\/shrine_resistlightning.gif\" width=\"65\" height=\"75\" \/><\/div>\n<\/td>\n<td>\n<div align=\"center\">Schrein des<br \/>Blitzwiderstandes<\/div>\n<\/td>\n<td>&#8222;Sie f\u00fcrchten keinen Blitz mehr&#8220;\n<p>\u00a0<\/p>\n<p>+75% Blitz-Resistenz<\/p>\n<\/td>\n<td><b>Dauer:<\/b> 144 Sekunden<br \/><b>Nachladen:<\/b> 4 Minuten<\/td>\n<\/tr>\n<tr>\n<td>\n<div align=\"center\"><img loading=\"lazy\" decoding=\"async\" src=\"\/wp-content\/uploads\/2011\/07\/shrine_resistpoison.gif\" width=\"65\" height=\"75\" \/><\/div>\n<\/td>\n<td>\n<div align=\"center\">Schrein des<br \/>Giftwiderstandes<\/div>\n<\/td>\n<td>&#8222;Sie f\u00fcrchten kein Gift mehr&#8220;\n<p>\u00a0<\/p>\n<p>+75% Gift-Resistenz<\/p>\n<\/td>\n<td><b>Dauer:<\/b> 144 Sekunden<br \/><b>Nachladen:<\/b> 4 Minuten<\/td>\n<\/tr>\n<tr>\n<td>\n<div align=\"center\"><img loading=\"lazy\" decoding=\"async\" src=\"\/wp-content\/uploads\/2011\/07\/shrine_skill.gif\" width=\"65\" height=\"75\" \/><\/div>\n<\/td>\n<td>\n<div align=\"center\">Schrein der<br \/>Fertigkeiten<\/div>\n<\/td>\n<td>&#8222;Sie f\u00fchlen sich geschickter&#8220;\n<p>\u00a0<\/p>\n<p>+2 zu allen Skills (<b>Achtung:<\/b> Nur Skills die<br \/>schon mind. 1 Punkt haben)<\/p>\n<\/td>\n<td><b>Dauer:<\/b> 96 Sekunden<br \/><b>Nachladen:<\/b> 4 Minuten<\/td>\n<\/tr>\n<tr>\n<td>\n<div align=\"center\"><img loading=\"lazy\" decoding=\"async\" src=\"\/wp-content\/uploads\/2011\/07\/shrine_stamina.gif\" width=\"65\" height=\"75\" \/><\/div>\n<\/td>\n<td>\n<div align=\"center\">Schrein der<br \/>Ausdauer<\/div>\n<\/td>\n<td>&#8222;Das Gewicht der Welt scheint leichter&#8220;\n<p>\u00a0<\/p>\n<p>Unendliche Ausdauer<\/p>\n<\/td>\n<td><b>Dauer:<\/b> 192 Sekunden<br \/><b>Nachladen:<\/b> 4 Minuten<\/td>\n<\/tr>\n<tr>\n<td>\n<div align=\"center\">n\/a<\/div>\n<\/td>\n<td>\n<div align=\"center\">Schrein der<br \/>Gesundheit<\/div>\n<\/td>\n<td>&#8222;Sie f\u00fchlen sich gesund&#8220;\n<p>\u00a0<\/p>\n<p>F\u00fcllt die Lebenspunkte komplett auf<\/p>\n<\/td>\n<td><b>Nachladen:<\/b> 96 Sekunden<\/td>\n<\/tr>\n<tr>\n<td>\n<div align=\"center\">n\/a<\/div>\n<\/td>\n<td>\n<div align=\"center\">Manaschrein<\/div>\n<\/td>\n<td>&#8222;Sie f\u00fchlen sich erholt&#8220;\n<p>\u00a0<\/p>\n<p>F\u00fcllt die Manapunkte komplett auf<\/p>\n<\/td>\n<td><b>Nachladen:<\/b> 96 Sekunden<\/td>\n<\/tr>\n<tr>\n<td>\n<div align=\"center\">n\/a<\/div>\n<\/td>\n<td>\n<div align=\"center\">Schrein des<br \/>F\u00fcllens<\/div>\n<\/td>\n<td>&#8222;Sie f\u00fchlen sich erfrischt&#8220;\n<p>\u00a0<\/p>\n<p>F\u00fcllt Mana- und Lebenspunkte komplett auf<\/p>\n<\/td>\n<td><b>Nachladen:<\/b> 96 Sekunden<\/td>\n<\/tr>\n<tr>\n<td>\n<div align=\"center\">n\/a<\/div>\n<\/td>\n<td>\n<div align=\"center\">Brunnen<\/div>\n<\/td>\n<td>F\u00fcllt 50% der Mana- und Lebenspunkte<br \/>wieder auf und heilt Fl\u00fcche und Vergiftungen. L\u00e4sst sich 2x benutzen.<\/td>\n<td><b>Nachladen:<\/b> 30 Sekunden pro H\u00e4lfte<\/td>\n<\/tr>\n<tr>\n<td>\n<div align=\"center\">n\/a<\/div>\n<\/td>\n<td>\n<div align=\"center\">Schrein des<br \/>Edelsteins<\/div>\n<\/td>\n<td>&#8222;Ein wundersch\u00f6ner Edelstein &#8230;&#8220;\n<p>\u00a0<\/p>\n<p>Hat man einen Edelstein oder Sch\u00e4del im Gep\u00e4ck,<br \/>wird dieser um eine Stufe aufgewertet.<br \/>Hat man mehrere, so wird einer ausgesucht.<br \/>Hat man keinen, bekommt man einen Neuen auf der niedrigsten<br \/>Stufe.<\/p>\n<\/td>\n<td><b>Nachladen:<\/b> nein<\/td>\n<\/tr>\n<tr>\n<td>\n<div align=\"center\">n\/a<\/div>\n<\/td>\n<td>\n<div align=\"center\">Schrein des Giftes<\/div>\n<\/td>\n<td>&#8222;Ein Kreis des Todes &#8230;&#8220;\n<p>\u00a0<\/p>\n<p>L\u00e4\u00dft eine Giftwolke entstehen, die nahestehenden<br \/>Monstern Schaden zuf\u00fcgt. Au\u00dferdem liegen<br \/>5-10 Giftelixiere auf dem Boden.<\/p>\n<\/td>\n<td><b>Nachladen:<\/b> nein<\/td>\n<\/tr>\n<tr>\n<td>\n<div align=\"center\">n\/a<\/div>\n<\/td>\n<td>\n<div align=\"center\">Schrein der<br \/>Explosion<\/div>\n<\/td>\n<td>&#8222;Ein Kreis des Feuers &#8230;&#8220;\n<p>\u00a0<\/p>\n<p>Um den Schrein explodieren einige Potions, die nahestehenden<br \/>Monstern Schaden zuf\u00fcgen. Au\u00dferdem liegen<br \/>5-10 Feuerelixiere auf dem Boden.<\/p>\n<\/td>\n<td><b>Nachladen:<\/b> nein<\/td>\n<\/tr>\n<tr>\n<td>\n<div align=\"center\">n\/a<\/div>\n<\/td>\n<td>\n<div align=\"center\">Schrein des<br \/>Monsters<\/div>\n<\/td>\n<td>&#8222;Des Teufels Advokat kommt n\u00e4her&#8220;\n<p>\u00a0<\/p>\n<p>Verwandelt ein nahestehendes Monster in ein Boss-Monster.<br \/>Dieses gibt nat\u00fcrlich mehr Erfahrung und auch n\u00fctzliche<br \/>Gegenst\u00e4nde.<\/p>\n<\/td>\n<td><b>Nachladen:<\/b> nein<\/td>\n<\/tr>\n<tr>\n<td>\n<div align=\"center\">n\/a<\/div>\n<\/td>\n<td>\n<div align=\"center\">Schrein des<br \/>Feuers<\/div>\n<\/td>\n<td>&#8222;Ein feuriger Tod&#8220;\n<p>\u00a0<\/p>\n<p>Alle nahestehenden Monster und auch der Spieler verlieren<br \/>die H\u00e4lfte ihrer aktuellen Lebenspunkte. Zus\u00e4tzlich schiessen<br \/>einige Feuerb\u00e4lle in die Umgebung.<\/p>\n<\/td>\n<td><b>Nachladen:<\/b> nein<\/td>\n<\/tr>\n<tr>\n<td>\n<div align=\"center\">n\/a<\/div>\n<\/td>\n<td>\n<div align=\"center\">Schrein des<br \/>Portals<\/div>\n<\/td>\n<td>&#8222;Ahh &#8230; Der Weg nach Hause&#8220;\n<p>\u00a0<\/p>\n<p>L\u00e4sst ein Townportal entstehen, durch das der Spieler<br \/>zur n\u00e4chstgelegenen Stadt gelangt.<\/p>\n<\/td>\n<td><b>Nachladen:<\/b> nein<\/td>\n<\/tr>\n<tr>\n<td>\n<div align=\"center\"><img loading=\"lazy\" decoding=\"async\" class=\"alignnone size-full wp-image-582898\" src=\"https:\/\/planetdiablo.eu\/de\/wp-content\/uploads\/2021\/05\/d2-boese-urne.jpg\" alt=\"\" width=\"61\" height=\"86\" \/><\/div>\n<\/td>\n<td>\n<p>B\u00f6se Urne<\/p>\n<\/td>\n<td>\n<p>Diese Urnen tauchen nur in Akt 5 auf. Sie enthalten Gold sowie oft Champions oder einen Boss mit Minions. Die Monster k\u00f6nnen im Umkreis eines halben Bildschirms um die Urne spawnen, gerade bei HC ist besondere Vorsicht angebracht. In der N\u00e4he von Eing\u00e4ngen enthalten diese Urnen nur Gold.<\/p>\n<\/td>\n<td><b>Nachladen:<\/b> nein<\/td>\n<\/tr>\n<\/tbody>\n<\/table>\n\n\n<p><\/p>\n","protected":false},"excerpt":{"rendered":"<p>ah, i feel healthy&#8230; Unbekannter Spieler Die Schreine in Diablo 2 haben sich im Gegensatz zum ersten Teil sehr ver\u00e4ndert. Auf Grund des Namens ist nun direkt ersichtlich, was der Schrein bewirken kann. Man mu\u00df nun keine Liste mehr mit allen Schreinen vor sich liegen haben, um herauszufinden, ob der Schrein nun positive oder negative&hellip; <a class=\"more-link\" href=\"https:\/\/planetdiablo.eu\/de\/diablo-2\/schreine\/\"><span class=\"screen-reader-text\">Diablo 2 &#8211; Schreine<\/span> weiterlesen<\/a><\/p>\n","protected":false},"author":754,"featured_media":0,"parent":71,"menu_order":35,"comment_status":"closed","ping_status":"open","template":"","meta":{"footnotes":""},"class_list":["post-446533","page","type-page","status-publish","hentry","entry"],"_links":{"self":[{"href":"https:\/\/planetdiablo.eu\/de\/wp-json\/wp\/v2\/pages\/446533","targetHints":{"allow":["GET"]}}],"collection":[{"href":"https:\/\/planetdiablo.eu\/de\/wp-json\/wp\/v2\/pages"}],"about":[{"href":"https:\/\/planetdiablo.eu\/de\/wp-json\/wp\/v2\/types\/page"}],"author":[{"embeddable":true,"href":"https:\/\/planetdiablo.eu\/de\/wp-json\/wp\/v2\/users\/754"}],"replies":[{"embeddable":true,"href":"https:\/\/planetdiablo.eu\/de\/wp-json\/wp\/v2\/comments?post=446533"}],"version-history":[{"count":5,"href":"https:\/\/planetdiablo.eu\/de\/wp-json\/wp\/v2\/pages\/446533\/revisions"}],"predecessor-version":[{"id":582899,"href":"https:\/\/planetdiablo.eu\/de\/wp-json\/wp\/v2\/pages\/446533\/revisions\/582899"}],"up":[{"embeddable":true,"href":"https:\/\/planetdiablo.eu\/de\/wp-json\/wp\/v2\/pages\/71"}],"wp:attachment":[{"href":"https:\/\/planetdiablo.eu\/de\/wp-json\/wp\/v2\/media?parent=446533"}],"curies":[{"name":"wp","href":"https:\/\/api.w.org\/{rel}","templated":true}]}}