{"id":446795,"date":"2011-07-25T13:30:31","date_gmt":"2011-07-25T11:30:31","guid":{"rendered":"http:\/\/diablo3.ingame.de\/?page_id=446795"},"modified":"2021-06-07T15:05:18","modified_gmt":"2021-06-07T13:05:18","slug":"moenche-traits","status":"publish","type":"page","link":"https:\/\/planetdiablo.eu\/de\/diablo-3\/die-charaktere\/die-moenche\/moenche-traits\/","title":{"rendered":"Diablo 3 &#8211; Traits der M\u00f6nche"},"content":{"rendered":"<p><i>Die Passive Fertigkeiten (engl. Traits f\u00fcr Charakterzug) sind Eigenschaften, die unabh\u00e4ngig von den Skills der Klasse ausgesucht werden k\u00f6nnen. Insgesamt kann man aus den nachfolgenden Traits auf Stufe 70 vier (in Classic drei) ausw\u00e4hlen, die dem Charakter dann zur Verf\u00fcgung stehen.<\/i><\/p>\n<p><a href=\"#Leichtf\u00fc\u00dfigkeit\">Leichtf\u00fc\u00dfigkeit<\/a> | <a href=\"#Entschlossenheit\">Entschlossenheit<\/a> | <a href=\"#Erhabene Seele\">Erhabene Seele<\/a> | <a href=\"#Transzendenz\">Transzendenz<\/a> | <a href=\"#Gesang der Resonanz\">Gesang der Resonanz<\/a> | <a href=\"#Die Gelegenheit beim Schopfe packen\">Die Gelegenheit beim Schopfe packen<\/a> | <a href=\"#Der Pfad des W\u00e4chters\">Der Pfad des W\u00e4chters<\/a> | <a href=\"#Sechster Sinn\">Sechster Sinn<\/a> | <a href=\"#Unbeugsamkeit\">Unbeugsamkeit<\/a> | <a href=\"#Unerbittlicher Angriff\">Unerbittlicher Angriff<\/a> | <a href=\"#Fanal von Ytar\">Fanal von Ytar<\/a> | <a href=\"#Eifer\">Eifer<\/a> | <a href=\"#Harmonie\">Harmonie<\/a> | <a href=\"#Komboschlag\">Komboschlag<\/a> | <a href=\"#Nahtoderfahrung\">Nahtoderfahrung<\/a> | <a href=\"#Einheit\">Einheit<\/a> | <a href=\"#Schwung\">Schwung<\/a> | <a href=\"#Mythischer Rhythmus\">Mythischer Rhythmus<\/a><\/p>\n<h2 id=\"Leichtf\u00fc\u00dfigkeit\">Leichtf\u00fc\u00dfigkeit<\/h2>\n<div><img decoding=\"async\" src=\"http:\/\/diablo3.ingame.de\/files\/2012\/03\/monk_passive_fleetfooted.png\" alt=\"Leichtf\u00fc\u00dfigkeit\" style=\"float:left!important;margin-right:40px;margin-bottom:10px\"><\/div>\n<ul style=\"margin-bottom:55px;margin-top:40px\">\n<li>Verf\u00fcgbar ab Level 10<\/li>\n<\/ul>\n<p>Erh\u00f6ht die Bewegungsgeschwindigkeit um <span class=\"skcolor\">10%<\/span>.<\/p>\n<h2 id=\"Entschlossenheit\">Entschlossenheit<\/h2>\n<div><img decoding=\"async\" src=\"http:\/\/diablo3.ingame.de\/files\/2012\/03\/monk_passive_resolve.png\" alt=\"Entschlossenheit\" style=\"float:left!important;margin-right:40px;margin-bottom:10px\"><\/div>\n<ul style=\"margin-bottom:55px;margin-top:40px\">\n<li>Verf\u00fcgbar ab Level 10<\/li>\n<\/ul>\n<p>Von Euch verursachter Schaden reduziert den von Gegnern verursachten Schaden <span class=\"skcolor\">4<\/span> Sek. lang um <span class=\"skcolor\">20%<\/span>.<\/p>\n<h2 id=\"Erhabene Seele\">Erhabene Seele<\/h2>\n<div><img decoding=\"async\" src=\"http:\/\/diablo3.ingame.de\/files\/2012\/03\/monk_passive_exaltedsoul.png\" alt=\"Erhabene Seele\" style=\"float:left!important;margin-right:40px;margin-bottom:10px\"><\/div>\n<ul style=\"margin-bottom:55px;margin-top:40px\">\n<li>Verf\u00fcgbar ab Level 13<\/li>\n<\/ul>\n<p>Erh\u00f6ht die maximale Geisteskraft um <span class=\"skcolor\">50<\/span> und erh\u00f6ht die Geisteskraftregeneration um <span class=\"skcolor\">4<\/span> pro Sekunde.<\/p>\n<p>Geisteskraft treibt Eure defensiven und offensiven Fertigkeiten an.<\/p>\n<h2 id=\"Transzendenz\">Transzendenz<\/h2>\n<div><img decoding=\"async\" src=\"http:\/\/diablo3.ingame.de\/files\/2012\/03\/monk_passive_transcendence.png\" alt=\"Transzendenz\" style=\"float:left!important;margin-right:40px;margin-bottom:10px\"><\/div>\n<ul style=\"margin-bottom:55px;margin-top:40px\">\n<li>Verf\u00fcgbar ab Level 16<\/li>\n<\/ul>\n<p>Jeder verbrauchte Punkt Geisteskraft heilt Euch um <span class=\"skcolor\">429<\/span> Leben.<br \/>\nDer geheilte Wert wird um <span class=\"skcolor\">0,4%<\/span> Eures Bonus auf Heilkugelheilung erh\u00f6ht.<\/p>\n<h2 id=\"Gesang der Resonanz\">Gesang der Resonanz<\/h2>\n<div><img decoding=\"async\" src=\"http:\/\/diablo3.ingame.de\/files\/2012\/03\/monk_passive_chantofresonance.png\" alt=\"Gesang der Resonanz\" style=\"float:left!important;margin-right:40px;margin-bottom:10px\"><\/div>\n<ul style=\"margin-bottom:55px;margin-top:40px\">\n<li>Verf\u00fcgbar ab Level 20<\/li>\n<\/ul>\n<p>Die Geisteskraftkosten f\u00fcr die Aktivierung von Mantras werden um <span class=\"skcolor\">50%<\/span> reduziert und Ihr erhaltet pro Sekunde <span class=\"skcolor\">4<\/span> Geisteskraft, wenn Ihr ein Mantra erlernt habt.<\/p>\n<h2 id=\"Die Gelegenheit beim Schopfe packen\">Die Gelegenheit beim Schopfe packen<\/h2>\n<div><img decoding=\"async\" src=\"http:\/\/diablo3.ingame.de\/files\/2012\/03\/monk_passive_seizetheinitiative.png\" alt=\"Die Gelegenheit beim Schopfe packen\" style=\"float:left!important;margin-right:40px;margin-bottom:10px\"><\/div>\n<ul style=\"margin-bottom:55px;margin-top:40px\">\n<li>Verf\u00fcgbar ab Level 20<\/li>\n<\/ul>\n<p>Wenn Ihr Gegnern Schaden zuf\u00fcgt, die mindestens \u00fcber <span class=\"skcolor\">75%<\/span> ihrer Gesundheit verf\u00fcgen, wird Eure Angriffsgeschwindigkeit <span class=\"skcolor\">4<\/span> Sek. lang um <span class=\"skcolor\">30%<\/span> erh\u00f6ht.<\/p>\n<h2 id=\"Der Pfad des W\u00e4chters\">Der Pfad des W\u00e4chters<\/h2>\n<div><img decoding=\"async\" src=\"http:\/\/diablo3.ingame.de\/files\/2012\/03\/monk_passive_theguardianspath.png\" alt=\"Der Pfad des W\u00e4chters\" style=\"float:left!important;margin-right:40px;margin-bottom:10px\"><\/div>\n<ul style=\"margin-bottom:55px;margin-top:40px\">\n<li>Verf\u00fcgbar ab Level 24<\/li>\n<\/ul>\n<p>Beim F\u00fchren zweier Waffen erhaltet Ihr eine Chance von <span class=\"skcolor\">35%<\/span>, Angriffen auszuweichen. Beim F\u00fchren einer Zweihandwaffe ist die Geisteskrafterzeugung um <span class=\"skcolor\">15%<\/span> erh\u00f6ht.<\/p>\n<h2 id=\"Sechster Sinn\">Sechster Sinn<\/h2>\n<div><img decoding=\"async\" src=\"http:\/\/diablo3.ingame.de\/files\/2012\/03\/monk_passive_sixthsense.png\" alt=\"Sechster Sinn\" style=\"float:left!important;margin-right:40px;margin-bottom:10px\"><\/div>\n<ul style=\"margin-bottom:55px;margin-top:40px\">\n<li>Verf\u00fcgbar ab Level 27<\/li>\n<\/ul>\n<p>Reduziert s\u00e4mtlichen erlittenen Schaden, der nicht physisch ist, um <span class=\"skcolor\">25%<\/span>.<\/p>\n<h2 id=\"Unbeugsamkeit\">Unbeugsamkeit<\/h2>\n<div><img decoding=\"async\" src=\"http:\/\/135.181.204.8\/wordpress\/wp-content\/uploads\/2014\/09\/p1_monk_passive_provocation2.png\" alt=\"Unbeugsamkeit\" style=\"float:left!important;margin-right:40px;margin-bottom:10px\"><\/div>\n<ul style=\"margin-bottom:55px;margin-top:40px\">\n<li>Verf\u00fcgbar ab Level 30<\/li>\n<\/ul>\n<p>Jeder Gegner in einem Umkreis von <span class=\"skcolor\">12<\/span> Metern erh\u00f6ht Euren verursachten Schaden um <span class=\"skcolor\">4%<\/span>, bis maximal <span class=\"skcolor\">20%<\/span>.<\/p>\n<h2 id=\"Unerbittlicher Angriff\">Unerbittlicher Angriff<\/h2>\n<div><img decoding=\"async\" src=\"http:\/\/135.181.204.8\/wordpress\/wp-content\/uploads\/2014\/09\/p1_monk_passive_relentlessassault2.png\" alt=\"Unerbittlicher Angriff\" style=\"float:left!important;margin-right:40px;margin-bottom:10px\"><\/div>\n<ul style=\"margin-bottom:55px;margin-top:40px\">\n<li>Verf\u00fcgbar ab Level 30<\/li>\n<\/ul>\n<p>F\u00fcgt Gegnern, die geblendet, eingefroren oder bet\u00e4ubt sind, <span class=\"skcolor\">20%<\/span> mehr Schaden zu.<\/p>\n<h2 id=\"Fanal von Ytar\">Fanal von Ytar<\/h2>\n<div><img decoding=\"async\" src=\"http:\/\/diablo3.ingame.de\/files\/2012\/03\/monk_passive_beaconofytar.png\" alt=\"Fanal von Ytar\" style=\"float:left!important;margin-right:40px;margin-bottom:10px\"><\/div>\n<ul style=\"margin-bottom:55px;margin-top:40px\">\n<li>Verf\u00fcgbar ab Level 35<\/li>\n<\/ul>\n<p>Reduziert alle Abklingzeiten um <span class=\"skcolor\">20%<\/span>.<\/p>\n<h2 id=\"Eifer\">Eifer<\/h2>\n<div><img decoding=\"async\" src=\"http:\/\/diablo3.ingame.de\/files\/2012\/03\/monk_passive_pacifism.png\" alt=\"Eifer\" style=\"float:left!important;margin-right:40px;margin-bottom:10px\"><\/div>\n<ul style=\"margin-bottom:55px;margin-top:40px\">\n<li>Verf\u00fcgbar ab Level 40<\/li>\n<\/ul>\n<p>Erh\u00f6ht die Angriffsgeschwindigkeit von Geisteskrafterzeugern um <span class=\"skcolor\">15%<\/span>.<\/p>\n<h2 id=\"Harmonie\">Harmonie<\/h2>\n<div><img decoding=\"async\" src=\"http:\/\/diablo3.ingame.de\/files\/2012\/03\/monk_passive_onewitheverything.png\" alt=\"Harmonie\" style=\"float:left!important;margin-right:40px;margin-bottom:10px\"><\/div>\n<ul style=\"margin-bottom:55px;margin-top:40px\">\n<li>Verf\u00fcgbar ab Level 45<\/li>\n<\/ul>\n<p>Gegenst\u00e4nde, die Euren Widerstand gegen eine Schadensart erh\u00f6hen, erh\u00f6hen jetzt stattdessen Euren Widerstand gegen alle Schadensarten um <span class=\"skcolor\">40%<\/span> dieses Werts.<\/p>\n<h2 id=\"Komboschlag\">Komboschlag<\/h2>\n<div><img decoding=\"async\" src=\"http:\/\/diablo3.ingame.de\/files\/2012\/03\/monk_passive_combinationstrike.png\" alt=\"Komboschlag\" style=\"float:left!important;margin-right:40px;margin-bottom:10px\"><\/div>\n<ul style=\"margin-bottom:55px;margin-top:40px\">\n<li>Verf\u00fcgbar ab Level 50<\/li>\n<\/ul>\n<p>Jeder unterschiedliche Geisteskrafterzeuger, den Ihr einsetzt, erh\u00f6ht den von Euch verursachten Schaden <span class=\"skcolor\">3<\/span> Sek. lang um <span class=\"skcolor\">10%<\/span>.<\/p>\n<h2 id=\"Nahtoderfahrung\">Nahtoderfahrung<\/h2>\n<div><img decoding=\"async\" src=\"http:\/\/diablo3.ingame.de\/files\/2012\/03\/monk_passive_neardeathexperience.png\" alt=\"Nahtoderfahrung\" style=\"float:left!important;margin-right:40px;margin-bottom:10px\"><\/div>\n<ul style=\"margin-bottom:55px;margin-top:40px\">\n<li>Verf\u00fcgbar ab Level 58<\/li>\n<\/ul>\n<p>Wenn Ihr t\u00f6dlichen Schaden erleidet, stellt Ihr, statt zu sterben, <span class=\"skcolor\">35%<\/span> Eures maximalen Lebens und <span class=\"skcolor\">35%<\/span> Eurer Geisteskraft wieder her. Au\u00dferdem seid Ihr <span class=\"skcolor\">2<\/span> Sek. lang immun gegen Schaden und Kontrollverlusteffekte.<br \/>\nDieser Effekt kann nur einmal alle <span class=\"skcolor\">60<\/span> Sek. auftreten.<\/p>\n<h2 id=\"Einheit\">Einheit<\/h2>\n<div><img decoding=\"async\" src=\"http:\/\/135.181.204.8\/wordpress\/wp-content\/uploads\/2014\/09\/x1_monk_passive_unity2.png\" alt=\"Einheit\" style=\"float:left!important;margin-right:40px;margin-bottom:10px\"><\/div>\n<ul style=\"margin-bottom:55px;margin-top:40px\">\n<li>Verf\u00fcgbar ab Level 64<\/li>\n<\/ul>\n<p>Jeder von Euren Mantras betroffene Verb\u00fcndete erh\u00f6ht Euren Schaden um <span class=\"skcolor\">5%<\/span>, bis zu einem Maximum von <span class=\"skcolor\">20%<\/span> und verursacht selbst <span class=\"skcolor\">5%<\/span> mehr Schaden.<\/p>\n<h2 id=\"Schwung\">Schwung<\/h2>\n<div><img decoding=\"async\" src=\"http:\/\/135.181.204.8\/wordpress\/wp-content\/uploads\/2014\/09\/x1_monk_passive_momentum2.png\" alt=\"Schwung\" style=\"float:left!important;margin-right:40px;margin-bottom:10px\"><\/div>\n<ul style=\"margin-bottom:55px;margin-top:40px\">\n<li>Verf\u00fcgbar ab Level 66<\/li>\n<\/ul>\n<p>Wenn Ihr Euch <span class=\"skcolor\">25<\/span> Meter weit bewegt, verursacht Ihr <span class=\"skcolor\">6<\/span> Sek. lang <span class=\"skcolor\">20%<\/span> mehr Schaden.<\/p>\n<h2 id=\"Mythischer Rhythmus\">Mythischer Rhythmus<\/h2>\n<div><img decoding=\"async\" src=\"http:\/\/135.181.204.8\/wordpress\/wp-content\/uploads\/2014\/09\/x1_monk_passive_mythicrhythm2.png\" alt=\"Mythischer Rhythmus\" style=\"float:left!important;margin-right:40px;margin-bottom:10px\"><\/div>\n<ul style=\"margin-bottom:55px;margin-top:40px\">\n<li>Verf\u00fcgbar ab Level 68<\/li>\n<\/ul>\n<p>Jeder dritte Treffer eines Geisteskrafterzeugers erh\u00f6ht den verursachten Schaden Eures n\u00e4chsten Geisteskraftverbrauchers um <span class=\"skcolor\">40%<\/span>.<\/p>\n<p>Stand: 8\/2016<\/p>\n","protected":false},"excerpt":{"rendered":"<p>Die Passive Fertigkeiten (engl. Traits f\u00fcr Charakterzug) sind Eigenschaften, die unabh\u00e4ngig von den Skills der Klasse ausgesucht werden k\u00f6nnen. Insgesamt kann man aus den nachfolgenden Traits auf Stufe 70 vier (in Classic drei) ausw\u00e4hlen, die dem Charakter dann zur Verf\u00fcgung stehen. Leichtf\u00fc\u00dfigkeit | Entschlossenheit | Erhabene Seele | Transzendenz | Gesang der Resonanz | Die&hellip; <a class=\"more-link\" href=\"https:\/\/planetdiablo.eu\/de\/diablo-3\/die-charaktere\/die-moenche\/moenche-traits\/\"><span class=\"screen-reader-text\">Diablo 3 &#8211; Traits der M\u00f6nche<\/span> weiterlesen<\/a><\/p>\n","protected":false},"author":752,"featured_media":0,"parent":446863,"menu_order":0,"comment_status":"closed","ping_status":"open","template":"","meta":{"footnotes":""},"class_list":["post-446795","page","type-page","status-publish","hentry","entry"],"_links":{"self":[{"href":"https:\/\/planetdiablo.eu\/de\/wp-json\/wp\/v2\/pages\/446795","targetHints":{"allow":["GET"]}}],"collection":[{"href":"https:\/\/planetdiablo.eu\/de\/wp-json\/wp\/v2\/pages"}],"about":[{"href":"https:\/\/planetdiablo.eu\/de\/wp-json\/wp\/v2\/types\/page"}],"author":[{"embeddable":true,"href":"https:\/\/planetdiablo.eu\/de\/wp-json\/wp\/v2\/users\/752"}],"replies":[{"embeddable":true,"href":"https:\/\/planetdiablo.eu\/de\/wp-json\/wp\/v2\/comments?post=446795"}],"version-history":[{"count":1,"href":"https:\/\/planetdiablo.eu\/de\/wp-json\/wp\/v2\/pages\/446795\/revisions"}],"predecessor-version":[{"id":582950,"href":"https:\/\/planetdiablo.eu\/de\/wp-json\/wp\/v2\/pages\/446795\/revisions\/582950"}],"up":[{"embeddable":true,"href":"https:\/\/planetdiablo.eu\/de\/wp-json\/wp\/v2\/pages\/446863"}],"wp:attachment":[{"href":"https:\/\/planetdiablo.eu\/de\/wp-json\/wp\/v2\/media?parent=446795"}],"curies":[{"name":"wp","href":"https:\/\/api.w.org\/{rel}","templated":true}]}}