{"id":446863,"date":"2011-07-25T14:02:38","date_gmt":"2011-07-25T12:02:38","guid":{"rendered":"http:\/\/diablo3.ingame.de\/?page_id=446863"},"modified":"2021-06-11T14:15:58","modified_gmt":"2021-06-11T12:15:58","slug":"die-moenche","status":"publish","type":"page","link":"https:\/\/planetdiablo.eu\/de\/diablo-3\/die-charaktere\/die-moenche\/","title":{"rendered":"Diablo 3 &#8211; M\u00f6nche"},"content":{"rendered":"<h2>Inhalt<\/h2>\n<ol>\n<li><a href=\"#Allgemein\">Allgemeine \u00dcbersicht<\/a><\/li>\n<li><a href=\"#Skills\">Skills und Traits<\/a><\/li>\n<li><a href=\"#Geist\">Das Lebens- und Geist-System<\/a><\/li>\n<li><a href=\"#Lore\">Hintergr\u00fcnde und Artworks<\/a><\/li>\n<\/ol>\n<p><a name=\"Allgemein\"><\/a><\/p>\n<h2>Starteigenschaften<\/h2>\n<table>\n<tbody>\n<tr>\n<td>St\u00e4rke:<\/td>\n<td>8<\/td>\n<\/tr>\n<tr>\n<td>Geschicklichkeit:<\/td>\n<td>10<\/td>\n<\/tr>\n<tr>\n<td>Intelligenz:<\/td>\n<td>8<\/td>\n<\/tr>\n<tr>\n<td>Vitalit\u00e4t:<\/td>\n<td>9<\/td>\n<\/tr>\n<tr>\n<td>Lebensenergie:<\/td>\n<td>130<\/td>\n<\/tr>\n<tr>\n<td>Geisteskraft:<\/td>\n<td>150<\/td>\n<\/tr>\n<\/tbody>\n<\/table>\n<p><a name=\"Skills\"><\/a><\/p>\n<h2>Skills und Traits<\/h2>\n<p><a href=\"\/diablo-3\/die-charaktere\/die-moenche\/moenche-skills\/\">Zu den Skills<\/a><br \/>\n<a href=\"\/diablo-3\/die-charaktere\/die-moenche\/moenche-traits\/\">Zu den Traits<\/a><br \/>\n<a name=\"Geist\"><\/a><\/p>\n<h2>Das Geist- und Lebens-System<\/h2>\n<p>Die Wichtigkeit einer Ressource wie Leben kann nicht oft genug betont werden. Auch wenn die Untoten in Sanktuario einen recht lebhaften Eindruck machen, ist ein toter Held leider nicht ansatzweise so effektiv. Wenn ihr Schaden erleidet, wird eure Lebenskugel leerer. Ist sie g\u00e4nzlich leer, ist euer Held tot.<br \/>\n<img decoding=\"async\" class=\"newsimage alignleft size-full wp-image-476521\" src=\"\/files\/2011\/08\/JLLV81C5IB4S1314617858576.gif\" alt=\"\" width=\"194\"><br \/>\nDaher solltet ihr unbedingt nach Lebenskugeln Ausschau halten, w\u00e4hrend ihr die Diener der H\u00f6lle dorthin zur\u00fcckschickt, wo sie hergekommen sind. Diese blutroten Sph\u00e4ren k\u00f6nnt ihr von fast allen besiegten Kreaturen erhalten. Lauft einfach \u00fcber sie hinweg, um sofort einen Prozentsatz eures Lebens wiederherzustellen. Nat\u00fcrlich k\u00f6nnt ihr, wie in den fr\u00fcheren Diablo-Spielen auch, Heiltr\u00e4nke in eurem Inventar mitnehmen. Aber nutzt sie weise! Sie verf\u00fcgen \u00fcber eine vergleichsweise lange Abklingzeit.<br \/>\n\u00c4hnlich wie der Barbar beweist auch der M\u00f6nch sein K\u00f6nnen im Nahkampf. Doch anders als dieser profitiert der M\u00f6nch nicht davon, wenn er von Feinden getroffen wird, und kann auch nicht einmal ansatzweise so viel Schaden einstecken. Stattdessen verwendet der M\u00f6nch seine Geisteskraft meisterhaft, um blitzschnelle Angriffe direkt hintereinander durchzuf\u00fchren und Defensivfertigkeiten geschickt zu planen.<br \/>\n<img decoding=\"async\" class=\"newsimage alignright size-full wp-image-476521\" src=\"\/wp-content\/uploads\/2011\/08\/OT32KN5SSPZX1314617915283.gif\" alt=\"\" width=\"194\"><br \/>\nGeisteskraft wird durch den Einsatz von Nahkampfangriffen und bestimmten besonderen Fertigkeiten erzeugt und nur abgebaut, wenn Fertigkeiten eingesetzt werden, die Geisteskraft verbrauchen. Dies erm\u00f6glicht dem M\u00f6nch m\u00e4chtige und nahezu poetische Kombinationen, weshalb seine Opfer oft voller Verwunderung ihren letzten Atem aushauchen. Mit Geisteskraft k\u00f6nnt ihr beispielweise den &#8218;Schlag der Sieben F\u00e4uste&#8216; aktivieren, bei dem ihr schnell von Feind zu Feind springt, um sieben fl\u00fcssige und gleichzeitig t\u00f6dliche Angriffe durchzuf\u00fchren. Es gibt jedoch auch andere Fertigkeiten, mit denen ihr Geisteskraft erzeugen k\u00f6nnt. Eine davon ist &#8218;Donnerf\u00e4uste&#8216;: Eine Serie von extrem schnellen Schl\u00e4gen f\u00fcgt Gegnern Blitzschaden zu und gew\u00e4hrt eine Chance, feindliche Angriffe zu unterbrechen. So wird der M\u00f6nch mit Geisteskraft zu einem wahrhaft t\u00f6dlichen Helden.<br \/>\n&nbsp;<\/p>\n<h2><a name=\"Lore\"><\/a>Hintergr\u00fcnde und Artwork<\/h2>\n<p>&nbsp;<\/p>\n<h3>Aus den Texten von Abd al-Hazir<\/h3>\n<p>Die letzten Herbstwochen hatten sich \u00fcber Ivgorod gesenkt und der erste Hauch des nahenden Winters lag bereits in der Luft.<br \/>\nAls die Nacht hereinbrach und die Sonne am Horizont verschwand, war ich \u00e4u\u00dferst dankbar, in einer Taverne Unterschlupf gefunden zu haben.<br \/>\nSchon beim Eintreten versp\u00fcrte ich eine gewisse Spannung im Raum. Trotz der Tageszeit herrschte nur wenig Betrieb und nur vereinzelt kauerten kleine Gr\u00fcppchen<br \/>\nan den Tischen, die sich in den Ecken und Nischen des Raums befanden. Die B\u00e4nke in der Mitte des Raumes waren leer, von einem einzelnen Mann abgesehen.<br \/>\n<img loading=\"lazy\" decoding=\"async\" class=\"newsimage alignleft size-full wp-image-476503\" src=\"\/wp-content\/uploads\/2011\/07\/Diablo-3-Moench.jpg\" alt=\"\" width=\"135\" height=\"265\"><br \/>\nDieser schien die K\u00e4lte nicht zu sp\u00fcren. Er war wie ein Bettler gekleidet, trug kaum mehr als einen orangefarbenen Stoff, der um seinen Leib gebunden war und<br \/>\nlediglich die H\u00e4lfte seines Oberk\u00f6rpers bedeckte. Ein Kranz aus gro\u00dfen, h\u00f6lzernen Kugeln lag um seinen muskul\u00f6sen Hals. Sein Kopf war kahl rasiert, von einem wilden,<br \/>\nstruppigen Bart abgesehen. Dann traf mich die Erkenntnis wie ein Schlag: Auf seinem Kopf prangte eine T\u00e4towierung aus zwei roten Punkten,<br \/>\nwobei der eine gr\u00f6\u00dfer war als der andere. Wie jeder Studiosus der V\u00f6lker und Kulturen dieser Welt wei\u00df, war dieser Mann ein M\u00f6nch aus Ivgorod,<br \/>\neiner der geheimnisvollen und zur\u00fcckgezogen lebenden heiligen Krieger dieses Landes.<br \/>\nIch hatte unz\u00e4hlige, fantastische Geschichten \u00fcber sie geh\u00f6rt, Geschichten, die zweifelsfrei der Sch\u00f6nf\u00e4rberei unterlegen sein mussten.<br \/>\nDie Haut der M\u00f6nche, so wurde etwa behauptet, sei so hart wie Eisen, durch Schwerter oder Pfeilspitzen nicht zu verwunden, und mit ihren F\u00e4usten k\u00f6nnten sie Steine spalten,<br \/>\nso wie Ihr oder ich einen Zweig entzwei brechen w\u00fcrden. Obschon der unscheinbare Mann vor mir meilenweit von dem entfernt zu sein schien,<br \/>\nwas ich \u00fcber die M\u00f6nche gelesen hatte, n\u00e4herte ich mich ihm vorsichtig und lie\u00df mich auf der ihm gegen\u00fcberliegenden Bank nieder, begierig darauf,<br \/>\nihn genauer in Augenschein nehmen zu k\u00f6nnen. Mit einem kleinen Wink seiner Hand hie\u00df er mich n\u00e4herkommen.<br \/>\n<em>\u201eAh, endlich eine Seele, die mutig genug ist, sich zu mir setzen. Kommt n\u00e4her, Freund.\u201c<\/em><br \/>\nMir wurden Speisen vorgesetzt, doch versp\u00fcrte ich nur geringen Hunger, war ich doch viel zu besch\u00e4ftigt, mir die Einzelheiten aus dem Leben des M\u00f6nchs einzupr\u00e4gen.<br \/>\nEr berichtete von seinem Glauben an die Existenz von tausend und einem Gott, G\u00f6tter, von denen er \u00fcberzeugt war, dass man sie \u00fcberall finden k\u00f6nne:<br \/>\nim Feuer der Kochstelle, im Wasser des Flusses und in der Luft, die wir atmen. F\u00fcr eine nette Geschichte mag dies vielleicht gut passen,<br \/>\naber jeder verst\u00e4ndige Mensch wird eine solche Weltsicht wohl f\u00fcr wenig mehr als reinen Aberglauben halten. Er fuhr daraufhin fort, sein intensives mentales<br \/>\nund k\u00f6rperliches Training zu beschreiben, sein niemals endendes Streben, seinen Geist und seinen K\u00f6rper zu einem Instrument g\u00f6ttlicher Gerechtigkeit zu formen.<br \/>\nDennoch frage ich mich, warum wohl seine tausend G\u00f6tter eines Sterblichen bed\u00fcrfen, um ihren Willen durchzusetzen. Als ich ihn fragte, warum er kein Schwert, ja,<br \/>\n\u00fcberhaupt keine Waffe bei sich hatte, antwortete er schlicht: \u201eMein K\u00f6rper ist meine Waffe.\u201c Darauf erhob er seine Hand, tippte sich gegen die Stirn und f\u00fcgte hinzu:<br \/>\n\u201eEbenso wie mein Geist.\u201c<br \/>\n<img loading=\"lazy\" decoding=\"async\" class=\"newsimage aligncenter size-full wp-image-476505\" src=\"\/wp-content\/uploads\/2011\/07\/Diablo-3-Moench-2.jpg\" alt=\"\" width=\"500\" height=\"389\"><br \/>\nH\u00f6chst unerwarteter Weise sollte ich noch Zeuge seiner Meisterschaft werden.<br \/>\nEine Gruppe M\u00e4nner n\u00e4herte sich unserem Tisch, wobei sie mein Buch auf den Boden warfen, mich aus dem Weg dr\u00e4ngten und beim N\u00e4herkommen Messer und andere Waffen hervorzogen.<br \/>\nSie richteten ihre Konzentration einzig auf die einsame Figur des M\u00f6nchs, die mir gegen\u00fcber sa\u00df. Ich brachte mich unter dem Tisch in Sicherheit,<br \/>\nda ich eine Vorahnung hatte, was nun passieren w\u00fcrde. Ich sah, wie sie wie auf ein unsichtbares Signal hin pl\u00f6tzlich angriffen.<br \/>\nOhne sich von seinem Platz zu erheben, begegnete der M\u00f6nch dem Angriff des Ersten, packte dessen Handgelenk und warf ihn achtlos \u00fcber seine Schulter,<br \/>\nwonach der Mann krachend auf einen Tisch aufschlug. Die Pl\u00f6tzlichkeit der Reaktion des M\u00f6nchs lie\u00df die M\u00e4nner einen Augenblick in ihrer Bewegung verharren,<br \/>\nund als sie dort standen, erhob er sich.<br \/>\n<img loading=\"lazy\" decoding=\"async\" class=\"newsimage aligncenter size-full wp-image-476507\" src=\"\/wp-content\/uploads\/2011\/07\/Diablo-3-Moench-3.jpg\" alt=\"Diablo 3 M\u00f6nch\" width=\"500\" height=\"312\"><br \/>\nUnd dann brach das Chaos aus.<br \/>\nDer M\u00f6nch war eine flie\u00dfende Masse ungeb\u00e4ndigter Energie und er begegnete jedem Angriff, ohne auch nur einen Augenblick in Bedr\u00e4ngnis zu geraten.<br \/>\nEr k\u00e4mpfte mit H\u00e4nden und F\u00fc\u00dfen, so wie ich es noch nie zuvor gesehen hatte. Ich habe in meinem Leben mehr als genug Kneipenschl\u00e4gereien miterlebt,<br \/>\naber keine war vergleichbar mit dem, was hier passierte. Zum Ger\u00e4usch berstender Knochen gesellte sich etwas, das ich zun\u00e4chst nicht recht glauben konnte:<br \/>\nDer M\u00f6nch lachte, w\u00e4hrend er k\u00e4mpfte. Er schaltete einen Gegner nach dem anderen aus, bis nur mehr einer \u00fcbrig war.<br \/>\n<img loading=\"lazy\" decoding=\"async\" class=\"newsimage alignright size-full wp-image-476509\" src=\"\/wp-content\/uploads\/2011\/07\/Diablo-3-Moench-4.jpg\" alt=\"Diablo 3 M\u00f6nch\" width=\"135\" height=\"257\"><br \/>\nDer Mann nahm einen Stuhl auf und schleuderte ihn in Richtung des M\u00f6nchs. Dieser holte aus, schlug nach dem auf ihn zufliegenden Geschoss<br \/>\nund traf das stabile Eichenholz des Stuhles mit seiner geschlossenen Faust. Das Holz zerbarst und Splitter wirbelten durch die Luft,<br \/>\nals die Einzelteile des Stuhls um ihn herum harmlos zu Boden fielen.<br \/>\n\u201eMich kannst du nicht narren, D\u00e4mon\u201c, knurrte der M\u00f6nch. Er zog die Arme seitlich an, dann streckte er die H\u00e4nde vor sich aus und begann, Beschw\u00f6rungen auszusprechen.<br \/>\nEin Nimbus wei\u00dfen Lichts erstrahlte um seinen Kopf, wurde gr\u00f6\u00dfer und greller, bis er den ganzen Kopf des M\u00f6nchs umgab. Er br\u00fcllte auf und das Licht schoss nach au\u00dfen.<br \/>\nAls es auf den K\u00f6rper des anderen Mannes traf, sch\u00e4lte sich dessen Haut von seinem Leib und brachte darunter einen roth\u00e4utigen D\u00e4mon zum Vorschein,<br \/>\nder durch den Aufprall aus der Vordert\u00fcr der Taverne geschleudert wurde.<br \/>\nDer M\u00f6nch st\u00fcrzte vorw\u00e4rts, aber seine Bewegungen waren zu schnell, als dass meine Augen sie einzeln h\u00e4tten erfassen k\u00f6nnen. Es schien, als seien es seiner sieben,<br \/>\ndie von \u00fcberall her Schl\u00e4ge auf den D\u00e4mon niederprasseln lie\u00dfen. Benommen kam der D\u00e4mon ins Straucheln. Der M\u00f6nch packte ihn am Nacken und grinste,<br \/>\nw\u00e4hrend er seinen freien Arm zur\u00fcckbog. Reine Energie knisterte auf seiner ge\u00f6ffneten Hand. Dann schnellte seine Handfl\u00e4che vor, und als sie auf den D\u00e4mon traf,<br \/>\nexplodierte dessen K\u00f6rper: Muskeln, Haut und Knochen wurden auseinandergerissen und der Gestank von verbranntem Fleisch erf\u00fcllte die Luft.<br \/>\nIch h\u00e4tte es nicht geglaubt, h\u00e4tte ich es nicht mit meinen eigenen Augen gesehen. Es scheint, als w\u00e4ren die Geschichten dieser unvergleichlichen Krieger<br \/>\ndoch nicht so aus der Luft gegriffen, wie ich zun\u00e4chst vermutet hatte.<\/p>\n","protected":false},"excerpt":{"rendered":"<p>Inhalt Allgemeine \u00dcbersicht Skills und Traits Das Lebens- und Geist-System Hintergr\u00fcnde und Artworks Starteigenschaften St\u00e4rke: 8 Geschicklichkeit: 10 Intelligenz: 8 Vitalit\u00e4t: 9 Lebensenergie: 130 Geisteskraft: 150 Skills und Traits Zu den Skills Zu den Traits Das Geist- und Lebens-System Die Wichtigkeit einer Ressource wie Leben kann nicht oft genug betont werden. Auch wenn die Untoten&hellip; <a class=\"more-link\" href=\"https:\/\/planetdiablo.eu\/de\/diablo-3\/die-charaktere\/die-moenche\/\"><span class=\"screen-reader-text\">Diablo 3 &#8211; M\u00f6nche<\/span> weiterlesen<\/a><\/p>\n","protected":false},"author":752,"featured_media":539981,"parent":445321,"menu_order":26,"comment_status":"closed","ping_status":"open","template":"","meta":{"footnotes":""},"class_list":["post-446863","page","type-page","status-publish","has-post-thumbnail","hentry","entry"],"_links":{"self":[{"href":"https:\/\/planetdiablo.eu\/de\/wp-json\/wp\/v2\/pages\/446863","targetHints":{"allow":["GET"]}}],"collection":[{"href":"https:\/\/planetdiablo.eu\/de\/wp-json\/wp\/v2\/pages"}],"about":[{"href":"https:\/\/planetdiablo.eu\/de\/wp-json\/wp\/v2\/types\/page"}],"author":[{"embeddable":true,"href":"https:\/\/planetdiablo.eu\/de\/wp-json\/wp\/v2\/users\/752"}],"replies":[{"embeddable":true,"href":"https:\/\/planetdiablo.eu\/de\/wp-json\/wp\/v2\/comments?post=446863"}],"version-history":[{"count":2,"href":"https:\/\/planetdiablo.eu\/de\/wp-json\/wp\/v2\/pages\/446863\/revisions"}],"predecessor-version":[{"id":582559,"href":"https:\/\/planetdiablo.eu\/de\/wp-json\/wp\/v2\/pages\/446863\/revisions\/582559"}],"up":[{"embeddable":true,"href":"https:\/\/planetdiablo.eu\/de\/wp-json\/wp\/v2\/pages\/445321"}],"wp:featuredmedia":[{"embeddable":true,"href":"https:\/\/planetdiablo.eu\/de\/wp-json\/wp\/v2\/media\/539981"}],"wp:attachment":[{"href":"https:\/\/planetdiablo.eu\/de\/wp-json\/wp\/v2\/media?parent=446863"}],"curies":[{"name":"wp","href":"https:\/\/api.w.org\/{rel}","templated":true}]}}