{"id":446867,"date":"2011-07-25T14:02:56","date_gmt":"2011-07-25T12:02:56","guid":{"rendered":"http:\/\/diablo3.ingame.de\/?page_id=446867"},"modified":"2021-04-29T11:10:44","modified_gmt":"2021-04-29T09:10:44","slug":"die-hexendoktoren","status":"publish","type":"page","link":"https:\/\/planetdiablo.eu\/de\/diablo-3\/die-charaktere\/die-hexendoktoren\/","title":{"rendered":"Diablo 3 &#8211; Hexendoktoren"},"content":{"rendered":"<h2>Inhalt<\/h2>\n<ol>\n<li><a href=\"#Allgemein\">Allgemeine \u00dcbersicht<\/a><\/li>\n<li><a href=\"#Skills\">Skills und Traits<\/a><\/li>\n<li><a href=\"#Mana\">Das Lebens- und Mana-System<\/a><\/li>\n<li><a href=\"#Lore\">Hintergr\u00fcnde und Artworks<\/a><\/li>\n<\/ol>\n<p><a name=\"Allgemein\"><\/a><\/p>\n<h2>Starteigenschaften<\/h2>\n<table>\n<tbody>\n<tr>\n<td>St\u00e4rke:<\/td>\n<td>8<\/td>\n<\/tr>\n<tr>\n<td>Geschicklichkeit:<\/td>\n<td>8<\/td>\n<\/tr>\n<tr>\n<td>Intelligenz:<\/td>\n<td>10<\/td>\n<\/tr>\n<tr>\n<td>Vitalit\u00e4t:<\/td>\n<td>9<\/td>\n<\/tr>\n<tr>\n<td>Lebensenergie:<\/td>\n<td>130<\/td>\n<\/tr>\n<tr>\n<td>Mana:<\/td>\n<td>150<\/td>\n<\/tr>\n<\/tbody>\n<\/table>\n<p><a name=\"Skills\"><\/a><\/p>\n<h2>Skills und Traits<\/h2>\n<p><a href=\"\/diablo-3\/die-charaktere\/die-hexendoktoren\/hexendoktoren-skills\/\">Zu den Skills<\/a><br \/>\n<a href=\"\/diablo-3\/die-charaktere\/die-hexendoktoren\/hexendoktoren-traits\/\">Zu den Traits<\/a><br \/>\n<a name=\"Mana\"><\/a><\/p>\n<h2>Das Lebens- und Mana-System<\/h2>\n<p>Die Wichtigkeit einer Ressource wie Leben kann nicht oft genug betont werden. Auch wenn die Untoten in Sanktuario einen recht lebhaften Eindruck machen, ist ein toter Held leider nicht ansatzweise so effektiv. Wenn ihr Schaden erleidet, wird eure Lebenskugel leerer. Ist sie g\u00e4nzlich leer, ist euer Held tot.<br \/>\n<img decoding=\"async\" class=\"newsimage alignleft size-full wp-image-476521\" src=\"\/wp-content\/uploads\/2011\/08\/JLLV81C5IB4S1314617858576.gif\" alt=\"\" width=\"194\"><br \/>\nDaher solltet ihr unbedingt nach Lebenskugeln Ausschau halten, w\u00e4hrend ihr die Diener der H\u00f6lle dorthin zur\u00fcckschickt, wo sie hergekommen sind. Diese blutroten Sph\u00e4ren k\u00f6nnt ihr von fast allen besiegten Kreaturen erhalten. Lauft einfach \u00fcber sie hinweg, um sofort einen Prozentsatz eures Lebens wiederherzustellen. Nat\u00fcrlich k\u00f6nnt ihr, wie in den fr\u00fcheren Diablo-Spielen auch, Heiltr\u00e4nke in eurem Inventar mitnehmen. Aber nutzt sie weise! Sie verf\u00fcgen \u00fcber eine vergleichsweise lange Abklingzeit.<br \/>\nDer Hexendoktor vermittelt euch das klassische Spielerlebnis eines d\u00fcsteren Zauberwirkers. Mit Voodoo und b\u00f6sartigen herbeigerufenen Kreaturen h\u00e4lt er sich Feinde in sicherer Entfernung vom Leibe, w\u00e4hrend er sie gen\u00fcsslich abschlachtet. Als Hexendoktor seid ihr eine echte Ein-Mann-Armee, die ihr Mana nutzt, um belebte Abscheulichkeiten im Kampf zur Hilfe zu rufen. Mana baut sich nach und nach von allein wieder auf, aber der Hexendoktor verf\u00fcgt zus\u00e4tzlich \u00fcber wichtige Fertigkeiten, mit denen er seine Reserven wieder auff\u00fcllen kann, wie zum Beispiel &#8218;Manaraub&#8216; oder Geisterzaubern (in Kombination mit m\u00e4chtigen passiven Fertigkeiten), die beim Wirken Mana wiederherstellen.<br \/>\n<img decoding=\"async\" class=\"newsimage alignright size-full wp-image-476521\" src=\"\/wp-content\/uploads\/2011\/08\/NRMIER5QQ6331314617812695.gif\" alt=\"\" width=\"194\"><br \/>\nMana erm\u00f6glicht jedoch nicht nur, Diener zu beschw\u00f6ren, sondern dient auch als Ressource f\u00fcr die erbarmungslosen Schadensfertigkeiten und die tr\u00fcgerische Verteidigungsmagie, die euch zur Verf\u00fcgung steht. Mit &#8218;Brandbombe&#8216; werft ihr beispielsweise einen explosiven Sch\u00e4del, der Feinden in seinem Explosionsradius enormen Schaden zuf\u00fcgt. In der Zwischenzeit k\u00f6nnt ihr mit Fertigkeiten wie &#8218;Entsetzen&#8216; Gegner kurze Zeit vor Angst in die Flucht schlagen. Doch es kommt noch besser: Kombiniert eure defensiven und offensiven Fertigkeiten, um verheerende Zauber wie &#8218;Massenverwirrung&#8216; zu wirken, der eure Gegner paranoid werden l\u00e4sst und dazu bringen kann, sich gegenseitig anzugreifen. Mana macht Hexendoktoren zu Wirkern unappetitlicher Magie, mit der sie nicht ohne Genuss das Schlachtfeld in reines Chaos st\u00fcrzen.<br \/>\n&nbsp;<\/p>\n<h2><a name=\"Lore\"><\/a>Hintergr\u00fcnde und Artwork<\/h2>\n<p>&nbsp;<\/p>\n<h3>Aus den Texten von Abd al-Hazir<\/h3>\n<p>Die meisten glauben, dass der grauenerregende Hexendoktor der Umbaru-Rasse eine Legende sei, ich aber habe einen mit meinen eigenen Augen im Kampf gesehen.<br \/>\nEs war allerdings selbst dann schwer zu glauben. Er t\u00f6tete seinen Gegner mit furchteinfl\u00f6\u00dfender Pr\u00e4zision, indem er Geist und K\u00f6rper seines Opfers mit Elixieren und Pulvern<br \/>\nangriff, die Feuer, Explosionen und giftige D\u00e4mpfe hervorriefen. Als seien diese Angriffe noch nicht genug, verf\u00fcgte der Hexendoktor des Weiteren \u00fcber die F\u00e4higkeit,<br \/>\nuntote Kreaturen aus der Unterwelt herbeizurufen, die dem Feind das Fleisch aus dem K\u00f6rper rei\u00dfen<br \/>\n<img loading=\"lazy\" decoding=\"async\" class=\"newsimage aligncenter size-full wp-image-476521\" src=\"\/wp-content\/uploads\/2011\/07\/Diablo-3-Witchdoctor.jpg\" alt=\"Diablo 3 Hexendoktor\" width=\"500\" height=\"348\"><br \/>\nDieses seltene Bild offenbarte sich mir w\u00e4hrend ich mich vorwagte in das Innere der undurchdringlichen Torajandschungel, die die s\u00fcdliche Spitze<br \/>\ndes gro\u00dfen \u00f6stlichen Kontinents bedecken, in dem gewaltigen Areal, das als Teganze bekannt ist. Mein Ziel war es, die St\u00e4mme aufzusp\u00fcren, die dort leben.<br \/>\nDiese Gegend ist extrem abgelegen und vordem vor fremden Blicken gesch\u00fctzt. Ich hatte das Gl\u00fcck, den Hexendoktor, den ich im Kampf sah, als Freund gewinnen zu k\u00f6nnen<br \/>\nund durch ihn seinen Stamm: den Stamm der F\u00fcnf H\u00fcgel.<br \/>\n<img loading=\"lazy\" decoding=\"async\" class=\"newsimage alignleft size-full wp-image-476515\" src=\"\/wp-content\/uploads\/2011\/07\/Diablo-3-Witchdoctor-2.jpg\" alt=\"Diablo 3 Hexendoktorin\" width=\"175\" height=\"238\"> Die Kultur der Umbaru des tieferen Teganze ist faszinierend und verwirrend f\u00fcr diejenigen, die auf den zivilisierteren Pfaden des Lebens wandeln.<br \/>\nSo greift der Stamm der F\u00fcnf H\u00fcgel \u00f6fters sowohl den Clan der Sieben Steine als auch den Stamm des Bew\u00f6lkten Tals an.<br \/>\nDies dient jedoch dem Zwecke eines Rituals und nicht dem der Eroberung. Ich hatte Geschichten geh\u00f6rt, dass diese Fehden ausgetragen w\u00fcrden,<br \/>\ndamit die Sieger ihre Vorr\u00e4te an Rohmaterial wieder auff\u00fcllen k\u00f6nnen f\u00fcr die Menschenopfer, um die sich ihre Gesellschaft dreht.<br \/>\nAls ich meinen Gastgebern sch\u00fcchterne Fragen zu diesem Thema stellte, so muss ich eingestehen, lie\u00df mich ihr Gel\u00e4chter doch um meine Sicherheit f\u00fcrchten.<br \/>\nDurch holprige Versuche, sich \u00fcber solche komplexe Themen, wie etwa die Frage worauf Geltung und Ehre in ihrer Gesellschaft beruhen, zu verst\u00e4ndigen,<br \/>\nerfuhr ich jedoch, dass nur diejenigen, die im Kampf gefangen genommen wurden als der rituellen Opferung w\u00fcrdig anerkannt werden \u2013 sehr zu meiner Erleichterung.<br \/>\n<img loading=\"lazy\" decoding=\"async\" class=\"newsimage alignright size-full wp-image-476517\" src=\"\/wp-content\/uploads\/2011\/07\/Diablo-3-Witchdoctor-3.jpg\" alt=\"Diablo 3 Hexendoktor\" width=\"175\" height=\"253\">Durch weitere Unterhaltungen mit meinen Gastgebern erfuhr ich, dass sich diese St\u00e4mme \u00fcber ihren Glauben an das Mbwiru Eikura definieren,<br \/>\nwas sich grob mit \u201eDas Formlose Land\u201c \u00fcbersetzen l\u00e4sst (dies ist eine ungenaue \u00dcbersetzung, da dieses Konzept unserer Kultur und Sprache v\u00f6llig fremd ist).<br \/>\nDieser Glauben geht davon aus, dass die wahre, heilige Realit\u00e4t hinter der k\u00f6rperlichen Welt, die wir normalerweise erleben, verborgen ist.<br \/>\nDie \u00f6ffentlichen Zeremonien sind von gro\u00dfer Bedeutung und konzentrieren sich auf Opfer zugunsten der Lebenskraft, die von ihren G\u00f6ttern, die das Formlose Land bewohnen,<br \/>\nin dieses weniger k\u00f6rperliche Reich flie\u00dft.<br \/>\nDie Hexendoktoren sind genau auf dieses Formlose Land eingestellt und sind in der Lage, ihren Geist zu schulen, um diese Realit\u00e4t durch eine Kombination aus Ritualen und<br \/>\ndem Einsatz von Wurzeln und Kr\u00e4utern, die sich im Dschungel finden lassen, wahrzunehmen. Sie nennen diesen Zustand, in dem sie mit dieser anderen Welt interagieren,<br \/>\nGeistertrance.<br \/>\nNeben der Vorrangstellung, den der Glaube an die Lebenskraft und das Formlose Land einnimmt, ist der andere als heilig hochgehaltene Glaube der St\u00e4mme der an Selbstaufopferung<br \/>\nund Gemeinschaftssinn, an das Unterdr\u00fccken von eigenen Interessen zugunsten des Wohls des Stammes.<br \/>\nDieses Konzept, das unserer Kultur so fremd ist, fasziniert mich derma\u00dfen, dass ich mich damit weiter besch\u00e4ftigen m\u00f6chte.<br \/>\n<img loading=\"lazy\" decoding=\"async\" class=\"newsimage aligncenter size-full wp-image-476519\" src=\"\/wp-content\/uploads\/2011\/07\/Diablo-3-Witchdoctor-4.png\" alt=\"Diablo 3 Hexendoktor\" width=\"500\" height=\"340\"><br \/>\nUngl\u00fccklicherweise kam es zu einer Art sozialem Aufruhr unter den St\u00e4mmen, der auf eine Begebenheit w\u00e4hrend ihrer letzten Fehde zur\u00fcckging<br \/>\n(soweit ich das in dem sich anschlie\u00dfenden Chaos mitbekam) und die aufgeladene Atmosph\u00e4re zwang mich zu einem schnellen Aufbruch.<\/p>\n","protected":false},"excerpt":{"rendered":"<p>Inhalt Allgemeine \u00dcbersicht Skills und Traits Das Lebens- und Mana-System Hintergr\u00fcnde und Artworks Starteigenschaften St\u00e4rke: 8 Geschicklichkeit: 8 Intelligenz: 10 Vitalit\u00e4t: 9 Lebensenergie: 130 Mana: 150 Skills und Traits Zu den Skills Zu den Traits Das Lebens- und Mana-System Die Wichtigkeit einer Ressource wie Leben kann nicht oft genug betont werden. Auch wenn die Untoten&hellip; <a class=\"more-link\" href=\"https:\/\/planetdiablo.eu\/de\/diablo-3\/die-charaktere\/die-hexendoktoren\/\"><span class=\"screen-reader-text\">Diablo 3 &#8211; Hexendoktoren<\/span> weiterlesen<\/a><\/p>\n","protected":false},"author":752,"featured_media":530708,"parent":445321,"menu_order":26,"comment_status":"closed","ping_status":"open","template":"","meta":{"footnotes":""},"class_list":["post-446867","page","type-page","status-publish","has-post-thumbnail","hentry","entry"],"_links":{"self":[{"href":"https:\/\/planetdiablo.eu\/de\/wp-json\/wp\/v2\/pages\/446867","targetHints":{"allow":["GET"]}}],"collection":[{"href":"https:\/\/planetdiablo.eu\/de\/wp-json\/wp\/v2\/pages"}],"about":[{"href":"https:\/\/planetdiablo.eu\/de\/wp-json\/wp\/v2\/types\/page"}],"author":[{"embeddable":true,"href":"https:\/\/planetdiablo.eu\/de\/wp-json\/wp\/v2\/users\/752"}],"replies":[{"embeddable":true,"href":"https:\/\/planetdiablo.eu\/de\/wp-json\/wp\/v2\/comments?post=446867"}],"version-history":[{"count":5,"href":"https:\/\/planetdiablo.eu\/de\/wp-json\/wp\/v2\/pages\/446867\/revisions"}],"predecessor-version":[{"id":581802,"href":"https:\/\/planetdiablo.eu\/de\/wp-json\/wp\/v2\/pages\/446867\/revisions\/581802"}],"up":[{"embeddable":true,"href":"https:\/\/planetdiablo.eu\/de\/wp-json\/wp\/v2\/pages\/445321"}],"wp:featuredmedia":[{"embeddable":true,"href":"https:\/\/planetdiablo.eu\/de\/wp-json\/wp\/v2\/media\/530708"}],"wp:attachment":[{"href":"https:\/\/planetdiablo.eu\/de\/wp-json\/wp\/v2\/media?parent=446867"}],"curies":[{"name":"wp","href":"https:\/\/api.w.org\/{rel}","templated":true}]}}