{"id":446873,"date":"2011-07-25T14:03:14","date_gmt":"2011-07-25T12:03:14","guid":{"rendered":"http:\/\/diablo3.ingame.de\/?page_id=446873"},"modified":"2021-04-29T11:06:35","modified_gmt":"2021-04-29T09:06:35","slug":"die-daemonenjaeger","status":"publish","type":"page","link":"https:\/\/planetdiablo.eu\/de\/diablo-3\/die-charaktere\/die-daemonenjaeger\/","title":{"rendered":"Diablo 3 &#8211; D\u00e4monenj\u00e4ger"},"content":{"rendered":"<h2>Inhalt<\/h2>\n<ol>\n<li><a href=\"#Allgemein\">Allgemeine \u00dcbersicht<\/a><\/li>\n<li><a href=\"#Skills\">Skills und Traits<\/a><\/li>\n<li><a href=\"#Hass\">Das Lebens-, Disziplin- und Hass-System<\/a><\/li>\n<li><a href=\"#Lore\">Hintergr\u00fcnde und Artworks<\/a><\/li>\n<\/ol>\n<p><a name=\"Allgemein\"><\/a><\/p>\n<h2>Starteigenschaften<\/h2>\n<table>\n<tbody>\n<tr>\n<td>St\u00e4rke:<\/td>\n<td>8<\/td>\n<\/tr>\n<tr>\n<td>Geschicklichkeit:<\/td>\n<td>10<\/td>\n<\/tr>\n<tr>\n<td>Intelligenz:<\/td>\n<td>8<\/td>\n<\/tr>\n<tr>\n<td>Vitalit\u00e4t:<\/td>\n<td>9<\/td>\n<\/tr>\n<tr>\n<td>Lebensenergie:<\/td>\n<td>130<\/td>\n<\/tr>\n<tr>\n<td>Hass:<\/td>\n<td>125<\/td>\n<\/tr>\n<tr>\n<td>Disziplin:<\/td>\n<td>30<\/td>\n<\/tr>\n<\/tbody>\n<\/table>\n<p><a name=\"Skills\"><\/a><\/p>\n<h2>Skills und Traits<\/h2>\n<p><a href=\"\/diablo-3\/die-charaktere\/die-daemonenjaeger\/daemonenjaeger-skills\/\">Zu den Skills<\/a><br \/>\n<a href=\"\/diablo-3\/die-charaktere\/die-daemonenjaeger\/daemonenjaeger-traits\/\">Zu den Traits<\/a><br \/>\n<a name=\"Hass\"><\/a><\/p>\n<h2>Das Lebens-, Disziplin und Hass-System<\/h2>\n<p>Die Wichtigkeit einer Ressource wie Leben kann nicht oft genug betont werden. Auch wenn die Untoten in Sanktuario einen recht lebhaften Eindruck machen, ist ein toter Held leider nicht ansatzweise so effektiv. Wenn ihr Schaden erleidet, wird eure Lebenskugel leerer. Ist sie g\u00e4nzlich leer, ist euer Held tot.<\/p>\n<p><img loading=\"lazy\" decoding=\"async\" class=\"newsimage alignleft wp-image-488999 size-full\" src=\"https:\/\/planetdiablo.eu\/de\/wp-content\/uploads\/2011\/08\/JLLV81C5IB4S1314617858576.gif\" alt=\"\" width=\"194\" height=\"162\"><\/p>\n<p>Daher solltet ihr unbedingt nach Lebenskugeln Ausschau halten, w\u00e4hrend ihr die Diener der H\u00f6lle dorthin zur\u00fcckschickt, wo sie hergekommen sind. Diese blutroten Sph\u00e4ren k\u00f6nnt ihr von fast allen besiegten Kreaturen erhalten. Lauft einfach \u00fcber sie hinweg, um sofort einen Prozentsatz eures Lebens wiederherzustellen. Nat\u00fcrlich k\u00f6nnt ihr, wie in den fr\u00fcheren Diablo-Spielen auch, Heiltr\u00e4nke in eurem Inventar mitnehmen. Aber nutzt sie weise! Sie verf\u00fcgen \u00fcber eine vergleichsweise lange Abklingzeit.<\/p>\n<p>Als gewandter Gegner ist der D\u00e4monenj\u00e4ger wild entschlossen, Rache zu \u00fcben und mit ausgekl\u00fcgelten Kampftaktiken t\u00f6dliche Angriffe durchzuf\u00fchren. Dazu muss er gleich zwei Ressourcen in Einklang bringen: Hass und Disziplin. Hass ist eine sich schnell regenerierende Ressource, die eine Vielzahl von offensiven Fertigkeiten des D\u00e4monenj\u00e4gers in der Hitze der Schlacht antreibt. Disziplin auf der anderen Seite baut sich deutlich langsamer auf und erm\u00f6glicht die Nutzung von taktischen Fertigkeiten, wenn es sich anbietet, Gegner zu kontrollieren.<\/p>\n<p><img loading=\"lazy\" decoding=\"async\" class=\"newsimage wp-image-489001 size-full alignright\" src=\"https:\/\/planetdiablo.eu\/de\/wp-content\/uploads\/2011\/08\/LV3ZEQTC969O1314617902751.gif\" alt=\"\" width=\"194\" height=\"162\"><br \/>\nDie Hass-Fertigkeit &#8218;Bolaschuss&#8216; wickelt beispielsweise eine Bola um euer Ziel, die nach kurzer Zeit explodiert und so m\u00e4chtigen Schaden im Wirkbereich verursacht. Deutlich intensiveres Training und eine sorgf\u00e4ltige Vorbereitung erfordern die Disziplin-Fertigkeiten des D\u00e4monenj\u00e4gers, mit denen er Feinde auf Distanz halten oder ihnen Fallen stellen kann. &#8218;Rauchvorhang&#8216;, eine Fertigkeit, die nur die diszipliniertesten J\u00e4ger beherrschen, erm\u00f6glicht es euch, f\u00fcr kurze Zeit aus dem Blick des Feindes zu verschwinden. Der Einsatz dieser Fertigkeit kostet einen bestimmten Prozentsatz an Disziplin. D\u00e4monenj\u00e4ger k\u00f6nnen ihren Hass einsetzen, um direkten Schaden zu verursachen, und mit Disziplin Kampftaktiken anwenden, mit denen sie Gegner in geschickt platzierte Fallen locken. So bleibt der D\u00e4monenj\u00e4ger seiner Beute erbarmungslos auf den Fersen, bis er sie zur\u00fcck in die Brennenden H\u00f6llen geschickt hat.<\/p>\n<p><a name=\"Lore\"><\/a><\/p>\n<h2>Hintergr\u00fcnde und Artwork<\/h2>\n<h3>Aus den Texten von Abd al-Hazir<\/h3>\n<div style=\"text-align: justify;\">\n<p><a href=\"https:\/\/planetdiablo.eu\/de\/wp-content\/uploads\/2011\/12\/demonhunter-male.png\"><img loading=\"lazy\" decoding=\"async\" class=\"newsimage wp-image-504304 alignleft\" style=\"margin-right: 1em;\" src=\"https:\/\/planetdiablo.eu\/de\/wp-content\/uploads\/2011\/12\/demonhunter-male.png\" alt=\"Demonhunter Lore\" width=\"200\" height=\"155\"><\/a> Ich bin zur\u00fcckgekehrt von meinen Reisen zu den R\u00e4ndern des gefrorenen \u00d6dlandes, bekannt als Reich des Schreckens, einem einstmals sch\u00f6nen Ort, der durch eine gro\u00dfe Katastrophe in der Vergangenheit f\u00fcr immer ver\u00e4ndert wurde. Jetzt sind nur noch Ruinen von St\u00e4dten und trostlose Landschaften \u00fcbrig, kein Platz f\u00fcr irgendwelches Leben. Ich war zwecks \u00dcbernachtung auf dem Weg zum Dorf Bronn. Als ich jedoch dort eintraf, fand ich ein Bild der Verw\u00fcstung vor, wie ich es nie zuvor gesehen hatte. Ich h\u00e4tte mich beim ersten Anzeichen von Gefahr aus dem Staub machen sollen, meine Neugier trieb mich jedoch voran. Die meisten Geb\u00e4ude im Ort waren bis auf die Grundmauern niedergebrannt und nur einige verkohlte Balken deuteten noch darauf hin, dass an diesen Stellen einmal H\u00e4user gestanden hatten. Asche durchsiebte meine Lunge. Der Boden war \u00fcbers\u00e4ht von toten K\u00f6rpern, viele entstellt und einige sogar angefressen. Die Stadt war verlassen.<\/p>\n<\/div>\n<div style=\"text-align: center;\">Das dachte ich jedenfalls.<\/p>\n<\/div>\n<div style=\"text-align: justify;\"><img loading=\"lazy\" decoding=\"async\" class=\"newsimage wp-image-569364 size-full alignleft\" style=\"margin-left: 1em;\" src=\"https:\/\/planetdiablo.eu\/de\/wp-content\/uploads\/2015\/02\/Set-Demonhunter.jpg\" alt=\"\" width=\"178\" height=\"300\">Aus dem Inneren des Gasthauses, eines der wenigen noch intakten Geb\u00e4ude, st\u00fcrzten monstr\u00f6se grauh\u00e4utige Kreaturen heraus, die mit h\u00f6llischen Zungen schrieen. Sie bestanden aus einer Masse missgebildeten Fleisches, durchzogen von kr\u00e4ftigen f\u00fcr den Kampf gemachten Muskeln. Hilflos und starr vor Angst stand ich da, w\u00e4hrend sie sich mir n\u00e4herten. Die vorderste Kreatur ergriff mich an meinem Umhang und hob mich in die Luft, ihre Klauen schnitten in den Stoff und meine Haut. Ihr Atem stob hei\u00df \u00fcber mein Gesicht, und der Geruch von fauligem, verrottetem Fleisch stieg mir in die Nase. Ihr Maul \u00f6ffnete sich weit und ich sah Reihen an messerscharfen gelblichen Z\u00e4hnen, besudelt mit Blut. Ich konnte nur daran denken, wie bedauerlich es sei, dass meine Stimme f\u00fcr immer verstummen und nie wieder die Wunder dieser Welt f\u00fcr euch verk\u00fcnden k\u00f6nnte, meine treuen Leser.<\/p>\n<\/div>\n<div style=\"text-align: justify;\">Ein scharfes Ger\u00e4usch zischte an meinem Ohr vor\u00fcber und ein Armbrustbolzen spross aus dem Auge der Kreatur hervor und bespr\u00fchte mich mit ihrem brennenden Blut. Sie gab einen unmenschlichen Schmerzensschrei von sich und warf mich zu Boden, um an dem Bolzen zu ziehen. Die anderen Kreaturen schauten sich nach dem ungesehenen Angreifer um und beachteten mich f\u00fcr den Moment nicht. Zu ihren F\u00fc\u00dfen liegend wandte ich meinen Kopf herum um zu sehen, woher der Bolzen gekommen war.<\/p>\n<\/div>\n<div style=\"text-align: center;\"><img loading=\"lazy\" decoding=\"async\" class=\"newsimage alignnone wp-image-514392 size-full\" src=\"https:\/\/planetdiablo.eu\/de\/wp-content\/uploads\/2012\/04\/topnews_demonhunter.jpg\" alt=\"Diablo 3 D\u00e4monenj\u00e4ger\" width=\"615\" height=\"266\"><\/p>\n<p>Da sah ich zum ersten Mal eine D\u00e4monenj\u00e4gerin.<\/p>\n<\/div>\n<div style=\"text-align: justify;\"><img loading=\"lazy\" decoding=\"async\" class=\"newsimage wp-image-533815 size-full alignleft\" style=\"margin-right: 1em;\" src=\"https:\/\/planetdiablo.eu\/de\/wp-content\/uploads\/2012\/09\/delvedintothedemonhunter.png\" alt=\"\" width=\"256\" height=\"256\"> Das M\u00e4dchen mochte nicht \u00e4lter als 20 sein. Sie trat aus den Schatten, die die untergehende Sonne warf und verlore keine Zeit, sich auch den restlichen meiner Angreifer zu entledigen. Ihre H\u00e4nde f\u00fchrten Zwillingsarmbr\u00fcste, die einen gl\u00fchenden Strahl an Bolzen \u00fcber meinen Kopf hinwegfegen lie\u00dfen, mit dem sie die schwerf\u00e4lligen Monstereindeckte. Jeder Schuss fand sein Ziel in einem der geh\u00f6rnten Biester und eine Menge von Ihnen ging nieder. Aus meinem Augenwinkel sah ich, wie sich weitere Wesen der h\u00f6llischen Brut von hinten an sie heranschlichen. Meine Stimme versagte, als ich ihr eine Warnung zurufen wollte. Ich h\u00e4tte mich jedoch nicht sorgen m\u00fcssen: ihr war auch dies nicht verborgen geblieben. Die J\u00e4gerin griff in ihren G\u00fcrtel und zog ein Trio merkw\u00fcrdiger metallener Zylinder heraus, die sie den Kreaturen in den Weg warf. Die Monster blickten darauf just als die Falle ausl\u00f6ste und eine Explosion aus Feuer und Licht freigab, durch die die Monster geblendet wurden. Es gab ihr gen\u00fcgend Zeit, sich ihnen zuzudrehen und sie einen nach dem anderen zu erledigen.<\/p>\n<\/div>\n<div style=\"text-align: justify;\">Mit einem letzten Blick \u00fcber die Stadt, offensichtlich zufrieden, dass hier keine Gefahr mehr bestand, kam sie n\u00e4her und sch\u00fcttelte traurig den Kopf. Es war ein tiefer Ausdruck von Entt\u00e4uschung in ihrem Blick, als sie ihre beiden Armbr\u00fcste wieder in den Seiten ihres Gewandes, verdeckt von ihrem Umhang, versteckte.<\/p>\n<\/div>\n<div style=\"text-align: center;\">\n<p><img loading=\"lazy\" decoding=\"async\" class=\"newsimage alignnone wp-image-513339 size-full\" src=\"https:\/\/planetdiablo.eu\/de\/wp-content\/uploads\/2011\/09\/Mond1.jpg\" alt=\"Vollmond durch \u00c4ste\" width=\"540\" height=\"257\"><\/p>\n<p>&#8222;Keine \u00dcberlebenden,&#8220; sagte sie bitter.<\/p>\n<\/div>\n<div style=\"text-align: justify;\">&nbsp;Sie nennen sich selbst die D\u00e4monenj\u00e4ger, eine Gruppe fanatischer Krieger mit einem einzigen Ziel: die Vernichtung der Kreaturen der Brennenden H\u00f6llen. Die Zahl der D\u00e4monenj\u00e4ger geht in die Hunderte und ihre Heimat liegt im Reich des Schreckens. Dort k\u00f6nnen sie leben und trainieren, ohne die Einischung anderer Nationen, die sich sorgen k\u00f6nnten, derartig furchterregende Wesen in ihrem Reich umherstreifen zu haben (obwohl zu jeder Zeit die H\u00e4lfte von ihnen ausgesandt ist, wie dieses M\u00e4dchen, um die Brut der H\u00f6lle zu suchen). Es gibt etwas in jedem D\u00e4monenj\u00e4ger, was ihn darin best\u00e4rkt, der d\u00e4monischen Verderbnis zu widerstehen, die normale Krieger in den Wahnsinn treiben w\u00fcrde. Sie ziehen diese Macht heran, um der Verderbnis nicht nur zu widerstehen, sondern sie als Waffe f\u00fcr sich zu nutzen. Aber ihre Mission und ihre Macht sind nicht alles, was sie miteinander verbindet.<img loading=\"lazy\" decoding=\"async\" class=\"newsimage wp-image-497401 size-full aligncenter\" src=\"https:\/\/planetdiablo.eu\/de\/wp-content\/uploads\/2011\/10\/topnews-demonhunter-art2.jpg\" alt=\"Diablo 3 release Demonhunter\" width=\"615\" height=\"266\"><\/p>\n<\/div>\n<div style=\"text-align: justify;\">In dieser Nacht erz\u00e4hlte mir das M\u00e4dchen von ihrem Leben. Dar\u00fcber, wie in ihrer Kindheit D\u00e4monen \u00fcber ihre Stadt herfielen. Sie hatte mit angesehen, wie D\u00e4monen ihr zuhause zerst\u00f6rten und ihr Dorf dem Erdboden gleich machten. Jeder, den sie kannte, wurde ermordet und jeder, den sie liebte, von ihr genommen. Sie h\u00e4tte damals mit ihnen zusammen sterben sollen, doch sie floh und versteckte sich tagelang vor den Ausgeburten der H\u00f6lle, bis sie von einem D\u00e4monenj\u00e4ger gefunden wurde, der ihre St\u00e4rke erkannte und sie als eine von ihnen mit sich nahm. Jeder einzelne D\u00e4monenj\u00e4ger, so sagte sie mir, hat eine Geschichte wie diese.<\/p>\n<\/div>\n<div style=\"text-align: center;\">Sie sind \u00dcberlebende und sie suchen nach Vergeltung.<\/p>\n<\/div>\n","protected":false},"excerpt":{"rendered":"<p>Inhalt Allgemeine \u00dcbersicht Skills und Traits Das Lebens-, Disziplin- und Hass-System Hintergr\u00fcnde und Artworks Starteigenschaften St\u00e4rke: 8 Geschicklichkeit: 10 Intelligenz: 8 Vitalit\u00e4t: 9 Lebensenergie: 130 Hass: 125 Disziplin: 30 Skills und Traits Zu den Skills Zu den Traits Das Lebens-, Disziplin und Hass-System Die Wichtigkeit einer Ressource wie Leben kann nicht oft genug betont werden.&hellip; <a class=\"more-link\" href=\"https:\/\/planetdiablo.eu\/de\/diablo-3\/die-charaktere\/die-daemonenjaeger\/\"><span class=\"screen-reader-text\">Diablo 3 &#8211; D\u00e4monenj\u00e4ger<\/span> weiterlesen<\/a><\/p>\n","protected":false},"author":752,"featured_media":573761,"parent":445321,"menu_order":26,"comment_status":"closed","ping_status":"open","template":"","meta":{"footnotes":""},"class_list":["post-446873","page","type-page","status-publish","has-post-thumbnail","hentry","entry"],"_links":{"self":[{"href":"https:\/\/planetdiablo.eu\/de\/wp-json\/wp\/v2\/pages\/446873","targetHints":{"allow":["GET"]}}],"collection":[{"href":"https:\/\/planetdiablo.eu\/de\/wp-json\/wp\/v2\/pages"}],"about":[{"href":"https:\/\/planetdiablo.eu\/de\/wp-json\/wp\/v2\/types\/page"}],"author":[{"embeddable":true,"href":"https:\/\/planetdiablo.eu\/de\/wp-json\/wp\/v2\/users\/752"}],"replies":[{"embeddable":true,"href":"https:\/\/planetdiablo.eu\/de\/wp-json\/wp\/v2\/comments?post=446873"}],"version-history":[{"count":4,"href":"https:\/\/planetdiablo.eu\/de\/wp-json\/wp\/v2\/pages\/446873\/revisions"}],"predecessor-version":[{"id":582545,"href":"https:\/\/planetdiablo.eu\/de\/wp-json\/wp\/v2\/pages\/446873\/revisions\/582545"}],"up":[{"embeddable":true,"href":"https:\/\/planetdiablo.eu\/de\/wp-json\/wp\/v2\/pages\/445321"}],"wp:featuredmedia":[{"embeddable":true,"href":"https:\/\/planetdiablo.eu\/de\/wp-json\/wp\/v2\/media\/573761"}],"wp:attachment":[{"href":"https:\/\/planetdiablo.eu\/de\/wp-json\/wp\/v2\/media?parent=446873"}],"curies":[{"name":"wp","href":"https:\/\/api.w.org\/{rel}","templated":true}]}}