{"id":446909,"date":"2011-07-25T14:14:47","date_gmt":"2011-07-25T12:14:47","guid":{"rendered":"http:\/\/diablo3.ingame.de\/?page_id=446909"},"modified":"2021-06-10T09:51:03","modified_gmt":"2021-06-10T07:51:03","slug":"hexendoktoren-traits","status":"publish","type":"page","link":"https:\/\/planetdiablo.eu\/de\/diablo-3\/die-charaktere\/die-hexendoktoren\/hexendoktoren-traits\/","title":{"rendered":"Diablo 3 &#8211; Traits der Hexendoktoren"},"content":{"rendered":"<p><i>Die Passive Fertigkeiten (engl. Traits f\u00fcr Charakterzug) sind Eigenschaften, die unabh\u00e4ngig von den Skills der Klasse ausgesucht werden k\u00f6nnen. Insgesamt kann man aus den nachfolgenden Traits auf Stufe 70 vier (in Classic drei) ausw\u00e4hlen, die dem Charakter dann zur Verf\u00fcgung stehen.<\/i><\/p>\n<p><a href=\"#Kreislauf des Lebens\">Kreislauf des Lebens<\/a> | <a href=\"#Dschungelst\u00e4rke\">Dschungelst\u00e4rke<\/a> | <a href=\"#Geistige Einstimmung\">Geistige Einstimmung<\/a> | <a href=\"#Grausiges Labsal\">Grausiges Labsal<\/a> | <a href=\"#Schlechte Medizin\">Schlechte Medizin<\/a> | <a href=\"#Blutritual\">Blutritual<\/a> | <a href=\"#Zombiemeister\">Zombiemeister<\/a> | <a href=\"#Zwischen Licht und Schatten\">Zwischen Licht und Schatten<\/a> | <a href=\"#Opportunisten\">Opportunisten<\/a> | <a href=\"#Gef\u00e4\u00df f\u00fcr den Geist\">Gef\u00e4\u00df f\u00fcr den Geist<\/a> | <a href=\"#Geisterrausch\">Geisterrausch<\/a> | <a href=\"#Visionssuche\">Visionssuche<\/a> | <a href=\"#Bedingungsloser Gehorsam\">Bedingungsloser Gehorsam<\/a> | <a href=\"#Des einen Leid\">Des einen Leid<\/a> | <a href=\"#Stammesriten\">Stammesriten<\/a> | <a href=\"#Ritual des Vertrauens\">Ritual des Vertrauens<\/a> | <a href=\"#Schleichender Tod\">Schleichender Tod<\/a> | <a href=\"#Sumpflandeinstimmung\">Sumpflandeinstimmung<\/a> | <a href=\"#Nachtmahl\">Nachtmahl<\/a><\/p>\n<h2 id=\"Kreislauf des Lebens\">Kreislauf des Lebens<\/h2>\n<div><img decoding=\"async\" src=\"\/wp-content\/uploads\/2012\/03\/witchdoctor_passive_circleoflife.png\" alt=\"Kreislauf des Lebens\" style=\"float:left!important;margin-right:40px;margin-bottom:10px\"><\/div>\n<ul style=\"margin-bottom:55px;margin-top:40px\">\n<li>Verf\u00fcgbar ab Level 10<\/li>\n<\/ul>\n<p>Wenn ein Gegner innerhalb von <span class=\"skcolor\">20<\/span> Metern stirbt, besteht eine Chance von <span class=\"skcolor\">15%<\/span>, dass ein Zombiehund automatisch erscheint.<br \/>\nDie Reichweite dieses Effekts wird durch Euren Goldsammelradius erh\u00f6ht.<\/p>\n<h2 id=\"Dschungelst\u00e4rke\">Dschungelst\u00e4rke<\/h2>\n<div><img decoding=\"async\" src=\"\/wp-content\/uploads\/2012\/03\/witchdoctor_passive_junglefortitude.png\" alt=\"Dschungelst\u00e4rke\" style=\"float:left!important;margin-right:40px;margin-bottom:10px\"><\/div>\n<ul style=\"margin-bottom:55px;margin-top:40px\">\n<li>Verf\u00fcgbar ab Level 10<\/li>\n<\/ul>\n<p>Reduziert s\u00e4mtlichen Schaden, der von Euch und Euren Dienern erlitten wird, um <span class=\"skcolor\">15%<\/span>.<\/p>\n<h2 id=\"Geistige Einstimmung\">Geistige Einstimmung<\/h2>\n<div><img decoding=\"async\" src=\"\/wp-content\/uploads\/2012\/03\/witchdoctor_passive_spiritualattunement.png\" alt=\"Geistige Einstimmung\" style=\"float:left!important;margin-right:40px;margin-bottom:10px\"><\/div>\n<ul style=\"margin-bottom:55px;margin-top:40px\">\n<li>Verf\u00fcgbar ab Level 13<\/li>\n<\/ul>\n<p>Erh\u00f6ht das maximale Mana um <span class=\"skcolor\">10%<\/span>. Regeneriert <span class=\"skcolor\">2%<\/span> des maximalen Manas pro Sekunde.<\/p>\n<p>Mana treibt Eure offensiven und defensiven Fertigkeiten an.<\/p>\n<h2 id=\"Grausiges Labsal\">Grausiges Labsal<\/h2>\n<div><img decoding=\"async\" src=\"\/wp-content\/uploads\/2012\/03\/witchdoctor_passive_gruesomefeast.png\" alt=\"Grausiges Labsal\" style=\"float:left!important;margin-right:40px;margin-bottom:10px\"><\/div>\n<ul style=\"margin-bottom:55px;margin-top:40px\">\n<li>Verf\u00fcgbar ab Level 16<\/li>\n<\/ul>\n<p>Heilkugeln stellen <span class=\"skcolor\">10%<\/span> des maximalen Manas wieder her, wenn sie eingesammelt werden, und gew\u00e4hren <span class=\"skcolor\">15<\/span> Sek. lang <span class=\"skcolor\">10%<\/span> Intelligenz. Der Intelligenzbonus ist bis zu <span class=\"skcolor\">5<\/span>-mal stapelbar.<\/p>\n<h2 id=\"Schlechte Medizin\">Schlechte Medizin<\/h2>\n<div><img decoding=\"async\" src=\"\/wp-content\/uploads\/2012\/03\/witchdoctor_passive_badmedicine.png\" alt=\"Schlechte Medizin\" style=\"float:left!important;margin-right:40px;margin-bottom:10px\"><\/div>\n<ul style=\"margin-bottom:55px;margin-top:40px\">\n<li>Verf\u00fcgbar ab Level 20<\/li>\n<\/ul>\n<p>Wenn Ihr Gegnern Giftschaden zuf\u00fcgt, wird deren verursachter Schaden <span class=\"skcolor\">5<\/span> Sek. lang um <span class=\"skcolor\">25%<\/span> reduziert.<\/p>\n<h2 id=\"Blutritual\">Blutritual<\/h2>\n<div><img decoding=\"async\" src=\"\/wp-content\/uploads\/2012\/03\/witchdoctor_passive_bloodritual.png\" alt=\"Blutritual\" style=\"float:left!important;margin-right:40px;margin-bottom:10px\"><\/div>\n<ul style=\"margin-bottom:55px;margin-top:40px\">\n<li>Verf\u00fcgbar ab Level 20<\/li>\n<\/ul>\n<p><span class=\"skcolor\">20%<\/span> der Manakosten werden vom Leben abgezogen. Au\u00dferdem regeneriert Ihr <span class=\"skcolor\">1%<\/span> Eures maximalen Lebens pro Sekunde.<\/p>\n<h2 id=\"Zombiemeister\">Zombiemeister<\/h2>\n<div><img decoding=\"async\" src=\"\/wp-content\/uploads\/2012\/03\/witchdoctor_passive_zombiehandler.png\" alt=\"Zombiemeister\" style=\"float:left!important;margin-right:40px;margin-bottom:10px\"><\/div>\n<ul style=\"margin-bottom:55px;margin-top:40px\">\n<li>Verf\u00fcgbar ab Level 24<\/li>\n<\/ul>\n<p><span class=\"skcolor\">1<\/span> zus\u00e4tzliche Zombiehunde k\u00f6nnen gleichzeitig beschworen werden. Eure Gesundheit, die Gesundheit der Zombiehunde und die des Kolosses wird um <span class=\"skcolor\">20%<\/span> erh\u00f6ht.<\/p>\n<h2 id=\"Zwischen Licht und Schatten\">Zwischen Licht und Schatten<\/h2>\n<div><img decoding=\"async\" src=\"\/wp-content\/uploads\/2012\/03\/witchdoctor_passive_piercetheveil.png\" alt=\"Zwischen Licht und Schatten\" style=\"float:left!important;margin-right:40px;margin-bottom:10px\"><\/div>\n<ul style=\"margin-bottom:55px;margin-top:40px\">\n<li>Verf\u00fcgbar ab Level 27<\/li>\n<\/ul>\n<p>S\u00e4mtlicher verursachter Schaden wird um <span class=\"skcolor\">20%<\/span> erh\u00f6ht, allerdings werden auch die Manakosten um <span class=\"skcolor\">30%<\/span> erh\u00f6ht.<\/p>\n<h2 id=\"Opportunisten\">Opportunisten<\/h2>\n<div><img decoding=\"async\" src=\"\/wp-content\/uploads\/2012\/03\/witchdoctor_passive_fetishsycophants.png\" alt=\"Opportunisten\" style=\"float:left!important;margin-right:40px;margin-bottom:10px\"><\/div>\n<ul style=\"margin-bottom:55px;margin-top:40px\">\n<li>Verf\u00fcgbar ab Level 30<\/li>\n<\/ul>\n<p>Wenn einer Eurer Zauber einen Gegner trifft, besteht eine Chance von bis zu <span class=\"skcolor\">15%<\/span>, dass ein dolchtragender Fetisch beschworen wird, der <span class=\"skcolor\">60<\/span> Sek. lang an Eurer Seite k\u00e4mpft.<br \/>\nDer Schaden von \u2018Opportunisten\u2019 wird durch den zum Zeitpunkt der Beschw\u00f6rung h\u00f6chsten Elementarschadenstyp erh\u00f6ht.<\/p>\n<h2 id=\"Gef\u00e4\u00df f\u00fcr den Geist\">Gef\u00e4\u00df f\u00fcr den Geist<\/h2>\n<div><img decoding=\"async\" src=\"\/wp-content\/uploads\/2012\/03\/witchdoctor_passive_spiritvessel.png\" alt=\"Gef\u00e4\u00df f\u00fcr den Geist\" style=\"float:left!important;margin-right:40px;margin-bottom:10px\"><\/div>\n<ul style=\"margin-bottom:55px;margin-top:40px\">\n<li>Verf\u00fcgbar ab Level 30<\/li>\n<\/ul>\n<p>Wenn Ihr das n\u00e4chste Mal t\u00f6dlichen Schaden erleidet, geht Ihr automatisch <span class=\"skcolor\">2<\/span> Sek. lang in die Geisterwelt \u00fcber. Dort werdet Ihr um <span class=\"skcolor\">50%<\/span> Eures maximalen Lebens geheilt.<br \/>\nDieser Effekt kann nur einmal alle <span class=\"skcolor\">60<\/span> Sek. auftreten.<\/p>\n<h2 id=\"Geisterrausch\">Geisterrausch<\/h2>\n<div><img decoding=\"async\" src=\"\/wp-content\/uploads\/2012\/03\/witchdoctor_passive_rushofessence.png\" alt=\"Geisterrausch\" style=\"float:left!important;margin-right:40px;margin-bottom:10px\"><\/div>\n<ul style=\"margin-bottom:55px;margin-top:40px\">\n<li>Verf\u00fcgbar ab Level 36<\/li>\n<\/ul>\n<p>Geisterzauber stellen im Verlauf von 10 Sek. 100 Mana wieder her.<br \/>\nGeisterzauber sind:<\/p>\n<ul>\n<li>Heimsuchung<\/li>\n<li>Entsetzen<\/li>\n<li>Massenverwirrung<\/li>\n<li>Seelenernte<\/li>\n<li>Geistersperrfeuer<\/li>\n<li>Geistwandler<\/li>\n<li>Spirit Walk<\/li>\n<\/ul>\n<h2 id=\"Visionssuche\">Visionssuche<\/h2>\n<div><img decoding=\"async\" src=\"\/wp-content\/uploads\/2012\/03\/witchdoctor_passive_visionquest.png\" alt=\"Visionssuche\" style=\"float:left!important;margin-right:40px;margin-bottom:10px\"><\/div>\n<ul style=\"margin-bottom:55px;margin-top:40px\">\n<li>Verf\u00fcgbar ab Level 40<\/li>\n<\/ul>\n<p>Wenn Ihr mit &#8218;Leichenspinnen&#8216;, &#8218;Brandbombe&#8216;, &#8218;Kr\u00f6tenplage&#8216; oder &#8218;Giftpfeil&#8216; Schaden verursacht, erh\u00f6ht sich die Manaregeneration <span class=\"skcolor\">5<\/span> Sek. lang um <span class=\"skcolor\">40%<\/span>.<\/p>\n<h2 id=\"Bedingungsloser Gehorsam\">Bedingungsloser Gehorsam<\/h2>\n<div><img decoding=\"async\" src=\"\/wp-content\/uploads\/2012\/03\/witchdoctor_passive_fierceloyalty.png\" alt=\"Bedingungsloser Gehorsam\" style=\"float:left!important;margin-right:40px;margin-bottom:10px\"><\/div>\n<ul style=\"margin-bottom:55px;margin-top:40px\">\n<li>Verf\u00fcgbar ab Level 45<\/li>\n<\/ul>\n<p>Solange Ihr \u00fcber einen beschworenen Koloss, Zombiehund oder Fetisch verf\u00fcgt, wird Eure Bewegungsgeschwindigkeit um <span class=\"skcolor\">15%<\/span> erh\u00f6ht.<br \/>\nDieser Bonus erh\u00f6ht sich um <span class=\"skcolor\">30%<\/span>, wenn der Koloss, Zombiehund oder Fetisch sich nicht im Kampf befinden.<br \/>\n<span class=\"skcolor\">1<\/span> zus\u00e4tzlicher Zombiehund kann beschworen werden.<\/p>\n<h2 id=\"Des einen Leid\">Des einen Leid<\/h2>\n<div><img decoding=\"async\" src=\"\/wp-content\/uploads\/2012\/03\/witchdoctor_passive_graveinjustice.png\" alt=\"Des einen Leid\" style=\"float:left!important;margin-right:40px;margin-bottom:10px\"><\/div>\n<ul style=\"margin-bottom:55px;margin-top:40px\">\n<li>Verf\u00fcgbar ab Level 50<\/li>\n<\/ul>\n<p>Wenn ein Gegner innerhalb von <span class=\"skcolor\">20<\/span> Metern stirbt, erhaltet Ihr <span class=\"skcolor\">1%<\/span> Eures maximalen Lebens und Manas und die Abklingzeit aller Eurer Fertigkeiten wird um <span class=\"skcolor\">1<\/span> Sek. reduziert.<br \/>\nGegenst\u00e4nde, die den Goldsammelradius erweitern, erh\u00f6hen auch die Reichweite dieses Effekts.<\/p>\n<h2 id=\"Stammesriten\">Stammesriten<\/h2>\n<div><img decoding=\"async\" src=\"\/wp-content\/uploads\/2012\/03\/witchdoctor_passive_tribalrites.png\" alt=\"Stammesriten\" style=\"float:left!important;margin-right:40px;margin-bottom:10px\"><\/div>\n<ul style=\"margin-bottom:55px;margin-top:40px\">\n<li>Verf\u00fcgbar ab Level 55<\/li>\n<\/ul>\n<p>Reduziert die Abklingzeiten von &#8218;Fetischarmee&#8216;, &#8218;Gro\u00dfer b\u00f6ser Voodoo&#8216;, &#8218;Verhexen&#8216;, &#8218;Koloss&#8216;, &#8218;Zombiehunde beschw\u00f6ren&#8216; und &#8218;Massenverwirrung&#8216; um <span class=\"skcolor\">25%<\/span>.<\/p>\n<h2 id=\"Ritual des Vertrauens\">Ritual des Vertrauens<\/h2>\n<div><img decoding=\"async\" src=\"\/wp-content\/uploads\/2015\/09\/x1_witchdoctor_passive_confidenceritual2.png\" alt=\"Ritual des Vertrauens\" style=\"float:left!important;margin-right:40px;margin-bottom:10px\"><\/div>\n<ul style=\"margin-bottom:55px;margin-top:40px\">\n<li>Verf\u00fcgbar ab Level 60<\/li>\n<\/ul>\n<p>F\u00fcgt Gegnern im Umkreis von <span class=\"skcolor\">20<\/span> Metern <span class=\"skcolor\">25%<\/span> zus\u00e4tzlichen Schaden zu.<\/p>\n<h2 id=\"Schleichender Tod\">Schleichender Tod<\/h2>\n<div><img decoding=\"async\" src=\"\/wp-content\/uploads\/2014\/09\/witchdoctor_passive_creepingdeath2.png\" alt=\"Schleichender Tod\" style=\"float:left!important;margin-right:40px;margin-bottom:10px\"><\/div>\n<ul style=\"margin-bottom:55px;margin-top:40px\">\n<li>Verf\u00fcgbar ab Level 64<\/li>\n<\/ul>\n<p>Eure Fertigkeiten &#8218;Heimsuchung&#8216; und &#8218;Heuschreckenplage&#8216; sowie die Schadenserh\u00f6hung durch &#8218;Piranhas&#8216; haben eine stark erh\u00f6hte Dauer von <span class=\"skcolor\">3600<\/span> Sek.<\/p>\n<h2 id=\"Sumpflandeinstimmung\">Sumpflandeinstimmung<\/h2>\n<div><img decoding=\"async\" src=\"\/wp-content\/uploads\/2014\/09\/witchdoctor_passive_physicalattunement2.png\" alt=\"K\u00f6rperliche Einstimmung\" style=\"float:left!important;margin-right:40px;margin-bottom:10px\"><\/div>\n<ul style=\"margin-bottom:55px;margin-top:40px\">\n<li>Verf\u00fcgbar ab Level 66<\/li>\n<\/ul>\n<p>Ihr und Eure Gef\u00e4hrten erhalten <span class=\"skcolor\">120<\/span> Gift-, Feuer-, K\u00e4lte- und physischen Widerstand f\u00fcr jeden Gegner innerhalb von <span class=\"skcolor\">20<\/span> Metern.<br \/>\nDie Reichweite dieses Effekts wird durch Euren Goldsammelradius erh\u00f6ht.<\/p>\n<h2 id=\"Nachtmahl\">Nachtmahl<\/h2>\n<div><img decoding=\"async\" src=\"\/wp-content\/uploads\/2014\/09\/witchdoctor_passive_midnightfeast2.png\" alt=\"Nachtmahl\" style=\"float:left!important;margin-right:40px;margin-bottom:10px\"><\/div>\n<ul style=\"margin-bottom:55px;margin-top:40px\">\n<li>Verf\u00fcgbar ab Level 68<\/li>\n<\/ul>\n<p><span class=\"skcolor\">1<\/span> zus\u00e4tzliche Zombiehunde k\u00f6nnen gleichzeitig beschworen werden. Der Schaden der Zombiehunde und des Kolosses wird um <span class=\"skcolor\">50%<\/span> erh\u00f6ht.<\/p>\n<p>Stand: 08\/2016<\/p>\n","protected":false},"excerpt":{"rendered":"<p>Die Passive Fertigkeiten (engl. Traits f\u00fcr Charakterzug) sind Eigenschaften, die unabh\u00e4ngig von den Skills der Klasse ausgesucht werden k\u00f6nnen. Insgesamt kann man aus den nachfolgenden Traits auf Stufe 70 vier (in Classic drei) ausw\u00e4hlen, die dem Charakter dann zur Verf\u00fcgung stehen. Kreislauf des Lebens | Dschungelst\u00e4rke | Geistige Einstimmung | Grausiges Labsal | Schlechte Medizin&hellip; <a class=\"more-link\" href=\"https:\/\/planetdiablo.eu\/de\/diablo-3\/die-charaktere\/die-hexendoktoren\/hexendoktoren-traits\/\"><span class=\"screen-reader-text\">Diablo 3 &#8211; Traits der Hexendoktoren<\/span> weiterlesen<\/a><\/p>\n","protected":false},"author":752,"featured_media":0,"parent":446867,"menu_order":13,"comment_status":"closed","ping_status":"open","template":"","meta":{"footnotes":""},"class_list":["post-446909","page","type-page","status-publish","hentry","entry"],"_links":{"self":[{"href":"https:\/\/planetdiablo.eu\/de\/wp-json\/wp\/v2\/pages\/446909","targetHints":{"allow":["GET"]}}],"collection":[{"href":"https:\/\/planetdiablo.eu\/de\/wp-json\/wp\/v2\/pages"}],"about":[{"href":"https:\/\/planetdiablo.eu\/de\/wp-json\/wp\/v2\/types\/page"}],"author":[{"embeddable":true,"href":"https:\/\/planetdiablo.eu\/de\/wp-json\/wp\/v2\/users\/752"}],"replies":[{"embeddable":true,"href":"https:\/\/planetdiablo.eu\/de\/wp-json\/wp\/v2\/comments?post=446909"}],"version-history":[{"count":2,"href":"https:\/\/planetdiablo.eu\/de\/wp-json\/wp\/v2\/pages\/446909\/revisions"}],"predecessor-version":[{"id":581810,"href":"https:\/\/planetdiablo.eu\/de\/wp-json\/wp\/v2\/pages\/446909\/revisions\/581810"}],"up":[{"embeddable":true,"href":"https:\/\/planetdiablo.eu\/de\/wp-json\/wp\/v2\/pages\/446867"}],"wp:attachment":[{"href":"https:\/\/planetdiablo.eu\/de\/wp-json\/wp\/v2\/media?parent=446909"}],"curies":[{"name":"wp","href":"https:\/\/api.w.org\/{rel}","templated":true}]}}