{"id":446913,"date":"2011-07-25T14:15:25","date_gmt":"2011-07-25T12:15:25","guid":{"rendered":"http:\/\/diablo3.ingame.de\/?page_id=446913"},"modified":"2021-04-17T17:54:04","modified_gmt":"2021-04-17T15:54:04","slug":"daemonenjaeger-traits","status":"publish","type":"page","link":"https:\/\/planetdiablo.eu\/de\/diablo-3\/die-charaktere\/die-daemonenjaeger\/daemonenjaeger-traits\/","title":{"rendered":"Diablo 3 &#8211; Traits der D\u00e4monenj\u00e4ger"},"content":{"rendered":"<p><i>Die Passive Fertigkeiten (engl. Traits f\u00fcr Charakterzug) sind Eigenschaften, die unabh\u00e4ngig von den Skills der Klasse ausgesucht werden k\u00f6nnen. Insgesamt kann man aus den nachfolgenden Traits auf Stufe 70 vier (in Classic drei) ausw\u00e4hlen, die dem Charakter dann zur Verf\u00fcgung stehen.<\/i><\/p>\n<p><a href=\"#Taktischer Vorteil\">Taktischer Vorteil<\/a> | <a href=\"#Jagdfieber\">Jagdfieber<\/a> | <a href=\"#Blutrache\">Blutrache<\/a> | <a href=\"#Ruhige Hand\">Ruhige Hand<\/a> | <a href=\"#Auslese\">Auslese<\/a> | <a href=\"#Nachtschatten\">Nachtschatten<\/a> | <a href=\"#Gr\u00fcbeln\">Gr\u00fcbeln<\/a> | <a href=\"#Verfolgungsjagd\">Verfolgungsjagd<\/a> | <a href=\"#Bogenschie\u00dfen\">Bogenschie\u00dfen<\/a> | <a href=\"#Bet\u00e4ubende Fallen\">Bet\u00e4ubende Fallen<\/a> | <a href=\"#Perfektionist\">Perfektionist<\/a> | <a href=\"#Ma\u00dfanfertigung\">Ma\u00dfanfertigung<\/a> | <a href=\"#Grenadier\">Grenadier<\/a> | <a href=\"#Scharfsch\u00fctze\">Scharfsch\u00fctze<\/a> | <a href=\"#Ballistik\">Ballistik<\/a> | <a href=\"#Lebensraub\">Lebensraub<\/a> | <a href=\"#Hinterhalt\">Hinterhalt<\/a> | <a href=\"#Bewusstsein\">Bewusstsein<\/a> | <a href=\"#Leichte Beute\">Leichte Beute<\/a><\/p>\n<h2 id=\"Taktischer Vorteil\">Taktischer Vorteil<\/h2>\n<div><img decoding=\"async\" src=\"\/wp-content\/uploads\/2012\/03\/demonhunter_passive_tacticaladvantage.png\" alt=\"Taktischer Vorteil\" style=\"float:left!important;margin-right:40px;margin-bottom:10px\"><\/div>\n<ul style=\"margin-bottom:55px;margin-top:40px\">\n<li>Verf\u00fcgbar ab Level 10<\/li>\n<\/ul>\n<p>Immer wenn Ihr &#8218;Salto&#8216;, &#8218;Schattenkraft&#8216; oder &#8218;Rauchwolke&#8216; einsetzt oder durch &#8218;Ausweichschuss&#8216; einen Salto r\u00fcckw\u00e4rts macht, wird Eure Bewegungsgeschwindigkeit <span class=\"skcolor\">2<\/span> Sek. lang um <span class=\"skcolor\">60%<\/span> erh\u00f6ht.<\/p>\n<h2 id=\"Jagdfieber\">Jagdfieber<\/h2>\n<div><img decoding=\"async\" src=\"\/wp-content\/uploads\/2012\/03\/demonhunter_passive_thrillofthehunt.png\" alt=\"Jagdfieber\" style=\"float:left!important;margin-right:40px;margin-bottom:10px\"><\/div>\n<ul style=\"margin-bottom:55px;margin-top:40px\">\n<li>Verf\u00fcgbar ab Level 10<\/li>\n<\/ul>\n<p>Gegner, die von einem Eurer Hassverbraucher getroffen werden, bewegen sich <span class=\"skcolor\">2<\/span> Sek. lang <span class=\"skcolor\">80%<\/span> langsamer.<\/p>\n<h2 id=\"Blutrache\">Blutrache<\/h2>\n<div><img decoding=\"async\" src=\"\/wp-content\/uploads\/2012\/03\/demonhunter_passive_vengeance.png\" alt=\"Blutrache\" style=\"float:left!important;margin-right:40px;margin-bottom:10px\"><\/div>\n<ul style=\"margin-bottom:55px;margin-top:40px\">\n<li>Verf\u00fcgbar ab Level 13<\/li>\n<\/ul>\n<p>Erh\u00f6ht Euren maximalen Hass um <span class=\"skcolor\">25<\/span>. Au\u00dferdem stellen Heilkugeln <span class=\"skcolor\">30<\/span> Hass und <span class=\"skcolor\">3<\/span> Disziplin wieder her, wenn sie eingesammelt werden.<\/p>\n<h2 id=\"Ruhige Hand\">Ruhige Hand<\/h2>\n<div><img decoding=\"async\" src=\"\/wp-content\/uploads\/2012\/03\/demonhunter_passive_steadyaim.png\" alt=\"Ruhige Hand\" style=\"float:left!important;margin-right:40px;margin-bottom:10px\"><\/div>\n<ul style=\"margin-bottom:55px;margin-top:40px\">\n<li>Verf\u00fcgbar ab Level 16<\/li>\n<\/ul>\n<p>Solange sich keine Gegner im Umkreis von <span class=\"skcolor\">10<\/span> Metern befinden, wird s\u00e4mtlicher verursachter Schaden um <span class=\"skcolor\">20%<\/span> erh\u00f6ht.<\/p>\n<h2 id=\"Auslese\">Auslese<\/h2>\n<div><img decoding=\"async\" src=\"\/wp-content\/uploads\/2012\/03\/demonhunter_passive_culltheweak.png\" alt=\"Auslese\" style=\"float:left!important;margin-right:40px;margin-bottom:10px\"><\/div>\n<ul style=\"margin-bottom:55px;margin-top:40px\">\n<li>Verf\u00fcgbar ab Level 20<\/li>\n<\/ul>\n<p>Erh\u00f6ht den Schaden gegen verlangsamte oder unterk\u00fchlte Gegner um <span class=\"skcolor\">20%<\/span>.<\/p>\n<h2 id=\"Nachtschatten\">Nachtschatten<\/h2>\n<div><img decoding=\"async\" src=\"\/wp-content\/uploads\/2012\/03\/demonhunter_passive_nightstalker.png\" alt=\"Nachtschatten\" style=\"float:left!important;margin-right:40px;margin-bottom:10px\"><\/div>\n<ul style=\"margin-bottom:55px;margin-top:40px\">\n<li>Verf\u00fcgbar ab Level 20<\/li>\n<\/ul>\n<p>Eure Prim\u00e4rfertigkeiten erzeugen jede Sekunde zus\u00e4tzlich <span class=\"skcolor\">4<\/span> Hass.<\/p>\n<h2 id=\"Gr\u00fcbeln\">Gr\u00fcbeln<\/h2>\n<div><img decoding=\"async\" src=\"\/wp-content\/uploads\/2012\/03\/demonhunter_passive_brooding.png\" alt=\"Gr\u00fcbeln\" style=\"float:left!important;margin-right:40px;margin-bottom:10px\"><\/div>\n<ul style=\"margin-bottom:55px;margin-top:40px\">\n<li>Verf\u00fcgbar ab Level 25<\/li>\n<\/ul>\n<p>Regeneriert <span class=\"skcolor\">3,0%<\/span> Leben pro Sekunde, solange Ihr auf der Stelle verharrt. Bis zu <span class=\"skcolor\">3<\/span>-mal stapelbar. Dieser Bonus wird <span class=\"skcolor\">5<\/span> Sek. nach einer Bewegung zur\u00fcckgesetzt.<\/p>\n<h2 id=\"Verfolgungsjagd\">Verfolgungsjagd<\/h2>\n<div><img decoding=\"async\" src=\"\/wp-content\/uploads\/2012\/03\/demonhunter_passive_hotpursuit.png\" alt=\"Verfolgungsjagd\" style=\"float:left!important;margin-right:40px;margin-bottom:10px\"><\/div>\n<ul style=\"margin-bottom:55px;margin-top:40px\">\n<li>Verf\u00fcgbar ab Level 27<\/li>\n<\/ul>\n<p>Erh\u00f6ht Eure Bewegungsgeschwindigkeit <span class=\"skcolor\">4<\/span> Sek. lang um <span class=\"skcolor\">20%<\/span>, wenn Ihr einen Gegner trefft.<\/p>\n<h2 id=\"Bogenschie\u00dfen\">Bogenschie\u00dfen<\/h2>\n<div><img decoding=\"async\" src=\"\/wp-content\/uploads\/2012\/03\/demonhunter_passive_archery.png\" alt=\"Bogenschie\u00dfen\" style=\"float:left!important;margin-right:40px;margin-bottom:10px\"><\/div>\n<ul style=\"margin-bottom:55px;margin-top:40px\">\n<li>Verf\u00fcgbar ab Level 30<\/li>\n<\/ul>\n<p>Erhaltet einen Bonus entsprechend Eures Waffentyps:<\/p>\n<ul>\n<li>Bogen: <span class=\"skcolor\">8%<\/span> erh\u00f6hter Schaden<\/li>\n<li>Armbrust: <span class=\"skcolor\">50%<\/span> kritischer Trefferschaden<\/li>\n<li>Handarmbrust: <span class=\"skcolor\">5%<\/span> kritische Trefferchance<\/li>\n<li>Zweite Handarmbrust: <span class=\"skcolor\">1<\/span> Hass pro Sekunde<\/li>\n<\/ul>\n<h2 id=\"Bet\u00e4ubende Fallen\">Bet\u00e4ubende Fallen<\/h2>\n<div><img decoding=\"async\" src=\"\/wp-content\/uploads\/2012\/03\/demonhunter_passive_numbingtraps.png\" alt=\"Bet\u00e4ubende Fallen\" style=\"float:left!important;margin-right:40px;margin-bottom:10px\"><\/div>\n<ul style=\"margin-bottom:55px;margin-top:40px\">\n<li>Verf\u00fcgbar ab Level 30<\/li>\n<\/ul>\n<p>Gegner, die von Euch verlangsamt oder die von &#8218;Dolchf\u00e4cher&#8216;, &#8218;Stachelfalle&#8216;, &#8218;Kr\u00e4henf\u00fc\u00dfe&#8216;, &#8218;Granaten&#8216; oder &#8218;Gesch\u00fctzturm&#8216; getroffen werden, verursachen <span class=\"skcolor\">5<\/span> Sek. lang <span class=\"skcolor\">25%<\/span> weniger Schaden.<\/p>\n<h2 id=\"Perfektionist\">Perfektionist<\/h2>\n<div><img decoding=\"async\" src=\"\/wp-content\/uploads\/2012\/03\/demonhunter_passive_perfectionist.png\" alt=\"Perfektionist\" style=\"float:left!important;margin-right:40px;margin-bottom:10px\"><\/div>\n<ul style=\"margin-bottom:55px;margin-top:40px\">\n<li>Verf\u00fcgbar ab Level 35<\/li>\n<\/ul>\n<p>Reduziert die Disziplinkosten aller Fertigkeiten um <span class=\"skcolor\">10%<\/span>. Erh\u00f6ht Eure R\u00fcstung und Euren Widerstand gegen alle Schadensarten um <span class=\"skcolor\">10%<\/span>.<\/p>\n<p>Disziplin treibt viele Eurer taktischen und defensiven Fertigkeiten an.<\/p>\n<h2 id=\"Ma\u00dfanfertigung\">Ma\u00dfanfertigung<\/h2>\n<div><img decoding=\"async\" src=\"\/wp-content\/uploads\/2012\/03\/demonhunter_passive_customengineering.png\" alt=\"Ma\u00dfanfertigung\" style=\"float:left!important;margin-right:40px;margin-bottom:10px\"><\/div>\n<ul style=\"margin-bottom:55px;margin-top:40px\">\n<li>Verf\u00fcgbar ab Level 40<\/li>\n<\/ul>\n<p>Erh\u00f6ht die Dauer Eurer Fertigkeiten &#8218;Kr\u00e4henf\u00fc\u00dfe&#8216;, &#8218;Todgeweiht&#8216;, &#8218;Stachelfalle&#8216; und &#8218;Gesch\u00fctzturm&#8216; um <span class=\"skcolor\">100%<\/span>.<br \/>\nErh\u00f6ht die maximale Anzahl und Aufladungen Eurer Gesch\u00fctzt\u00fcrme auf <span class=\"skcolor\">3<\/span> und die Anzahl Eurer Stachelfallen auf <span class=\"skcolor\">6<\/span>.<\/p>\n<h2 id=\"Grenadier\">Grenadier<\/h2>\n<div><img decoding=\"async\" src=\"\/wp-content\/uploads\/2012\/03\/demonhunter_passive_grenadier.png\" alt=\"Grenadier\" style=\"float:left!important;margin-right:40px;margin-bottom:10px\"><\/div>\n<ul style=\"margin-bottom:55px;margin-top:40px\">\n<li>Verf\u00fcgbar ab Level 45<\/li>\n<\/ul>\n<p>Erh\u00f6ht den von Granaten verursachten Schaden um <span class=\"skcolor\">10%<\/span>.<br \/>\nErh\u00f6ht den Explosionsradius von Granaten um <span class=\"skcolor\">20%<\/span>.<br \/>\nSterbt Ihr, hinterlasst Ihr eine riesige Granate, deren Explosion <span class=\"skcolor\">1000%<\/span> Waffenschaden als Feuerschaden verursacht.<\/p>\n<h2 id=\"Scharfsch\u00fctze\">Scharfsch\u00fctze<\/h2>\n<div><img decoding=\"async\" src=\"\/wp-content\/uploads\/2012\/03\/demonhunter_passive_sharpshooter.png\" alt=\"Scharfsch\u00fctze\" style=\"float:left!important;margin-right:40px;margin-bottom:10px\"><\/div>\n<ul style=\"margin-bottom:55px;margin-top:40px\">\n<li>Verf\u00fcgbar ab Level 50<\/li>\n<\/ul>\n<p>Gew\u00e4hrt pro Sekunde eine Chance von <span class=\"skcolor\">4%<\/span>, einen kritischen Treffer zu erzielen. Dieser Bonus wird <span class=\"skcolor\">1<\/span> Sek. nach einem erfolgreichen kritischen Treffer zur\u00fcckgesetzt.<\/p>\n<h2 id=\"Ballistik\">Ballistik<\/h2>\n<div><img decoding=\"async\" src=\"\/wp-content\/uploads\/2012\/03\/demonhunter_passive_ballistics.png\" alt=\"Ballistik\" style=\"float:left!important;margin-right:40px;margin-bottom:10px\"><\/div>\n<ul style=\"margin-bottom:55px;margin-top:40px\">\n<li>Verf\u00fcgbar ab Level 55<\/li>\n<\/ul>\n<p>Raketenschaden um <span class=\"skcolor\">100%<\/span> erh\u00f6ht.<br \/>\nZus\u00e4tzlich besteht eine Chance von <span class=\"skcolor\">20%<\/span>, beim Angriff eine Zielsuchrakete abzufeuern, die <span class=\"skcolor\">150%<\/span> Waffenschaden verursacht.<\/p>\n<h2 id=\"Lebensraub\">Lebensraub<\/h2>\n<div><img decoding=\"async\" src=\"\/wp-content\/uploads\/2014\/09\/x1_demonhunter_passive_leech2.png\" alt=\"Lebensraub\" style=\"float:left!important;margin-right:40px;margin-bottom:10px\"><\/div>\n<ul style=\"margin-bottom:55px;margin-top:40px\">\n<li>Verf\u00fcgbar ab Level 60<\/li>\n<\/ul>\n<p>Ihr erhaltet <span class=\"skcolor\">18507<\/span> Leben pro Treffer.<br \/>\nDer geheilte Wert wird um <span class=\"skcolor\">75%<\/span> Eures Lebens pro get\u00f6tetem Gegner erh\u00f6ht.<\/p>\n<h2 id=\"Hinterhalt\">Hinterhalt<\/h2>\n<div><img decoding=\"async\" src=\"\/wp-content\/uploads\/2014\/09\/x1_demonhunter_passive_ambush2.png\" alt=\"Hinterhalt\" style=\"float:left!important;margin-right:40px;margin-bottom:10px\"><\/div>\n<ul style=\"margin-bottom:55px;margin-top:40px\">\n<li>Verf\u00fcgbar ab Level 64<\/li>\n<\/ul>\n<p>Verursacht <span class=\"skcolor\">40%<\/span> zus\u00e4tzlichen Schaden bei Gegnern mit mehr als <span class=\"skcolor\">75%<\/span> Leben.<\/p>\n<h2 id=\"Bewusstsein\">Bewusstsein<\/h2>\n<div><img decoding=\"async\" src=\"\/wp-content\/uploads\/2014\/09\/x1_demonhunter_passive_awareness2.png\" alt=\"Bewusstsein\" style=\"float:left!important;margin-right:40px;margin-bottom:10px\"><\/div>\n<ul style=\"margin-bottom:55px;margin-top:40px\">\n<li>Verf\u00fcgbar ab Level 66<\/li>\n<\/ul>\n<p>Wenn Ihr t\u00f6dlichen Schaden erleidet, verschwindet Ihr, statt zu sterben, <span class=\"skcolor\">2<\/span> Sek. lang und regeneriert <span class=\"skcolor\">50%<\/span> Eures maximalen Lebens.<br \/>\nDieser Effekt kann einmal alle <span class=\"skcolor\">60<\/span> Sek. auftreten.<\/p>\n<h2 id=\"Leichte Beute\">Leichte Beute<\/h2>\n<div><img decoding=\"async\" src=\"\/wp-content\/uploads\/2014\/09\/x1_demonhunter_passive_singleout2.png\" alt=\"Leichte Beute\" style=\"float:left!important;margin-right:40px;margin-bottom:10px\"><\/div>\n<ul style=\"margin-bottom:55px;margin-top:40px\">\n<li>Verf\u00fcgbar ab Level 68<\/li>\n<\/ul>\n<p>Erhaltet <span class=\"skcolor\">25%<\/span> kritische Trefferchance gegen Gegner, die mehr als <span class=\"skcolor\">20<\/span> Meter von anderen Gegnern entfernt stehen.<\/p>\n<p>Stand: 08\/2016<\/p>\n","protected":false},"excerpt":{"rendered":"<p>Die Passive Fertigkeiten (engl. Traits f\u00fcr Charakterzug) sind Eigenschaften, die unabh\u00e4ngig von den Skills der Klasse ausgesucht werden k\u00f6nnen. Insgesamt kann man aus den nachfolgenden Traits auf Stufe 70 vier (in Classic drei) ausw\u00e4hlen, die dem Charakter dann zur Verf\u00fcgung stehen. Taktischer Vorteil | Jagdfieber | Blutrache | Ruhige Hand | Auslese | Nachtschatten |&hellip; <a class=\"more-link\" href=\"https:\/\/planetdiablo.eu\/de\/diablo-3\/die-charaktere\/die-daemonenjaeger\/daemonenjaeger-traits\/\"><span class=\"screen-reader-text\">Diablo 3 &#8211; Traits der D\u00e4monenj\u00e4ger<\/span> weiterlesen<\/a><\/p>\n","protected":false},"author":752,"featured_media":0,"parent":446873,"menu_order":0,"comment_status":"closed","ping_status":"open","template":"","meta":{"footnotes":""},"class_list":["post-446913","page","type-page","status-publish","hentry","entry"],"_links":{"self":[{"href":"https:\/\/planetdiablo.eu\/de\/wp-json\/wp\/v2\/pages\/446913","targetHints":{"allow":["GET"]}}],"collection":[{"href":"https:\/\/planetdiablo.eu\/de\/wp-json\/wp\/v2\/pages"}],"about":[{"href":"https:\/\/planetdiablo.eu\/de\/wp-json\/wp\/v2\/types\/page"}],"author":[{"embeddable":true,"href":"https:\/\/planetdiablo.eu\/de\/wp-json\/wp\/v2\/users\/752"}],"replies":[{"embeddable":true,"href":"https:\/\/planetdiablo.eu\/de\/wp-json\/wp\/v2\/comments?post=446913"}],"version-history":[{"count":1,"href":"https:\/\/planetdiablo.eu\/de\/wp-json\/wp\/v2\/pages\/446913\/revisions"}],"predecessor-version":[{"id":581791,"href":"https:\/\/planetdiablo.eu\/de\/wp-json\/wp\/v2\/pages\/446913\/revisions\/581791"}],"up":[{"embeddable":true,"href":"https:\/\/planetdiablo.eu\/de\/wp-json\/wp\/v2\/pages\/446873"}],"wp:attachment":[{"href":"https:\/\/planetdiablo.eu\/de\/wp-json\/wp\/v2\/media?parent=446913"}],"curies":[{"name":"wp","href":"https:\/\/api.w.org\/{rel}","templated":true}]}}