{"id":447127,"date":"2011-08-06T16:30:50","date_gmt":"2011-08-06T14:30:50","guid":{"rendered":"http:\/\/diablo3.ingame.de\/?page_id=447127"},"modified":"2021-08-11T22:22:37","modified_gmt":"2021-08-11T20:22:37","slug":"konsolenbefehle","status":"publish","type":"page","link":"https:\/\/planetdiablo.eu\/de\/diablo-2\/konsolenbefehle\/","title":{"rendered":"Diablo 2 &#8211; Konsolenbefehle"},"content":{"rendered":"<p>Hier zeigen wir Euch, welche Befehle man w\u00e4hrend eines Spiels in Diablo 2 eingeben<br \/>\nkann und was sie bewirken. Alle hier aufgef\u00fchrten Konsolenbefehle haben<br \/>\nnicht im geringsten etwas mit <b>Cheaten<\/b> zu tun. Wir werden jeden Befehl<br \/>\neinzeln \u00fcberpr\u00fcfen. Einige Kommandos sind wirklich hilfreich und<br \/>\neinige sind sicherlich aus der <b>Debug-Zeit<\/b> \u00fcbrig geblieben (Die<br \/>\nZeit, als das Spiel noch entwickelt wurde und den Entwicklern geholfen hat,<br \/>\nFehler zu finden). Jetzt fragt Ihr Euch sicherlich, was einem diese Befehle<br \/>\nn\u00fctzen im Spiel. Im Grunde tragen sie nichts zum Spielspass bei, oder<br \/>\nhelfen in irgendeiner Form, das Spiel schneller oder besser zu Ende zu bringen.<br \/>\nAber man kann teilweise n\u00fctzliche Informationen herausfinden oder das<br \/>\nChatten einfacher machen. Schaut Euch einfach die Tabelle mal in Ruhe an!<\/p>\n<p><img loading=\"lazy\" decoding=\"async\" src=\"http:\/\/diablo3.ingame.de\/files\/2011\/07\/fps.jpg\" alt=\"Zeigt die Bilder pro Sekunde an und den Ping zum Server\" class=\"wp-image\" width=\"264\" height=\"76\" border=\"0\"><\/p>\n<p><b>Folgende Kommandos k\u00f6nnen durch anh\u00e4ngen an das Verkn\u00fcpfungsziel<br \/>\nder &#8222;Diablo                      II.exe&#8220; \u00fcbergeben werden:<\/b><\/p>\n<table>\n<tbody>\n<tr>\n<th>Befehl<\/th>\n<th>Auswirkung<\/th>\n<\/tr>\n<tr>\n<td>-w<\/td>\n<td>DiabloII l\u00e4uft nun in einem Windows-Fenster<\/td>\n<\/tr>\n<tr>\n<td>-fr x<\/td>\n<td>Beschr\u00e4nkt Framerate auf x fps<\/td>\n<\/tr>\n<tr>\n<td>-skiptobnet<\/td>\n<td>Verbindung zum B.net wird direkt ausgef\u00fchrt<\/td>\n<\/tr>\n<tr>\n<td>-actx<\/td>\n<td>Ein im Singleplayer neu erstellter Charakter startet mit entsprechendem Level in Akt x<\/td>\n<\/tr>\n<tr>\n<td>-ns<\/td>\n<td>Die Soundausgabe wird deaktiviert (kann zu Spielabst\u00fcrzen f\u00fchren)<\/td>\n<\/tr>\n<\/tbody>\n<\/table>\n<p><b>Hier die Tabelle mit den zur Zeit bekannten Konsolenbefehlen<br \/>\neinzugeben im Spiel oder im Battle.Net Chat:<\/b><\/p>\n<table>\n<tbody>\n<tr>\n<th>Kommando<\/th>\n<th>Auswirkung<\/th>\n<\/tr>\n<tr>\n<td>\/fps<\/td>\n<td>Zeigt die Bilder\/Sec. an<\/td>\n<\/tr>\n<tr>\n<td>\/nopickup<\/td>\n<td>Schaltet das automatische Aufheben von Items aus\/an. Wenn Modus aus muss die ALT-Taste gedr\u00fcckt werden um Items aufzuheben.<\/td>\n<\/tr>\n<tr>\n<td>!<i>Text<\/i><\/td>\n<td>Stellt einen Text \u00fcber eurem Charakter dar (nur im Spiel)<\/td>\n<\/tr>\n<tr>\n<td>@playername <i>Text<\/i><\/td>\n<td>Fl\u00fcstert Text zu Spielernamen in einem Spiel<\/td>\n<\/tr>\n<tr>\n<td>\/m *accountname bzw. playername <i>Text<\/i><\/td>\n<td>Fl\u00fcstert Text zu Spielernamen<\/td>\n<\/tr>\n<tr>\n<td>\/msg *accountname bzw. playername <i>Text<\/i><\/td>\n<td>Fl\u00fcstert Text zu Spielernamen<\/td>\n<\/tr>\n<tr>\n<td>\/w *accountname bzw. playername <i>Text<\/i><\/td>\n<td>Fl\u00fcstert Text zu Spielernamen<\/td>\n<\/tr>\n<tr>\n<td>\/r <i>Text<\/i><br \/>\n\/reply <i>Text<\/i><\/td>\n<td>Antwortet auf die letzte gefl\u00fcsterte Nachricht. Funktioniert nur im Channel und nicht im Spiel!<\/td>\n<\/tr>\n<tr>\n<td>\/players X<br \/>\n\/playersX<\/td>\n<td>(Singleplayer) Simuliert eine h\u00f6here Spieleranzahl, was das Leben der Monster erh\u00f6ht, sowie die Erfahrung, die sie geben. Das <i>X<\/i> steht dabei f\u00fcr die gew\u00fcnschte Spieleranzahl und kann von 1-8 gehen.<\/td>\n<\/tr>\n<tr>\n<td>\/users<\/td>\n<td>Listet alle Benutzer auf<\/td>\n<\/tr>\n<tr>\n<td>\/time<\/td>\n<td>Listet die aktuelle Zeit im<br \/>\nB.Net auf<\/td>\n<\/tr>\n<tr>\n<td>\/squelch *accountname bzw. playername<\/td>\n<td>Ignoriert Accountname (alternativ: \/ignore)<\/td>\n<\/tr>\n<tr>\n<td>\/unsquelch *accountname bzw. playername<\/td>\n<td>Macht das Ignorieren R\u00fcckg\u00e4ngig (alternativ: \/unignore)<\/td>\n<\/tr>\n<tr>\n<td>\/whois *accountname bzw. playername<br \/>\n\/where *accountname bzw. playername<\/td>\n<td>Zeigt Informationen \u00fcber<br \/>\nden Accountnamen<\/td>\n<\/tr>\n<tr>\n<td>\/who channelname<\/td>\n<td>Zeigt Informationen \u00fcber<br \/>\nden Channelnamen<\/td>\n<\/tr>\n<tr>\n<td>\/away <i>Text<\/i><\/td>\n<td>Man wird als abwesend gekennzeichnet; man<br \/>\nkann zwar gefl\u00fcsterte Meldungen lesen und schreiben,<br \/>\naber der Fl\u00fcsterer bekommt zus\u00e4tzlich eine Abwesenheitsmeldung (Text)<\/td>\n<\/tr>\n<tr>\n<td>\/dnd <i>Text<\/i><\/td>\n<td> Man kann nicht mehr angewhispert werden, der eingegebene<br \/>\n&#8222;Bitte nicht st\u00f6ren&#8220; Text wird stattdessen zur\u00fcckgewhispert<\/td>\n<\/tr>\n<tr>\n<td>\/away<\/td>\n<td>Hebt den Away-Status wieder auf bzw. aktiviert<br \/>\nihn ohne Meldung<\/td>\n<\/tr>\n<tr>\n<td>\/dnd<\/td>\n<td>Hebt den Nicht st\u00f6ren-Modus wieder auf bzw. aktiviert<br \/>\nihn ohne Meldung<\/td>\n<\/tr>\n<tr>\n<td>\/me <i>Text<\/i><\/td>\n<td>(B.Net Chat) Entspricht dem Button &#8222;Stimmung&#8220;.<\/td>\n<\/tr>\n<tr>\n<td>\/d2notify<\/td>\n<td>(B.Net Chat) \u00c4ndert den Status, ob angezeigt<br \/>\nwird, wenn jemand den Raum betritt oder verl\u00e4\u00dft.<\/td>\n<\/tr>\n<tr>\n<td>\/stats<\/td>\n<td>(B.Net Chat) Zeigt Siege, Niederlagen und Disconnects<br \/>\nan (bei Starcraft\/Warcraft Spielern).<\/td>\n<\/tr>\n<tr>\n<td>\/options ignorewhispers<br \/>\n\/o igw<\/td>\n<td>Alle Whispers von Personen, die nicht in deiner Friends-List<br \/>\nsind, werden ignoriert<\/td>\n<\/tr>\n<tr>\n<td>\/options unignorewhispers<br \/>\n\/o unigw<\/td>\n<td>Schaltet \/options ignorewhispers wieder aus (man h\u00f6rt<br \/>\nwieder alle Whispers)<\/td>\n<\/tr>\n<tr>\n<td>\/options ignorepublic<br \/>\n\/o igpub<\/td>\n<td>Befindet man sich in einem Public Channel, werden alle<br \/>\nNachrichten von Spielern, die nicht in deiner Friends-List sind, ignoriert.<\/td>\n<\/tr>\n<tr>\n<td>\/options unignorepublic<br \/>\n\/o unigpub<\/td>\n<td>Schaltet \/options unignorepublic wieder aus (man h\u00f6rt<br \/>\nwieder alle User im Public Channel).<\/td>\n<\/tr>\n<tr>\n<td>\/options ignoreprivate<br \/>\n\/o igpriv<\/td>\n<td>Befindet man sich in einem privaten Channel, werden<br \/>\nalle Nachrichten von Spielern, die nicht in der Friends-List sind, ignoriert.<\/td>\n<\/tr>\n<tr>\n<td>\/options unignoreprivate<br \/>\n\/o unigpriv<\/td>\n<td>Schaltet \/options unignoreprivate wieder aus (man h\u00f6rt<br \/>\nwieder alle User im Private Channel).<\/td>\n<\/tr>\n<tr>\n<td>\/friends<br \/>\n\/f<\/td>\n<td>Das Basiskommando der &#8222;Friends Befehle&#8220;, es allein<br \/>\ngibt Informationen und Hilfe zu den Befehlen aus.<\/td>\n<\/tr>\n<tr>\n<td>\/friends list<br \/>\n\/f l<\/td>\n<td>Deine momentane Friends-List wird angezeigt und das<br \/>\nmit einer \u00dcbersicht was deine Freunde gerade im BNet anstellen \/friends<br \/>\nl oder<\/td>\n<\/tr>\n<tr>\n<td>\/friends add<br \/>\n\/friends a [accountname]<\/td>\n<td>F\u00fcgt den angegebenen Account zu der Friends-List<br \/>\nhinzu. Wenn der Accountname nicht m\u00f6glich ist oder die Friends-List voll ist,<br \/>\nwird eine Fehlermeldung ausgegeben.<\/td>\n<\/tr>\n<tr>\n<td>\/friends remove<br \/>\n\/friends r [accountname]<\/td>\n<td>Entfernt den angegebenen Account aus der Friends-List,<br \/>\nsofern er sich darin befindet.<\/td>\n<\/tr>\n<tr>\n<td>\/friends msg<br \/>\n\/friends m [message]<\/td>\n<td>Sendet eine Nachricht an alle Freunde.<\/td>\n<\/tr>\n<tr>\n<td>\/friends promote<br \/>\n\/friends p [accountname]<br \/>\n\/friends p [accountname] [position]<\/td>\n<td>Erh\u00f6ht die Rangposition des angegeben Accounts innerhalb<br \/>\nder Friends-List um eins. Sofern eine Position angegeben wird, wird der Account an die entsprechende Stelle verschoben.<\/td>\n<\/tr>\n<tr>\n<td>\/friends demote<br \/>\n\/friends d [accountname]<br \/>\n\/friends d [accountname] [position]<\/td>\n<td>Senkt die Rangposition des angegeben Accounts<br \/>\ninnerhalb der Friends-List um eins. Sofern eine Position angegeben wird, wird der Acount an die entsprechende Stelle von unten aus geschoben.<\/td>\n<\/tr>\n<tr>\n<td>\/w %fX<\/td>\n<td>Fl\u00fcstert Text zu Freunden in der Friends-List. Das X steht dabei f\u00fcr den Rang in der Friends-List, dem der Account geh\u00f6rt, welchem ihr fl\u00fcstern wollt.<br \/>\nDie Abk\u00fcrzung %fX l\u00e4sst sich auch mit allen anderen Befehlen kombinieren<\/td>\n<\/tr>\n<tr>\n<td>\/ignorepersist<\/td>\n<td>Schaltet um, ob ignorierte Accounts dauerhaft ignoriert bleiben (Voreinstellung) oder beim Beenden des Spiels die Ignorelist wieder zur\u00fcckgesetzt wird. Au\u00dferdem kann \/filtermsg nur verwendet werden, wenn die erste M\u00f6glichkeit aktiv ist.<\/td>\n<\/tr>\n<tr>\n<td>\/filtermsg <i>Text<\/i><\/td>\n<td>Filtert dauerhaft alle Texte im Chat, die <i>Text<\/i> beinhalten.<\/td>\n<\/tr>\n<tr>\n<td>\/unfiltermsg <i>Text<\/i><\/td>\n<td>Macht \/filtermsg <i>Text<\/i> wieder r\u00fcckg\u00e4ngig<\/td>\n<\/tr>\n<tr>\n<td>\/home <i>Channel<\/i><\/td>\n<td>Setzt einen Standardchannel im Battle.Net-Chat<\/td>\n<\/tr>\n<tr>\n<td>\/home<\/td>\n<td>Wechselt in den Standardchannel im Battle.Net-Chat<\/td>\n<\/tr>\n<\/tbody>\n<tbody>\n<tr>\n<td>soundchaosdebug<\/td>\n<td>Spielt eine wilde Mischung von im Spiel vorkommenden T\u00f6nen ab, etwa Gespr\u00e4chsfetzen von NPCs.<\/td>\n<\/tr>\n<\/tbody>\n<\/table>\n<p><img loading=\"lazy\" decoding=\"async\" src=\"http:\/\/diablo3.ingame.de\/files\/2011\/07\/video.jpg\" alt=\"Zeigt den Grafikmodus an\" class=\"wp-image\" width=\"224\" height=\"184\" border=\"0\"><\/p>\n<p>Schaut ausserdem in unsere <a href=\"\/hilfe\/\">Hilfe-Sektion<\/a><br \/>\nf\u00fcr <a href=\"\/hilfe\/bnet\/\">weitere Informationen<br \/>\nzum Battle.net<\/a>.<\/p>\n<p>Inhalte von Destitute<\/p>\n","protected":false},"excerpt":{"rendered":"<p>Hier zeigen wir Euch, welche Befehle man w\u00e4hrend eines Spiels in Diablo 2 eingeben kann und was sie bewirken. Alle hier aufgef\u00fchrten Konsolenbefehle haben nicht im geringsten etwas mit Cheaten zu tun. Wir werden jeden Befehl einzeln \u00fcberpr\u00fcfen. Einige Kommandos sind wirklich hilfreich und einige sind sicherlich aus der Debug-Zeit \u00fcbrig geblieben (Die Zeit, als&hellip; <a class=\"more-link\" href=\"https:\/\/planetdiablo.eu\/de\/diablo-2\/konsolenbefehle\/\"><span class=\"screen-reader-text\">Diablo 2 &#8211; Konsolenbefehle<\/span> weiterlesen<\/a><\/p>\n","protected":false},"author":754,"featured_media":0,"parent":71,"menu_order":35,"comment_status":"closed","ping_status":"open","template":"","meta":{"footnotes":""},"class_list":["post-447127","page","type-page","status-publish","hentry","entry"],"_links":{"self":[{"href":"https:\/\/planetdiablo.eu\/de\/wp-json\/wp\/v2\/pages\/447127","targetHints":{"allow":["GET"]}}],"collection":[{"href":"https:\/\/planetdiablo.eu\/de\/wp-json\/wp\/v2\/pages"}],"about":[{"href":"https:\/\/planetdiablo.eu\/de\/wp-json\/wp\/v2\/types\/page"}],"author":[{"embeddable":true,"href":"https:\/\/planetdiablo.eu\/de\/wp-json\/wp\/v2\/users\/754"}],"replies":[{"embeddable":true,"href":"https:\/\/planetdiablo.eu\/de\/wp-json\/wp\/v2\/comments?post=447127"}],"version-history":[{"count":1,"href":"https:\/\/planetdiablo.eu\/de\/wp-json\/wp\/v2\/pages\/447127\/revisions"}],"predecessor-version":[{"id":583214,"href":"https:\/\/planetdiablo.eu\/de\/wp-json\/wp\/v2\/pages\/447127\/revisions\/583214"}],"up":[{"embeddable":true,"href":"https:\/\/planetdiablo.eu\/de\/wp-json\/wp\/v2\/pages\/71"}],"wp:attachment":[{"href":"https:\/\/planetdiablo.eu\/de\/wp-json\/wp\/v2\/media?parent=447127"}],"curies":[{"name":"wp","href":"https:\/\/api.w.org\/{rel}","templated":true}]}}