{"id":447147,"date":"2011-08-06T16:09:21","date_gmt":"2011-08-06T14:09:21","guid":{"rendered":"http:\/\/diablo3.ingame.de\/?page_id=447147"},"modified":"2021-05-25T14:39:41","modified_gmt":"2021-05-25T12:39:41","slug":"die-hellfire-quest","status":"publish","type":"page","link":"https:\/\/planetdiablo.eu\/de\/diablo-2\/die-hellfire-quest\/","title":{"rendered":"Diablo 2 &#8211; Die &quot;Hellfire Quest&quot;"},"content":{"rendered":"<p><img loading=\"lazy\" decoding=\"async\" class=\"wp-image-447157 size-full aligncenter\" src=\"https:\/\/planetdiablo.eu\/de\/wp-content\/uploads\/2011\/07\/hellfire-torch1.jpg\" alt=\"Die H\u00f6llenfeuerfackel\" width=\"360\" height=\"167\" \/><\/p>\n<p>Die Hellfire-Quest ist eine herausfordernde Quest in Diablo 2, die sich \u00fcber mehrere Spiele hinzieht. Die drei grossen \u00dcbel haben sich zusammengerottet und in Tristram verschanzt. Um Zugang zu ihnen zu bekommen, braucht man drei K\u00f6rperteile, die man ihren treuen W\u00e4chtern abnehmen muss. Diese haben sich wiederum jeweils in eigenen H\u00f6hlen, umgeben von treuen Dienern, eingeschlossen. F\u00fcr jede dieser H\u00f6hlen braucht man wiederum drei Schl\u00fcssel, die man ihren treuesten Dienern abnehmen kann.<br \/>Besiegt man die drei \u00dcbel, so erh\u00e4lt man den <i><span style=\"color: #908858;\">unique Zauber Hellfire Torch<\/span><\/i>, welcher nur auf diesem Wege gefunden und pro Charakter nur einmal getragen werden kann.<\/p>\n<table bgcolor=\"#111111\">\n<tbody>\n<tr>\n<td><b><span style=\"color: #908858;\">H\u00f6llenfeuerfackel \/ Hellfire Torch<\/span><\/b><br \/><span style=\"color: #908858;\">Grosser Zauber \/ Large Charm<\/span><br \/>Ben\u00f6tigtes Level: 75<br \/><span style=\"color: #4850b8;\">5% Chance, Level 10 Feuersturm auf Schlag zu zaubern<br \/>+3 zu allen Fertigkeiten einer zuf\u00e4lligen Charakterklasse<br \/>10-20 zu allen Attributen<br \/>Alle Widerstandsarten +10-20<br \/>+8 Lichtradius<br \/>Level 30 Hydra (10 Ladungen)<\/span><\/td>\n<\/tr>\n<\/tbody>\n<\/table>\n<p>(in 1.11 und 1.12 war die Chance auf einen Feuersturm 25%)<\/p>\n<p>Die drei grossen \u00dcbel sind die verbesserten Versionen von Mephisto, Diablo und Baal, spielintern Uber Mephist\/Diablo\/Baal genannt, im Spiel selbst wie ihre drei &#8222;kleinen Br\u00fcder&#8220;. Die drei W\u00e4chter sind Uber Andariel aka Lilith, Uber Duriel und Uber Izual.<\/p>\n<h2>So funktioniert&#8217;s<\/h2>\n<ul class=\"dc\">\n<li style=\"list-style-type: none;\">\n<ul class=\"dc\">\n<li>Die Schl\u00fcssel zu den Hallen von Lilith, Uber Duriel und Uber Izual werden von der Gr\u00e4fin\/Countess (Schl\u00fcssel des Terrors\/Key of Terror), dem Geisterbeschw\u00f6rer\/Summoner (Schl\u00fcssel des Hasses\/Key of Hate) und Nihlathak (Schl\u00fcssel der Zerst\u00f6rung\/Key of Destruction) bewacht. Diese lassen jeder einen oder mehrere Schl\u00fcssel fallen, allerdings nicht bei jedem Besuch, den man ihnen abstattet. Nach etwa 10-15 Runs sollte man statistisch gesehen aber in Besitz eines Schl\u00fcssels sein ;). Dazu lassen sie diese Schl\u00fcssel <b>nur in H\u00f6lle<\/b> fallen.<\/li>\n<li><img loading=\"lazy\" decoding=\"async\" class=\"alignright wp-image-447151 size-full\" src=\"https:\/\/planetdiablo.eu\/de\/wp-content\/uploads\/2011\/07\/hellfire-cubekeys1.jpg\" alt=\"\" width=\"68\" height=\"112\" \/> Drei verschiedene dieser Schl\u00fcssel im W\u00fcrfel ergeben zusammen ein rotes Portal. Dazu muss man in <b>Akt 5 H\u00f6lle<\/b> w\u00fcrfeln.<\/li>\n<li>Tipp: Wenn man drei Schl\u00fcssel w\u00fcrfelt, erscheint ein zuf\u00e4lliges Portal. Erstellt man allerdings alle drei Portale in einem Spiel, so erscheinen die drei Kammern der W\u00e4chter nacheinander in zuf\u00e4lliger Reihenfolge. So kommt man mit dem Minimum an Schl\u00fcsseln zu seinen drei K\u00f6rperteilen.<br \/><img loading=\"lazy\" decoding=\"async\" class=\"alignleft wp-image-447155 size-full\" src=\"https:\/\/planetdiablo.eu\/de\/wp-content\/uploads\/2011\/07\/hellfire-portals1.jpg\" alt=\"\" width=\"200\" height=\"124\" \/><br \/>Dabei sollte man darauf achten, da\u00df sich die Portale nicht \u00fcberdecken. Im schlimmsten Fall versperrt man sich so den Eingang nach Tristram. Mit etwas Sicherheitsabstand kann man dies vermeiden.<\/li>\n<li>Der <i>Spielmodus<\/i> (Ladder oder Non-Ladder, Hardcore oder Softcore)<br \/>hat keinen Einfluss auf die Hellfire Quest. Allerdings bekommt man die Zutaten nur in H\u00f6lle-Spielen und auch nur dort lassen sich die Portale aktivieren. Im Classicmodus existiert die Quest nicht. Die Quest <b>funktioniert nicht im Single-Player-Modus, Netzwerkspiel oder <i>offenen<\/i> Battle.Net<\/b>, obwohl dort die Schl\u00fcssel ebenfalls gedroppt werden!<\/li>\n<li>Die W\u00e4chter haben sich mit den K\u00f6rperteilen der drei \u00dcbel in ihren eigenen Dungeons verschanzt. Hier treiben sich auch viele Diener herum, die einem das Leben schwer machen.<\/li>\n<li>Lilith hat sich in der Matronenh\u00f6hle verschanzt. Dieser Dungeon erinnert optisch an die Krypta in Akt 1 und ist mit vielen Sukkubi verschiedenster Art gef\u00fcllt. Durch diese muss man sich durchk\u00e4mpfen, um schliesslich zur Herrin zu gelangen.<\/li>\n<li>Liliths Gift ist gef\u00fcrchtet, ein Sicherheitsabstand oder viel Lebensabsaugung sind hier wichtig. Hat man sie niedergerungen, bekommt man <b>Diablos Horn<\/b><\/li>\n<li>Uber Duriel wohnt im vergessenen Sand, ein Gebiet, das von Aussehen wie Monsterzusammensetzung an die Schlucht der Magier erinnert. Nach dem Kampf kann man ihm schliesslich <b>Baals Auge<\/b> abnehmen.<\/li>\n<li>Uber Izual schliesslich wohnt im Glutofen der Pein, das Gebiet erinnert an einige der selten besuchten Nebengebiete in Akt 5. Hier treten verschiedenste Gastmonster auf, die teilweise h\u00e4rter sind als Uber Izual selbst, welcher wie sein kleiner Bruder eher durch Nehmerqualit\u00e4ten \u00fcberzeugt.<br \/><img loading=\"lazy\" decoding=\"async\" class=\"aligncenter wp-image-447159 size-full\" src=\"https:\/\/planetdiablo.eu\/de\/wp-content\/uploads\/2011\/07\/hellfire-uberizualfight1.jpg\" alt=\"Uber Izuael\" width=\"500\" height=\"375\" \/><\/li>\n<\/ul>\n<\/li>\n<\/ul>\n<p>Hat man ihn besiegt, ist man stolzer Besitzer von <b>Mephistos Gehirn<\/b>.<\/p>\n<ul class=\"dc\">\n<li><img loading=\"lazy\" decoding=\"async\" class=\"alignright wp-image-447153 size-full\" src=\"https:\/\/planetdiablo.eu\/de\/wp-content\/uploads\/2011\/07\/hellfire-cubeparts1.jpg\" alt=\"Die Organe f\u00fcr das Hellfirequest\" width=\"69\" height=\"112\" \/><br \/>Hat man die drei Teile zusammen, wartet die ultimative Herausforderung in Tristram. Auch hier \u00f6ffnet sich ein Portal in Akt 5 H\u00f6lle, wenn man alle drei in den W\u00fcrfel packt und kr\u00e4ftig sch\u00fcttelt. Jetzt sollte man sich bestens vorbereiten, denn die drei grossen \u00dcbel sind enorm stark und ihre Diener sind zahlreich und gegen Zauber aller Art immun. Hier braucht man die geballte Kraft von allem, was Diablo 2 LoD zu bieten hat oder ausgesprochen gutes Teamplay. Man sollte bedacht sein, das rote Portal frei zu halten, denn man kann hier keinen eigenen Portale zaubern. Hat man sie besiegt, kommt man in Besitz einer begehrten &#8222;Hellfire Torch&#8220;. Weiterhin wird f\u00fcr jeden Charakter im Spiel eine &#8222;Standarte der Helden&#8220; fallen gelassen, die als Troph\u00e4e dient.<br \/><img loading=\"lazy\" decoding=\"async\" class=\"aligncenter wp-image-447159 size-full\" src=\"https:\/\/planetdiablo.eu\/de\/wp-content\/uploads\/2011\/07\/hellfire-tristram1-e1311623741157.jpg\" alt=\"Der Kampf in Tristram\" width=\"500\" height=\"375\" \/><\/li>\n<li>Uber Diablo h\u00e4lt sich noch dezent im Hintergrund, seine Br\u00fcder machen schon kurzen Prozess: Hier sollte man nicht unvorbereitet auftauchen!<\/li>\n<\/ul>\n<p>Hier sind die Werte der sechs Erzschurken, die es zu bek\u00e4mpfen gilt:<\/p>\n<p>Die Werte der Monster sind im Ladder- und Nonladder-modus identisch. Die Monster existieren nur im Schwierigkeitsgrad H\u00f6lle. Die \u00dcberzeugungs-Aura reduziert die Widerst\u00e4nde um 125%. Hat man als Paladin eine st\u00e4rkere \u00dcberzeugungsaura, kann man diesen Effekt f\u00fcr sich abwehren.<\/p>\n<table border=\"1\" cellpadding=\"5\">\n<thead>\n<tr>\n<th colspan=\"2\">\u00a0<\/th>\n<th>Lilith<\/th>\n<th>Uber Duriel<\/th>\n<th>Uber Mephisto<\/th>\n<th>Uber Izual<\/th>\n<th>Uber Diablo<\/th>\n<th>Uber Baal<\/th>\n<\/tr>\n<tr>\n<th colspan=\"2\">\u00a0<\/th>\n<th>D\u00e4mon<\/th>\n<th>D\u00e4mon<\/th>\n<th>D\u00e4mon<\/th>\n<th>D\u00e4mon<\/th>\n<th>D\u00e4mon<\/th>\n<th>D\u00e4mon<\/th>\n<\/tr>\n<\/thead>\n<tbody>\n<tr>\n<th colspan=\"2\">Level<\/th>\n<td bgcolor=\"#222222\">110<\/td>\n<td bgcolor=\"#222222\">110<\/td>\n<td bgcolor=\"#222222\">110<\/td>\n<td bgcolor=\"#222222\">110<\/td>\n<td bgcolor=\"#222222\">110<\/td>\n<td bgcolor=\"#222222\">110<\/td>\n<\/tr>\n<tr>\n<th colspan=\"2\">Erfahrung<\/th>\n<td bgcolor=\"#222222\">1 465 600<\/td>\n<td bgcolor=\"#222222\">2 648 000<\/td>\n<td bgcolor=\"#222222\">3 409 600<\/td>\n<td bgcolor=\"#222222\">5 912 100<\/td>\n<td bgcolor=\"#222222\">5 539 200<\/td>\n<td bgcolor=\"#222222\">10 336 000<\/td>\n<\/tr>\n<tr>\n<th colspan=\"2\">Leben (Solo-Spiel)<\/th>\n<td colspan=\"6\" bgcolor=\"#222222\">650 000 &#8211; 660 000<\/td>\n<\/tr>\n<tr>\n<th colspan=\"2\">Chance auf kritischen Treffer<\/th>\n<td bgcolor=\"#222222\">5%<\/td>\n<td bgcolor=\"#222222\">5%<\/td>\n<td bgcolor=\"#222222\">5%<\/td>\n<td bgcolor=\"#222222\">5%<\/td>\n<td bgcolor=\"#222222\">5%<\/td>\n<td bgcolor=\"#222222\">5%<\/td>\n<\/tr>\n<tr>\n<th colspan=\"2\">Angriff 1 Schaden<\/th>\n<td bgcolor=\"#222222\">99 &#8211; 309<\/td>\n<td bgcolor=\"#222222\">182 &#8211; 234<\/td>\n<td bgcolor=\"#222222\">384 &#8211; 575<\/td>\n<td bgcolor=\"#222222\">172 &#8211; 308<\/td>\n<td bgcolor=\"#222222\">100 &#8211; 256<\/td>\n<td bgcolor=\"#222222\">138 &#8211; 233<\/td>\n<\/tr>\n<tr>\n<th colspan=\"2\">Angriff 1 Angriffswert<\/th>\n<td bgcolor=\"#222222\">9 994<\/td>\n<td bgcolor=\"#222222\">13 129<\/td>\n<td bgcolor=\"#222222\">16 395<\/td>\n<td bgcolor=\"#222222\">16 395<\/td>\n<td bgcolor=\"#222222\">20 445<\/td>\n<td bgcolor=\"#222222\">16 395<\/td>\n<\/tr>\n<tr>\n<th colspan=\"2\">Angriff 2 Schaden<\/th>\n<td bgcolor=\"#222222\">&#8211;<\/td>\n<td bgcolor=\"#222222\">182 &#8211; 208<\/td>\n<td bgcolor=\"#222222\">&#8211;<\/td>\n<td bgcolor=\"#222222\">&#8211;<\/td>\n<td bgcolor=\"#222222\">147 &#8211; 334<\/td>\n<td bgcolor=\"#222222\">177 &#8211; 352<\/td>\n<\/tr>\n<tr>\n<th colspan=\"2\">Angriff 2 Angriffswert<\/th>\n<td bgcolor=\"#222222\">&#8211;<\/td>\n<td bgcolor=\"#222222\">16 461<\/td>\n<td bgcolor=\"#222222\">&#8211;<\/td>\n<td bgcolor=\"#222222\">&#8211;<\/td>\n<td bgcolor=\"#222222\">16 395<\/td>\n<td bgcolor=\"#222222\">24 560<\/td>\n<\/tr>\n<tr>\n<th colspan=\"2\">Leech-Faktor<\/th>\n<td bgcolor=\"#222222\">33%<\/td>\n<td bgcolor=\"#222222\">100%<\/td>\n<td bgcolor=\"#222222\">0%<\/td>\n<td bgcolor=\"#222222\">50%<\/td>\n<td bgcolor=\"#222222\">15%<\/td>\n<td bgcolor=\"#222222\">20%<\/td>\n<\/tr>\n<tr>\n<th colspan=\"2\">(incl. phys. res.)<\/th>\n<td bgcolor=\"#222222\">11.22%<\/td>\n<td bgcolor=\"#222222\">50%<\/td>\n<td bgcolor=\"#222222\">0%<\/td>\n<td bgcolor=\"#222222\">35%<\/td>\n<td bgcolor=\"#222222\">7.5%<\/td>\n<td bgcolor=\"#222222\">10%<\/td>\n<\/tr>\n<tr>\n<th colspan=\"2\">Verteidigung<\/th>\n<td bgcolor=\"#222222\">2310<\/td>\n<td bgcolor=\"#222222\">2520<\/td>\n<td bgcolor=\"#222222\">3360<\/td>\n<td bgcolor=\"#222222\">2520<\/td>\n<td bgcolor=\"#222222\">2940<\/td>\n<td bgcolor=\"#222222\">3150<\/td>\n<\/tr>\n<tr>\n<th colspan=\"2\">Blockchance<\/th>\n<td bgcolor=\"#222222\">40<\/td>\n<td bgcolor=\"#222222\">50<\/td>\n<td bgcolor=\"#222222\">50<\/td>\n<td bgcolor=\"#222222\">50<\/td>\n<td bgcolor=\"#222222\">50<\/td>\n<td bgcolor=\"#222222\">55<\/td>\n<\/tr>\n<tr>\n<th rowspan=\"6\">Wider-<br \/>st\u00e4nde<\/th>\n<th>physisch<\/th>\n<td bgcolor=\"#222222\">66<\/td>\n<td bgcolor=\"#222222\">50<\/td>\n<td bgcolor=\"#222222\">20<\/td>\n<td bgcolor=\"#222222\">30<\/td>\n<td bgcolor=\"#222222\">50<\/td>\n<td bgcolor=\"#222222\">50<\/td>\n<\/tr>\n<tr>\n<th>Magie<\/th>\n<td bgcolor=\"#222222\">75<\/td>\n<td bgcolor=\"#222222\">75<\/td>\n<td bgcolor=\"#222222\">75<\/td>\n<td bgcolor=\"#222222\">75<\/td>\n<td bgcolor=\"#222222\">75<\/td>\n<td bgcolor=\"#222222\">75<\/td>\n<\/tr>\n<tr>\n<th>Feuer<\/th>\n<td bgcolor=\"#222222\">75<\/td>\n<td bgcolor=\"#222222\">75<\/td>\n<td bgcolor=\"#222222\">75<\/td>\n<td bgcolor=\"#222222\">75<\/td>\n<td bgcolor=\"#222222\">110<\/td>\n<td bgcolor=\"#222222\">75<\/td>\n<\/tr>\n<tr>\n<th>Blitz<\/th>\n<td bgcolor=\"#222222\">75<\/td>\n<td bgcolor=\"#222222\">75<\/td>\n<td bgcolor=\"#222222\">110<\/td>\n<td bgcolor=\"#222222\">75<\/td>\n<td bgcolor=\"#222222\">75<\/td>\n<td bgcolor=\"#222222\">75<\/td>\n<\/tr>\n<tr>\n<th>K\u00e4lte<\/th>\n<td bgcolor=\"#222222\">75<\/td>\n<td bgcolor=\"#222222\">150<\/td>\n<td bgcolor=\"#222222\">75<\/td>\n<td bgcolor=\"#222222\">185<\/td>\n<td bgcolor=\"#222222\">115<\/td>\n<td bgcolor=\"#222222\">185<\/td>\n<\/tr>\n<tr>\n<th>Gift<\/th>\n<td bgcolor=\"#222222\">185<\/td>\n<td bgcolor=\"#222222\">75<\/td>\n<td bgcolor=\"#222222\">110<\/td>\n<td bgcolor=\"#222222\">75<\/td>\n<td bgcolor=\"#222222\">75<\/td>\n<td bgcolor=\"#222222\">75<\/td>\n<\/tr>\n<\/tbody>\n<\/table>\n<p><b>Letzte \u00c4nderung: 25. Mai 2021 (Anpassung an Planetdiablo)<\/b><\/p>\n\n\n<p><\/p>\n","protected":false},"excerpt":{"rendered":"<p>Die Hellfire-Quest ist eine herausfordernde Quest in Diablo 2, die sich \u00fcber mehrere Spiele hinzieht. Die drei grossen \u00dcbel haben sich zusammengerottet und in Tristram verschanzt. Um Zugang zu ihnen zu bekommen, braucht man drei K\u00f6rperteile, die man ihren treuen W\u00e4chtern abnehmen muss. Diese haben sich wiederum jeweils in eigenen H\u00f6hlen, umgeben von treuen Dienern,&hellip; <a class=\"more-link\" href=\"https:\/\/planetdiablo.eu\/de\/diablo-2\/die-hellfire-quest\/\"><span class=\"screen-reader-text\">Diablo 2 &#8211; Die &quot;Hellfire Quest&quot;<\/span> weiterlesen<\/a><\/p>\n","protected":false},"author":847,"featured_media":0,"parent":71,"menu_order":35,"comment_status":"closed","ping_status":"open","template":"","meta":{"footnotes":""},"class_list":["post-447147","page","type-page","status-publish","hentry","entry"],"_links":{"self":[{"href":"https:\/\/planetdiablo.eu\/de\/wp-json\/wp\/v2\/pages\/447147","targetHints":{"allow":["GET"]}}],"collection":[{"href":"https:\/\/planetdiablo.eu\/de\/wp-json\/wp\/v2\/pages"}],"about":[{"href":"https:\/\/planetdiablo.eu\/de\/wp-json\/wp\/v2\/types\/page"}],"author":[{"embeddable":true,"href":"https:\/\/planetdiablo.eu\/de\/wp-json\/wp\/v2\/users\/847"}],"replies":[{"embeddable":true,"href":"https:\/\/planetdiablo.eu\/de\/wp-json\/wp\/v2\/comments?post=447147"}],"version-history":[{"count":7,"href":"https:\/\/planetdiablo.eu\/de\/wp-json\/wp\/v2\/pages\/447147\/revisions"}],"predecessor-version":[{"id":582811,"href":"https:\/\/planetdiablo.eu\/de\/wp-json\/wp\/v2\/pages\/447147\/revisions\/582811"}],"up":[{"embeddable":true,"href":"https:\/\/planetdiablo.eu\/de\/wp-json\/wp\/v2\/pages\/71"}],"wp:attachment":[{"href":"https:\/\/planetdiablo.eu\/de\/wp-json\/wp\/v2\/media?parent=447147"}],"curies":[{"name":"wp","href":"https:\/\/api.w.org\/{rel}","templated":true}]}}