{"id":447267,"date":"2011-07-26T13:15:16","date_gmt":"2011-07-26T11:15:16","guid":{"rendered":"http:\/\/diablo3.ingame.de\/?page_id=447267"},"modified":"2021-06-11T14:16:54","modified_gmt":"2021-06-11T12:16:54","slug":"die-begleiter","status":"publish","type":"page","link":"https:\/\/planetdiablo.eu\/de\/diablo-3\/die-begleiter\/","title":{"rendered":"Diablo 3 &#8211; Die Begleiter"},"content":{"rendered":"<p>Das Begleitersystem von Diablo 3 \u00e4hnelt nur auf dem ersten Blick dem der S\u00f6ldner in D2 Lord of Destruction, allerdings verfolgt Blizzard hier eine ganz andere Absicht, wenn sie uns computergesteuerte Charaktere (NPCs) mit auf den Weg geben.<\/p>\n<h2>Die Begleiter als Storyelemente<\/h2>\n<p><img loading=\"lazy\" decoding=\"async\" class=\"alignnone wp-image-581664 size-full\" src=\"https:\/\/planetdiablo.eu\/de\/wp-content\/uploads\/2021\/03\/diablo3-begleiter.jpg\" alt=\"\" width=\"700\" height=\"394\" srcset=\"https:\/\/planetdiablo.eu\/de\/wp-content\/uploads\/2021\/03\/diablo3-begleiter.jpg 700w, https:\/\/planetdiablo.eu\/de\/wp-content\/uploads\/2021\/03\/diablo3-begleiter-300x169.jpg 300w\" sizes=\"auto, (max-width: 700px) 100vw, 700px\" \/><br \/>\nAlle drei sind, als Individuen mit ausgepr\u00e4gten Charaktereigenschaften, ein Teil der Geschichte. Sie ver\u00e4ndern mit der Zeit ihr Aussehen und erwerben hilfreiche F\u00e4higkeiten.<\/p>\n<p>Ihre Kampfkraft verdient man sich nicht dadurch, dass man ihnen Gefallen tut, sondern indem man mit ihnen Seite an Seite gegen die Legionen der H\u00f6lle k\u00e4mpft.<\/p>\n<p>Die Begleiter setzen Akzente in der Welt, haben unterschiedliche Meinungen und Pers\u00f6nlichkeiten. Das macht sie im Gegensatz zu den S\u00f6ldnern aus Diablo II nicht beliebig austauschbar. Deswegen sterben sie nicht, sondern werden nur f\u00fcr eine gewisse Zeit bewusstlos. Der Umweg \u00fcber die Stadt und die Kosten f\u00fcr die Wiederbelebung entfallen somit.<\/p>\n<p>Mehr \u00fcber die Begleiter kann man auch durch die begleiterspezifischen Questreihen erfahren. Diese wurden mit dem <a href=\"\/diablo-3\/diablo-3-addon-reaper-of-souls\/\">Addon Reaper of Souls<\/a> eingef\u00fchrt. Diese Quests sind dabei nicht Teil der Hauptquestreihe. Spricht man mit den Begleitern im neuen f\u00fcnften Akt, so werden sie gestartet und geben &#8211; wie gewohnt &#8211; etwas Gold und Erfahrung.<\/p>\n<h2>Technisches zu den Begleitern<\/h2>\n<p>Die Begleiter sind autonome NPCs, die selbstst\u00e4ndig Ziele ausw\u00e4hlen und ihre F\u00e4higkeiten nutzen. Das allerdings nur im Solospiel, sobald eine Party gebildet ist, verschwinden die Begleiter und kommen erst wieder wenn kein anderer Charakter im Spiel ist. Das ist ein wesentlicher Unterschied zu Diablo 2, wo die S\u00f6ldner immer anwesend waren.<br \/>\nDie Begleiter k\u00f6nnen, \u00e4hnlich wie die Spielercharaktere, eine Ausr\u00fcstung tragen. Mit Patch 2.7.0 k\u00f6nnen die Begleiter nun insgesamt 14 Gegenst\u00e4nde tragen, das begleiterspezifische Token &#8211; eine Art Amulett, sowie die dreizehn \u00fcblichen Gegenst\u00e4nde.<\/p>\n<p>Das sieht dann ungef\u00e4hr so aus, wobei das Aussehen nat\u00fcrlich davon bestimmt ist, welche Items nun die Begleiter tragen. Sie k\u00f6nnen grunds\u00e4tzlich alles f\u00fcr ihre Klasse Verwertbare tragen. Es hat jedoch Vorteile wenn man Ihnen Gegenst\u00e4nde mit dem Mainstat gibt welchen sie von Natur aus bevorzugen (St\u00e4rke oder Geschicklichkeit oder Intelligenz).<\/p>\n<p><img loading=\"lazy\" decoding=\"async\" class=\"alignnone wp-image-581665 size-large\" src=\"https:\/\/planetdiablo.eu\/de\/wp-content\/uploads\/2021\/03\/d3-schuft-602x1024.jpg\" alt=\"\" width=\"602\" height=\"1024\" srcset=\"https:\/\/planetdiablo.eu\/de\/wp-content\/uploads\/2021\/03\/d3-schuft-602x1024.jpg 602w, https:\/\/planetdiablo.eu\/de\/wp-content\/uploads\/2021\/03\/d3-schuft-177x300.jpg 177w, https:\/\/planetdiablo.eu\/de\/wp-content\/uploads\/2021\/03\/d3-schuft.jpg 706w\" sizes=\"auto, (max-width: 602px) 100vw, 602px\" \/><\/p>\n<p>Einige Items strahlen ihre Boni auf den Spielercharakter aus.<\/p>\n<p>Bisherige Liste der ausstrahlenden Items<\/p>\n<ul>\n<li>Zerbrochene Krone<\/li>\n<li>Zielsuchplatten<\/li>\n<li>Plattenschultern von Zakara<\/li>\n<li>Goldhaut<\/li>\n<li>Custerische Armsch\u00fctzer<\/li>\n<li>Nemesis Armschienen<\/li>\n<li>Gladiator Panzerhandschuhe<\/li>\n<li>Handschuhe der Huldigung<\/li>\n<li>Energiefalle von Dovu (Amu)<\/li>\n<li>Rakoffs Glas des Lebens(Amu)<\/li>\n<li>Band der Habgier (Ring)<\/li>\n<li>Kredes Flamme (Ring)<\/li>\n<li>Der Duft der Zeit (Amu)<\/li>\n<li>Cains Bestimmung \u2013 mehr XP<\/li>\n<li>Gewand des Reisenden \u2013 mehr Atem des Todes<\/li>\n<\/ul>\n<p>Das ist durchaus hilfreich, wenngleich die meisten Items sich eher f\u00fcrs Farmen eignen als f\u00fcr h\u00f6here Greater Rifts.<\/p>\n<p>Die von der \u00fcbrigen Ausr\u00fcstung gew\u00e4hrten Boni wirken bei den Begleitern bis auf diese zwei Ausnahmen genau wie bei den Spielercharakteren:<\/p>\n<ul>\n<li>Erh\u00f6hte Chance magische Gegenst\u00e4nde zu finden, erh\u00f6hte Goldfunde und Bonuserfahrung pro get\u00f6tetem Gegner werden zu 20% auf euren MF-, GF- oder +EXP-Wert angerechnet (Beispiel: Wenn euer Begleiter 50% bessere Chance auf magische Gegenst\u00e4nde auf seiner Ausr\u00fcstung hat erh\u00f6ht sich euer MF-Wert um 10%). F\u00fcr die Anwendung der Attribute ist es egal, ob ihr oder euer Begleiter ein Monster t\u00f6tet.<\/li>\n<li>Auf St\u00e4rke, Geschicklichkeit, Intelligenz und Vitalit\u00e4t von Gegenst\u00e4nden erhalten die Begleiter einen Bonus von 150% (Beispiel: Ein Amulett mit 25 St\u00e4rke erh\u00f6ht die St\u00e4rke eines Begleiters um 63).<\/li>\n<li>Mit Hilfe von speziellen legend\u00e4ren Gegenst\u00e4nden f\u00fcr Begleiter die im Addon Reaper of Souls eingef\u00fchrt wurden, k\u00f6nnen diese auch alle Fertigkeiten erhalten oder unsterblich werden.<\/li>\n<\/ul>\n<p>Von ihren jeweils acht Fertigkeiten werden alle f\u00fcnf Level zwei freigeschaltet, aus denen man dann je eine ausw\u00e4hlen kann. Die Begleiter sind mit Level 20, beziehungsweise im Falle von Eirena mit Level 30, fertig ausgebildet und haben h\u00f6chstens vier nutzbare Fertigkeiten. Ihre Auswahl ist nicht endg\u00fcltig und kann durch einen Rechtsklick auf das Begleiterportrait oben links auf dem Bildschirm, unter dem Punkt &#8222;Neu Ausbilden&#8220;, neu getroffen werden.<\/p>\n<h2>Die Begleiter im Einzelnen<\/h2>\n<ul>\n<li><a href=\"\/diablo-3\/die-begleiter\/begleiter-kormac\/\">Kormac der Templer<\/a><\/li>\n<li><a href=\"\/diablo-3\/die-begleiter\/begleiter-lyndon\/\">Lyndon der Schuft<\/a><\/li>\n<li><a href=\"\/diablo-3\/die-begleiter\/begleiter-eirena\/\">Eirena die Verzauberin<\/a><\/li>\n<\/ul>\n","protected":false},"excerpt":{"rendered":"<p>Das Begleitersystem von Diablo 3 \u00e4hnelt nur auf dem ersten Blick dem der S\u00f6ldner in D2 Lord of Destruction, allerdings verfolgt Blizzard hier eine ganz andere Absicht, wenn sie uns computergesteuerte Charaktere (NPCs) mit auf den Weg geben. Die Begleiter als Storyelemente Alle drei sind, als Individuen mit ausgepr\u00e4gten Charaktereigenschaften, ein Teil der Geschichte. Sie&hellip; <a class=\"more-link\" href=\"https:\/\/planetdiablo.eu\/de\/diablo-3\/die-begleiter\/\"><span class=\"screen-reader-text\">Diablo 3 &#8211; Die Begleiter<\/span> weiterlesen<\/a><\/p>\n","protected":false},"author":749,"featured_media":0,"parent":47,"menu_order":85,"comment_status":"closed","ping_status":"open","template":"","meta":{"footnotes":""},"class_list":["post-447267","page","type-page","status-publish","hentry","entry"],"_links":{"self":[{"href":"https:\/\/planetdiablo.eu\/de\/wp-json\/wp\/v2\/pages\/447267","targetHints":{"allow":["GET"]}}],"collection":[{"href":"https:\/\/planetdiablo.eu\/de\/wp-json\/wp\/v2\/pages"}],"about":[{"href":"https:\/\/planetdiablo.eu\/de\/wp-json\/wp\/v2\/types\/page"}],"author":[{"embeddable":true,"href":"https:\/\/planetdiablo.eu\/de\/wp-json\/wp\/v2\/users\/749"}],"replies":[{"embeddable":true,"href":"https:\/\/planetdiablo.eu\/de\/wp-json\/wp\/v2\/comments?post=447267"}],"version-history":[{"count":5,"href":"https:\/\/planetdiablo.eu\/de\/wp-json\/wp\/v2\/pages\/447267\/revisions"}],"predecessor-version":[{"id":581933,"href":"https:\/\/planetdiablo.eu\/de\/wp-json\/wp\/v2\/pages\/447267\/revisions\/581933"}],"up":[{"embeddable":true,"href":"https:\/\/planetdiablo.eu\/de\/wp-json\/wp\/v2\/pages\/47"}],"wp:attachment":[{"href":"https:\/\/planetdiablo.eu\/de\/wp-json\/wp\/v2\/media?parent=447267"}],"curies":[{"name":"wp","href":"https:\/\/api.w.org\/{rel}","templated":true}]}}