{"id":455,"date":"2011-06-02T12:34:26","date_gmt":"2011-06-02T10:34:26","guid":{"rendered":"http:\/\/diablo3.ingame.de\/?page_id=455"},"modified":"2022-10-27T10:38:45","modified_gmt":"2022-10-27T08:38:45","slug":"die-monster-in-diablo-3","status":"publish","type":"page","link":"https:\/\/planetdiablo.eu\/de\/diablo-3\/die-monster-in-diablo-3\/","title":{"rendered":"Diablo 3 &#8211; Die Monster"},"content":{"rendered":"<p>Die Monsternamen, die nicht auf der offiziellen Seite angegeben sind, sind von inDiablo zum besseren Verst\u00e4ndnis \u00fcbersetzt worden. Dies sind keine offiziell best\u00e4tigten Monsternamen f\u00fcr die deutsche Version von <strong>Diablo 3<\/strong>.<\/p>\n<ol>\n<li><a href=\"#bat\">The Bat \/ Die Fledermaus<\/a><\/li>\n<li><a href=\"#beast\">The Beast \/ Das Untier<\/a><\/li>\n<li><a href=\"#berserker\">The Berserker \/ Der Berserker<\/a><\/li>\n<li><a href=\"#darkcultist\">The Dark Cultist \/ Der Dunkle Kultist<\/a><\/li>\n<li><a href=\"#dunethresher\">The Dune Thresher \/ Der D\u00fcnenhai<\/a><\/li>\n<li><a href=\"#fallen\">The Fallen Ones \/ Die Gefallenen<\/a><strong><\/strong><\/li>\n<li><a href=\"#ghoul\">The Ghoul \/ Der Ghul<\/a><\/li>\n<li><a href=\"#gnarledwalker\">The Gnarled Walker \/ Der Knorrige Wandler<\/a><\/li>\n<li><a href=\"#grotesque\">The Grotesque \/ Der Groteske<\/a><\/li>\n<li><a href=\"#khazra\">The Khazra \/ Die Khazra<\/a><\/li>\n<li><a href=\"#malformed\">The Malformed \/ Der Deformierte<\/a><\/li>\n<li><a href=\"#scavenger\">The Scavenger \/ Der Aasfresser<\/a><\/li>\n<li><a href=\"#siegebreaker\">The Siegebreaker \/ Der Belagerungsbrecher<\/a><\/li>\n<li><a href=\"#skeleton\">The Skeleton \/ Das Skelett<\/a><\/li>\n<li><a href=\"#unburied\">The Unburied \/ Der Unbegrabene<\/a><\/li>\n<li><a href=\"#thousandpounder\">The Thousandpounder \/ Der Tausendpf\u00fcnder<\/a><\/li>\n<li><a href=\"#undead\">The Undead \/ Die Untoten<\/a><\/li>\n<\/ol>\n<p><a name=\"bat\"><\/a><\/p>\n<h2>The Bat \/ Die Fledermaus<\/h2>\n<p><img loading=\"lazy\" decoding=\"async\" class=\"alignleft size-full wp-image-481\" title=\"Fledermaus\" src=\"http:\/\/135.181.204.8\/wordpress\/wp-content\/uploads\/2011\/06\/Fledermaus.jpg\" alt=\"\" width=\"240\" height=\"176\"><\/p>\n<p>F\u00fcr diese kleinen gefl\u00fcgelten D\u00e4monen, die das erste Mal im <strong>Diablo 3<\/strong> Trailer der <em>Zauberin<\/em> auftauchen, existiert noch kein offizieller Name. Sie scheinen jedoch den diversen Flederm\u00e4usen aus den beiden Vorg\u00e4ngern sehr \u00e4hnlich zu sein. Sie scheinen unter anderem auch deren Blitzattacke zu beherrschen.<\/p>\n<p><a name=\"beast\"><\/a><\/p>\n<h2>The Beast \/ Das Untier<\/h2>\n<p><img loading=\"lazy\" decoding=\"async\" class=\"alignleft size-full wp-image-535\" title=\"Untier\" src=\"http:\/\/diablo3.ingame.de\/files\/2011\/06\/Untier.jpg\" alt=\"\" width=\"240\" height=\"176\"><\/p>\n<p>Diese nicht n\u00e4her beschriebenen Kreaturen tauchen auf diversen <strong>Diablo 3<\/strong> Screenshots als &#8222;Beasts&#8220; auf. Es scheint sich hierbei um Tiere zu handeln, die in der freien Wildbahn Sanktuarios anzutreffen sind und ein wenig aggressiv auf Passanten reagieren. Eine Verbindung zu den M\u00e4chten des B\u00f6sen ist unwahrscheinlich.<\/p>\n<p><a name=\"berserker\"><\/a><\/p>\n<h2>The Berserker \/ Der Berserker<\/h2>\n<p><img loading=\"lazy\" decoding=\"async\" class=\"alignleft size-full wp-image-519\" title=\"Berserker\" src=\"http:\/\/diablo3.ingame.de\/files\/2011\/06\/Berserker.jpg\" alt=\"\" width=\"240\" height=\"176\"><\/p>\n<p>Die Berserker, die mit einem gewaltigen Streitkolben bewaffnet sind, scheinen die Leibwachen der dunklen Kultisten zu sein. Sie k\u00f6nnen mit ihrer Waffe einen m\u00e4chtigen Schwung \u00fcber den Kopf ausf\u00fchren, der enormen Schaden ausrichtet. Zum Gl\u00fcck kann man am Leuchten ihrer Waffe sehen, wenn sie einen solchen Schlag vorbereiten, und dann leicht ausweichen. Wenn er sein Ziel verfehlt hat, bleibt der Streitkolben im Boden stecken &#8211; ideal, um den f\u00fcr kurze Zeit unbewaffneten Berserker zu t\u00f6ten.<\/p>\n<p><a name=\"darkcultist\"><\/a><\/p>\n<h2>The Dark Cultist \/ Der Dunkle Kultist<\/h2>\n<p><img loading=\"lazy\" decoding=\"async\" class=\"alignleft size-full wp-image-523\" title=\"Dunkler_Kultist\" src=\"http:\/\/135.181.204.8\/wordpress\/wp-content\/uploads\/2011\/06\/Dunkler_Kultist.jpg\" alt=\"\" width=\"240\" height=\"176\"><\/p>\n<p>Die Dunklen Kultisten sind eine neue Monsterklasse in <strong>Diablo 3<\/strong>.<br \/>\nSie sind f\u00fcr den direkten Kampf eher notd\u00fcrftig ausgestattet, k\u00f6nnen in ihren grausamen Ritualen aber umso t\u00f6dlichere Bestien wie den Thousandpounder (Tausendpf\u00fcnder) herbeirufen oder sich selbst in tickende Zeitbomben verwandeln.<\/p>\n<p>\u00dcber den Kult, dem sie anh\u00e4ngen, ist nicht viel bekannt. Es steht jedoch fest, dass dieser dunkle Kult sich den M\u00e4chten des B\u00f6sen verschrieben hat und somit den k\u00fcnftigen Helden entgegentreten wird.<br \/>\nDie Herkunft der Kultisten ist ebenfalls ungewiss, auch, ob sie \u00fcberhaupt menschlichen Ursprungs sind. Dunkle Kultisten haben ihr Leben wortw\u00f6rtlich dem Kult verschrieben und opfern sich bedingungslos selbst, wenn ein Ritual es erfordert.<\/p>\n<p><a name=\"dunethresher\"><\/a><\/p>\n<h2>The Dune Thresher \/ Der D\u00fcnenhai<\/h2>\n<p><img loading=\"lazy\" decoding=\"async\" class=\"alignleft size-full wp-image-475\" title=\"D\u00fcnenhai\" src=\"http:\/\/diablo3.ingame.de\/files\/2011\/06\/D\u00fcnenhai.jpg\" alt=\"\" width=\"240\" height=\"176\"><\/p>\n<p>Der D\u00fcnenhai ist ein <em>Monster<\/em>, das von Blizzard schon angek\u00fcndigt wurde, aber bislang nicht im Spiel zu sehen war. Entsprechend ist bisher kaum etwas \u00fcber ihn bekannt. D\u00fcnenhaie scheinen ausschlie\u00dflich im Sand zu leben, aber sie k\u00f6nnen Spieler auch angreifen, wenn diese am Rand von Felsen und \u00e4hnlich festem Untergrund sind. Sie springen dazu kurz auf den Felsen.<\/p>\n<p><a name=\"fallen\"><\/a><\/p>\n<h2>The Fallen Ones \/ Die Gefallenen<\/h2>\n<p>Bei den Gefallenen handelte es sich einst um wichtige D\u00e4monen der Brennenden H\u00f6llen. Sie dienten Azmodan, der versuchte, Diablos Macht an sich zu rei\u00dfen. Nach dem Fehlschlagen dieses Versuchs bekamen die Gefallenen <em>Diablos<\/em> ganze Wut zu sp\u00fcren, der sie in l\u00e4cherliche Kobolde verwandelte.<br \/>\nAzmodan dachte nicht daran, sie zur\u00fcck zu verwandeln und so sollten sie auf ewig zu seiner Belustigung dienen.<\/p>\n<p>Wenn Azmodan seine Diener aussendet, k\u00f6nnen sie binnen Minuten ganze D\u00f6rfer ausl\u00f6schen. Trotz ihrer schmalen Statur und ihrem affengleichen K\u00f6rper haben sie eine erstaunliche St\u00e4rke und eine enorme Beweglichkeit.<\/p>\n<p>Insgesamt gibt es 5 Arten von Gefallenen:<\/p>\n<table>\n<tbody>\n<tr>\n<td><a href=\"http:\/\/diablo3.ingame.de\/files\/2011\/06\/Fallen1.jpg\"><img loading=\"lazy\" decoding=\"async\" class=\"alignleft size-thumbnail wp-image-501\" title=\"Fallen1\" src=\"http:\/\/diablo3.ingame.de\/files\/2011\/06\/Fallen1-150x150.jpg\" alt=\"\" width=\"85\" height=\"85\"><\/a><\/td>\n<td>Diesen Vertreter der Gefallenen wird man wohl am h\u00e4ufigsten treffen.<br \/>\nDie Kobolde entsprechen genau dem Bild, das man von einem Gefallenen hat: klein, rot, b\u00f6se und feige!<\/td>\n<\/tr>\n<tr>\n<td><a href=\"http:\/\/diablo3.ingame.de\/files\/2011\/06\/Fallen2.jpg\"><img loading=\"lazy\" decoding=\"async\" class=\"alignleft size-thumbnail wp-image-525\" title=\"Fallen2\" src=\"http:\/\/diablo3.ingame.de\/files\/2011\/06\/Fallen2-150x150.jpg\" alt=\"\" width=\"85\" height=\"85\"><\/a><\/td>\n<td>Die Schamanen \u00e4hneln ihrer Version aus Diablo 2. Sie werden auch in Diablo 3 wieder die Toten zum leben erwecken k\u00f6nnen und so f\u00fcr einige gef\u00e4hrliche Situationen sorgen!<\/td>\n<\/tr>\n<tr>\n<td><a href=\"http:\/\/diablo3.ingame.de\/files\/2011\/06\/Fallen3.jpg\"><img loading=\"lazy\" decoding=\"async\" class=\"alignleft size-thumbnail wp-image-479\" title=\"Fallen3\" src=\"http:\/\/diablo3.ingame.de\/files\/2011\/06\/Fallen3-150x150.jpg\" alt=\"\" width=\"85\" height=\"85\"><\/a><\/td>\n<td>Die Wahnsinnigen st\u00fcrzen sich auf ihre Gegner und scheinen auf sich selbst einzustechen, bis sie explodieren und unvorsichtige Helden mit in den Tod rei\u00dfen.<\/td>\n<\/tr>\n<tr>\n<td><a href=\"http:\/\/diablo3.ingame.de\/files\/2011\/06\/Fallen4.jpg\"><img loading=\"lazy\" decoding=\"async\" class=\"alignleft size-thumbnail wp-image-503\" title=\"Fallen4\" src=\"http:\/\/diablo3.ingame.de\/files\/2011\/06\/Fallen4-150x150.jpg\" alt=\"\" width=\"85\" height=\"85\"><\/a><\/td>\n<td>Die Aufseher treiben die Kobolde an und nehmen ihre ansonsten angeborene Angst, was sie zu gef\u00e4hrlichen Kriegern macht, besonders, wenn man sie in gr\u00f6\u00dferen Ansammlungen von Kobolden antrifft.<\/td>\n<\/tr>\n<tr>\n<td><a href=\"http:\/\/diablo3.ingame.de\/files\/2011\/06\/Fallen5.jpg\"><img loading=\"lazy\" decoding=\"async\" class=\"alignleft size-thumbnail wp-image-527\" title=\"Fallen5\" src=\"http:\/\/diablo3.ingame.de\/files\/2011\/06\/Fallen5-150x150.jpg\" alt=\"\" width=\"85\" height=\"85\"><\/a><\/td>\n<td>Die Jagdhunde sind die d\u00e4monischen Wach- und Lasttiere ihrer Herren, den Gefallenen. Sie treten meist in gr\u00f6\u00dferen Gruppen auf und dienen ihren Herren loyal, trotz aller Misshandlungen!<\/td>\n<\/tr>\n<\/tbody>\n<\/table>\n<p><a name=\"ghoul\"><\/a><\/p>\n<h2>The Ghoul \/ Der Ghul<\/h2>\n<p><img loading=\"lazy\" decoding=\"async\" class=\"alignleft size-full wp-image-505\" title=\"Ghul\" src=\"http:\/\/diablo3.ingame.de\/files\/2011\/06\/Ghul.jpg\" alt=\"\" width=\"240\" height=\"176\"><\/p>\n<p>Der Ghul ist ein einfaches Wesen, dessen einzige St\u00e4rke in roher Gewalt besteht. Diese Ghuls haben nicht viel gemein mit den schwerf\u00e4lligen und verfaulenden Ghuls aus <strong>Diablo 2<\/strong>. In <strong>Diablo 3<\/strong> sind sie flink, wendig und k\u00f6nnen sogar an W\u00e4nden und Decken entlangklettern. Dadurch haben sie auch oft das \u00dcberraschungsmoment auf ihrer Seite, wenn sie in Sch\u00e4chten, unter Br\u00fccken und \u00fcber D\u00e4chern ihren Opfern auflauern.<\/p>\n<p>Ghuls sind immer in gr\u00f6\u00dferen Gruppen unterwegs, allerdings ohne dabei eine besondere Taktik zu verfolgen. Es sind einfach nur viele. Verdammt viele.<\/p>\n<p><a name=\"gnarledwalker\"><\/a><\/p>\n<h2>The Gnarled Walker \/ Der Knorrige Wandler<\/h2>\n<p><img loading=\"lazy\" decoding=\"async\" class=\"alignleft size-full wp-image-507\" title=\"Knorriger_Wandler\" src=\"http:\/\/135.181.204.8\/wordpress\/wp-content\/uploads\/2011\/06\/Knorriger_Wandler.jpg\" alt=\"\" width=\"240\" height=\"176\"><\/p>\n<p>Ebenfalls eine neue Monsterklasse in <strong>Diablo 3<\/strong>, entstammen diese wandelnden B\u00e4ume dem Festering Wood (zu Deutsch: eitriger Wald). Sie erinnern ein wenig an die Ents aus dem Herrn der Ringe, sind aber im Gegensatz zu diesen gegen\u00fcber den Menschen nicht sehr gutm\u00fctig gestimmt.<\/p>\n<p>Wie genau diese B\u00e4ume zum Leben erweckt werden, ist nicht restlos gekl\u00e4rt: Dunkle Magie? Ein Waldgeist? B\u00f6se M\u00e4chte?<\/p>\n<p>Die Ger\u00fcchte um den Festering Wood (dass beispielsweise der Boden pl\u00f6tzlich einen ganzen Menschen verschlingt) deuten eher auf Letzteres hin&#8230;<\/p>\n<p>So wird auch vermutet, dass diese Wesen keine richtigen B\u00e4ume sind, sondern als solche getarnte dunkle M\u00e4chte.<\/p>\n<p>Denn die Knorrigen Wandler ern\u00e4hren sich nicht &#8211; wie ihre fest verwurzelten Verwandten &#8211; durch Wasser, sondern bevorzugen es, Menschen oder Tiere ihre Lebensenergie zu entziehen. Die Tarnung als Baum w\u00fcrde sich bei dieser Jagd als \u00e4u\u00dferst n\u00fctzlich erweisen&#8230;<\/p>\n<p><a name=\"grotesque\"><\/a><\/p>\n<h2>The Grotesque \/ Der Groteske<\/h2>\n<p><img loading=\"lazy\" decoding=\"async\" class=\"alignleft size-full wp-image-529\" title=\"Grotesker\" src=\"http:\/\/diablo3.ingame.de\/files\/2011\/06\/Grotesker.jpg\" alt=\"\" width=\"240\" height=\"176\"><\/p>\n<p>Der Groteske wirkt auf den ersten Blick unbeholfen und ungef\u00e4hrlich, aber sobald der <em>Held<\/em> in die N\u00e4he dieses Wesens kommt, sprengt es sich in einer gewaltigen Explosion in die Luft und hinterl\u00e4sst zu allem \u00dcberfluss noch einige schlangenartige Wesen (dem <a href=\"http:\/\/de.wikipedia.org\/wiki\/Neunauge\">Neunauge<\/a> verwandt), die sich scheinbar in seinem Inneren aufgehalten haben.<\/p>\n<p><a name=\"khazra\"><\/a><\/p>\n<h2>The Khazra \/ Die Khazra<\/h2>\n<p><img loading=\"lazy\" decoding=\"async\" class=\"alignleft size-full wp-image-483\" title=\"Khazra\" src=\"http:\/\/diablo3.ingame.de\/files\/2011\/06\/Khazra.jpg\" alt=\"\" width=\"240\" height=\"176\"><\/p>\n<p>Diese uns wohlbekannten Ziegenm\u00e4nner kommen auch in <strong>Diablo 3<\/strong> wieder zum Vorschein.<\/p>\n<p>Neueste Entdeckungen deuten darauf hin, dass diese Kreaturen einst Menschen waren und den Torajan Dschungel im \u00f6stlichen Kontinent bewohnten. Einst ein Volk von friedlichen Bauern der Umbaru-St\u00e4mme, wurden viele dieser Menschen w\u00e4hrend der Magierkriege von den Vizjerei als (durch D\u00e4monen gest\u00e4rkte) K\u00e4mpfer versklavt und durch die d\u00e4monische Kraft in Ziegenm\u00e4nner verwandelt.<\/p>\n<p>Vom Krieg verbittert, hatten die Umbaru nur noch die Rache an den Vizjerei im Sinn und gingen so weit, dass sie einen gefangen genommenen Magier dazu zwangen, auch die restlichen Menschen in Ziegenm\u00e4nner zu verwandeln &#8211; mit dem Ziel, ihre grausamen Herren zu st\u00fcrzen. Der dadurch errungene Sieg hatte allerdings seinen Preis: Sie mussten von nun an einem neuen Herren dienen, dem D\u00e4monen Zagraal. Dieser nahm ihnen das letzte bischen Menschlichkeit und machte sie zu blutdurstigen Horden, die D\u00f6rfer \u00fcberfielen und Menschenopfer f\u00fcr ihren Herren beschafften. In diesen Zeiten wurde ihnen der Name &#8222;Khazra&#8220; zugeschrieben, der in der Sprache der Umbaru soviel hei\u00dft wie &#8222;D\u00e4mon&#8220; oder &#8222;Teufel&#8220;. Als <em>Hexendoktoren<\/em> ihrer einstigen verb\u00fcndeten Umbaru-St\u00e4mme den D\u00e4monen Zagraal t\u00f6teten, verloren die Khazra an Kraft und zerstreuten sich.<\/p>\n<p>Lange Zeit sah man die Ziegenm\u00e4nner nur noch vereinzelt in den W\u00e4ldern Sanktuarios, doch in letzter Zeit h\u00e4ufen sich die Ger\u00fcchte \u00fcber eine Wiedergeburt dieser einst gef\u00fcrchteten d\u00e4monischen Armee&#8230;<\/p>\n<p><a name=\"malformed\"><\/a><\/p>\n<h2>The Malformed \/ Der Deformierte<\/h2>\n<p><img loading=\"lazy\" decoding=\"async\" class=\"alignleft size-full wp-image-497\" title=\"Deformierter\" src=\"http:\/\/135.181.204.8\/wordpress\/wp-content\/uploads\/2011\/06\/Deformierter.jpg\" alt=\"\" width=\"240\" height=\"176\"><\/p>\n<p>Die Deformierten machen ihrem Namen alle Ehre, denn ihre mehrk\u00f6pfigen, mit M\u00e4ulern und Klauen \u00fcbers\u00e4hten K\u00f6rper erinnern an keine bislang bekannte H\u00f6llenkreatur. Ihre riesigen, mit Stacheln bewehrten Arme lassen darauf schlie\u00dfen, dass sich diese Monster vor allem in Nahkampf finden lassen.<\/p>\n<p><a name=\"scavenger\"><\/a><\/p>\n<h2>The Scavenger \/ Der Aasfresser<\/h2>\n<p><img loading=\"lazy\" decoding=\"async\" class=\"alignleft size-full wp-image-493\" title=\"Aasfresser\" src=\"http:\/\/135.181.204.8\/wordpress\/wp-content\/uploads\/2011\/06\/Aasfresser.jpg\" alt=\"\" width=\"240\" height=\"176\"><\/p>\n<p>Anders, als der Name vermuten l\u00e4sst, ern\u00e4hrt sich dieses Monster nicht ausschlie\u00dflich von Aas. In kleinen Rudeln unterwegs, graben sich die Aasfresser \u00e4hnlich dem D\u00fcnenhai durch die Erde, um mit einem gewaltigen Satz ihrem n\u00e4chsten Opfer an die Kehle zu springen. Die Aasfresser sind anatomisch mit den Springern aus <strong>Diablo 2<\/strong> verwandt, weswegen sie von vielen Forschern der gleichen Gattung zugeordnet werden.<\/p>\n<p><a name=\"siegebreaker\"><\/a><\/p>\n<h2>The Siegebreaker \/ Der Belagerungsbrecher<\/h2>\n<p><img loading=\"lazy\" decoding=\"async\" class=\"alignleft size-full wp-image-471\" title=\"Belagerungsbrecher\" src=\"http:\/\/135.181.204.8\/wordpress\/wp-content\/uploads\/2011\/06\/Belagerungsbrecher.jpg\" alt=\"\" width=\"240\" height=\"176\"><\/p>\n<p>Die Gefahr, die von diesem netten Gesellen ausgeht, bekommt jeder zu sp\u00fcren, der ihn jemals gesehen oder auch nur geh\u00f6rt hat. Mehrere Meter gro\u00df, muskelbepackt, gepanzert und mit klingenbesetzten H\u00e4nden ausgestattet, ist er die T\u00f6tungsmaschine schlechthin. F\u00fcr welche Armee dieses Monstrum in <strong>Diablo 3<\/strong> k\u00e4mpft ist leider nocht nicht gekl\u00e4rt.<\/p>\n<p><a name=\"skeleton\"><\/a><\/p>\n<h2>The Skeleton \/ Das Skelett<\/h2>\n<p><img loading=\"lazy\" decoding=\"async\" class=\"alignleft size-full wp-image-531\" title=\"Skelett\" src=\"http:\/\/diablo3.ingame.de\/files\/2011\/06\/Skelett.jpg\" alt=\"\" width=\"240\" height=\"176\"><\/p>\n<p>Wie in <strong>Diablo<\/strong> 1 und 2 wird der Spieler auch im dritten Teil wieder auf diese fleischlosen Gesellen treffen, die seit je her in Rollenspielen ihr Zuhause gefunden haben.<\/p>\n<p>Skelette werden durch Magie erschaffen und bestehen nicht immer ausschlie\u00dflich aus den Knochen eines einzigen Toten. Oftmals kommt es vor, dass ein Skelett sich aus den unversehrten Knochen mehrerer Leichen zusammensetzt. Es ist somit einem fortgeschrittenen Beschw\u00f6rer m\u00f6glich, aus den im Kampf zerst\u00f6rten Skeletten eine neue Skelettarmee aufzubauen. Nur restlose Zerst\u00f6rung der Knochen (z.B. durch Verbrennen) sorgt daf\u00fcr, dass sich diese Gebeine nie wieder erheben. Die Intelligenz eines Skelettes basiert auf den F\u00e4higkeiten des Beschw\u00f6rers. Hierbei ist auch entscheidend, wie er diese F\u00e4higkeiten einsetzt. So ist es beispielsweise schwieriger und aufw\u00e4ndiger, ein Skelett mit einem Feuerball statt einem stumpfen Schwert auszustatten. Mit dem \u00e4hnlichen Aufwand l\u00e4sst sich im Gegenzug aber eine gr\u00f6\u00dfere Gruppe Skelettkrieger erschaffen, die auch ohne magische Begabung eine t\u00f6dliche Bedrohung darstellen.<\/p>\n<p>In <strong>Diablo 3<\/strong> scheinen Skelette mit Schilden eine besondere Rolle zu spielen. Sie werden vermutlich in der Lage sein, bestimmte Verteidigungsformationen und -strategien umzusetzen.<\/p>\n<p>Bei den Skeletten sind bereits folgende Klassen bekannt:<\/p>\n<table>\n<tbody>\n<tr>\n<td><img loading=\"lazy\" decoding=\"async\" class=\"alignleft size-full wp-image-485\" title=\"Skelett1\" src=\"http:\/\/diablo3.ingame.de\/files\/2011\/06\/Skelett1.jpg\" alt=\"\" width=\"100\" height=\"100\"><\/td>\n<td>Aus <strong>Diablo 2<\/strong> bekannt: Das normale <strong>Skelett<\/strong>, das mit Nahkampfwaffen ausgestattet ist.Die einfachste Form der Skelett-Klasse, die mit keinem besonderen Schutz ausgestattet ist, aber aufgrund der gro\u00dfen Masse gef\u00e4hrlich wird.<\/td>\n<\/tr>\n<tr>\n<td><img loading=\"lazy\" decoding=\"async\" class=\"alignleft size-full wp-image-485\" title=\"Skelett1\" src=\"http:\/\/diablo3.ingame.de\/files\/2011\/06\/Skelett2.jpg\" alt=\"\" width=\"100\" height=\"100\"><\/td>\n<td>Eine neue Skelett-Form sind die <strong>Schildtr\u00e4ger<\/strong>.Sie sind fortgeschrittenere K\u00e4mpfer als die normalen Skelette, da sie sich mit Schilden vor Angriffen sch\u00fctzen k\u00f6nnen. Das Leuchten der Schilde ist nicht nur zum besseren Erkennen der Schild-Skelette gedacht, es ist auch ein Indikator f\u00fcr den Zustand des Schildes: Je schw\u00e4cher das Leuchten, desto mehr nimmt auch die Stabilit\u00e4t des Schildes ab &#8211; erlischt das Leuchten, ist auch der Schild zerst\u00f6rt.<\/td>\n<\/tr>\n<tr>\n<td><img loading=\"lazy\" decoding=\"async\" class=\"alignleft size-full wp-image-485\" title=\"Skelett1\" src=\"http:\/\/diablo3.ingame.de\/files\/2011\/06\/Skelett3.jpg\" alt=\"\" width=\"100\" height=\"100\"><\/td>\n<td>Aus <strong>Diablo 2<\/strong> ebenfalls bekannt sind die <strong>Bogensch\u00fctzen.<\/strong>Sie stehen immer in der hintersten Reihe und sind zusammen mit den blockenden Schildtr\u00e4gern eine t\u00f6dliche Kombination.<\/td>\n<\/tr>\n<tr>\n<td><img loading=\"lazy\" decoding=\"async\" class=\"alignleft size-full wp-image-485\" title=\"Skelett1\" src=\"http:\/\/diablo3.ingame.de\/files\/2011\/06\/Skelett4.jpg\" alt=\"\" width=\"100\" height=\"100\"><\/td>\n<td>Der Skelett-<strong>Beschw\u00f6rer<\/strong> wird wahrscheinlich andere Skelette herbeirufen k\u00f6nnen.<br \/>\nOffensichtlich ist er auch in der Lage, offensive Zauberspr\u00fcche zu wirken.<\/td>\n<\/tr>\n<\/tbody>\n<\/table>\n<p><a name=\"unburied\"><\/a><\/p>\n<h2>The Unburied \/ Der Unbegrabene<\/h2>\n<p><img loading=\"lazy\" decoding=\"async\" class=\"alignleft size-full wp-image-511\" title=\"Unbegrabener\" src=\"http:\/\/135.181.204.8\/wordpress\/wp-content\/uploads\/2011\/06\/Unbegrabener.jpg\" alt=\"\" width=\"240\" height=\"176\"><\/p>\n<p>Die Unbegrabenen sind gro\u00dfe, stachelige Monstr\u00f6sit\u00e4ten, die aus vielen verwesenden Leichen zu bestehen scheinen. Sie besitzen viele K\u00f6pfe mit Messerscharfen Z\u00e4hnen. Sie ern\u00e4hren sich vom Leid der Menschen und treten haupts\u00e4chlich in der N\u00e4he von Gr\u00e4bern auf. Ein nicht zu untersch\u00e4tzender Feind!<\/p>\n<p><a name=\"thousandpounder\"><\/a><\/p>\n<h2>The Thousandpounder \/ Der Tausendpf\u00fcnder<\/h2>\n<p><img loading=\"lazy\" decoding=\"async\" class=\"alignleft size-full wp-image-547\" title=\"Tausendpf\u00fcnder\" src=\"http:\/\/135.181.204.8\/wordpress\/wp-content\/uploads\/2011\/06\/Tausendpfunder.jpg\" alt=\"\" width=\"240\" height=\"176\"><\/p>\n<p>Der Thousandpounder (1000 Pfund entsprechen ca. 500 Kilogramm) ist ein rundlicher Koloss, der im <strong>Diablo 3<\/strong> Gameplay-Video von einer Gruppe Dark Cultists beschworen wird. Er wird in eine Art Rage versetzt, wenn seine Lebenspunkte unter eine gewisse Grenze fallen &#8211; hier ist dann besondere Vorsicht geboten&#8230;<\/p>\n<p><a name=\"undead\"><\/a><\/p>\n<h2>The Undead \/ Die Untoten<\/h2>\n<p>Sind Skelette nicht auch Untote? In der Tat, das sind sie. Aber der \u00dcbersicht halber haben wir uns entschlossen, den etwas umfangreicheren Bereich der Skelett-Klassen gesondert zu behandeln.<\/p>\n<p>Die hier beschriebenen untoten Gesellen reihen sich in die Riege der aus anderen Spielen oder auch Filmen bekannten wandelnden Toten und spukenden Geister ein.<\/p>\n<table>\n<tbody>\n<tr>\n<td><img loading=\"lazy\" decoding=\"async\" class=\"alignleft size-full wp-image-489\" title=\"Untot1\" src=\"http:\/\/diablo3.ingame.de\/files\/2011\/06\/Untot1.jpg\" alt=\"\" width=\"100\" height=\"100\"><\/td>\n<td>Im Gameplay-Video tauchen diese Verwandten der <strong>Diablo 2<\/strong>&#8211;<strong>Geister<\/strong> als Bewacher einer Truhe auf, sozusagen als Falle.<br \/>\nInwiefern diese Gespenster \u00fcber Fallen hinaus in <strong>Diablo 3<\/strong> eine Rolle spielen werden, ist noch nicht gekl\u00e4rt.<\/td>\n<\/tr>\n<tr>\n<td><img loading=\"lazy\" decoding=\"async\" class=\"alignleft size-full wp-image-489\" title=\"Untot2\" src=\"http:\/\/diablo3.ingame.de\/files\/2011\/06\/Untot2.jpg\" alt=\"\" width=\"100\" height=\"100\"><\/td>\n<td>Von wem die <strong>verdammten Toten<\/strong> verdammt wurden, l\u00e4sst sich nur erahnen.<br \/>\nSie sind jedenfalls von der einfacheren Sorte und \u00e4hnlich den Zombies eher schwerf\u00e4llig.<\/td>\n<\/tr>\n<tr>\n<td><img loading=\"lazy\" decoding=\"async\" class=\"alignleft size-full wp-image-489\" title=\"Untot3\" src=\"http:\/\/diablo3.ingame.de\/files\/2011\/06\/Untot3.jpg\" alt=\"\" width=\"100\" height=\"100\"><\/td>\n<td>Die ziemlich grobschl\u00e4chtigen <strong>wandelnden Leichname<\/strong> sind nicht allzu leicht zu besiegen.<br \/>\nSelbst wenn sie zweigeteilt wurden, lebt ihr Rumpf als <strong>kriechender Torso<\/strong> weiter.<\/td>\n<\/tr>\n<tr>\n<td><img loading=\"lazy\" decoding=\"async\" class=\"alignleft size-full wp-image-489\" title=\"Untot5\" src=\"http:\/\/diablo3.ingame.de\/files\/2011\/06\/Untot5.jpg\" alt=\"\" width=\"100\" height=\"100\"><\/td>\n<td>Die altbekannten <strong>Zombies<\/strong> d\u00fcrfen nat\u00fcrlich auch in <strong>Diablo 3<\/strong> nicht fehlen.<br \/>\nSie sind ein eher leichter Gegner, der sich nur langsam bewegt und auch nicht allzu viel Schlagkraft besitzt.<\/td>\n<\/tr>\n<\/tbody>\n<\/table>\n","protected":false},"excerpt":{"rendered":"<p>Die Monsternamen, die nicht auf der offiziellen Seite angegeben sind, sind von inDiablo zum besseren Verst\u00e4ndnis \u00fcbersetzt worden. Dies sind keine offiziell best\u00e4tigten Monsternamen f\u00fcr die deutsche Version von Diablo 3. The Bat \/ Die Fledermaus The Beast \/ Das Untier The Berserker \/ Der Berserker The Dark Cultist \/ Der Dunkle Kultist The Dune&hellip; <a class=\"more-link\" href=\"https:\/\/planetdiablo.eu\/de\/diablo-3\/die-monster-in-diablo-3\/\"><span class=\"screen-reader-text\">Diablo 3 &#8211; Die Monster<\/span> weiterlesen<\/a><\/p>\n","protected":false},"author":749,"featured_media":0,"parent":47,"menu_order":91,"comment_status":"closed","ping_status":"open","template":"","meta":{"footnotes":""},"class_list":["post-455","page","type-page","status-publish","hentry","entry"],"_links":{"self":[{"href":"https:\/\/planetdiablo.eu\/de\/wp-json\/wp\/v2\/pages\/455","targetHints":{"allow":["GET"]}}],"collection":[{"href":"https:\/\/planetdiablo.eu\/de\/wp-json\/wp\/v2\/pages"}],"about":[{"href":"https:\/\/planetdiablo.eu\/de\/wp-json\/wp\/v2\/types\/page"}],"author":[{"embeddable":true,"href":"https:\/\/planetdiablo.eu\/de\/wp-json\/wp\/v2\/users\/749"}],"replies":[{"embeddable":true,"href":"https:\/\/planetdiablo.eu\/de\/wp-json\/wp\/v2\/comments?post=455"}],"version-history":[{"count":1,"href":"https:\/\/planetdiablo.eu\/de\/wp-json\/wp\/v2\/pages\/455\/revisions"}],"predecessor-version":[{"id":586126,"href":"https:\/\/planetdiablo.eu\/de\/wp-json\/wp\/v2\/pages\/455\/revisions\/586126"}],"up":[{"embeddable":true,"href":"https:\/\/planetdiablo.eu\/de\/wp-json\/wp\/v2\/pages\/47"}],"wp:attachment":[{"href":"https:\/\/planetdiablo.eu\/de\/wp-json\/wp\/v2\/media?parent=455"}],"curies":[{"name":"wp","href":"https:\/\/api.w.org\/{rel}","templated":true}]}}