{"id":475301,"date":"2011-08-14T11:50:52","date_gmt":"2011-08-14T09:50:52","guid":{"rendered":"http:\/\/diablo3.ingame.de\/?page_id=475301"},"modified":"2023-02-22T11:02:10","modified_gmt":"2023-02-22T09:02:10","slug":"das-world-event","status":"publish","type":"page","link":"https:\/\/planetdiablo.eu\/de\/diablo-2\/das-world-event\/","title":{"rendered":"Diablo 2 &#8211; Das World Event"},"content":{"rendered":"<p><img loading=\"lazy\" decoding=\"async\" class=\"newsimage aligncenter size-full wp-image-475291\" src=\"\/wp-content\/uploads\/2011\/08\/world-event01.jpg\" alt=\"Diablo 2 Worldevent\" width=\"200\" height=\"97\" \/><\/p>\n<p>Bei dem World Event handelt es sich um ein spezielles Ereignis in der Spielwelt von Diablo 2: Es wird ein m\u00e4chtiger <b>\u00dcber Diablo<\/b> in die Welt gesetzt, den es zu besiegen gilt. Die Belohnung f\u00fcr den Sieg \u00fcber den \u00dcber Diablo ist der <i><span class=\"dcuni\">unique Zauber Vernichtikus<\/span><\/i>, welcher nur auf diesem Wege gefunden und pro Charakter nur einmal getragen werden kann:<\/p>\n<p><img loading=\"lazy\" decoding=\"async\" class=\"size-full wp-image-584058 alignleft\" src=\"https:\/\/planetdiablo.eu\/de\/wp-content\/uploads\/2022\/02\/mephisto_soul_stone.png\" alt=\"Seelenstein\" width=\"98\" height=\"98\" \/><\/p>\n<div class=\"uni\"><span class=\"dcunib\">Vernichtikus \/ Annihilus<\/span><br \/>\n<span class=\"dcuni\">Kleiner Zauber \/ Small Charm<\/span><br \/>\nBen\u00f6tigtes Level: 70<br \/>\n<span class=\"dcmag\">+1 zu allen Fertigkeiten<br \/>\n10-20 zu allen Attributen<br \/>\nAlle Widerstandsarten +10-20<br \/>\n+5-10% zu gesammelter Erfahrung<\/span><\/div>\n<p>\u00dcber Diablo wird h\u00e4ufig (wie auch im Folgenden) mit <b>Diablo Clone <\/b>bezeichnet, was die von von Blizzard w\u00e4hrend der Betaphase verwendete Bezeichnung widerspiegelt; im Spiel selbst hei\u00dft er schlicht <i>Diablo<\/i>.<\/p>\n<hr \/>\n<p>Um solch ein Event auszul\u00f6sen, m\u00fcssen <a href=\"https:\/\/planetdiablo.eu\/d2dbneu\/itemdb\/unique_display.php?itemid=122\"><span class=\"dcunib\">Steine von Jordan<\/span><\/a> (<span class=\"dcuni\">Stone of Jordan \/ <\/span>SoJ) an H\u00e4ndler verkauft werden.<\/p>\n<p>Sobald man einen SoJ an einen H\u00e4ndler verkauft, erscheint im Chat die Nachricht &#8222;Ein Gegenstand wurde dem Herrn des Schreckens geopfert.&#8220; \/ &#8222;<span class=\"has-inline-color has-d-2-character-names-and-speech-color\">An item has been sacrificed to the Lord of Terror.<\/span>&#8220; (man sollte sich dabei im Klaren sein, dass man einen SoJ nach dem Verkaufen im Gegensatz zu anderen Gegenst\u00e4nden nicht wieder zur\u00fcck kaufen kann!).<\/p>\n<p>Je nachdem, wie viele SoJs verkauft wurden, werden nun 6 Stufen durchlaufen, welche folgenderma\u00dfen im Chat angezeigt werden:<\/p>\n<ol>\n<li>Der Blick des Schreckens ruht auf Sanktuario \/ Terror gazes upon Sanctuary<\/li>\n<li>Der Schrecken n\u00e4hert sich Sanktuario \/ Terror approaches Sanctuary<\/li>\n<li>Der Schrecken manifestiert sich in Sanktuario \/ Terror begins to form within Sanctuary<\/li>\n<li>Der Schrecken breitet sich in Sanktuario aus \/ Terror spreads across Sanctuary<\/li>\n<li>Der Schrekchen wird bald in Sanktuario entfesselt \/ Terror is about to be unleashed upon Sanctuary<\/li>\n<li>Diablo ist in Sanktuario eingedrungen \/ Diablo has invaded Sanctuary<\/li>\n<\/ol>\n<p>Bei Schritt 6 erscheint der Diablo Clone im Spiel.<\/p>\n<h2>Interessantes<\/h2>\n<ul>\n<li>Das World Event ist ein <i>zuf\u00e4lliges<\/i> Ereignis in der Diablo 2 Welt, welches von der Anzahl der verkauften <a href=\"https:\/\/planetdiablo.eu\/d2dbneu\/itemdb\/unique_display.php?itemid=122\"><span class=\"dcunib\">Steine von Jordan<\/span><\/a> (<span class=\"dcuni\">Stone of Jordan \/ <\/span>SoJ) in der Region (Asien \/ Europa \/ Amerika) abh\u00e4ngt.<\/li>\n<li>Es m\u00fcssen zwischen 75 und 125 (die genaue Anzahl scheint zuf\u00e4llig zu sein) Steine von Jordan verkauft werden, damit in allen Spielen auf dem Realm im Schwierigkeitsgrad <i>H\u00f6lle<\/i> das World Event ausgel\u00f6st wird (bei D2:2K ist das Event auf den Server begrenzt, auf dem die SoJs verkauft wurden).<\/li>\n<li>Im Chat kann man mit dem Befehl &#8222;\/uberdiablo&#8220; die aktuelle Stufe abfragen.<\/li>\n<li>Der <i>Spielmodus<\/i> (Ladder oder Non-Ladder, Hardcore oder Softcore) hat keinen Einfluss auf das Eintreten des World Events. Allerdings kann das World Event <i>nur im Schwierigkeitsgrad H\u00f6lle<\/i> statt finden. Auf welchem Schwierigkeitsgrad der SoJ verkauft wird, spielt keine Rolle.<\/li>\n<li>Auch im Classic Modus tritt das World Event ein; allerdings gibt es hier keinerlei<br \/>\nBelohnung, da es in Classic keine Zauber gibt.<\/li>\n<li>Der Diablo Clone ersetzt das erste <i>Super Unique Monster<\/i>, das nach der World Event Nachricht von einem Spieler aktiviert wird. Es ist also ratsam, sich nach der Nachricht sofort zu einem solchen zu begeben (z.B. Eldritch im Eishochland in Akt 5).<\/li>\n<li>Der Vernichtikus Zauber kann zwar im Tradefenster plaziert werden, aber nur getauscht werden, wenn der Tradepartner noch keinen besitzt. Man kann also keine zwei Vernichtikus gegeneinander eintauschen und dadurch auch nicht die Begrenzung von einem Vernichtikus pro Charakter umgehen.<\/li>\n<li>Im Inventar sieht der Vernichtikus genauso aus wie <i>Mephistos Seelenstein<\/i>.<br \/>\nDieses Aussehen erh\u00e4lt er aber erst nach dem Identifizieren.<\/li>\n<\/ul>\n<h2>Sonderrolle Singleplayer<\/h2>\n<p>In einem Singleplayerspiel ist es ausreichend, dass 1 SoJ verkauft wird, um das Event zu starten. Das sollte man somit nur in einem H\u00f6llespiel und mit einem entsprechend ausger\u00fcsteten Char machen, da der SoJ ansonsten unwiderbringlich &#8222;verloren&#8220; ist.<\/p>\n<h2>Der Diablo Clone<\/h2>\n<p><a href=\"https:\/\/planetdiablo.eu\/de\/diablo-2\/das-world-event\/world-event05\/\"><img loading=\"lazy\" decoding=\"async\" class=\"newsimage aligncenter wp-image-475299 size-full\" src=\"https:\/\/planetdiablo.eu\/de\/wp-content\/uploads\/2011\/08\/world-event05.jpg\" alt=\"Diablo 2 Worldevent\" width=\"300\" height=\"217\" \/><\/a><br \/>\nDer Diablo Clone ist eine viel st\u00e4rkere Variante des <i>normalen<\/i> Diablo.<br \/>\nNeben den normalen Fertigkeiten von Diablo besitzt er noch einen,<br \/>\ndem Armageddon Skill des Druiden \u00e4hnlichen Skill namens <b>Diablogeddon<\/b>. Dieser<br \/>\nSkill stellt neben dem diabolischen Blitzstrahl den gef\u00e4hrlichsten Angriff des Clones<br \/>\ndar. Hohe Feuer- und Blitzwiderst\u00e4nde, und falls m\u00f6glich Absorbtion von<br \/>\ndiesen, sind f\u00fcr jeden Charakter, der gegen den Clone l\u00e4nger \u00fcberleben will,<br \/>\nverpflichtend.<\/p>\n<p>Nahk\u00e4mpfer haben neben den extrem hohen Lebenspunkten und dem<br \/>\nphysischen Widerstand des Diablo Clones noch besonders mit der Reduzierung<br \/>\nder Lebensabsaugung auf 15% ihres urspr\u00fcglichen Wertes zu k\u00e4mpfen,<br \/>\ndie noch zus\u00e4tzlich durch die globale Reduzierung der Absaugungseigenschaften<br \/>\nauf 50% im Schwierigkeitsgrad <i>H\u00f6lle<\/i> verst\u00e4rkt wird.<br \/>\nRegenerationstr\u00e4nke sind hier so gut wie unverzichtbar, wenn man sich dem<br \/>\nDiablo Clone erfolgreich stellen will, da z.B. 10% Lebensabsaugung auf 0,75% reduziert<br \/>\nwerden, was im Allgemeinen nicht ausreicht um lange gegen den Diablo Clone zu bestehen.<\/p>\n<p>Um die Lebenspunkte des Diablo Clones niedrig zu halten, l\u00e4\u00dft man<br \/>\nihn am besten in einem Spiel mit m\u00f6glichst wenigen Spielern erscheinen.<br \/>\nIdeal ist ein Spiel mit nur einem Spieler, welches die restlichen Spieler nach dem<br \/>\nAktivieren des Clones betreten. So hat der Clone <i>vergleichbar wenig Leben<\/i>,<br \/>\naber die Chancen auf den Vernichtikus Zauber bleiben unver\u00e4ndert.<\/p>\n<p>Auch wenn der Diablo Clone fast immun gegen Elementarangriffe ist, haben sich<br \/>\ngerade diese als besonders effektiv erwiesen um den Clone schnell zu besiegen,<br \/>\nwenn sie von einer <i>\u00dcberzeugungsaura<\/i> des Paladins oder dem<br \/>\n<i>Widerstandsschwund Fluch<\/i> des Totenbeschw\u00f6rers unterst\u00fczt werden.<\/p>\n<p>Ferner sollte mindestens ein Charakter den Diablo Clone immer im Sichtradius<br \/>\nbehalten, da dieser sonst vom Server zur\u00fcckgesetzt, und dadurch an eine<br \/>\nevtl. h\u00f6here Spielerzahl angepa\u00dft, wird. Dies ist ein weiterer Grund f\u00fcr<br \/>\neinen gro\u00dfz\u00fcgigen Tr\u00e4nkevorrat, den man am besten vor dem<br \/>\nersten Aufeinandertreffen der <i>Parteien<\/i> anlegt; z.B. indem man die Tr\u00e4nke<br \/>\nauf den Boden legt.<br \/>\nEin weiteres empfehlenswertes Hilfsmittel gegen den Diablo Clone sind Gegenst\u00e4nde<br \/>\nmit der Eigenschaft <i>&#8218;verhindert Monsterheilung&#8216;<\/i>. So setzt man die enorme<br \/>\nRegenerationsrate des Clones von1.2% pro Sekunde (das ist sehr viel, betrachtet man den enormen Lifepool und die Resistenzen des Clones) auf Null und verhindert seine Heilung w\u00e4hrend des Kampfes. Alternativ kann man auch Giftschaden oder Gegenst\u00e4nde mit der Eigenschaft <i>&#8218;offene Wunden&#8216;<\/i> verwenden; allerdings muss man bei Verwendung dieser Mittel den Clone regelm\u00e4\u00dfig treffen, da diese<br \/>\nnur \u00fcber eine begrenzte Zeitdauer wirken. Falls man einen S\u00f6lder besitzt, sollte<br \/>\nman allerdings bedenken, dass die Eigenschaft <i>verhindert Monsterheilung<\/i> nicht<br \/>\nbei Angriffen des S\u00f6lders \u00fcbertragen wird.<\/p>\n<p>Eine weitere wichtige Eigenschaft, die die Nahk\u00e4mpfer haben sollten, ist<br \/>\n<i>&#8218;Chance auf vernichtenden Schlag&#8216;<\/i>. Diese Eigenschaft ist vor allem<br \/>\nam Anfang des Kampfes besonders stark, da sie dem Clone einen gewissen<br \/>\nProzentsatz der Lebenspunkte, der von der Anzahl der Spieler abh\u00e4ngt,<br \/>\nabzieht. Man kann so die Taktik zur Minimierung der Lebenspunkte des Clones<br \/>\nauch etwas ausbauen, indem man einen Nahk\u00e4mpfer den Clone aktivieren<br \/>\nl\u00e4\u00dft und dieser dann mit vernichtendem Schlag, welcher in einem<br \/>\nSpiel mit einem Spieler seine gr\u00f6\u00dfte Wirkung entfacht, den Clone<br \/>\nbearbeitet, ehe die verbleibenden Spieler das Spiel betreten.<br \/>\nGanz wichtig wird vernichtender Schlag wenn sich keine Zauberin mit Statikfeld<br \/>\nin der Party befindet, da dies fast den gleichen Effekt hat.<\/p>\n<p>Die folgende Tabelle fasst die Werte des Clones zusammen:<\/p>\n<table cellpadding=\"5\">\n<thead>\n<tr>\n<th colspan=\"3\">\u00dcber Diablo\/ Diablo Clone<\/th>\n<\/tr>\n<tr>\n<th colspan=\"3\">D\u00e4mon<\/th>\n<\/tr>\n<\/thead>\n<tbody>\n<tr>\n<th colspan=\"2\">Level<\/th>\n<td>110 (160 in Classic)<\/td>\n<\/tr>\n<tr>\n<th colspan=\"2\">Leben<\/th>\n<td>642.700 (321.350 in Classic)<\/td>\n<\/tr>\n<tr>\n<th colspan=\"2\">Kritischer Treffer<\/th>\n<td>5%<\/td>\n<\/tr>\n<tr>\n<th colspan=\"2\">Schaden<\/th>\n<td>130 bis 247<\/td>\n<\/tr>\n<tr>\n<th colspan=\"2\">Angriffswert<\/th>\n<td>14.043<\/td>\n<\/tr>\n<tr>\n<th colspan=\"2\">Schaden 2<\/th>\n<td>143 bis 299<\/td>\n<\/tr>\n<tr>\n<th colspan=\"2\">Angriffswert 2<\/th>\n<td>13.064<\/td>\n<\/tr>\n<tr>\n<th colspan=\"2\">Leech-Effektivit\u00e4t<\/th>\n<td>15%<\/td>\n<\/tr>\n<tr>\n<th colspan=\"2\">Verteidigungswert<\/th>\n<td>2.940 (2.450 in Classic)<\/td>\n<\/tr>\n<tr>\n<th colspan=\"2\">Blockchance<\/th>\n<td>50%<\/td>\n<\/tr>\n<tr>\n<th>Wider-<br \/>\nst\u00e4nde<\/th>\n<th>physisch<br \/>\nMagie<br \/>\nFeuer<br \/>\nK\u00e4lte<br \/>\nBlitz<br \/>\nGift<\/th>\n<td>50%<br \/>\n50%<br \/>\n95%<br \/>\n95%<br \/>\n95%<br \/>\n95%<\/td>\n<\/tr>\n<tr>\n<th colspan=\"3\">Fertigkeiten<\/th>\n<\/tr>\n<tr>\n<th colspan=\"2\">Blitzstrahl<\/th>\n<td>physischer Schaden: 189 bis 207 pro Sekunde<br \/>\nBitzschaden: 342 bis 432 pro Sekunde<\/td>\n<\/tr>\n<tr>\n<th colspan=\"2\">Diablogeddon<\/th>\n<td>Dauer: 62 Sekunden\/ 200 Meteore<br \/>\nphysischer Schaden: 56 bis 72<br \/>\nFeuerschaden: 210 bis 275<\/td>\n<\/tr>\n<tr>\n<th colspan=\"2\">K\u00e4lteschlag<\/th>\n<td>Magieschaden: 87 bis 121<br \/>\nEinfrieren f\u00fcr 8 Sekunden<\/td>\n<\/tr>\n<tr>\n<th colspan=\"2\">Ansturm<\/th>\n<td>Schaden: 116 bis 132<\/td>\n<\/tr>\n<tr>\n<th colspan=\"2\">Feuersturm<\/th>\n<td>mehrere Treffer mit<br \/>\nphysischer Schaden: 21 bis 30<br \/>\nFeuerschaden: 56 &#8211; 71<\/td>\n<\/tr>\n<tr>\n<th colspan=\"2\">Feuernova<\/th>\n<td>Feuerschaden: 100 bis 130<\/td>\n<\/tr>\n<tr>\n<th colspan=\"2\">Feuerwand<\/th>\n<td>Feuerschaden: 43 bis 44 pro Sekunde<\/td>\n<\/tr>\n<\/tbody>\n<\/table>\n","protected":false},"excerpt":{"rendered":"<p>Bei dem World Event handelt es sich um ein spezielles Ereignis in der Spielwelt von Diablo 2: Es wird ein m\u00e4chtiger \u00dcber Diablo in die Welt gesetzt, den es zu besiegen gilt. Die Belohnung f\u00fcr den Sieg \u00fcber den \u00dcber Diablo ist der unique Zauber Vernichtikus, welcher nur auf diesem Wege gefunden und pro Charakter&hellip; <a class=\"more-link\" href=\"https:\/\/planetdiablo.eu\/de\/diablo-2\/das-world-event\/\"><span class=\"screen-reader-text\">Diablo 2 &#8211; Das World Event<\/span> weiterlesen<\/a><\/p>\n","protected":false},"author":847,"featured_media":0,"parent":71,"menu_order":37,"comment_status":"closed","ping_status":"open","template":"","meta":{"footnotes":""},"class_list":["post-475301","page","type-page","status-publish","hentry","entry"],"_links":{"self":[{"href":"https:\/\/planetdiablo.eu\/de\/wp-json\/wp\/v2\/pages\/475301","targetHints":{"allow":["GET"]}}],"collection":[{"href":"https:\/\/planetdiablo.eu\/de\/wp-json\/wp\/v2\/pages"}],"about":[{"href":"https:\/\/planetdiablo.eu\/de\/wp-json\/wp\/v2\/types\/page"}],"author":[{"embeddable":true,"href":"https:\/\/planetdiablo.eu\/de\/wp-json\/wp\/v2\/users\/847"}],"replies":[{"embeddable":true,"href":"https:\/\/planetdiablo.eu\/de\/wp-json\/wp\/v2\/comments?post=475301"}],"version-history":[{"count":12,"href":"https:\/\/planetdiablo.eu\/de\/wp-json\/wp\/v2\/pages\/475301\/revisions"}],"predecessor-version":[{"id":586551,"href":"https:\/\/planetdiablo.eu\/de\/wp-json\/wp\/v2\/pages\/475301\/revisions\/586551"}],"up":[{"embeddable":true,"href":"https:\/\/planetdiablo.eu\/de\/wp-json\/wp\/v2\/pages\/71"}],"wp:attachment":[{"href":"https:\/\/planetdiablo.eu\/de\/wp-json\/wp\/v2\/media?parent=475301"}],"curies":[{"name":"wp","href":"https:\/\/api.w.org\/{rel}","templated":true}]}}