{"id":475555,"date":"2011-08-06T16:38:41","date_gmt":"2011-08-06T14:38:41","guid":{"rendered":"http:\/\/diablo3.ingame.de\/?page_id=475555"},"modified":"2011-08-06T16:38:41","modified_gmt":"2011-08-06T14:38:41","slug":"patchlog-version-1-04-und-1-04b","status":"publish","type":"page","link":"https:\/\/planetdiablo.eu\/de\/diablo-2\/die-deutschen-patchlogs\/patchlog-version-1-04-und-1-04b\/","title":{"rendered":"Diablo 2 Patchlog Version 1.04 und 1.04b"},"content":{"rendered":"<h2>Modifikationen<\/h2>\n<ul>\n<li> Schnellere Verarbeitung der Spielerdaten.<\/li>\n<li> Das BattleNet Gateway kann nun ausgew\u00e4hlt werden.<\/li>\n<li> Das Passwort kann nun ge\u00e4ndert werden.<\/li>\n<li> Bei Nachrichten im BattleNet k\u00f6nnen nun auch Charaktere angesprochen werden, nicht nur Accounts. Das neue Message-Format lautet: \/msg Charaktername, \/msg CharakterName@SpielweltName (USWest, USEast, Asia, Europe), \/msg Accountname.<\/li>\n<li> Duriels Grafik wird nun vor dem Betreten seines Gew\u00f6lbes geladen, um die Gefahr des sofortigen Todes zu reduzieren.<\/li>\n<li> Ein Kontrast-Schalter wurde den Grafikoptionen hinzugef\u00fcgt.<\/li>\n<li> Wirkungsweise von Kadaverexplosion wurde verbessert, indem jeder Skillpunkt nun den Radius erh\u00f6ht.<\/li>\n<li> Lebens- und Manaverlust wird in der Anzeige nun nicht mehr langsam heruntergez\u00e4hlt, sondern in einem Sprung.<\/li>\n<li> Der Basisblock des Kampfschildes wurde von 0 auf 10% angehoben.<\/li>\n<li> Eine Warnung f\u00fcr geringe Anzahl wurde f\u00fcr Saufeder und Zweifachaxt hinzugef\u00fcgt.<\/li>\n<li> Messer und Stilette k\u00f6nnen nun aus Schatzkisten fallen.<\/li>\n<li> Ist ein Gurt leer, kann er nun verkauft werden, obwohl er angelegt ist.<\/li>\n<li> Der Handel zweier Spieler kann nun nicht mehr durch Anklicken eines der Spieler durch einen Dritten unterbrochen werden.<\/li>\n<li> Nachrichten eines Handelspartners k\u00f6nnen nun nur noch vom anderen Partner gelesen werden. Sonstige Nachrichten werden unterdr\u00fcckt.<\/li>\n<li> Farbige Schrift durch Spieler im Channel wird verhindert. Feste Farbcodes wurden eingef\u00fcgt, um zu kennzeichnen, von wem eine Nachricht gesendet wird: Name = Gold, Fl\u00fcstern = Gr\u00fcn,<br \/>\n Alarm = Rot, Nachricht = Wei\u00df, Drama = Grau, Betreten\/Verlassen = Grau, Blizzard Mitarbeiter = Blau<\/li>\n<li> Cheats namens &#8222;scrollhack1&#8220; und &#8222;scrollhack2&#8220; wurden eliminiert.<\/li>\n<li> Einige BattleNet Nachrichten wurden verst\u00e4ndlicher formuliert und weitere hinzugef\u00fcgt.<\/li>\n<li> Der Scrollbalken des Chat-Fensters wurde so ge\u00e4ndert, dass er wie in Windows funktioniert (Seite aufw\u00e4rts\/abw\u00e4rts statt &#8222;hierher springen&#8220;).<\/li>\n<li> Battle Net Schrift f\u00fcr i und kleines l unterschiedlich gestaltet. Die Zahlen 5 und 6 sind nun ebenfalls besser unterscheidbar.<\/li>\n<li> Maximale Anzahl von Charakteren pro Welt auf 8 erh\u00f6ht.<\/li>\n<li> Quest-Gegenst\u00e4nde werden nicht mehr durch W\u00fcrfelrezepte zerst\u00f6rt, wenn sie versehentlich im W\u00fcrfel sind beim Verzaubern.<\/li>\n<li> Ein Bug wurde behoben, der verhindert hat, dass Gidbin und goldener Vogel eine Belohnung zur Folge haben.<\/li>\n<li> Cain gibt keine \u00fcberfl\u00fcssigen Seelensteine mehr aus.<\/li>\n<li> Lord de Seis klaut nun keine Tr\u00e4nke mehr (Dies sollte den damit verbundenen Fehler korrigieren).<\/li>\n<li> Ein Fehler wurde behoben, bei dem ein Spieler den Seelenstein-Quest erhielt, obwohl er nicht in Akt 4 war.<\/li>\n<li> Resistenzen diverser Bosse wurden gesenkt. Andariel nimmt nun Extraschaden von Feuer, der Schmied und Hephaisto von Gift.<\/li>\n<\/ul>\n<h2>Gr\u00f6\u00dfere Bugs<\/h2>\n<ul>\n<li> Prismatische Amulete und andere durch ein W\u00fcrfelrezept entstandene Gegenst\u00e4nde \u00e4ndern sich nicht mehr durch Betreten eines neuen Spiels.<\/li>\n<li> Lanzen, Weihwasserst\u00e4be, Stilette, Kriegskeulen und Kampfhelme k\u00f6nnen nun von Monstern und Schatzkisten erzeugt werden.<\/li>\n<li> Die Verwendung von Ansturm beim Tod eines Monsters kann nun nicht mehr zu &#8222;lebendigen&#8220; 0-Leben-Monstern f\u00fchren.<\/li>\n<li> Ein interner Fehler wurde behoben, der beim Tod eines Monsters durch hohe Charaktere auftreten konnte.<\/li>\n<li> Die Fertigkeiten Wirbelwind, Sprungangriff und Ansturm f\u00fchren nicht mehr zu unbenutzbarem Inventar nach abgeschlossenem Angriff.<\/li>\n<li> Wird ein Barbar mit einem zweih\u00e4ndigen Schwert ausgestattet, w\u00e4hrend er zwei Einhandwaffen tr\u00e4gt, wird der Spieler nicht l\u00e4nger aus der Spielwelt geworfen.<\/li>\n<li> Ein interner Fehler wurde behoben, der auftrat, wenn ein Gegenstand abgelegt wurde, w\u00e4hrend gleichzeitig ein anderer getragen wurde, der Charakter-Attribute erh\u00f6ht hat.<\/li>\n<li> Ein Fehler wurde behoben, der verhinderte, dass Schadenerh\u00f6hung auf Schusswaffen funktioniert.<\/li>\n<li> Ein Fehler wurde behoben, der es einem Spieler unabh\u00e4ngig von seinem Standort erlaubte, Feindschaft zu erkl\u00e4ren.<\/li>\n<li> Ein Fehler wurde behoben, der es einem Spieler erlaubte, zu schnell zu laufen.<\/li>\n<li> Ein Fehler wurde behoben, der es einem Spieler erlaubte, einen Gegenstand au\u00dferhalb seiner F\u00e4higkeiten zu tragen.<\/li>\n<li> Kompatibilit\u00e4t mit Delta CD-Rom-Laufwerken hergestellt.<\/li>\n<li> Tr\u00e4gt ein Charakter &#8222;falsche&#8220; Gegenst\u00e4nde beim Laden eines Spiels, werden diese entfernt, so dass der Charakter weiter gespielt werden kann.<\/li>\n<li> 1.04b: Probleme mit der Spiel-CD bei verschiedenen Laufwerken wurden behoben.<\/li>\n<li> 1.04b: Ein Fehler, der zum Absturz des Videotests unter Windows NT und 2000 f\u00fchrte, wurde behoben.<\/li>\n<\/ul>\n<h2>Kleinere Bugs<\/h2>\n<ul>\n<li> Comboblitze sind nicht l\u00e4nger in einem bestimmten Radius unsichtbar.<\/li>\n<li> &#8222;Bonefarming&#8220; in Einzel- und Offenen Spielen eliminiert.<\/li>\n<li> &#8222;Moonwalk&#8220;-Fehler behoben, der auftrat, wenn der Charakter von einem Monster zur\u00fcckgesto\u00dfen wurde.<\/li>\n<li> Franz\u00f6sische und deutsche Meldungen sind nicht l\u00e4nger von \u00dcberschneidungen betroffen.<\/li>\n<li> Bonus f\u00fcr Angriffsgeschwindigkeit und Beschreibungen f\u00fcr folgende Gegenst\u00e4nde korrigiert: Griswolds Schneide, M\u00fcllschaufel, Der Gr\u00e4ber, Todesband, Zuckzappel.<\/li>\n<li> Beschreibung der Zauberrate f\u00fcr folgende Gegenst\u00e4nde korrigiert: Arcannas Tricks, Mahlstrom, Umes Trauer, das Eisen Jang-Bong, Wand der Augenlosen, Magierfaust.<\/li>\n<li> Lange Chat-Pausen bei Charakternamen mit 15 Zeichen kommen nicht mehr vor.<\/li>\n<li> Die Kl\u00e4nge f\u00fcr Gegenst\u00e4nde im Inventar wurden f\u00fcr diverse Gegenst\u00e4nde an ihre normalen Versionen angepasst.<\/li>\n<li> Unsichtbaren Inseln am Flammenfluss, in Tal Rashas Grab, im Spinnenwald und Turmkeller entfernt, die es Barbaren und Zauberinnen erlaubten, dort hinzuspringen.<\/li>\n<li> Die Beschreibung der Fertigkeit Sto\u00df der Amazone wurde korrigiert.<\/li>\n<li> Diverse Schreibfehler f\u00fcr Gegenst\u00e4nde und Affixe wurden korrigiert.<\/li>\n<li> Die Fehlermeldung beim Betreten eines f\u00fcr den Charakter zu hohen Schwierigkeitsgrades wurde korrigiert.<\/li>\n<li> Der Schwierigkeitsgrad des letzten erstellten BattleNet-Spiels wirkt sich nicht mehr auf den Einzelspielermodus aus.<\/li>\n<li> Falsche Anzeige bei Verwendung eines zweiten Verteidigungsschreins korrigiert. Die Chance, getroffen zu werden, sinkt nie unter 5%.<\/li>\n<li> Ein Fehler wurde behoben, der verhinderte, dass das Quest-Buch nach der Rettung von Cain angepasst wurde.<\/li>\n<li> Ein Fehler wurde behoben, der zur falschen Anzeige von Wegpunktnamen f\u00fchrte.<\/li>\n<li> Zweih\u00e4ndige Waffen werden nun auch beim Betreten eines Spiels korrekt angelegt.<\/li>\n<li> Beim Aufheben eines toten K\u00f6rpers werden nun alle Gegenst\u00e4nde korrekt angelegt.<\/li>\n<li> Das Schlie\u00dfen der Wegpunkt-Liste durch Ctrl+Alt schaltet nicht l\u00e4nger die Texte der NPCs aus.<\/li>\n<li> Der Versuch, ein Buch oder eine Schriftrolle an einen Spieler zu verkaufen, der keinen Platz im Inventar hat, erzeugt nicht l\u00e4nger einen Phantomspruch in der Zauberliste des Empf\u00e4ngers.<\/li>\n<li> Der Handschuh-Cursor kann nicht mehr versehentlich in einen Handel\/Reparatur-Cursor ver\u00e4ndert werden.<\/li>\n<li> Ein Fehler der Mini-Erfahrungsleiste oberhalb Level 75 wurde behoben.<\/li>\n<li> Ein Fehler bei der Anzeige der Chance, getroffen zu werden, wurde behoben.<\/li>\n<li> Ein Fehler bei der Anzeige der restlichen Anzahl von Zaubern eines Buches wurde behoben.<\/li>\n<li> Reichweiten von Sense und Schlachtensense wurden korrigiert.<\/li>\n<li> Die falsche Berechnung einiger Reichweiten von Fertigkeiten wurde korrigiert.<\/li>\n<li> Eiserne Jungfrau heilt einen Blutgolem nun auf Basis des empfangenen Schadens statt auf Basis der Lebenspunkte des Gegners.<\/li>\n<li> Ein Fehler bei der Darstellung der Erfahrungspunkte in der Leiter wurde behoben.<\/li>\n<li> Gelenkter Pfeil erh\u00e4lt nun den korrekten Schadenbonus durch mehr Skillpunkte.<\/li>\n<\/ul>\n<p>\u00dcbersetzt von drago<\/p>\n","protected":false},"excerpt":{"rendered":"<p>Modifikationen Schnellere Verarbeitung der Spielerdaten. Das BattleNet Gateway kann nun ausgew\u00e4hlt werden. Das Passwort kann nun ge\u00e4ndert werden. Bei Nachrichten im BattleNet k\u00f6nnen nun auch Charaktere angesprochen werden, nicht nur Accounts. Das neue Message-Format lautet: \/msg Charaktername, \/msg CharakterName@SpielweltName (USWest, USEast, Asia, Europe), \/msg Accountname. Duriels Grafik wird nun vor dem Betreten seines Gew\u00f6lbes geladen,&hellip; <a class=\"more-link\" href=\"https:\/\/planetdiablo.eu\/de\/diablo-2\/die-deutschen-patchlogs\/patchlog-version-1-04-und-1-04b\/\"><span class=\"screen-reader-text\">Diablo 2 Patchlog Version 1.04 und 1.04b<\/span> weiterlesen<\/a><\/p>\n","protected":false},"author":754,"featured_media":0,"parent":475449,"menu_order":47,"comment_status":"open","ping_status":"open","template":"","meta":{"footnotes":""},"class_list":["post-475555","page","type-page","status-publish","hentry","entry"],"_links":{"self":[{"href":"https:\/\/planetdiablo.eu\/de\/wp-json\/wp\/v2\/pages\/475555","targetHints":{"allow":["GET"]}}],"collection":[{"href":"https:\/\/planetdiablo.eu\/de\/wp-json\/wp\/v2\/pages"}],"about":[{"href":"https:\/\/planetdiablo.eu\/de\/wp-json\/wp\/v2\/types\/page"}],"author":[{"embeddable":true,"href":"https:\/\/planetdiablo.eu\/de\/wp-json\/wp\/v2\/users\/754"}],"replies":[{"embeddable":true,"href":"https:\/\/planetdiablo.eu\/de\/wp-json\/wp\/v2\/comments?post=475555"}],"version-history":[{"count":0,"href":"https:\/\/planetdiablo.eu\/de\/wp-json\/wp\/v2\/pages\/475555\/revisions"}],"up":[{"embeddable":true,"href":"https:\/\/planetdiablo.eu\/de\/wp-json\/wp\/v2\/pages\/475449"}],"wp:attachment":[{"href":"https:\/\/planetdiablo.eu\/de\/wp-json\/wp\/v2\/media?parent=475555"}],"curies":[{"name":"wp","href":"https:\/\/api.w.org\/{rel}","templated":true}]}}