{"id":475565,"date":"2011-08-06T16:41:20","date_gmt":"2011-08-06T14:41:20","guid":{"rendered":"http:\/\/diablo3.ingame.de\/?page_id=475565"},"modified":"2011-08-06T16:41:20","modified_gmt":"2011-08-06T14:41:20","slug":"patchlog-version-1-05-und-1-05b","status":"publish","type":"page","link":"https:\/\/planetdiablo.eu\/de\/diablo-2\/die-deutschen-patchlogs\/patchlog-version-1-05-und-1-05b\/","title":{"rendered":"Diablo 2 Patchlog Version 1.05 und 1.05b"},"content":{"rendered":"<h2>Skill Balance \u00c4nderungen<\/h2>\n<ul>\n<li> Die Konzentrationsaura des Paladins erh\u00f6ht nun wieder wie in Version 1.03 den Schaden von Gesegneter Hammer. Die Schadenanzeige wurde korrigiert.<\/li>\n<li> Die Streuen-Fertigkeit der Amazone erh\u00f6ht nun korrekt den Basisschaden des Bogens anstelle des Endschadens.<\/li>\n<li> Die Fertigkeit Gelenkter Pfeil der Amazone erh\u00f6ht nun den Basisschaden des Bogens anstelle des Endschadens.<\/li>\n<\/ul>\n<h2>Modifikationen<\/h2>\n<ul>\n<li> Eine Warnung erscheint, wenn ein Benutzer mehr als 8 Charaktere in einer Welt hat, mit dem Hinweis, einen oder mehrere zu l\u00f6schen.<\/li>\n<li> Spieler-Profile haben nun einen Verweis auf den Leiter-Eintrag, falls der Spieler unter den ersten 999 ist.<\/li>\n<li> Eine Nachricht &#8222;Verbindung mit Welt wird hergestellt&#8220; wurde eingebaut.<\/li>\n<\/ul>\n<h2>Gr\u00f6\u00dfere Bugs<\/h2>\n<ul>\n<li> Kopierschutz f\u00fcr diverse CD- und DVD-Laufwerke repariert.<\/li>\n<li> Barbaren mit Wurfelixieren in beiden H\u00e4nden werden nicht mehr am Betreten eines Spiels gehindert.<\/li>\n<li> Die Werte gesockelter Gegenst\u00e4nde aus Versionen vor 1.04 wurden in Patch 1.04 versehentlich falsch (nicht mehr zufallsbasiert) eingestellt. Dies wurde korrigiert, es gelten nun wieder die Original-Werte (von vor 1.04).<\/li>\n<li> Reichweite von Zauberspr\u00fcchen korrigiert. Wurde in 1.04 versehentlich verringert.<\/li>\n<li> Bug beim L\u00f6schen von Charakteren behoben.<\/li>\n<li> Diverse Bugs in fremdsprachigen Versionen behoben.<\/li>\n<li> 1.05b: Ein Bug wurde entfernt, der einen Absturz des Spiel beim Betrachten von Grafiken im Chat-Raum bewirkte.<\/li>\n<li> 1.05b: Kopierschutz f\u00fcr diverse CD- und DVD-Laufwerke repariert.<\/li>\n<li> 1.05b: Ein Bug wurde behoben, der bewirkte, dass Charaktere im Chat angezeigt wurden, obwohl sie ihn verlassen hatten.<\/li>\n<li> 1.05b: Diverse Fehler in der Grafik des Charakter-Bildschirms behoben.<\/li>\n<\/ul>\n<h2>Kleinere Bugs<\/h2>\n<ul>\n<li> Ein Bug im Zusammenhang mit dem Handel-Bildschirm und einem offenen Horadrim-W\u00fcrfel wurde behoben.<\/li>\n<li> Doppelte Leiter-Eintr\u00e4ge wurden entfernt.<\/li>\n<li> Scroll-Mechanik der Leiter repariert f\u00fcr weniger als 999 Leiter-Eintr\u00e4ge.<\/li>\n<li> Charaktere der aktuellen Spielwelt werden nicht l\u00e4nger mit Roben dargestellt.<\/li>\n<li> Ein Fehler wurde behoben, der bewirkte, dass Charaktere im Channel zwei Mal erscheinen konnten.<\/li>\n<li> Kann ein Charakter nicht mit der Spielwelt verbunden werden, erh\u00e4lt er eine &#8222;Welt nicht verf\u00fcgbar&#8220; Nachricht.<\/li>\n<li> Der Fehler, bei dem das Gl\u00fccksspiel durch &#8222;Packet Sniffer&#8220; ausgetrickst werden konnte, wurde behoben.<\/li>\n<li> Gegenst\u00e4nde mit erh\u00f6hter Haltbarkeit verlieren nicht l\u00e4nger Haltbarkeit beim Betreten desselben Spiels nach Verlassen oder Tod.<\/li>\n<li> Die Fertigkeit Bekehrung f\u00fchrt nicht mehr zu einer falschen Z\u00e4hlweise in der H\u00f6hle des B\u00f6sen.<\/li>\n<\/ul>\n<p>\u00dcbersetzt von drago<\/p>\n","protected":false},"excerpt":{"rendered":"<p>Skill Balance \u00c4nderungen Die Konzentrationsaura des Paladins erh\u00f6ht nun wieder wie in Version 1.03 den Schaden von Gesegneter Hammer. Die Schadenanzeige wurde korrigiert. Die Streuen-Fertigkeit der Amazone erh\u00f6ht nun korrekt den Basisschaden des Bogens anstelle des Endschadens. Die Fertigkeit Gelenkter Pfeil der Amazone erh\u00f6ht nun den Basisschaden des Bogens anstelle des Endschadens. Modifikationen Eine Warnung&hellip; <a class=\"more-link\" href=\"https:\/\/planetdiablo.eu\/de\/diablo-2\/die-deutschen-patchlogs\/patchlog-version-1-05-und-1-05b\/\"><span class=\"screen-reader-text\">Diablo 2 Patchlog Version 1.05 und 1.05b<\/span> weiterlesen<\/a><\/p>\n","protected":false},"author":754,"featured_media":0,"parent":475449,"menu_order":49,"comment_status":"open","ping_status":"open","template":"","meta":{"footnotes":""},"class_list":["post-475565","page","type-page","status-publish","hentry","entry"],"_links":{"self":[{"href":"https:\/\/planetdiablo.eu\/de\/wp-json\/wp\/v2\/pages\/475565","targetHints":{"allow":["GET"]}}],"collection":[{"href":"https:\/\/planetdiablo.eu\/de\/wp-json\/wp\/v2\/pages"}],"about":[{"href":"https:\/\/planetdiablo.eu\/de\/wp-json\/wp\/v2\/types\/page"}],"author":[{"embeddable":true,"href":"https:\/\/planetdiablo.eu\/de\/wp-json\/wp\/v2\/users\/754"}],"replies":[{"embeddable":true,"href":"https:\/\/planetdiablo.eu\/de\/wp-json\/wp\/v2\/comments?post=475565"}],"version-history":[{"count":0,"href":"https:\/\/planetdiablo.eu\/de\/wp-json\/wp\/v2\/pages\/475565\/revisions"}],"up":[{"embeddable":true,"href":"https:\/\/planetdiablo.eu\/de\/wp-json\/wp\/v2\/pages\/475449"}],"wp:attachment":[{"href":"https:\/\/planetdiablo.eu\/de\/wp-json\/wp\/v2\/media?parent=475565"}],"curies":[{"name":"wp","href":"https:\/\/api.w.org\/{rel}","templated":true}]}}