{"id":475645,"date":"2011-08-06T16:41:22","date_gmt":"2011-08-06T14:41:22","guid":{"rendered":"http:\/\/diablo3.ingame.de\/?page_id=475645"},"modified":"2011-08-06T16:41:22","modified_gmt":"2011-08-06T14:41:22","slug":"patchlog-version-1-06","status":"publish","type":"page","link":"https:\/\/planetdiablo.eu\/de\/diablo-2\/die-deutschen-patchlogs\/patchlog-version-1-06\/","title":{"rendered":"Diablo 2 Patchlog Version 1.06"},"content":{"rendered":"<h2>Modifikationen<\/h2>\n<ul>\n<li> Battle Net Nutzungsvereinbarungen angepasst. Sie k\u00f6nnen nun angezeigt werden, ohne einen Account anzulegen.<\/li>\n<li> Server-Client-Kommunikation verbessert.<\/li>\n<li> Kopierschutz f\u00fcr diverse CD- und DVD-Laufwerke repariert.<\/li>\n<\/ul>\n<h2>Gr\u00f6\u00dfere Bugs<\/h2>\n<ul>\n<li> 1.06b: Ein Bug wurde entfernt, durch den ein Spieler das Spiel des Mitspielers durch Spam zum Absturz bringen konnte.<\/li>\n<li> 1.06b: Ein Bug wurde entfernt, bei dem Charaktere im Offene BattleNet nicht gespeichert wurden.<\/li>\n<li> 1.06b: Bugs im Zusammenhang mit Samsung-Laufwerken und dem Kopierschutz behoben.<\/li>\n<\/ul>\n<p>\u00dcbersetzt von drago<\/p>\n","protected":false},"excerpt":{"rendered":"<p>Modifikationen Battle Net Nutzungsvereinbarungen angepasst. Sie k\u00f6nnen nun angezeigt werden, ohne einen Account anzulegen. Server-Client-Kommunikation verbessert. Kopierschutz f\u00fcr diverse CD- und DVD-Laufwerke repariert. Gr\u00f6\u00dfere Bugs 1.06b: Ein Bug wurde entfernt, durch den ein Spieler das Spiel des Mitspielers durch Spam zum Absturz bringen konnte. 1.06b: Ein Bug wurde entfernt, bei dem Charaktere im Offene BattleNet&hellip; <a class=\"more-link\" href=\"https:\/\/planetdiablo.eu\/de\/diablo-2\/die-deutschen-patchlogs\/patchlog-version-1-06\/\"><span class=\"screen-reader-text\">Diablo 2 Patchlog Version 1.06<\/span> weiterlesen<\/a><\/p>\n","protected":false},"author":754,"featured_media":0,"parent":475449,"menu_order":49,"comment_status":"open","ping_status":"open","template":"","meta":{"footnotes":""},"class_list":["post-475645","page","type-page","status-publish","hentry","entry"],"_links":{"self":[{"href":"https:\/\/planetdiablo.eu\/de\/wp-json\/wp\/v2\/pages\/475645","targetHints":{"allow":["GET"]}}],"collection":[{"href":"https:\/\/planetdiablo.eu\/de\/wp-json\/wp\/v2\/pages"}],"about":[{"href":"https:\/\/planetdiablo.eu\/de\/wp-json\/wp\/v2\/types\/page"}],"author":[{"embeddable":true,"href":"https:\/\/planetdiablo.eu\/de\/wp-json\/wp\/v2\/users\/754"}],"replies":[{"embeddable":true,"href":"https:\/\/planetdiablo.eu\/de\/wp-json\/wp\/v2\/comments?post=475645"}],"version-history":[{"count":0,"href":"https:\/\/planetdiablo.eu\/de\/wp-json\/wp\/v2\/pages\/475645\/revisions"}],"up":[{"embeddable":true,"href":"https:\/\/planetdiablo.eu\/de\/wp-json\/wp\/v2\/pages\/475449"}],"wp:attachment":[{"href":"https:\/\/planetdiablo.eu\/de\/wp-json\/wp\/v2\/media?parent=475645"}],"curies":[{"name":"wp","href":"https:\/\/api.w.org\/{rel}","templated":true}]}}