{"id":475689,"date":"2011-08-06T16:43:03","date_gmt":"2011-08-06T14:43:03","guid":{"rendered":"http:\/\/diablo3.ingame.de\/?page_id=475689"},"modified":"2011-08-06T16:43:03","modified_gmt":"2011-08-06T14:43:03","slug":"patchlog-version-1-11-und-1-11b-01-august-2005","status":"publish","type":"page","link":"https:\/\/planetdiablo.eu\/de\/diablo-2\/die-deutschen-patchlogs\/patchlog-version-1-11-und-1-11b-01-august-2005\/","title":{"rendered":"Diablo 2 Patchlog Version 1.11 und 1.11b (01. August 2005)"},"content":{"rendered":"<h2>Ein neues Geheimnis wurde aufgedeckt!<\/h2>\n<ul>\n<li> Spieler, welche im Schwierigkeitsgrad H\u00f6lle unterwegs sind, seien hiermit ein weiteres mal gewarnt, ein Reihe neuer und herausfordernder Tests erwartet euch! Die Antwort liegt bei Diablos Bossen, welche in der ganzen Welt auftauchen, von der H\u00f6hle des B\u00f6sen bis zum Thron der Zerst\u00f6rung&#8230;.<\/li>\n<\/ul>\n<h2>Modifikationen<\/h2>\n<ul>\n<li> 10 neue Runenw\u00f6rter aktiviert.<\/li>\n<li> Neue Unique Items eingebaut, welche von den neuen Bossen gedroppt werden.<\/li>\n<li> Spieler k\u00f6nnen S\u00f6ldner nun 1-5 Levels unterhalb ihres eigenen kaufen.<\/li>\n<li> S\u00f6ldner bekommen nun schneller Erfahrung und sollten damit n\u00e4her am Level des Spielers bleiben.<\/li>\n<\/ul>\n<h2>Gr\u00f6\u00dfere Bugs<\/h2>\n<ul>\n<li>Das Spiel st\u00fcrzt nicht mehr ab, wenn man ein Stadtportal erstellt, w\u00e4hrend das Gebiet in der Stadt, in der das Stadtportal erscheint, mit Leichen oder anderen Objekten belegt ist.<\/li>\n<li>Die Verbindung zum Battle.Net wird nicht mehr getrennt, wenn man Skills von Runenw\u00f6rtern erh\u00e4lt, die erschaffen wurden, w\u00e4hrend der Gegenstand ausger\u00fcstet ist.<\/li>\n<li>Barbaren bleiben nicht mehr h\u00e4ngen, wenn sie Wirbelwind direkt nach dem Inferno des einzigartigen Gegenstandes Flammenbeller (Balrogklinge) benutzen.<\/li>\n<li>Die deutschen, spanischen und polnischen Versionen st\u00fcrzen nicht mehr ab, wenn man die Maus \u00fcber einen Gegenstand bewegt, der eine Aura verleiht.<\/li>\n<li>Das Spiel st\u00fcrzt nicht mehr ab, wenn man eine F\u00e4higkeit ausw\u00e4hlt, die man von einer Waffe erh\u00e4lt, und gleichzeitig W (Waffen wechseln) dr\u00fcckt.<\/li>\n<li>Man bleibt nicht mehr h\u00e4ngen, wenn man stirbt oder zum Handeln aufgefordert wird, w\u00e4hrend man sich im Tastenkonfigurationsmenu befindet.<\/li>\n<li>Der &#8222;Missile Firing too far&#8220;-Fehler wurde behoben.<\/li>\n<li>Die Verbindung zum BattleNet wird nicht mehr getrennt, wenn man versucht, einen Questgegenstand zu verkaufen, indem man die Strg-Taste gedr\u00fcckt h\u00e4lt und auf den Gegenstand linksklickt.<\/li>\n<li>Patch 1.11b: Das Spiel st\u00fcrzt nicht mehr ab, wenn man nach dem Spiel zum Char zur\u00fcckwechselt.<\/li>\n<li>Patch 1.11b: Das Spiel st\u00fcrzt nicht mehr ab, wenn man das Runenwort &#8222;Frieden&#8220; auf einem S\u00f6ldner benutzt.<\/li>\n<\/ul>\n<h2>Kleinere Bugs<\/h2>\n<ul>\n<li>Spielen\/Starten von Diablo2 LoD mit -install bewirkt nicht mehr, dass das Spiel als ein Windows Service installiert wird. -install wird fortan ignoriert.<\/li>\n<li>Manchmal konnten die Siegel in Diablos Lager nicht aktiviert werden. Dies wurde behoben.<\/li>\n<li>Die Charakter-Ablauf Meldungen wurden so aktualisiert, dass sie den Ablauf-Grundsatz, welcher mit dem Patch 1.10 eingef\u00fchrt wurde, nun korrekt wiedergibt.<\/li>\n<li>Unidentifizierte Gegenst\u00e4nde bewirkten machmal, dass andere Set-Items, die der Spieler gar nicht besass, gr\u00fcn dargestellt wurden. Dies wurde korrigiert.<\/li>\n<li>Der deutsche &#8222;Mouseover-Text&#8220; f\u00fcr die Ist-Rune wurde korrigiert.<\/li>\n<li>Die Account-Wiederherstellung ist nun auch f\u00fcr Accounts mit nur ein oder zwei Zeichen m\u00f6glich.<\/li>\n<li>Wenn man im BattleNet nun ein Spiel verl\u00e4sst, betritt man wieder den Channel, in dem man vor Betreten des Spiels war.<\/li>\n<li>Beim Umwandeln von \u00e4therischen Gegenst\u00e4nden bleibt nun der Bonus durch die Eigenschaft &#8222;\u00e4therisch&#8220; erhalten.<\/li>\n<li>Der Fehler in der japanischen LoD-Version, dass bei Gegenst\u00e4nden, die einen Bonus zu allen Assassinen-Fertigkeiten geben, im &#8222;Mouseover-Text&#8220; &#8222;zu allen Druiden-Fertigkeiten stand&#8220;, wurde behoben.<\/li>\n<li>BattleNet Meldungen f\u00fcr nichtenglische Versionen wurden korrigiert.<\/li>\n<li>Es ist nicht mehr m\u00f6glich, die 10-Sekunden-Sperre zu umgehen, indem man den Wegpunkt anvisiert, bevor man Feindschaft erkl\u00e4rt.<\/li>\n<li>\u00dcber-Diablo wird nicht l\u00e4nger vernichtet, wenn Shenk get\u00f6tet wird.<\/li>\n<li>Totenbeschw\u00f6rer mit Trang Ouls Avatar ausger\u00fcstet konnten manchmal unverwundbar gegen\u00fcber Attacken werden. Dies wurde bereinigt.<\/li>\n<li>Gesegneter Hammer bleibt nicht l\u00e4nger aktiv, wenn man die Stadt betritt, was die M\u00f6glichkeit beseitigt, Spieler mit in der Luft befindlichen H\u00e4mmern zu t\u00f6ten.<\/li>\n<li>Set-Gegenst\u00e4nde behielten ihren Teilset-Bonus, wenn der Spieler starb, obwohl sie abgelegt sind. Dies wurde beseitigt.<\/li>\n<li>Gegenst\u00e4nde mit Zauber-Ladungen geben keine Synergie-Boni mehr, falls man sie tr\u00e4gt, ohne den Skill zu haben.<\/li>\n<li>Es ist nicht mehr m\u00f6glich, Charaktere mit mehr als einem &#8211; oder _ zu erstellen, indem man aus der Zwischenablage kopiert.<\/li>\n<\/ul>\n<p>\u00dcbersetzt von Bedard, sucinum und vbnmdw<\/p>\n","protected":false},"excerpt":{"rendered":"<p>Ein neues Geheimnis wurde aufgedeckt! Spieler, welche im Schwierigkeitsgrad H\u00f6lle unterwegs sind, seien hiermit ein weiteres mal gewarnt, ein Reihe neuer und herausfordernder Tests erwartet euch! Die Antwort liegt bei Diablos Bossen, welche in der ganzen Welt auftauchen, von der H\u00f6hle des B\u00f6sen bis zum Thron der Zerst\u00f6rung&#8230;. Modifikationen 10 neue Runenw\u00f6rter aktiviert. Neue Unique&hellip; <a class=\"more-link\" href=\"https:\/\/planetdiablo.eu\/de\/diablo-2\/die-deutschen-patchlogs\/patchlog-version-1-11-und-1-11b-01-august-2005\/\"><span class=\"screen-reader-text\">Diablo 2 Patchlog Version 1.11 und 1.11b (01. August 2005)<\/span> weiterlesen<\/a><\/p>\n","protected":false},"author":754,"featured_media":0,"parent":475449,"menu_order":54,"comment_status":"open","ping_status":"open","template":"","meta":{"footnotes":""},"class_list":["post-475689","page","type-page","status-publish","hentry","entry"],"_links":{"self":[{"href":"https:\/\/planetdiablo.eu\/de\/wp-json\/wp\/v2\/pages\/475689","targetHints":{"allow":["GET"]}}],"collection":[{"href":"https:\/\/planetdiablo.eu\/de\/wp-json\/wp\/v2\/pages"}],"about":[{"href":"https:\/\/planetdiablo.eu\/de\/wp-json\/wp\/v2\/types\/page"}],"author":[{"embeddable":true,"href":"https:\/\/planetdiablo.eu\/de\/wp-json\/wp\/v2\/users\/754"}],"replies":[{"embeddable":true,"href":"https:\/\/planetdiablo.eu\/de\/wp-json\/wp\/v2\/comments?post=475689"}],"version-history":[{"count":0,"href":"https:\/\/planetdiablo.eu\/de\/wp-json\/wp\/v2\/pages\/475689\/revisions"}],"up":[{"embeddable":true,"href":"https:\/\/planetdiablo.eu\/de\/wp-json\/wp\/v2\/pages\/475449"}],"wp:attachment":[{"href":"https:\/\/planetdiablo.eu\/de\/wp-json\/wp\/v2\/media?parent=475689"}],"curies":[{"name":"wp","href":"https:\/\/api.w.org\/{rel}","templated":true}]}}