{"id":475695,"date":"2011-08-06T16:43:04","date_gmt":"2011-08-06T14:43:04","guid":{"rendered":"http:\/\/diablo3.ingame.de\/?page_id=475695"},"modified":"2011-08-06T16:43:04","modified_gmt":"2011-08-06T14:43:04","slug":"patchlog-version-1-12-17-juni-2008","status":"publish","type":"page","link":"https:\/\/planetdiablo.eu\/de\/diablo-2\/die-deutschen-patchlogs\/patchlog-version-1-12-17-juni-2008\/","title":{"rendered":"Diablo 2 Patchlog Version 1.12 (17. Juni 2008)"},"content":{"rendered":"<h2>Spielen ohne CD<\/h2>\n<ul>\n<li> Zum Spielen wird nicht l\u00e4nger die CD ben\u00f6tigt, wenn alle .MPQ-Dateien auf der Festplatte vorliegen. Benutzer, die eine Komplettinstallation durchgef\u00fchrt haben und ohne CD spielen m\u00f6chten, sollen alle .MPQ-Dateien in das D2-Verzeichnis kopieren. F\u00fcr die meisten Benutzer betrifft dies lediglich die Datei D2Music.mpq von der D2-CD bzw. D2xMusic.mpq von der LOD-CD. Mac-User m\u00fcssen die Dateien kopieren und in &#8218;Diablo II Music&#8216; bzw. &#8218;Diablo II Expansion Music&#8216; umbenennen. <\/li>\n<\/ul>\n<h2>Bugfixes<\/h2>\n<ul>\n<li>Eine Inkompatibilit\u00e4t zwischen Rosetta und dem OpenGL-Modus auf Intel Macintosh Rechnern wurde behoben.<\/li>\n<\/ul>\n<p>\u00dcbersetzt von drago<\/p>\n","protected":false},"excerpt":{"rendered":"<p>Spielen ohne CD Zum Spielen wird nicht l\u00e4nger die CD ben\u00f6tigt, wenn alle .MPQ-Dateien auf der Festplatte vorliegen. Benutzer, die eine Komplettinstallation durchgef\u00fchrt haben und ohne CD spielen m\u00f6chten, sollen alle .MPQ-Dateien in das D2-Verzeichnis kopieren. F\u00fcr die meisten Benutzer betrifft dies lediglich die Datei D2Music.mpq von der D2-CD bzw. D2xMusic.mpq von der LOD-CD. Mac-User&hellip; <a class=\"more-link\" href=\"https:\/\/planetdiablo.eu\/de\/diablo-2\/die-deutschen-patchlogs\/patchlog-version-1-12-17-juni-2008\/\"><span class=\"screen-reader-text\">Diablo 2 Patchlog Version 1.12 (17. Juni 2008)<\/span> weiterlesen<\/a><\/p>\n","protected":false},"author":754,"featured_media":0,"parent":475449,"menu_order":56,"comment_status":"open","ping_status":"open","template":"","meta":{"footnotes":""},"class_list":["post-475695","page","type-page","status-publish","hentry","entry"],"_links":{"self":[{"href":"https:\/\/planetdiablo.eu\/de\/wp-json\/wp\/v2\/pages\/475695","targetHints":{"allow":["GET"]}}],"collection":[{"href":"https:\/\/planetdiablo.eu\/de\/wp-json\/wp\/v2\/pages"}],"about":[{"href":"https:\/\/planetdiablo.eu\/de\/wp-json\/wp\/v2\/types\/page"}],"author":[{"embeddable":true,"href":"https:\/\/planetdiablo.eu\/de\/wp-json\/wp\/v2\/users\/754"}],"replies":[{"embeddable":true,"href":"https:\/\/planetdiablo.eu\/de\/wp-json\/wp\/v2\/comments?post=475695"}],"version-history":[{"count":0,"href":"https:\/\/planetdiablo.eu\/de\/wp-json\/wp\/v2\/pages\/475695\/revisions"}],"up":[{"embeddable":true,"href":"https:\/\/planetdiablo.eu\/de\/wp-json\/wp\/v2\/pages\/475449"}],"wp:attachment":[{"href":"https:\/\/planetdiablo.eu\/de\/wp-json\/wp\/v2\/media?parent=475695"}],"curies":[{"name":"wp","href":"https:\/\/api.w.org\/{rel}","templated":true}]}}