{"id":476321,"date":"2011-08-13T18:02:16","date_gmt":"2011-08-13T16:02:16","guid":{"rendered":"http:\/\/diablo3.ingame.de\/?page_id=476321"},"modified":"2011-08-13T18:02:16","modified_gmt":"2011-08-13T16:02:16","slug":"sets","status":"publish","type":"page","link":"https:\/\/planetdiablo.eu\/de\/lord-of-destruction\/items\/sets\/","title":{"rendered":"Diablo 2 Lord of Destruction &#8211; Sets"},"content":{"rendered":"<p style=\"font-size: 80%\"><a href=\"http:\/\/diablo.ingame.de\/spiel\/expansion\/itemdb\/index.php\">Zur\u00fcck zum Inhaltsverzeichnis<\/a><\/p>\n<table align=\"center\" width=\"100%\">\n<tbody>\n<tr>\n<td valign=\"top\">\n<h4>Elite Sets<\/h4>\n<ul>\n<li><a href=\"http:\/\/diablo.ingame.de\/spiel\/expansion\/itemdb\/set_display.php?id=18\">Aldurs Wachturm<br \/> Aldur&#8217;s Watchtower<\/a><\/li>\n<li><a href=\"http:\/\/diablo.ingame.de\/spiel\/expansion\/itemdb\/set_display.php?id=29\">Bul-Kathos&#8216; Kinder<br \/> Bul-Kathos&#8216; Children<\/a><\/li>\n<li><a href=\"http:\/\/diablo.ingame.de\/spiel\/expansion\/itemdb\/set_display.php?id=21\">Griswolds Erbe<br \/> Griswold&#8217;s Legacy<\/a><\/li>\n<li><a href=\"http:\/\/diablo.ingame.de\/spiel\/expansion\/itemdb\/set_display.php?id=23\">M&#8217;avinas Kriegsgesang<br \/> M&#8217;avina&#8217;s Battle Hymn<\/a><\/li>\n<li><a href=\"http:\/\/diablo.ingame.de\/spiel\/expansion\/itemdb\/set_display.php?id=17\">Natalyas Hass<br \/> Natalya&#8217;s Odium<\/a><\/li>\n<li><a href=\"http:\/\/diablo.ingame.de\/spiel\/expansion\/itemdb\/set_display.php?id=20\">Tal Rashas H\u00fcllen<br \/> Tal Rasha&#8217;s Wrappings<\/a><\/li>\n<li><a href=\"http:\/\/diablo.ingame.de\/spiel\/expansion\/itemdb\/set_display.php?id=22\">Trang-Ouls Avatar<br \/> Trang-Oul&#8217;s Avatar<\/a><\/li>\n<li><a href=\"http:\/\/diablo.ingame.de\/spiel\/expansion\/itemdb\/set_display.php?id=19\">Unsterblicher K\u00f6nig<br \/> Immortal King<\/a><\/li>\n<\/td>\n<\/ul>\n<td valign=\"top\">\n<h4>Exceptional Sets<\/h4>\n<ul>\n<li><a href=\"http:\/\/diablo.ingame.de\/spiel\/expansion\/itemdb\/set_display.php?id=25\">Br\u00fcder des Himmels<br \/> Heaven&#8217;s Brethren<\/a><\/li>\n<li><a href=\"http:\/\/diablo.ingame.de\/spiel\/expansion\/itemdb\/set_display.php?id=24\">Der Sch\u00fcler<br \/> The Disciple<\/a><\/li>\n<li><a href=\"http:\/\/diablo.ingame.de\/spiel\/expansion\/itemdb\/set_display.php?id=27\">Hwanins Majest\u00e4t<br \/> Hwanin&#8217;s Majesty<\/a><\/li>\n<li><a href=\"http:\/\/diablo.ingame.de\/spiel\/expansion\/itemdb\/set_display.php?id=30\">Leder des Rinderk\u00f6nigs<br \/> Cow King&#8217;s Leathers<\/a><\/li>\n<li><a href=\"http:\/\/diablo.ingame.de\/spiel\/expansion\/itemdb\/set_display.php?id=31\">Najs alte Spur<br \/> Naj&#8217;s Ancient Vestige<\/a><\/li>\n<li><a href=\"http:\/\/diablo.ingame.de\/spiel\/expansion\/itemdb\/set_display.php?id=32\">Sanders Dummheit<br \/> Sander&#8217;s Folly<\/a><\/li>\n<li><a href=\"http:\/\/diablo.ingame.de\/spiel\/expansion\/itemdb\/set_display.php?id=28\">Sazabis Grosser Tribut<br \/> Sazabi&#8217;s Grand Tribute<\/a><\/li>\n<li><a href=\"http:\/\/diablo.ingame.de\/spiel\/expansion\/itemdb\/set_display.php?id=26\">Waisenruf<br \/> Orphan&#8217;s Call<\/a><\/li>\n<\/td>\n<\/ul>\n<td valign=\"top\">\n<h4>Normal Sets<\/h4>\n<ul>\n<li><a href=\"http:\/\/diablo.ingame.de\/spiel\/expansion\/itemdb\/set_display.php?id=16\">Arcannas Tricks<br \/> Arcanna&#8217;s Tricks<\/a><\/li>\n<li><a href=\"http:\/\/diablo.ingame.de\/spiel\/expansion\/itemdb\/set_display.php?id=15\">Arktis-Ausr\u00fcstung<br \/> Arctic Gear<\/a><\/li>\n<li><a href=\"http:\/\/diablo.ingame.de\/spiel\/expansion\/itemdb\/set_display.php?id=12\">Berserker-Arsenal<br \/> Berserker&#8217;s Arsenal<\/a><\/li>\n<li><a href=\"http:\/\/diablo.ingame.de\/spiel\/expansion\/itemdb\/set_display.php?id=8\">Cathans Fallen<br \/> Cathan&#8217;s Traps<\/a><\/li>\n<li><a href=\"http:\/\/diablo.ingame.de\/spiel\/expansion\/itemdb\/set_display.php?id=1\">Civerbs Trachten<br \/> Civerb&#8217;s Vestments<\/a><\/li>\n<li><a href=\"http:\/\/diablo.ingame.de\/spiel\/expansion\/itemdb\/set_display.php?id=3\">Cleglaws Armschmuck<br \/> Cleglaw&#8217;s Brace<\/a><\/li>\n<li><a href=\"http:\/\/diablo.ingame.de\/spiel\/expansion\/itemdb\/set_display.php?id=14\">Himmlische H\u00fcllen<br \/> Angelic Raiment<\/a><\/li>\n<li><a href=\"http:\/\/diablo.ingame.de\/spiel\/expansion\/itemdb\/set_display.php?id=2\">Hsarus&#8216; Verteidigung<br \/> Hsarus&#8216; Defense<\/a><\/li>\n<li><a href=\"http:\/\/diablo.ingame.de\/spiel\/expansion\/itemdb\/set_display.php?id=11\">Infernos Werkzeuge<br \/> Infernal Tools<\/a><\/li>\n<li><a href=\"http:\/\/diablo.ingame.de\/spiel\/expansion\/itemdb\/set_display.php?id=4\">Irathas Putzmacherei<br \/> Iratha&#8217;s Finery<\/a><\/li>\n<li><a href=\"http:\/\/diablo.ingame.de\/spiel\/expansion\/itemdb\/set_display.php?id=5\">Isenharts Waffen<br \/> Isenhart&#8217;s Armory<\/a><\/li>\n<li><a href=\"http:\/\/diablo.ingame.de\/spiel\/expansion\/itemdb\/set_display.php?id=7\">Milebregas Sonntagsstaat<br \/> Milabrega&#8217;s Regalia<\/a><\/li>\n<li><a href=\"http:\/\/diablo.ingame.de\/spiel\/expansion\/itemdb\/set_display.php?id=10\">Signons Stahl total<br \/> Sigon&#8217;s Complete Steel<\/a><\/li>\n<li><a href=\"http:\/\/diablo.ingame.de\/spiel\/expansion\/itemdb\/set_display.php?id=9\">Tankreds Kampfausr\u00fcstung<br \/> Tancred&#8217;s Battlegear<\/a><\/li>\n<li><a href=\"http:\/\/diablo.ingame.de\/spiel\/expansion\/itemdb\/set_display.php?id=13\">Tod und Teufel<br \/> Death&#8217;s Disguise<\/a><\/li>\n<li><a href=\"http:\/\/diablo.ingame.de\/spiel\/expansion\/itemdb\/set_display.php?id=6\">Vidalas Ausr\u00fcstung<br \/> Vidala&#8217;s Rig<\/a><\/li>\n<\/ul>\n<\/td>\n<\/tr>\n<\/tbody>\n<\/table>\n","protected":false},"excerpt":{"rendered":"<p>Zur\u00fcck zum Inhaltsverzeichnis Elite Sets Aldurs Wachturm Aldur&#8217;s Watchtower Bul-Kathos&#8216; Kinder Bul-Kathos&#8216; Children Griswolds Erbe Griswold&#8217;s Legacy M&#8217;avinas Kriegsgesang M&#8217;avina&#8217;s Battle Hymn Natalyas Hass Natalya&#8217;s Odium Tal Rashas H\u00fcllen Tal Rasha&#8217;s Wrappings Trang-Ouls Avatar Trang-Oul&#8217;s Avatar Unsterblicher K\u00f6nig Immortal King Exceptional Sets Br\u00fcder des Himmels Heaven&#8217;s Brethren Der Sch\u00fcler The Disciple Hwanins Majest\u00e4t Hwanin&#8217;s Majesty&hellip; <a class=\"more-link\" href=\"https:\/\/planetdiablo.eu\/de\/lord-of-destruction\/items\/sets\/\"><span class=\"screen-reader-text\">Diablo 2 Lord of Destruction &#8211; Sets<\/span> weiterlesen<\/a><\/p>\n","protected":false},"author":749,"featured_media":0,"parent":476263,"menu_order":0,"comment_status":"open","ping_status":"open","template":"","meta":{"footnotes":""},"class_list":["post-476321","page","type-page","status-publish","hentry","entry"],"_links":{"self":[{"href":"https:\/\/planetdiablo.eu\/de\/wp-json\/wp\/v2\/pages\/476321","targetHints":{"allow":["GET"]}}],"collection":[{"href":"https:\/\/planetdiablo.eu\/de\/wp-json\/wp\/v2\/pages"}],"about":[{"href":"https:\/\/planetdiablo.eu\/de\/wp-json\/wp\/v2\/types\/page"}],"author":[{"embeddable":true,"href":"https:\/\/planetdiablo.eu\/de\/wp-json\/wp\/v2\/users\/749"}],"replies":[{"embeddable":true,"href":"https:\/\/planetdiablo.eu\/de\/wp-json\/wp\/v2\/comments?post=476321"}],"version-history":[{"count":0,"href":"https:\/\/planetdiablo.eu\/de\/wp-json\/wp\/v2\/pages\/476321\/revisions"}],"up":[{"embeddable":true,"href":"https:\/\/planetdiablo.eu\/de\/wp-json\/wp\/v2\/pages\/476263"}],"wp:attachment":[{"href":"https:\/\/planetdiablo.eu\/de\/wp-json\/wp\/v2\/media?parent=476321"}],"curies":[{"name":"wp","href":"https:\/\/api.w.org\/{rel}","templated":true}]}}