{"id":476333,"date":"2011-08-14T12:31:54","date_gmt":"2011-08-14T10:31:54","guid":{"rendered":"http:\/\/diablo3.ingame.de\/?page_id=476333"},"modified":"2011-08-14T12:31:54","modified_gmt":"2011-08-14T10:31:54","slug":"uniques","status":"publish","type":"page","link":"https:\/\/planetdiablo.eu\/de\/lord-of-destruction\/items\/uniques\/","title":{"rendered":"Diablo 2 Lord of Destruction &#8211; Uniques"},"content":{"rendered":"<table cellpadding=\"30\">\n<tbody>\n<tr>\n<td valign=\"top\">\n<h4>Ringe<\/h4>\n<ul>\n<li><a href=\"http:\/\/diablo.ingame.de\/spiel\/expansion\/itemdb\/unique_display.php?itemcode=rin\">Ringe<\/a> (9)<\/li>\n<\/ul>\n<\/td>\n<td valign=\"top\">\n<h4>Amulette<\/h4>\n<ul>\n<li><a href=\"http:\/\/diablo.ingame.de\/spiel\/expansion\/itemdb\/unique_display.php?itemcode=amu\">Amulette<\/a> (12)<\/li>\n<\/ul>\n<\/td>\n<\/tr>\n<tr>\n<td valign=\"top\">\n<h4>Juwele<\/h4>\n<ul>\n<li><a href=\"http:\/\/diablo.ingame.de\/spiel\/expansion\/itemdb\/unique_display.php?itemcode=jew\">Juwele<\/a> (8)<\/li>\n<\/ul>\n<\/td>\n<td valign=\"top\">\n<h4>Charms<\/h4>\n<ul>\n<li><a href=\"http:\/\/diablo.ingame.de\/spiel\/expansion\/itemdb\/unique_display.php?itemcode=cm1\">Kleine Charms<\/a> (1)<\/li>\n<li><a href=\"http:\/\/diablo.ingame.de\/spiel\/expansion\/itemdb\/unique_display.php?itemcode=cm2\">Gro\u00dfe Charms<\/a> (1)<\/li>\n<li><a href=\"http:\/\/diablo.ingame.de\/spiel\/expansion\/itemdb\/unique_display.php?itemcode=cm3\">Riesen Charms<\/a> (1)<\/li>\n<\/ul>\n<\/td>\n<\/tr>\n<tr>\n<td valign=\"top\">\n<h4>Normale R\u00fcstungen<\/h4>\n<ul>\n<li><a href=\"http:\/\/diablo.ingame.de\/spiel\/expansion\/itemdb\/unique_display.php?type=helm&amp;quality=1\">Helm<\/a> (8)<\/li>\n<li><a href=\"http:\/\/diablo.ingame.de\/spiel\/expansion\/itemdb\/unique_display.php?type=belt&amp;quality=1\">Gurt<\/a> (5)<\/li>\n<li><a href=\"http:\/\/diablo.ingame.de\/spiel\/expansion\/itemdb\/unique_display.php?type=boot&amp;quality=1\">Stiefel<\/a> (5)<\/li>\n<li><a href=\"http:\/\/diablo.ingame.de\/spiel\/expansion\/itemdb\/unique_display.php?type=glov&amp;quality=1\">Handschuhe<\/a> (5)<\/li>\n<li><a href=\"http:\/\/diablo.ingame.de\/spiel\/expansion\/itemdb\/unique_display.php?type=shie&amp;quality=1\">Schild<\/a> (8)<\/li>\n<li><a href=\"http:\/\/diablo.ingame.de\/spiel\/expansion\/itemdb\/unique_display.php?type=tors&amp;quality=1\">R\u00fcstung<\/a> (15)<\/li>\n<\/ul>\n<\/td>\n<td valign=\"top\">\n<h4>Normale Waffen<\/h4>\n<ul>\n<li><a href=\"http:\/\/diablo.ingame.de\/spiel\/expansion\/itemdb\/unique_display.php?type=pole&amp;quality=1\">Stangenwaffen<\/a> (6)<\/li>\n<li><a href=\"http:\/\/diablo.ingame.de\/spiel\/expansion\/itemdb\/unique_display.php?type=staf&amp;quality=1\">Stab<\/a> (7)<\/li>\n<li><a href=\"http:\/\/diablo.ingame.de\/spiel\/expansion\/itemdb\/unique_display.php?type=bow&amp;quality=1\">Bogen<\/a> (8)<\/li>\n<li><a href=\"http:\/\/diablo.ingame.de\/spiel\/expansion\/itemdb\/unique_display.php?type=xbow&amp;quality=1\">Armbrust<\/a> (4)<\/li>\n<li><a href=\"http:\/\/diablo.ingame.de\/spiel\/expansion\/itemdb\/unique_display.php?type=spea&amp;quality=1\">Speer<\/a> (5)<\/li>\n<li><a href=\"http:\/\/diablo.ingame.de\/spiel\/expansion\/itemdb\/unique_display.php?type=axe&amp;quality=1\">Axt<\/a> (10)<\/li>\n<li><a href=\"http:\/\/diablo.ingame.de\/spiel\/expansion\/itemdb\/unique_display.php?type=wand&amp;quality=1\">Schlagstab<\/a> (4)<\/li>\n<li><a href=\"http:\/\/diablo.ingame.de\/spiel\/expansion\/itemdb\/unique_display.php?type=club&amp;quality=1\">Kn\u00fcppel<\/a> (9)<\/li>\n<li><a href=\"http:\/\/diablo.ingame.de\/spiel\/expansion\/itemdb\/unique_display.php?type=scep&amp;quality=1\">Szepter<\/a> (3)<\/li>\n<li><a href=\"http:\/\/diablo.ingame.de\/spiel\/expansion\/itemdb\/unique_display.php?type=swor&amp;quality=1\">Schwert<\/a> (13)<\/li>\n<li><a href=\"http:\/\/diablo.ingame.de\/spiel\/expansion\/itemdb\/unique_display.php?type=knif&amp;quality=1\">Dolch<\/a> (4)<\/li>\n<\/ul>\n<\/td>\n<\/tr>\n<tr>\n<td valign=\"top\">\n<h4>Exceptional R\u00fcstungen<\/h4>\n<ul>\n<li><a href=\"http:\/\/diablo.ingame.de\/spiel\/expansion\/itemdb\/unique_display.php?type=helm&amp;quality=2\">Helm<\/a> (8)<\/li>\n<li><a href=\"http:\/\/diablo.ingame.de\/spiel\/expansion\/itemdb\/unique_display.php?type=circ&amp;quality=2\">Reif<\/a> (1)<\/li>\n<li><a href=\"http:\/\/diablo.ingame.de\/spiel\/expansion\/itemdb\/unique_display.php?type=head&amp;quality=2\">Schrumpfkopf<\/a> (1)<\/li>\n<li><a href=\"http:\/\/diablo.ingame.de\/spiel\/expansion\/itemdb\/unique_display.php?type=ashd&amp;quality=2\">Paladinschild<\/a> (1)<\/li>\n<li><a href=\"http:\/\/diablo.ingame.de\/spiel\/expansion\/itemdb\/unique_display.php?type=phlm&amp;quality=2\">Barbarenhelm<\/a> (1)<\/li>\n<li><a href=\"http:\/\/diablo.ingame.de\/spiel\/expansion\/itemdb\/unique_display.php?type=pelt&amp;quality=2\">Tierpelz<\/a> (1)<\/li>\n<li><a href=\"http:\/\/diablo.ingame.de\/spiel\/expansion\/itemdb\/unique_display.php?type=belt&amp;quality=2\">Gurt<\/a> (5)<\/li>\n<li><a href=\"http:\/\/diablo.ingame.de\/spiel\/expansion\/itemdb\/unique_display.php?type=boot&amp;quality=2\">Stiefel<\/a> (5)<\/li>\n<li><a href=\"http:\/\/diablo.ingame.de\/spiel\/expansion\/itemdb\/unique_display.php?type=glov&amp;quality=2\">Handschuhe<\/a> (5)<\/li>\n<li><a href=\"http:\/\/diablo.ingame.de\/spiel\/expansion\/itemdb\/unique_display.php?type=shie&amp;quality=2\">Schild<\/a> (8)<\/li>\n<li><a href=\"http:\/\/diablo.ingame.de\/spiel\/expansion\/itemdb\/unique_display.php?type=tors&amp;quality=2\">R\u00fcstung<\/a> (15)<\/li>\n<\/ul>\n<\/td>\n<td valign=\"top\">\n<h4>Exceptional Waffen<\/h4>\n<ul>\n<li><a href=\"http:\/\/diablo.ingame.de\/spiel\/expansion\/itemdb\/unique_display.php?type=pole&amp;quality=2\">Stangenwaffen<\/a> (6)<\/li>\n<li><a href=\"http:\/\/diablo.ingame.de\/spiel\/expansion\/itemdb\/unique_display.php?type=staf&amp;quality=2\">Stab<\/a> (5)<\/li>\n<li><a href=\"http:\/\/diablo.ingame.de\/spiel\/expansion\/itemdb\/unique_display.php?type=bow&amp;quality=2\">Bogen<\/a> (8)<\/li>\n<li><a href=\"http:\/\/diablo.ingame.de\/spiel\/expansion\/itemdb\/unique_display.php?type=xbow&amp;quality=2\">Armbrust<\/a> (4)<\/li>\n<li><a href=\"http:\/\/diablo.ingame.de\/spiel\/expansion\/itemdb\/unique_display.php?type=h2h&amp;quality=2\">Klaue<\/a> (1)<\/li>\n<li><a href=\"http:\/\/diablo.ingame.de\/spiel\/expansion\/itemdb\/unique_display.php?type=orb&amp;quality=2\">Orb<\/a> (1)<\/li>\n<li><a href=\"http:\/\/diablo.ingame.de\/spiel\/expansion\/itemdb\/unique_display.php?type=abow&amp;quality=2\">Amazonenbogen<\/a> (1)<\/li>\n<li><a href=\"http:\/\/diablo.ingame.de\/spiel\/expansion\/itemdb\/unique_display.php?type=aspe&amp;quality=2\">Amazonenspeer<\/a> (1)<\/li>\n<li><a href=\"http:\/\/diablo.ingame.de\/spiel\/expansion\/itemdb\/unique_display.php?type=spea&amp;quality=2\">Speer<\/a> (5)<\/li>\n<li><a href=\"http:\/\/diablo.ingame.de\/spiel\/expansion\/itemdb\/unique_display.php?type=axe&amp;quality=2\">Axt<\/a> (10)<\/li>\n<li><a href=\"http:\/\/diablo.ingame.de\/spiel\/expansion\/itemdb\/unique_display.php?type=wand&amp;quality=2\">Schlagstab<\/a> (4)<\/li>\n<li><a href=\"http:\/\/diablo.ingame.de\/spiel\/expansion\/itemdb\/unique_display.php?type=club&amp;quality=2\">Kn\u00fcppel<\/a> (10)<\/li>\n<li><a href=\"http:\/\/diablo.ingame.de\/spiel\/expansion\/itemdb\/unique_display.php?type=scep&amp;quality=2\">Szepter<\/a> (3)<\/li>\n<li><a href=\"http:\/\/diablo.ingame.de\/spiel\/expansion\/itemdb\/unique_display.php?type=swor&amp;quality=2\">Schwert<\/a> (14)<\/li>\n<li><a href=\"http:\/\/diablo.ingame.de\/spiel\/expansion\/itemdb\/unique_display.php?type=knif&amp;quality=2\">Dolch<\/a> (4)<\/li>\n<li><a href=\"http:\/\/diablo.ingame.de\/spiel\/expansion\/itemdb\/unique_display.php?type=tkni&amp;quality=2\">Wurfmesser<\/a> (1)<\/li>\n<li><a href=\"http:\/\/diablo.ingame.de\/spiel\/expansion\/itemdb\/unique_display.php?type=taxe&amp;quality=2\">Wurfaxt<\/a> (1)<\/li>\n<li><a href=\"http:\/\/diablo.ingame.de\/spiel\/expansion\/itemdb\/unique_display.php?type=ajav&amp;quality=2\">Amazonenwurfspeer<\/a> (1)<\/li>\n<\/ul>\n<\/td>\n<\/tr>\n<tr>\n<td valign=\"top\">\n<h4>Elite R\u00fcstungen<\/h4>\n<ul>\n<li><a href=\"http:\/\/diablo.ingame.de\/spiel\/expansion\/itemdb\/unique_display.php?type=helm&amp;quality=3\">Helm<\/a> (7)<\/li>\n<li><a href=\"http:\/\/diablo.ingame.de\/spiel\/expansion\/itemdb\/unique_display.php?type=circ&amp;quality=3\">Reif<\/a> (1)<\/li>\n<li><a href=\"http:\/\/diablo.ingame.de\/spiel\/expansion\/itemdb\/unique_display.php?type=head&amp;quality=3\">Schrumpfkopf<\/a> (2)<\/li>\n<li><a href=\"http:\/\/diablo.ingame.de\/spiel\/expansion\/itemdb\/unique_display.php?type=ashd&amp;quality=3\">Paladinschild<\/a> (2)<\/li>\n<li><a href=\"http:\/\/diablo.ingame.de\/spiel\/expansion\/itemdb\/unique_display.php?type=phlm&amp;quality=3\">Barbarenhelm<\/a> (3)<\/li>\n<li><a href=\"http:\/\/diablo.ingame.de\/spiel\/expansion\/itemdb\/unique_display.php?type=pelt&amp;quality=3\">Tierpelz<\/a> (3)<\/li>\n<li><a href=\"http:\/\/diablo.ingame.de\/spiel\/expansion\/itemdb\/unique_display.php?type=belt&amp;quality=3\">Gurt<\/a> (3)<\/li>\n<li><a href=\"http:\/\/diablo.ingame.de\/spiel\/expansion\/itemdb\/unique_display.php?type=boot&amp;quality=3\">Stiefel<\/a> (3)<\/li>\n<li><a href=\"http:\/\/diablo.ingame.de\/spiel\/expansion\/itemdb\/unique_display.php?type=glov&amp;quality=3\">Handschuhe<\/a> (3)<\/li>\n<li><a href=\"http:\/\/diablo.ingame.de\/spiel\/expansion\/itemdb\/unique_display.php?type=shie&amp;quality=3\">Schild<\/a> (6)<\/li>\n<li><a href=\"http:\/\/diablo.ingame.de\/spiel\/expansion\/itemdb\/unique_display.php?type=tors&amp;quality=3\">R\u00fcstung<\/a> (7)<\/li>\n<\/ul>\n<\/td>\n<td valign=\"top\">\n<h4>Elite Waffen<\/h4>\n<ul>\n<li><a href=\"http:\/\/diablo.ingame.de\/spiel\/expansion\/itemdb\/unique_display.php?type=pole&amp;quality=3\">Stangenwaffen<\/a> (4)<\/li>\n<li><a href=\"http:\/\/diablo.ingame.de\/spiel\/expansion\/itemdb\/unique_display.php?type=staf&amp;quality=3\">Stab<\/a> (2)<\/li>\n<li><a href=\"http:\/\/diablo.ingame.de\/spiel\/expansion\/itemdb\/unique_display.php?type=bow&amp;quality=3\">Bogen<\/a> (3)<\/li>\n<li><a href=\"http:\/\/diablo.ingame.de\/spiel\/expansion\/itemdb\/unique_display.php?type=xbow&amp;quality=3\">Armbrust<\/a> (2)<\/li>\n<li><a href=\"http:\/\/diablo.ingame.de\/spiel\/expansion\/itemdb\/unique_display.php?type=h2h&amp;quality=3\">Klaue<\/a> (3)<\/li>\n<li><a href=\"http:\/\/diablo.ingame.de\/spiel\/expansion\/itemdb\/unique_display.php?type=orb&amp;quality=3\">Orb<\/a> (2)<\/li>\n<li><a href=\"http:\/\/diablo.ingame.de\/spiel\/expansion\/itemdb\/unique_display.php?type=abow&amp;quality=3\">Amazonenbogen<\/a> (1)<\/li>\n<li><a href=\"http:\/\/diablo.ingame.de\/spiel\/expansion\/itemdb\/unique_display.php?type=aspe&amp;quality=3\">Amazonenspeer<\/a> (1)<\/li>\n<li><a href=\"http:\/\/diablo.ingame.de\/spiel\/expansion\/itemdb\/unique_display.php?type=spea&amp;quality=3\">Speer<\/a> (3)<\/li>\n<li><a href=\"http:\/\/diablo.ingame.de\/spiel\/expansion\/itemdb\/unique_display.php?type=jave&amp;quality=3\">Wurfspeer<\/a> (3)<\/li>\n<li><a href=\"http:\/\/diablo.ingame.de\/spiel\/expansion\/itemdb\/unique_display.php?type=axe&amp;quality=3\">Axt<\/a> (8)<\/li>\n<li><a href=\"http:\/\/diablo.ingame.de\/spiel\/expansion\/itemdb\/unique_display.php?type=wand&amp;quality=3\">Schlagstab<\/a> (2)<\/li>\n<li><a href=\"http:\/\/diablo.ingame.de\/spiel\/expansion\/itemdb\/unique_display.php?type=club&amp;quality=3\">Kn\u00fcppel<\/a> (10)<\/li>\n<li><a href=\"http:\/\/diablo.ingame.de\/spiel\/expansion\/itemdb\/unique_display.php?type=scep&amp;quality=3\">Szepter<\/a> (3)<\/li>\n<li><a href=\"http:\/\/diablo.ingame.de\/spiel\/expansion\/itemdb\/unique_display.php?type=swor&amp;quality=3\">Schwert<\/a> (8)<\/li>\n<li><a href=\"http:\/\/diablo.ingame.de\/spiel\/expansion\/itemdb\/unique_display.php?type=knif&amp;quality=3\">Dolch<\/a> (3)<\/li>\n<li><a href=\"http:\/\/diablo.ingame.de\/spiel\/expansion\/itemdb\/unique_display.php?type=tkni&amp;quality=3\">Wurfmesser<\/a> (1)<\/li>\n<li><a href=\"http:\/\/diablo.ingame.de\/spiel\/expansion\/itemdb\/unique_display.php?type=taxe&amp;quality=3\">Wurfaxt<\/a> (2)<\/li>\n<li><a href=\"http:\/\/diablo.ingame.de\/spiel\/expansion\/itemdb\/unique_display.php?type=ajav&amp;quality=3\">Amazonenwurfspeer<\/a> (1)<\/li>\n<\/ul>\n<\/td>\n<\/tr>\n<\/tbody>\n<\/table>\n","protected":false},"excerpt":{"rendered":"<p>Ringe Ringe (9) Amulette Amulette (12) Juwele Juwele (8) Charms Kleine Charms (1) Gro\u00dfe Charms (1) Riesen Charms (1) Normale R\u00fcstungen Helm (8) Gurt (5) Stiefel (5) Handschuhe (5) Schild (8) R\u00fcstung (15) Normale Waffen Stangenwaffen (6) Stab (7) Bogen (8) Armbrust (4) Speer (5) Axt (10) Schlagstab (4) Kn\u00fcppel (9) Szepter (3) Schwert (13)&hellip; <a class=\"more-link\" href=\"https:\/\/planetdiablo.eu\/de\/lord-of-destruction\/items\/uniques\/\"><span class=\"screen-reader-text\">Diablo 2 Lord of Destruction &#8211; Uniques<\/span> weiterlesen<\/a><\/p>\n","protected":false},"author":749,"featured_media":0,"parent":476263,"menu_order":0,"comment_status":"open","ping_status":"open","template":"","meta":{"footnotes":""},"class_list":["post-476333","page","type-page","status-publish","hentry","entry"],"_links":{"self":[{"href":"https:\/\/planetdiablo.eu\/de\/wp-json\/wp\/v2\/pages\/476333","targetHints":{"allow":["GET"]}}],"collection":[{"href":"https:\/\/planetdiablo.eu\/de\/wp-json\/wp\/v2\/pages"}],"about":[{"href":"https:\/\/planetdiablo.eu\/de\/wp-json\/wp\/v2\/types\/page"}],"author":[{"embeddable":true,"href":"https:\/\/planetdiablo.eu\/de\/wp-json\/wp\/v2\/users\/749"}],"replies":[{"embeddable":true,"href":"https:\/\/planetdiablo.eu\/de\/wp-json\/wp\/v2\/comments?post=476333"}],"version-history":[{"count":0,"href":"https:\/\/planetdiablo.eu\/de\/wp-json\/wp\/v2\/pages\/476333\/revisions"}],"up":[{"embeddable":true,"href":"https:\/\/planetdiablo.eu\/de\/wp-json\/wp\/v2\/pages\/476263"}],"wp:attachment":[{"href":"https:\/\/planetdiablo.eu\/de\/wp-json\/wp\/v2\/media?parent=476333"}],"curies":[{"name":"wp","href":"https:\/\/api.w.org\/{rel}","templated":true}]}}