{"id":476607,"date":"2011-08-14T21:11:06","date_gmt":"2011-08-14T19:11:06","guid":{"rendered":"http:\/\/diablo3.ingame.de\/?page_id=476607"},"modified":"2023-02-23T14:30:53","modified_gmt":"2023-02-23T12:30:53","slug":"die-tradeforen","status":"publish","type":"page","link":"https:\/\/planetdiablo.eu\/de\/trade\/die-tradeforen\/","title":{"rendered":"Die Tradeforen"},"content":{"rendered":"<h2>Vorbemerkungen<\/h2>\n<ul>\n<li>Wenn du neu in unseren Tradeforen bist, solltest du dich zuerst mit den <a href=\"\/de\/trade\/traderegeln-blacklist\/\">Traderegeln und der Blacklist<\/a> vertraut machen.<\/li>\n<li>Wertsch\u00e4tzungen und Verschenkaktionen finden ausschlie\u00dflich im jeweiligen Marktplatz statt.<\/li>\n<li>Die Forenunterteilung dient der besseren \u00dcbersichtlichkeit und ist immer einzuhalten.<\/li>\n<\/ul>\n<h3>Die Marktpl\u00e4tze<\/h3>\n<ul>\n<li><a title=\"D2:R Marktplatz\" href=\"\/forum\/forums\/d2-r-marktplatz.3269\/\" target=\"_blank\" rel=\"noopener\">Der D2:R Marktplatz<\/a><br \/>\nDas Forum rund um Wertsch\u00e4tzungen und Verschenkaktionen f\u00fcr alle D2:R Spielmodi, das Traden ist hier verboten<\/li>\n<li><a title=\"D2:L Softcore Marktplatz\" href=\"\/forum\/forums\/softcore-marktplatz.1711\/\" target=\"_blank\" rel=\"noopener\">Der D2:L LoD-Softcore-Marktplatz<\/a><br \/>\nDas Forum rund um Wertsch\u00e4tzungen und Verschenkaktionen f\u00fcr alle D2:L LoD SC Spieler, das Traden ist hier verboten.<\/li>\n<li><a title=\"D2:L Hardcore Marktplatz\" href=\"\/forum\/forums\/hardcore-marktplatz.1712\/\" target=\"_blank\" rel=\"noopener\">Der D2:L LoD-Hardcore-Marktplatz<\/a><br \/>\nDas Forum rund um Wertsch\u00e4tzungen und Verschenkaktionen f\u00fcr alle D2:L LoD HC Spieler, das Traden ist hier verboten.<\/li>\n<li><a title=\"D2:L Classic Markplatz\" href=\"\/forum\/forums\/classic-marktplatz.965\/\" target=\"_blank\" rel=\"noopener\">Der D2:L Classic-Marktplatz<\/a><br \/>\nDas Forum rund um Wertsch\u00e4tzungen und Verschenkaktionen f\u00fcr alle D2:L Classic Spieler, das Traden ist hier verboten.<\/li>\n<\/ul>\n<h3>Diablo 2:Resurected<\/h3>\n<h2>D2:R LoD Softcore<\/h2>\n<ul>\n<li><a title=\"D2:R LoD Softcore Suche\" href=\"\/forum\/forums\/suche.3274\/\" target=\"_blank\" rel=\"noopener\">D2:R LoD Suche Forum<\/a><br \/>\nDas Forum f\u00fcr alle Suchen im Modus D2:R LoD Softcore.<\/li>\n<li><a title=\"D2:R LoD Softcore Biete: Einzelne Uniques, Sets &amp; Runenw\u00f6rter\" href=\"\/forum\/forums\/biete-einzelne-uniques-sets-runenwoerter.3277\/\" target=\"_blank\" rel=\"noopener\">D2:R LoD Biete: Einzelne Uniques, Sets &amp; Runenw\u00f6rter<\/a><br \/>\nDas Forum f\u00fcr alle Angebote von &#8222;Einzelnen Uniques, Sets &amp; Runenw\u00f6rtern&#8220; im Modus D2:R LoD Softcore.<\/li>\n<li><a title=\"D2:R LoD Softcore Biete: Shops\" href=\"\/forum\/forums\/biete-shops.3278\/\" target=\"_blank\" rel=\"noopener\">D2:R LoD Softcore Biete: Shops<\/a><br \/>\nDas Forum f\u00fcr alle Angebote von mehreren Items in einem Thread (&#8222;Shop&#8220;) im Modus D2:R LoD Softcore.<\/li>\n<li><a title=\"D2:R LoD Biete: Sonstiges (Zauber, Rohlinge, Schl\u00fcssel...)\" href=\"\/forum\/forums\/biete-sonstiges-zauber-rohlinge-schluessel.3279\/\" target=\"_blank\" rel=\"noopener\">D2:R LoD Biete: Sonstiges (Zauber, Rohlinge, Schl\u00fcssel&#8230;)<\/a><br \/>\nDas Forum f\u00fcr alle Angebote im Modus D2:R LoD Softcore, die nicht in eines der vorgenannten Foren passen.<\/li>\n<\/ul>\n<h2>D2:R LoD Hardcore<\/h2>\n<ul>\n<li><a title=\"D2:R LoD Hardcore Trade Forum\" href=\"\/forum\/forums\/d2-r-hc-trade.3272\/\" target=\"_blank\" rel=\"noopener\">D2:R LoD Hardcore Trade Forum<\/a><br \/>\nDas Forum f\u00fcr alle Angebote und das Suchen im Modus D2:R LoD Hardcore.<\/li>\n<\/ul>\n<h2>D2:R Classic Hardcore und Softcore<\/h2>\n<ul>\n<li><a title=\"D2:R Classic Trade Forum\" href=\"\/forum\/forums\/d2-r-classic-trade.3273\/\" target=\"_blank\" rel=\"noopener\">D2:R Classic Trade Forum<\/a><br \/>\nDas Forum f\u00fcr alle Angebote und das Suchen im Modus D2:R Classic, sowohl Hardcore wie Softcore.<\/li>\n<\/ul>\n<h2>Singleplayer und Modifikationen<\/h2>\n<ul>\n<li><a title=\"Singleplayer Forum\" href=\"\/forum\/forums\/singleplayer-forum.12\/\" target=\"_blank\" rel=\"noopener\">Singleplayer Forum<\/a><br \/>\nDas generelle Forum f\u00fcr alle Angebote und das Suchen im Singleplayer Modus.<\/li>\n<\/ul>\n<h3>Diablo 2:Legacy<\/h3>\n<h2>D2:L Lod Softcore Ladder<\/h2>\n<ul>\n<li><a title=\"D2:L LoD SC Trade Forum - Ladder Modus\" href=\"\/forum\/forums\/lod-sc-trade-forum-ladder-modus.2985\/\" target=\"_blank\" rel=\"noopener\">D2:L LoD SC Trade Forum &#8211; Ladder Modus<\/a><br \/>\nDas Forum f\u00fcr alle Angebote und das Suchen im Modus D2:L LoD SC Ladder.<\/li>\n<\/ul>\n<h2>D2:L LoD Hardcore Ladder<\/h2>\n<ul>\n<li><a title=\"D2:L LoD HC Trade Forum - Ladder Modus\" href=\"\/forum\/forums\/lod-hc-trade-forum-ladder-modus.2986\/\" target=\"_blank\" rel=\"noopener\">D2:L LoD HC Trade Forum &#8211; Ladder Modus<\/a><br \/>\nDas Forum f\u00fcr alle Angebote und das Suchen im Modus D2:L LoD HC Ladder.<\/li>\n<\/ul>\n<h2>D2:L LoD Softcore Nonladder<\/h2>\n<ul>\n<li><a title=\"D2:L LoD SC Trade Forum - Nonladder Modus\" href=\"\/forum\/forums\/lod-sc-trade-forum-nonladder-modus.2941\/\" target=\"_blank\" rel=\"noopener\">D2:L LoD SC Trade Forum &#8211; Nonladder Modus<\/a><br \/>\nDas Forum f\u00fcr alle Angebote und das Suchen im Modus D2:L LoD SC Nonladder.<\/li>\n<\/ul>\n<h2>D2:L Classic Hardcore und Softcore<\/h2>\n<ul>\n<li><a title=\"D2:L Classic Trade Forum\" href=\"\/forum\/forums\/classic-trade-foren.2482\/\" target=\"_blank\" rel=\"noopener\">D2:L Classic Trade Foren<\/a><br \/>\nDas Forum f\u00fcr alle Angebote und das Suchen im Modus D2:L Classic Ladder und Nonladder, sowohl Hardcore wie Softcore.<\/li>\n<\/ul>\n<h2>Singleplayer und Modifikationen<\/h2>\n<ul>\n<li><a title=\"Singleplayer Forum\" href=\"\/forum\/forums\/singleplayer-forum.12\/\" target=\"_blank\" rel=\"noopener\">Singleplayer Forum<\/a><br \/>\nDas generelle Forum f\u00fcr alle Angebote und das Suchen im Singleplayer Modus.<\/li>\n<\/ul>\n","protected":false},"excerpt":{"rendered":"<p>Vorbemerkungen Wenn du neu in unseren Tradeforen bist, solltest du dich zuerst mit den Traderegeln und der Blacklist vertraut machen. Wertsch\u00e4tzungen und Verschenkaktionen finden ausschlie\u00dflich im jeweiligen Marktplatz statt. Die Forenunterteilung dient der besseren \u00dcbersichtlichkeit und ist immer einzuhalten. Die Marktpl\u00e4tze Der D2:R Marktplatz Das Forum rund um Wertsch\u00e4tzungen und Verschenkaktionen f\u00fcr alle D2:R Spielmodi,&hellip; <a class=\"more-link\" href=\"https:\/\/planetdiablo.eu\/de\/trade\/die-tradeforen\/\"><span class=\"screen-reader-text\">Die Tradeforen<\/span> weiterlesen<\/a><\/p>\n","protected":false},"author":836,"featured_media":0,"parent":103,"menu_order":67,"comment_status":"closed","ping_status":"open","template":"","meta":{"footnotes":""},"class_list":["post-476607","page","type-page","status-publish","hentry","entry"],"_links":{"self":[{"href":"https:\/\/planetdiablo.eu\/de\/wp-json\/wp\/v2\/pages\/476607","targetHints":{"allow":["GET"]}}],"collection":[{"href":"https:\/\/planetdiablo.eu\/de\/wp-json\/wp\/v2\/pages"}],"about":[{"href":"https:\/\/planetdiablo.eu\/de\/wp-json\/wp\/v2\/types\/page"}],"author":[{"embeddable":true,"href":"https:\/\/planetdiablo.eu\/de\/wp-json\/wp\/v2\/users\/836"}],"replies":[{"embeddable":true,"href":"https:\/\/planetdiablo.eu\/de\/wp-json\/wp\/v2\/comments?post=476607"}],"version-history":[{"count":63,"href":"https:\/\/planetdiablo.eu\/de\/wp-json\/wp\/v2\/pages\/476607\/revisions"}],"predecessor-version":[{"id":585393,"href":"https:\/\/planetdiablo.eu\/de\/wp-json\/wp\/v2\/pages\/476607\/revisions\/585393"}],"up":[{"embeddable":true,"href":"https:\/\/planetdiablo.eu\/de\/wp-json\/wp\/v2\/pages\/103"}],"wp:attachment":[{"href":"https:\/\/planetdiablo.eu\/de\/wp-json\/wp\/v2\/media?parent=476607"}],"curies":[{"name":"wp","href":"https:\/\/api.w.org\/{rel}","templated":true}]}}