{"id":476645,"date":"2011-08-14T21:42:47","date_gmt":"2011-08-14T19:42:47","guid":{"rendered":"http:\/\/diablo3.ingame.de\/?page_id=476645"},"modified":"2021-11-15T20:05:40","modified_gmt":"2021-11-15T18:05:40","slug":"die-blacklist","status":"publish","type":"page","link":"https:\/\/planetdiablo.eu\/de\/trade\/die-blacklist\/","title":{"rendered":"Diablo 2 &#8211; Die Blacklist"},"content":{"rendered":"<p>S\u00e4mtliche Regeln gelten f\u00fcr das <strong>Suchen, Bieten, Wertsch\u00e4tzen<\/strong>, sowie jegliche <strong>Verschenkaktionen<\/strong>:<\/p>\n<ul>\n<li>Trades zwischen dem Ladder- und dem Nonladder-Modus sind verboten.<\/li>\n<li>Es d\u00fcrfen keine unidentifizierten Items angeboten werden.<\/li>\n<li>Der Handel mit bugged, hacked oder duped Items ist in unseren Trade Foren verboten.<br \/>\n(Der Sockelbug &#8211; \u00e4therische R\u00fcstungsteile mit dem Horadrimw\u00fcrfel sockeln &#8211; ist nicht betroffen.<\/li>\n<li>Alle Items, die mit Blacklist-Runen oder Juwelen gesockelt sind, d\u00fcrfen nicht gehandelt werden.<\/li>\n<li>Das Handeln in den Marktpl\u00e4tzen und anderen Unterforen au\u00dferhalb der Tradeforen  ist verboten.<\/li>\n<li>In Threads am Marktplatz und in den Tradeforen ist nur ein Up pro Stunde erlaubt.<br \/>\n(Als Up z\u00e4hlen s\u00e4mtliche Beitr\u00e4ge, die keine neuen, f\u00fcr den Trade relevanten Informationen enthalten.)<\/li>\n<li>Deadlines verl\u00e4ngern sich nicht automatisch. Eine automatische Verl\u00e4ngerung muss, wenn gew\u00fcnscht, durch den Verk\u00e4ufer im Voraus festgelegt werden. \u00dcblich ist hier eine Verl\u00e4ngerung der Deadline um 15 Minuten bei Geboten innerhalb von 15 Minuten vor Ende derselben (15\/15).<\/li>\n<\/ul>\n<h3>Blacklist f\u00fcr die LoD-Softcore-Tradeforen &#8211; Ladder-Modus<\/h3>\n<p>Mit den folgenden Items darf in den Tradeforen nicht gehandelt werden.<\/p>\n<ul>\n<li>&#8212;<\/li>\n<\/ul>\n<h3>Blacklist f\u00fcr die LoD-Softcore-Tradeforen &#8211; Nonladder-Modus<\/h3>\n<p>Mit den folgenden Items darf in den Tradeforen nicht gehandelt werden.<\/p>\n<ul>\n<li>Pre 1.09 Gegenst\u00e4nde\n<ul>\n<li>Alle Gegenst\u00e4nde, die vor dem Patch 1.09 entstanden sind nicht erlaubt. Wie du diese erkennen kannst, ist <a title=\"Pre 1.09 Erkennung\" href=\"\/trade\/die-blacklist\/pre-1-09-erkennung\/\" target=\"_blank\" rel=\"noopener\">hier<\/a> nachzulesen.<\/li>\n<\/ul>\n<\/li>\n<li>Uniques\n<ul>\n<li>Perfektes Greifenauge (+200 Verteidigung und 260 Gesamt-Verteidigung, +15% zu Blitzschaden, -20% Blitzwiderstand)<\/li>\n<\/ul>\n<\/li>\n<li>Rohlinge\n<ul>\n<li>Heilige Targe \/ Sacred Targe mit 45% zu allen Resistenzen und 15% verbesserter Verteidigung<\/li>\n<li>Wirbel-Schild \/ Vortex-Shield mit 45% zu allen Resistenzen, \u00c4therisch und bugged (mit allen Verteidigungswerten).<\/li>\n<\/ul>\n<\/li>\n<li>Runen\n<ul>\n<li>BER<\/li>\n<li>JAH<\/li>\n<li>ZOD<\/li>\n<\/ul>\n<\/li>\n<li>Magisch und Crafted\n<ul>\n<li><strong>Alle<\/strong> Gegenst\u00e4nde, die <a title=\"Die Dupelisten\" href=\"\/trade\/die-dupelisten\/\">hier<\/a> aufgelisted sind.<\/li>\n<li>JMoD (Monarch mit 4 Sockeln, 30% schnellerer Abblockrate und 20% erh\u00f6hter Blockchance) mit allen Verteidigungswerten.<\/li>\n<\/ul>\n<\/li>\n<li>Juwele\n<ul>\n<li>20 Leben, 15% zu allen Resistenzen<\/li>\n<li>15% IAS, 15% zu allen Resistenzen<\/li>\n<li>15% IAS, 15 Max-DMG<\/li>\n<li>40% ED, 9 St\u00e4rke<\/li>\n<li>40% ED, 9 Geschicklichkeit<\/li>\n<li>40% ED, 15 % IAS<\/li>\n<li>Alle Juwele mit MAX-DMG und ED, welche bei Addition den Wert 54 oder 55 erreichen.<br \/>\n(Beispiel: 39ed\/14max = 53 -&gt; erlaubt; 39ed\/15max = 54 -&gt; verboten)<\/li>\n<\/ul>\n<\/li>\n<li>Zauber \/ Charms (1*1)\n<ul>\n<li>5% schneller rennen\/gehen, 3 Max-DMG, 20 AR<\/li>\n<li>5% schneller rennen\/gehen, 5 zu allen Resistenzen<\/li>\n<li>20 Leben, 5 zu allen Resistenzen<\/li>\n<li>20 Leben, 17 Mana<\/li>\n<li>20 Leben, 3 Max-DMG, 20 AR<\/li>\n<li>7 mf, 5 zu allen Resistenzen<\/li>\n<li>7 mf, 3 Max-DMG, 20 AR<\/li>\n<li>290 Giftschaden<\/li>\n<\/ul>\n<h3>Blacklist f\u00fcr die LoD-Hardcore-Tradeforen &#8211; Ladder-Modus<\/h3>\n<p>Mit den folgenden Items darf in den Tradeforen nicht gehandelt werden.<\/p>\n<ul>\n<li>&#8212;<\/li>\n<\/ul>\n<p>Bitte beachte auch die <a href=\"\/trade\/die-traderegeln\/\" target=\"_blank\" rel=\"noopener\">Traderegeln<\/a>!<\/li>\n<\/ul>\n","protected":false},"excerpt":{"rendered":"<p>S\u00e4mtliche Regeln gelten f\u00fcr das Suchen, Bieten, Wertsch\u00e4tzen, sowie jegliche Verschenkaktionen: Trades zwischen dem Ladder- und dem Nonladder-Modus sind verboten. Es d\u00fcrfen keine unidentifizierten Items angeboten werden. Der Handel mit bugged, hacked oder duped Items ist in unseren Trade Foren verboten. (Der Sockelbug &#8211; \u00e4therische R\u00fcstungsteile mit dem Horadrimw\u00fcrfel sockeln &#8211; ist nicht betroffen. Alle&hellip; <a class=\"more-link\" href=\"https:\/\/planetdiablo.eu\/de\/trade\/die-blacklist\/\"><span class=\"screen-reader-text\">Diablo 2 &#8211; Die Blacklist<\/span> weiterlesen<\/a><\/p>\n","protected":false},"author":764,"featured_media":0,"parent":103,"menu_order":59,"comment_status":"closed","ping_status":"open","template":"","meta":{"footnotes":""},"class_list":["post-476645","page","type-page","status-publish","hentry","entry"],"_links":{"self":[{"href":"https:\/\/planetdiablo.eu\/de\/wp-json\/wp\/v2\/pages\/476645","targetHints":{"allow":["GET"]}}],"collection":[{"href":"https:\/\/planetdiablo.eu\/de\/wp-json\/wp\/v2\/pages"}],"about":[{"href":"https:\/\/planetdiablo.eu\/de\/wp-json\/wp\/v2\/types\/page"}],"author":[{"embeddable":true,"href":"https:\/\/planetdiablo.eu\/de\/wp-json\/wp\/v2\/users\/764"}],"replies":[{"embeddable":true,"href":"https:\/\/planetdiablo.eu\/de\/wp-json\/wp\/v2\/comments?post=476645"}],"version-history":[{"count":2,"href":"https:\/\/planetdiablo.eu\/de\/wp-json\/wp\/v2\/pages\/476645\/revisions"}],"predecessor-version":[{"id":583556,"href":"https:\/\/planetdiablo.eu\/de\/wp-json\/wp\/v2\/pages\/476645\/revisions\/583556"}],"up":[{"embeddable":true,"href":"https:\/\/planetdiablo.eu\/de\/wp-json\/wp\/v2\/pages\/103"}],"wp:attachment":[{"href":"https:\/\/planetdiablo.eu\/de\/wp-json\/wp\/v2\/media?parent=476645"}],"curies":[{"name":"wp","href":"https:\/\/api.w.org\/{rel}","templated":true}]}}